{"id":1341,"date":"2021-05-12T19:50:51","date_gmt":"2021-05-12T11:50:51","guid":{"rendered":"https:\/\/amthy.com\/?post_type=product&#038;p=1341"},"modified":"2021-10-19T16:51:47","modified_gmt":"2021-10-19T08:51:47","slug":"brass-door-handle-supplier","status":"publish","type":"product","link":"https:\/\/amthy.com\/cs\/product\/brass-door-handle-supplier\/","title":{"rendered":"Klika dve\u0159\u00ed AM-816"},"content":{"rendered":"<h2>Kdo jsme? (<a href=\"https:\/\/amthy.com\/wp-content\/uploads\/2021\/10\/AMTHY-Brass-Handle.pdf\">Mosazn\u00e9 madlo dve\u0159\u00ed<\/a> dodavatel)<\/h2>\n<p style=\"text-align: left;\">Amthy je a <a href=\"https:\/\/en.wikipedia.org\/wiki\/Door_handle\" target=\"_blank\" rel=\"noopener\">klika<\/a> spole\u010dnost a v\u00fdrobce z \u010c\u00edny. N\u00e1\u0161 sortiment zahrnuje slitiny zinku, mosaz, nerezovou ocel a hlin\u00edkov\u00e9 materi\u00e1ly. Chromov\u00e9 a \u010dern\u00e9 sady dve\u0159n\u00edch klik jsou velmi obl\u00edben\u00e9 pro interi\u00e9rov\u00e9 dve\u0159e, zat\u00edmco klika z nerezov\u00e9 oceli je dob\u0159e v\u00edt\u00e1na pro komer\u010dn\u00ed pou\u017eit\u00ed. B\u011bhem v\u00fdroby ovliv\u0148uje KVALITU p\u0159edev\u0161\u00edm le\u0161t\u011bn\u00ed a galvanick\u00e9 pokovov\u00e1n\u00ed. Jako profesion\u00e1ln\u00ed v\u00fdrobce a dodavatel dve\u0159n\u00edch z\u00e1mk\u016f prov\u00e1d\u00edme p\u0159\u00edsn\u00e9 le\u0161t\u011bn\u00ed ru\u010dn\u011b a automaticky. U povrchov\u00e9 galvanizovan\u00e9 vrstvy na\u0161e polo\u017eky vydr\u017e\u00ed d\u00e9le ne\u017e 72 hodin b\u011bhem testu solnou mlhou. Proto n\u00e1s n\u00e1\u0161 um\u011bleck\u00fd design a ohledupln\u00e9 slu\u017eby p\u0159iv\u00e1d\u011bj\u00ed k tomu, \u017ee jsme jednou z nejlep\u0161\u00edch spole\u010dnost\u00ed na kliky v \u010c\u00edn\u011b.<\/p>\n<h2 style=\"text-align: left;\">Co je klika dve\u0159\u00ed?<\/h2>\n<p>Klika nebo klika je n\u00e1stroj pou\u017e\u00edvan\u00fd k otev\u00edr\u00e1n\u00ed nebo zav\u00edr\u00e1n\u00ed dve\u0159\u00ed. lze jej nal\u00e9zt na v\u0161ech typech dve\u0159\u00ed v\u010detn\u011b venkovn\u00edch a vnit\u0159n\u00edch dve\u0159\u00ed pro obytn\u00e9 a komer\u010dn\u00ed budovy. Krom\u011b toho mus\u00ed obsahovat z\u00e1padkov\u00e9 nebo uzamykac\u00ed mechanismy. Jako je t\u011blo zadlabac\u00edho z\u00e1mku a vlo\u017eka z\u00e1mku dve\u0159\u00ed.<\/p>\n<p>&nbsp;<\/p>\n<p><img fetchpriority=\"high\" decoding=\"async\" class=\"wp-image-938 aligncenter\" src=\"https:\/\/amthy.com\/wp-content\/uploads\/2021\/05\/Design_PC-300x187.jpg\" alt=\"Dodavatel mosazn\u00fdch dve\u0159n\u00edch klik\" width=\"419\" height=\"261\" title=\"\" srcset=\"https:\/\/amthy.com\/wp-content\/uploads\/2021\/05\/Design_PC-300x187.jpg 300w, https:\/\/amthy.com\/wp-content\/uploads\/2021\/05\/Design_PC-600x374.jpg 600w, https:\/\/amthy.com\/wp-content\/uploads\/2021\/05\/Design_PC-768x478.jpg 768w, https:\/\/amthy.com\/wp-content\/uploads\/2021\/05\/Design_PC.jpg 928w\" sizes=\"(max-width: 419px) 100vw, 419px\" \/><\/p>\n<h2>Pro\u010d my? (dodavatel mosazn\u00fdch klik dve\u0159\u00ed)<\/h2>\n<h3><strong>\u221a Spolehliv\u00e1 kvalita<\/strong><\/h3>\n<ul>\n<li>Profesion\u00e1ln\u00ed t\u00fdm QC dohl\u00ed\u017e\u00ed na celou v\u00fdrobu<\/li>\n<li>P\u0159\u00edsn\u00fd v\u00fdb\u011br spolupracuj\u00edc\u00edch partner\u016f<\/li>\n<\/ul>\n<h3><strong>\u221a Konkuren\u010dn\u00ed cena<\/strong><\/h3>\n<ul>\n<li>Surovina na 3 m\u011bs\u00edce skladem pro sn\u00ed\u017een\u00ed rizika kol\u00eds\u00e1n\u00ed ceny<\/li>\n<li>Automatick\u00e9 a pokro\u010dil\u00e9 vybaven\u00ed sni\u017euje vysok\u00e9 n\u00e1klady na pracovn\u00ed s\u00edlu<\/li>\n<\/ul>\n<h3><strong>\u221a D\u016fv\u011bryhodn\u00fd servis pro v\u00edce ne\u017e 20 zem\u00ed.<\/strong><\/h3>\n<ul>\n<li>Slu\u017eba ODM\/OEM<\/li>\n<li>Zodpov\u011bdn\u00fd poprodejn\u00ed servis<\/li>\n<\/ul>\n<p>&nbsp;<\/p>","protected":false},"excerpt":{"rendered":"<p>Kliky dve\u0159\u00ed lze p\u0159izp\u016fsobit s r\u016fznou povrchovou \u00fapravou a r\u016fzn\u00fdm v\u0159etenem pro r\u016fzn\u00e9 dve\u0159e.<\/p>\n<ul>\n<li><strong>K\u00f3d polo\u017eky:<\/strong> AM-816<\/li>\n<li><strong>Materi\u00e1l:<\/strong> Slitina mosaz\/zinek<\/li>\n<li><strong>Zna\u010dka:<\/strong> ODM k dispozici<\/li>\n<li><strong>Povrch:<\/strong> Chrome CP, Satin Chrome SC, Le\u0161t\u011bn\u00e1 mosaz PB, Mosaz Stain SB, Le\u0161t\u011bn\u00fd nikl PN, Satin Nikel SN, Antique Brass AB, Olej t\u0159en\u00fd bronz ORB, \u010cern\u00e1 BL<\/li>\n<li><strong>P\u0159\u00edslu\u0161enstv\u00ed:<\/strong>7,6 mm x 7,6 mm x 100 mm V\u0159eteno x 1 ks + M3,8 x 30 mm \u0160roub x 4 ks + 2,5 mm imbusov\u00fd kl\u00ed\u010d x 1 ks<\/li>\n<li><strong>Aplikace:<\/strong> D\u0159ev\u011bn\u00e9\/kovov\u00e9, interi\u00e9rov\u00e9\/vchodov\u00e9 dve\u0159e, (35-50mm)<\/li>\n<\/ul>\n<p>&nbsp;<\/p>","protected":false},"featured_media":796,"template":"","meta":{"nf_dc_page":""},"product_brand":[],"product_cat":[26,33],"product_tag":[28,29],"class_list":{"0":"post-1341","1":"product","2":"type-product","3":"status-publish","4":"has-post-thumbnail","6":"product_cat-door-handle-manufacturer","7":"product_cat-brass-door-handle","8":"product_tag-door-handle","9":"product_tag-door-knob","11":"first","12":"instock","13":"shipping-taxable","14":"product-type-simple"},"_links":{"self":[{"href":"https:\/\/amthy.com\/cs\/wp-json\/wp\/v2\/product\/1341","targetHints":{"allow":["GET"]}}],"collection":[{"href":"https:\/\/amthy.com\/cs\/wp-json\/wp\/v2\/product"}],"about":[{"href":"https:\/\/amthy.com\/cs\/wp-json\/wp\/v2\/types\/product"}],"wp:featuredmedia":[{"embeddable":true,"href":"https:\/\/amthy.com\/cs\/wp-json\/wp\/v2\/media\/796"}],"wp:attachment":[{"href":"https:\/\/amthy.com\/cs\/wp-json\/wp\/v2\/media?parent=1341"}],"wp:term":[{"taxonomy":"product_brand","embeddable":true,"href":"https:\/\/amthy.com\/cs\/wp-json\/wp\/v2\/product_brand?post=1341"},{"taxonomy":"product_cat","embeddable":true,"href":"https:\/\/amthy.com\/cs\/wp-json\/wp\/v2\/product_cat?post=1341"},{"taxonomy":"product_tag","embeddable":true,"href":"https:\/\/amthy.com\/cs\/wp-json\/wp\/v2\/product_tag?post=1341"}],"curies":[{"name":"wp","href":"https:\/\/api.w.org\/{rel}","templated":true}]}}