{"id":1464,"date":"2021-05-14T19:36:41","date_gmt":"2021-05-14T11:36:41","guid":{"rendered":"https:\/\/amthy.com\/?post_type=product&#038;p=1464"},"modified":"2022-05-26T16:22:37","modified_gmt":"2022-05-26T08:22:37","slug":"europrofile-door-cylinder-manufacturer-v500","status":"publish","type":"product","link":"https:\/\/amthy.com\/cs\/product\/europrofile-door-cylinder-manufacturer-v500\/","title":{"rendered":"Europrofil V\u00fdrobce cylindrick\u00e9 vlo\u017eky z\u00e1mku dve\u0159\u00ed V500"},"content":{"rendered":"<h2>Kdo jsme?<\/h2>\n<p style=\"text-align: left;\">Amthy je europrofil <a href=\"https:\/\/amthy.com\/cs\/product-category\/lock-cylinder\/\">Dve\u0159n\u00ed v\u00e1lec<\/a> V\u00fdrobce a dodavatel z \u010c\u00edny. Nab\u00edz\u00edme norm\u00e1ln\u00ed <a href=\"https:\/\/en.wikipedia.org\/wiki\/Pin_tumbler_lock\" target=\"_blank\" rel=\"noopener\">v\u00e1lce<\/a> pro vnit\u0159n\u00ed dve\u0159e a vysoce bezpe\u010dnostn\u00ed cylindrick\u00e9 vlo\u017eky pro venkovn\u00ed dve\u0159e. Jako \u0161pi\u010dkov\u00fd v\u00fdrobce 3 v\u00e1lc\u016f je automatick\u00e9 nebo poloautomatick\u00e9 za\u0159\u00edzen\u00ed 95.9% p\u0159ijato k nahrazen\u00ed ru\u010dn\u00ed pr\u00e1ce, sn\u00ed\u017een\u00ed n\u00e1klad\u016f a zv\u00fd\u0161en\u00ed \u00fa\u010dinnosti. <span style=\"color: #ff0000;\"><span style=\"color: #000000;\">Tud\u00ed\u017e, <\/span><\/span>Ni\u017e\u0161\u00ed cena pr\u00e1ce v\u017edy p\u0159in\u00e1\u0161\u00ed konkurenceschopn\u011bj\u0161\u00ed a atraktivn\u011bj\u0161\u00ed cenu. D\u00edky v\u00fd\u0161e uveden\u00fdm v\u00fdhod\u00e1m <em>Nyn\u00ed jsme ochotni <a href=\"https:\/\/www.youtube.com\/watch?v=9Lw0FD68w1c\" target=\"_blank\" rel=\"noopener\">odhalit a sd\u00edlet n\u00e1klady<\/a> norm\u00e1ln\u00edch v\u00e1lc\u016f s kupuj\u00edc\u00edmi<\/em>,<span style=\"color: #ff0000;\"> <span style=\"color: #000000;\">to znamen\u00e1, \u017ee z\u00edsk\u00e1te jasn\u00e9 slo\u017een\u00ed jednotkov\u00e9 ceny, kter\u00e1 zahrnuje n\u00e1\u0161 \u010dist\u00fd zisk 10%<\/span><\/span><span style=\"color: #ff0000;\"><span style=\"color: #000000;\">. <\/span><\/span><\/p>\n<p style=\"text-align: left;\">Mezit\u00edm n\u00e1\u0161 R&amp;D t\u00fdm vyv\u00edj\u00ed<em> S\u00e9rie S1000, S2000 a S3000<\/em> vysoce zabezpe\u010den\u00fdch europrofilov\u00fdch z\u00e1mkov\u00fdch vlo\u017eek pro vy\u0161\u0161\u00ed po\u017eadavky trhu. Exkluzivn\u00ed technologie kombinovan\u00e9 struktury Wafers and Pins v\u00fdrazn\u011b zvy\u0161uje \u00farove\u0148 zabezpe\u010den\u00ed. Nav\u00edc A Europrofil <a href=\"https:\/\/amthy.com\/cs\/product-category\/lock-cylinder\/\">Dve\u0159n\u00ed v\u00e1lec<\/a> V\u00fdrobce by m\u011bl v\u017edy d\u011blat pr\u00e1ci v z\u00e1jmu kupuj\u00edc\u00edho.<\/p>\n<p>&nbsp;<\/p>\n<h2 style=\"text-align: left;\">Co je europrofilov\u00e1 vlo\u017eka z\u00e1mku dve\u0159\u00ed?<\/h2>\n<p><em><i>Cylinder z\u00e1mku je komponenta z\u00e1mku, kter\u00e1 dr\u017e\u00ed z\u00e1str\u010dku, pohon a uzamykac\u00ed komponenty, m\u016f\u017ee b\u00fdt vyrobena z mosazi, slitiny zinku, hlin\u00edku a nerezov\u00e9 oceli. A\u010dkoli jsou v\u00e1lce nej\u010dast\u011bji spojov\u00e1ny s konstrukcemi kol\u00edkov\u00fdch sklenic, pou\u017e\u00edvaj\u00ed se v mnoha dal\u0161\u00edch, jako je wafer a disk-zadr\u017eova\u010d. Ot\u00e1\u010d\u00ed se a ovl\u00e1d\u00e1 z\u00e1padku zadlabac\u00edho z\u00e1mku a z\u00e1voru s odpov\u00eddaj\u00edc\u00edm kl\u00ed\u010dem.\u00a0<\/i><\/em>Europrofilov\u00e1 vlo\u017eka z\u00e1mku dve\u0159\u00ed je srdcem dve\u0159\u00ed.<\/p>\n<p>&nbsp;<\/p>\n<h2>Pro\u010d my? (<em>V\u00fdrobce dve\u0159n\u00edch vlo\u017eek Europrofile AMTHY SECURITY<\/em>)<\/h2>\n<h3><strong>\u221a Spolehliv\u00e1 kvalita<\/strong><\/h3>\n<ul>\n<li>Profesion\u00e1ln\u00ed t\u00fdm QC dohl\u00ed\u017e\u00ed na celou v\u00fdrobu<\/li>\n<li>P\u0159\u00edsn\u00fd v\u00fdb\u011br spolupracuj\u00edc\u00edch partner\u016f<\/li>\n<\/ul>\n<h3><strong>\u221a Konkuren\u010dn\u00ed cena<\/strong><\/h3>\n<ul>\n<li>Surovina na 3 m\u011bs\u00edce skladem pro sn\u00ed\u017een\u00ed rizika kol\u00eds\u00e1n\u00ed ceny<\/li>\n<li>Automatick\u00e9 a pokro\u010dil\u00e9 vybaven\u00ed sni\u017euje vysok\u00e9 n\u00e1klady na pracovn\u00ed s\u00edlu<\/li>\n<\/ul>\n<h3><strong>\u221a D\u016fv\u011bryhodn\u00fd servis pro v\u00edce ne\u017e 20 zem\u00ed.<\/strong><\/h3>\n<ul>\n<li>Slu\u017eba ODM\/OEM<\/li>\n<li>Zodpov\u011bdn\u00fd poprodejn\u00ed servis<\/li>\n<\/ul>\n<p>&nbsp;<\/p>","protected":false},"excerpt":{"rendered":"<p>&nbsp;<\/p>\n<ul>\n<li><strong>K\u00f3d polo\u017eky:<\/strong> V500<\/li>\n<li><strong>Uzamykac\u00ed mechanismus:<\/strong> Pin Tumbler<\/li>\n<li><strong>Materi\u00e1l t\u011bla<\/strong><strong>:<\/strong> Mosaz\/slitina zinku\/hlin\u00edk<\/li>\n<li><strong>Materi\u00e1l z\u00e1str\u010dky<\/strong><strong>:<\/strong> Slitina mosaz\/zinek<\/li>\n<li><strong>Zna\u010dka:<\/strong> ODM k dispozici<\/li>\n<li><b>Typ profilu: <\/b>Euro<\/li>\n<li><strong>Velikost profilu:<\/strong>17*33*10mm<\/li>\n<li><strong>Kl\u00ed\u010d:<\/strong> Mosaz\/ocel &quot;S&quot; dr\u00e1\u017eka<\/li>\n<li><strong>P\u0159\u00edslu\u0161enstv\u00ed:<\/strong>55mm \u0161rouby<\/li>\n<li><strong>Aplikace:<\/strong> D\u0159ev\u011bn\u00e9\/UPVC\/bezpe\u010dnostn\u00ed dve\u0159e<\/li>\n<li><strong>Syst\u00e9m hlavn\u00edho kl\u00ed\u010de:<\/strong> Dostupn\u00fd<\/li>\n<li><strong>Key Alike System:<\/strong> Dostupn\u00fd<\/li>\n<li><strong>Funkce Anti-Drill<\/strong>: Dostupn\u00fd<\/li>\n<li><strong>Funkce Anti-Snap: <\/strong>Dostupn\u00fd<\/li>\n<li><strong><strong>Klasifikace EN1303 2005:<\/strong><\/strong><br \/>\n<table>\n<tbody>\n<tr>\n<td>1<\/td>\n<td>6<\/td>\n<td>0<\/td>\n<td>1<\/td>\n<td>0<\/td>\n<td>C<\/td>\n<td>5<\/td>\n<td>2<\/td>\n<\/tr>\n<\/tbody>\n<\/table>\n<\/li>\n<li><strong>Dokon\u010dit: <\/strong>Le\u0161t\u011bn\u00e1 mosaz (BP)\/Poniklovan\u00e1 (NP)\/Satinovan\u00fd nikl (SN)\/Pochromovan\u00e1 (CP)\/Staro\u017eitn\u00e1 mosaz (AB)<\/li>\n<\/ul>\n<p>&nbsp;<\/p>","protected":false},"featured_media":1465,"template":"","meta":{"nf_dc_page":""},"product_brand":[],"product_cat":[25],"product_tag":[34,35],"class_list":{"0":"post-1464","1":"product","2":"type-product","3":"status-publish","4":"has-post-thumbnail","6":"product_cat-euro-profile-cylinder-manufacturer","7":"product_tag-door-cylinder","8":"product_tag-europrofile","10":"first","11":"instock","12":"shipping-taxable","13":"product-type-simple"},"_links":{"self":[{"href":"https:\/\/amthy.com\/cs\/wp-json\/wp\/v2\/product\/1464","targetHints":{"allow":["GET"]}}],"collection":[{"href":"https:\/\/amthy.com\/cs\/wp-json\/wp\/v2\/product"}],"about":[{"href":"https:\/\/amthy.com\/cs\/wp-json\/wp\/v2\/types\/product"}],"wp:featuredmedia":[{"embeddable":true,"href":"https:\/\/amthy.com\/cs\/wp-json\/wp\/v2\/media\/1465"}],"wp:attachment":[{"href":"https:\/\/amthy.com\/cs\/wp-json\/wp\/v2\/media?parent=1464"}],"wp:term":[{"taxonomy":"product_brand","embeddable":true,"href":"https:\/\/amthy.com\/cs\/wp-json\/wp\/v2\/product_brand?post=1464"},{"taxonomy":"product_cat","embeddable":true,"href":"https:\/\/amthy.com\/cs\/wp-json\/wp\/v2\/product_cat?post=1464"},{"taxonomy":"product_tag","embeddable":true,"href":"https:\/\/amthy.com\/cs\/wp-json\/wp\/v2\/product_tag?post=1464"}],"curies":[{"name":"wp","href":"https:\/\/api.w.org\/{rel}","templated":true}]}}