{"id":1522,"date":"2021-05-15T20:56:08","date_gmt":"2021-05-15T12:56:08","guid":{"rendered":"https:\/\/amthy.com\/?post_type=product&#038;p=1522"},"modified":"2021-05-15T21:26:48","modified_gmt":"2021-05-15T13:26:48","slug":"europrofile-security-cylinder-manufacturer-v500d","status":"publish","type":"product","link":"https:\/\/amthy.com\/cs\/product\/europrofile-security-cylinder-manufacturer-v500d\/","title":{"rendered":"Europrofil Bezpe\u010dnostn\u00ed vlo\u017eka z\u00e1mku V\u00fdrobce V500D"},"content":{"rendered":"<h2>Who We Are?<\/h2>\n<p style=\"text-align: left;\">Amthy is a Europrofile Security Cylinder <a href=\"https:\/\/amthy.com\/product-category\/lock-cylinder\/\">Manufacturer\u00a0<\/a>and supplier from China. We offer normal <a href=\"https:\/\/en.wikipedia.org\/wiki\/Pin_tumbler_lock\" target=\"_blank\" rel=\"noopener\">cylinders<\/a> for interior doors and high-security cylinders for exterior doors. Being a top 3 cylinder manufacturer, 95.9% automatic or half-automatic facility is adopted to replace manual labor, to reduces cost, and to increases efficiency. <span style=\"color: #ff0000;\"><span style=\"color: #000000;\">Consequently, <\/span><\/span>Less labor cost always brings more competitive and attractive price. Thanks to the above benefits, <em>We are now willing to <a href=\"https:\/\/www.youtube.com\/watch?v=9Lw0FD68w1c\" target=\"_blank\" rel=\"noopener\">reveal and share the cost<\/a> of normal cylinders with buyers<\/em>,<span style=\"color: #ff0000;\"> <span style=\"color: #000000;\">that is to say, you will get a clear composition of unit price, which includes our 10% pure profit<\/span><\/span><span style=\"color: #ff0000;\"><span style=\"color: #000000;\">. <\/span><\/span>Meanwhile, our R&amp;D team develops the<em> S1000, S2000, and S3000 series<\/em> of HIGH-SECURITY euro profile door lock cylinders for higher market demands. The exclusive technology of\u00a0 Wafers and Pins combination structure greatly increases the security level. Moreover, A Europrofile Security Cylinder Manufacturer should always do the works for the buyer&#8217;s main concern.<\/p>\n<p>&nbsp;<\/p>\n<h2 style=\"text-align: left;\">What is Europrofile Security Cylinder Manufacturer?<\/h2>\n<p><em><i>Lock Cylinder is a lock component that holds the plug, actuator and locking components, it can be made of brass, zinc alloy, aluminum, and stainless steel. Though most commonly associated with pin-tumbler designs, cylinders are used in many others, such as wafer and disc-detainer. It rotates to drive the mortise lock latch and deadbolt with matched key.\u00a0<\/i><\/em>Europrofile Door Lock Cylinder is the heart of the door.Europrofile Security Cylinder is used for the entrance security door.<\/p>\n<p>&nbsp;<\/p>\n<h2>Why us? (Europrofile Security Cylinder Manufacturer<em>\u00a0of AMTHY SECURITY<\/em>)<\/h2>\n<h3><strong>\u221aReliable Quality<\/strong><\/h3>\n<ul>\n<li>Professional QC team supervise all round of production<\/li>\n<li>Strict selection of cooperating partners<\/li>\n<\/ul>\n<h3><strong>\u221aCompetitive Price<\/strong><\/h3>\n<ul>\n<li>Raw material in 3 months stock to lower the risk of fluctuating price<\/li>\n<li>Automatic and Advanced Equipment reduce the high labor cost<\/li>\n<\/ul>\n<h3><strong>\u221aTrustful Service for over 20 countries.<\/strong><\/h3>\n<ul>\n<li>ODM\/OEM service<\/li>\n<li>Responsible after-sales service<\/li>\n<\/ul>\n<p>&nbsp;<\/p>\n<p>[wpforms id=&#8221;686&#8243; description=&#8221;true&#8221;]<\/p>\n<p>&nbsp;<\/p>\n","protected":false},"excerpt":{"rendered":"<p>&nbsp;<\/p>\n<ul>\n<li><strong>K\u00f3d polo\u017eky:<\/strong> V500D<\/li>\n<li><strong>Uzamykac\u00ed mechanismus:<\/strong> Pin Tumbler<\/li>\n<li><strong>Materi\u00e1l t\u011bla<\/strong><strong>:<\/strong> Mosaz<\/li>\n<li><strong>Materi\u00e1l z\u00e1str\u010dky<\/strong><strong>:<\/strong> Mosaz<\/li>\n<li><strong>Zna\u010dka:<\/strong> ODM k dispozici<\/li>\n<li><b>Typ profilu: <\/b>Euro<\/li>\n<li><strong>Velikost profilu:<\/strong>17*33*10mm<\/li>\n<li><strong>Kl\u00ed\u010d:<\/strong> Mosazn\u00e1 dr\u00e1\u017eka Double &quot;S&quot;.<\/li>\n<li><strong>P\u0159\u00edslu\u0161enstv\u00ed:<\/strong>55mm \u0161rouby<\/li>\n<li><strong>Aplikace:<\/strong> D\u0159ev\u011bn\u00e9\/UPVC\/bezpe\u010dnostn\u00ed dve\u0159e<\/li>\n<li><strong>Syst\u00e9m hlavn\u00edho kl\u00ed\u010de:<\/strong> Dostupn\u00fd<\/li>\n<li><strong>Key Alike System:<\/strong> Dostupn\u00fd<\/li>\n<li><strong>Funkce Anti-Drill<\/strong>: Dostupn\u00fd<\/li>\n<li><strong>Funkce Anti-Snap: <\/strong>Dostupn\u00fd<\/li>\n<li><strong><strong>Klasifikace EN1303 2005:<\/strong><\/strong><br \/>\n<table>\n<tbody>\n<tr>\n<td>1<\/td>\n<td>6<\/td>\n<td>0<\/td>\n<td>1<\/td>\n<td>0<\/td>\n<td>C<\/td>\n<td>5<\/td>\n<td>2<\/td>\n<\/tr>\n<\/tbody>\n<\/table>\n<\/li>\n<li><strong>Dokon\u010dit: <\/strong>Le\u0161t\u011bn\u00e1 mosaz (BP)\/Poniklovan\u00e1 (NP)\/Satinovan\u00fd nikl (SN)\/Pochromovan\u00e1 (CP)\/Staro\u017eitn\u00e1 mosaz (AB)<\/li>\n<\/ul>\n<p>&nbsp;<\/p>","protected":false},"featured_media":1530,"template":"","meta":{"nf_dc_page":""},"product_brand":[],"product_cat":[25],"product_tag":[34,35],"class_list":{"0":"post-1522","1":"product","2":"type-product","3":"status-publish","4":"has-post-thumbnail","6":"product_cat-euro-profile-cylinder-manufacturer","7":"product_tag-door-cylinder","8":"product_tag-europrofile","10":"first","11":"instock","12":"shipping-taxable","13":"product-type-simple"},"_links":{"self":[{"href":"https:\/\/amthy.com\/cs\/wp-json\/wp\/v2\/product\/1522","targetHints":{"allow":["GET"]}}],"collection":[{"href":"https:\/\/amthy.com\/cs\/wp-json\/wp\/v2\/product"}],"about":[{"href":"https:\/\/amthy.com\/cs\/wp-json\/wp\/v2\/types\/product"}],"wp:featuredmedia":[{"embeddable":true,"href":"https:\/\/amthy.com\/cs\/wp-json\/wp\/v2\/media\/1530"}],"wp:attachment":[{"href":"https:\/\/amthy.com\/cs\/wp-json\/wp\/v2\/media?parent=1522"}],"wp:term":[{"taxonomy":"product_brand","embeddable":true,"href":"https:\/\/amthy.com\/cs\/wp-json\/wp\/v2\/product_brand?post=1522"},{"taxonomy":"product_cat","embeddable":true,"href":"https:\/\/amthy.com\/cs\/wp-json\/wp\/v2\/product_cat?post=1522"},{"taxonomy":"product_tag","embeddable":true,"href":"https:\/\/amthy.com\/cs\/wp-json\/wp\/v2\/product_tag?post=1522"}],"curies":[{"name":"wp","href":"https:\/\/api.w.org\/{rel}","templated":true}]}}