{"id":1534,"date":"2021-05-15T21:34:14","date_gmt":"2021-05-15T13:34:14","guid":{"rendered":"https:\/\/amthy.com\/?post_type=product&#038;p=1534"},"modified":"2022-05-26T16:27:59","modified_gmt":"2022-05-26T08:27:59","slug":"europrofile-lock-cylinder-manufacturer-h1000","status":"publish","type":"product","link":"https:\/\/amthy.com\/cs\/product\/europrofile-lock-cylinder-manufacturer-h1000\/","title":{"rendered":"Europrofilov\u00e1 bezpe\u010dnostn\u00ed vlo\u017eka do dve\u0159\u00ed -H1000"},"content":{"rendered":"<h2>Funkce z\u00e1mku europrofilu<\/h2>\n<ul>\n<li>Vysok\u00e1 bezpe\u010dnost \u2013 dvojit\u00e9 piny a instrukce dispin<\/li>\n<li>Syst\u00e9m hlavn\u00edho kl\u00ed\u010de AB - 1 kus do\u010dasn\u00fd kl\u00ed\u010d, 5 prim\u00e1rn\u00edch kl\u00ed\u010d\u016f<\/li>\n<li>Anti-pick, Anti-snap<\/li>\n<li>\u017divotnost cel\u00e9ho mosazn\u00e9ho materi\u00e1lu m\u016f\u017ee b\u00fdt v\u00edce ne\u017e 10 let<\/li>\n<\/ul>\n<h2>Kdo jsme?<\/h2>\n<p style=\"text-align: left;\">Amthy je Europrofilov\u00fd bezpe\u010dnostn\u00ed v\u00e1lec <a href=\"https:\/\/amthy.com\/cs\/product-category\/lock-cylinder\/\">Dodavatel <\/a>z \u010c\u00edny. Nab\u00edz\u00edme norm\u00e1ln\u00ed <a href=\"https:\/\/en.wikipedia.org\/wiki\/Pin_tumbler_lock\" target=\"_blank\" rel=\"noopener\">v\u00e1lce<\/a> pro vnit\u0159n\u00ed dve\u0159e a vysoce bezpe\u010dnostn\u00ed cylindrick\u00e9 vlo\u017eky pro venkovn\u00ed dve\u0159e. Jako \u0161pi\u010dkov\u00fd v\u00fdrobce 3 v\u00e1lc\u016f je automatick\u00e9 nebo poloautomatick\u00e9 za\u0159\u00edzen\u00ed 95.9% p\u0159ijato k nahrazen\u00ed ru\u010dn\u00ed pr\u00e1ce, ke sn\u00ed\u017een\u00ed n\u00e1klad\u016f a zv\u00fd\u0161en\u00ed \u00fa\u010dinnosti. <span style=\"color: #ff0000;\"><span style=\"color: #000000;\">Tud\u00ed\u017e, <\/span><\/span>Ni\u017e\u0161\u00ed cena pr\u00e1ce v\u017edy p\u0159in\u00e1\u0161\u00ed konkurenceschopn\u011bj\u0161\u00ed a atraktivn\u011bj\u0161\u00ed ceny. D\u00edky v\u00fd\u0161e uveden\u00fdm v\u00fdhod\u00e1m <em>Nyn\u00ed jsme ochotni <a href=\"https:\/\/www.youtube.com\/watch?v=9Lw0FD68w1c\" target=\"_blank\" rel=\"noopener\">odhalit a sd\u00edlet n\u00e1klady<\/a> norm\u00e1ln\u00edch v\u00e1lc\u016f s kupuj\u00edc\u00edmi<\/em>,<span style=\"color: #ff0000;\"> <span style=\"color: #000000;\">to znamen\u00e1, \u017ee z\u00edsk\u00e1te jasn\u00e9 slo\u017een\u00ed jednotkov\u00e9 ceny, kter\u00e1 zahrnuje n\u00e1\u0161 \u010dist\u00fd zisk 10%<\/span><\/span><span style=\"color: #ff0000;\"><span style=\"color: #000000;\">. <\/span><\/span><\/p>\n<p style=\"text-align: left;\">Mezit\u00edm n\u00e1\u0161 R&amp;D t\u00fdm vyv\u00edj\u00ed<em> S\u00e9rie S1000, S2000 a S3000<\/em> vysoce zabezpe\u010den\u00fdch europrofilov\u00fdch dve\u0159n\u00edch vlo\u017eek pro vy\u0161\u0161\u00ed po\u017eadavky trhu. Exkluzivn\u00ed technologie kombinovan\u00e9 struktury Wafers and Pins v\u00fdrazn\u011b zvy\u0161uje \u00farove\u0148 zabezpe\u010den\u00ed. Krom\u011b toho by m\u011bl dodavatel bezpe\u010dnostn\u00ed cylindrick\u00e9 vlo\u017eky Europrofile v\u017edy d\u011blat pr\u00e1ci pro hlavn\u00ed z\u00e1jem kupuj\u00edc\u00edho.<\/p>\n<p>&nbsp;<\/p>\n<h2 style=\"text-align: left;\">Co je europrofilov\u00e1 z\u00e1mkov\u00e1 vlo\u017eka?<\/h2>\n<p><em><i>Cylinder z\u00e1mku je komponenta z\u00e1mku, kter\u00e1 dr\u017e\u00ed z\u00e1str\u010dku, pohon a uzamykac\u00ed komponenty, m\u016f\u017ee b\u00fdt vyrobena z mosazi, slitiny zinku, hlin\u00edku a nerezov\u00e9 oceli. A\u010dkoli jsou v\u00e1lce nej\u010dast\u011bji spojov\u00e1ny s konstrukcemi kol\u00edkov\u00fdch sklenic, pou\u017e\u00edvaj\u00ed se v mnoha dal\u0161\u00edch, jako je wafer a disk-zadr\u017eova\u010d. Ot\u00e1\u010d\u00ed se a ovl\u00e1d\u00e1 z\u00e1padku zadlabac\u00edho z\u00e1mku a z\u00e1voru s odpov\u00eddaj\u00edc\u00edm kl\u00ed\u010dem. <\/i><\/em>Europrofilov\u00e1 vlo\u017eka z\u00e1mku je srdcem dve\u0159\u00ed. Europrofilov\u00e1 bezpe\u010dnostn\u00ed vlo\u017eka se pou\u017e\u00edv\u00e1 pro vstupn\u00ed bezpe\u010dnostn\u00ed dve\u0159e. Europrofilov\u00fd z\u00e1mek<\/p>\n<p><b>Evropsk\u00fd profil<\/b>\u00a0(nebo\u00a0<b>Euro profil<\/b>) je druh\u00a0<a title=\"V\u00e1lec\" href=\"http:\/\/www.lockwiki.com\/index.php\/Cylinder\" target=\"_blank\" rel=\"noopener\">v\u00e1lec<\/a>\u00a0design pou\u017e\u00edvan\u00fd p\u0159ev\u00e1\u017en\u011b v Evrop\u011b. Na rozd\u00edl od tradi\u010dn\u00edch zadlabac\u00edch a r\u00e1fkov\u00fdch cylindrick\u00fdch vlo\u017eek pou\u017e\u00edv\u00e1 Euro profil ke spojen\u00ed obou stran z\u00e1mku jeden kus kovu. Jedin\u00fd\u00a0<a class=\"mw-redirect\" title=\"Va\u010dka\" href=\"http:\/\/www.lockwiki.com\/index.php\/Cam\" target=\"_blank\" rel=\"noopener\">va\u010dka<\/a>\u00a0sou\u010d\u00e1st je um\u00edst\u011bna mezi dv\u011bma stranami z\u00e1mku a je s ob\u011bma p\u0159\u00edmo spojena\u00a0<a title=\"Z\u00e1str\u010dka\" href=\"http:\/\/www.lockwiki.com\/index.php\/Plug\" target=\"_blank\" rel=\"noopener\">z\u00e1str\u010dky<\/a>. Euro profil je vhodn\u00fd pro instalaci a v\u00fdm\u011bnu, ale m\u00e1 n\u011bkter\u00e9 z\u00e1va\u017en\u00e9 bezpe\u010dnostn\u00ed nedostatky, kter\u00e9 je t\u0159eba vz\u00edt v \u00favahu. Vid\u011bt\u00a0<a href=\"http:\/\/www.lockwiki.com\/index.php\/Euro_Profile#Vulnerabilities\" target=\"_blank\" rel=\"noopener\">Euro profil (zranitelnosti)<\/a>\u00a0pro dal\u0161\u00ed informace.Europrofile lock<\/p>\n<p>&nbsp;<\/p>\n<p><img fetchpriority=\"high\" decoding=\"async\" class=\"wp-image-2119 aligncenter\" src=\"https:\/\/amthy.com\/wp-content\/uploads\/2021\/05\/technical_drawing_C73_3-300x168.jpg\" alt=\"europrofil\" width=\"636\" height=\"356\" title=\"\" srcset=\"https:\/\/amthy.com\/wp-content\/uploads\/2021\/05\/technical_drawing_C73_3-300x168.jpg 300w, https:\/\/amthy.com\/wp-content\/uploads\/2021\/05\/technical_drawing_C73_3-600x336.jpg 600w, https:\/\/amthy.com\/wp-content\/uploads\/2021\/05\/technical_drawing_C73_3-768x430.jpg 768w, https:\/\/amthy.com\/wp-content\/uploads\/2021\/05\/technical_drawing_C73_3-18x10.jpg 18w, https:\/\/amthy.com\/wp-content\/uploads\/2021\/05\/technical_drawing_C73_3.jpg 1000w\" sizes=\"(max-width: 636px) 100vw, 636px\" \/><\/p>\n<p>&nbsp;<\/p>\n<h2>Pro\u010d my?<\/h2>\n<h3><strong>\u221a Spolehliv\u00e1 kvalita<\/strong><\/h3>\n<ul>\n<li>Profesion\u00e1ln\u00ed t\u00fdm QC dohl\u00ed\u017e\u00ed na celou v\u00fdrobu<\/li>\n<li>P\u0159\u00edsn\u00fd v\u00fdb\u011br spolupracuj\u00edc\u00edch partner\u016f<\/li>\n<\/ul>\n<h3><strong>\u221a Konkuren\u010dn\u00ed cena<\/strong><\/h3>\n<ul>\n<li>Surovina na 3 m\u011bs\u00edce skladem pro sn\u00ed\u017een\u00ed rizika kol\u00eds\u00e1n\u00ed ceny<\/li>\n<li>Automatick\u00e9 a pokro\u010dil\u00e9 vybaven\u00ed sni\u017euje vysok\u00e9 n\u00e1klady na pracovn\u00ed s\u00edlu<\/li>\n<\/ul>\n<h3><strong>\u221a D\u016fv\u011bryhodn\u00fd servis pro v\u00edce ne\u017e 20 zem\u00ed.<\/strong><\/h3>\n<ul>\n<li>Slu\u017eba ODM\/OEM<\/li>\n<li>Zodpov\u011bdn\u00fd poprodejn\u00ed servis<\/li>\n<\/ul>\n<p>&nbsp;<\/p>","protected":false},"excerpt":{"rendered":"<p>&nbsp;<\/p>\n<ul>\n<li><strong>K\u00f3d polo\u017eky:<\/strong> H1000<\/li>\n<li><strong>Uzamykac\u00ed mechanismus:<\/strong> Pin Tumbler<\/li>\n<li><strong>Materi\u00e1l t\u011bla<\/strong><strong>:<\/strong> Mosaz<\/li>\n<li><strong>Materi\u00e1l z\u00e1str\u010dky<\/strong><strong>:<\/strong> Mosaz<\/li>\n<li><strong>Zna\u010dka:<\/strong> ODM k dispozici<\/li>\n<li><b>Typ profilu: <\/b>Euro<\/li>\n<li><strong>Velikost profilu:<\/strong>17*33*10mm<\/li>\n<li><strong>Kl\u00ed\u010d:<\/strong> Mosazn\u00e1 dr\u00e1\u017eka Double &quot;S&quot;.<\/li>\n<li><strong>P\u0159\u00edslu\u0161enstv\u00ed:<\/strong>55mm \u0161rouby<\/li>\n<li><strong>Aplikace:<\/strong> D\u0159ev\u011bn\u00e9\/UPVC\/bezpe\u010dnostn\u00ed dve\u0159e<\/li>\n<li><strong>Syst\u00e9m hlavn\u00edho kl\u00ed\u010de:<\/strong> Dostupn\u00fd<\/li>\n<li><strong>Key Alike System:<\/strong> Dostupn\u00fd<\/li>\n<li><strong>Funkce Anti-Drill<\/strong>: Dostupn\u00fd<\/li>\n<li><strong>Funkce Anti-Snap: <\/strong>Dostupn\u00fd<\/li>\n<li><strong><strong>Klasifikace EN1303 2005:<\/strong><\/strong><br \/>\n<table>\n<tbody>\n<tr>\n<td>1<\/td>\n<td>6<\/td>\n<td>0<\/td>\n<td>1<\/td>\n<td>0<\/td>\n<td>C<\/td>\n<td>5<\/td>\n<td>2<\/td>\n<\/tr>\n<\/tbody>\n<\/table>\n<\/li>\n<li><strong>Dokon\u010dit: <\/strong>Le\u0161t\u011bn\u00e1 mosaz (BP)\/Poniklovan\u00e1 (NP)\/Satinovan\u00fd nikl (SN)\/Pochromovan\u00e1 (CP)\/Staro\u017eitn\u00e1 mosaz (AB)<\/li>\n<\/ul>\n<p>&nbsp;<\/p>","protected":false},"featured_media":1526,"template":"","meta":{"nf_dc_page":""},"product_brand":[],"product_cat":[25],"product_tag":[34,35],"class_list":{"0":"post-1534","1":"product","2":"type-product","3":"status-publish","4":"has-post-thumbnail","6":"product_cat-euro-profile-cylinder-manufacturer","7":"product_tag-door-cylinder","8":"product_tag-europrofile","10":"first","11":"instock","12":"shipping-taxable","13":"product-type-simple"},"_links":{"self":[{"href":"https:\/\/amthy.com\/cs\/wp-json\/wp\/v2\/product\/1534","targetHints":{"allow":["GET"]}}],"collection":[{"href":"https:\/\/amthy.com\/cs\/wp-json\/wp\/v2\/product"}],"about":[{"href":"https:\/\/amthy.com\/cs\/wp-json\/wp\/v2\/types\/product"}],"wp:featuredmedia":[{"embeddable":true,"href":"https:\/\/amthy.com\/cs\/wp-json\/wp\/v2\/media\/1526"}],"wp:attachment":[{"href":"https:\/\/amthy.com\/cs\/wp-json\/wp\/v2\/media?parent=1534"}],"wp:term":[{"taxonomy":"product_brand","embeddable":true,"href":"https:\/\/amthy.com\/cs\/wp-json\/wp\/v2\/product_brand?post=1534"},{"taxonomy":"product_cat","embeddable":true,"href":"https:\/\/amthy.com\/cs\/wp-json\/wp\/v2\/product_cat?post=1534"},{"taxonomy":"product_tag","embeddable":true,"href":"https:\/\/amthy.com\/cs\/wp-json\/wp\/v2\/product_tag?post=1534"}],"curies":[{"name":"wp","href":"https:\/\/api.w.org\/{rel}","templated":true}]}}