{"id":1879,"date":"2021-08-29T19:08:10","date_gmt":"2021-08-29T11:08:10","guid":{"rendered":"https:\/\/amthy.com\/?post_type=product&#038;p=1879"},"modified":"2023-05-26T19:51:48","modified_gmt":"2023-05-26T11:51:48","slug":"smart-lock-manufacturer-am-700","status":"publish","type":"product","link":"https:\/\/amthy.com\/cs\/product\/smart-lock-manufacturer-am-700\/","title":{"rendered":"Smart Lock AM-700"},"content":{"rendered":"<p>AMTHY 700 je chytr\u00fd dve\u0159n\u00ed z\u00e1mek, kter\u00fd v\u00e1m poskytuje plnou kontrolu nad zabezpe\u010den\u00edm va\u0161eho domova a z\u00e1rove\u0148 v\u00e1m poskytuje naprost\u00fd klid. Pou\u017e\u00edvejte r\u016fzn\u00e9 zp\u016fsoby, jak z\u00edskat p\u0159\u00edstup do sv\u00e9ho domova, a\u0165 u\u017e prost\u0159ednictv\u00edm k\u00f3du PIN nebo mechanick\u00e9ho kl\u00ed\u010de. Nemus\u00edte se b\u00e1t nosit kl\u00ed\u010de s sebou. V\u0161e, co pot\u0159ebujete, je v\u00e1\u0161 PIN k\u00f3d, dve\u0159e m\u016f\u017eete snadno odemknout. P\u0159\u00edm\u00fd obchod od v\u00fdrobce inteligentn\u00edch dve\u0159\u00ed. smart-lock-manufacturer-am-700.<a href=\"https:\/\/en.wikipedia.org\/wiki\/Lock\" target=\"_blank\" rel=\"noopener\">Z\u00e1mek<\/a> a <a href=\"https:\/\/amthy.com\/cs\/product-category\/smart-lock\/\">Inteligentn\u00ed dve\u0159n\u00ed v\u00e1lec<\/a><\/p>\n<h2>Snadno upgradujte sv\u016fj st\u00e1vaj\u00edc\u00ed z\u00e1mek:<\/h2>\n<p>Vhodn\u00e9 pro kutily a snadno se instaluje na m\u00edsto va\u0161\u00ed st\u00e1vaj\u00edc\u00ed vlo\u017eky a kliky dve\u0159\u00ed. V\u0161e, co pot\u0159ebujete, je k\u0159\u00ed\u017eov\u00fd \u0161roubov\u00e1k a metr.<\/p>\n<h2><strong>Vlastnosti a v\u00fdhody:<\/strong><\/h2>\n<ul>\n<li>Keyless \u2013 Poskytuje v\u00e1m svobodu zabezpe\u010dit sv\u016fj domov bez pot\u0159eby kl\u00ed\u010de<\/li>\n<li>Jednoduch\u00e1 mont\u00e1\u017e \u2013 Vhodn\u00e9 pro v\u011bt\u0161inu PVC a kompozitn\u00edch dve\u0159\u00ed, je nutn\u00fd \u0161roubov\u00e1k<\/li>\n<li>Snadn\u00fd p\u0159\u00edstup \u2013 k dispozici je 50 sad PIN k\u00f3du o 4-8 \u010d\u00edslic\u00edch.<\/li>\n<li>Nap\u00e1jen\u00ed \u2013 4x AA baterie<\/li>\n<li>Vhodn\u00e9 pro dve\u0159e o tlou\u0161\u0165ce mezi 35-55mm<\/li>\n<li>K dispozici v \u0159ad\u011b povrchov\u00fdch \u00faprav \u2013 v\u010detn\u011b \u010dern\u00e9 a st\u0159\u00edbrn\u00e9<\/li>\n<\/ul>\n<h2>Pro\u010d my? (Dodavatel cylindrick\u00fdch vlo\u017eek pro bezpe\u010dnostn\u00ed dve\u0159e s europrofilem <em>AMTHY SECURITY<\/em>)<\/h2>\n<h3><strong>\u221a Spolehliv\u00e1 kvalita (v\u00fdrobce Smart Lock AM-700)<\/strong><\/h3>\n<ul>\n<li>Profesion\u00e1ln\u00ed t\u00fdm QC dohl\u00ed\u017e\u00ed na celou v\u00fdrobu<\/li>\n<li>P\u0159\u00edsn\u00fd v\u00fdb\u011br spolupracuj\u00edc\u00edch partner\u016f<\/li>\n<\/ul>\n<h3><strong>\u221a Konkuren\u010dn\u00ed cena<\/strong><\/h3>\n<ul>\n<li>Surovina na 3 m\u011bs\u00edce skladem pro sn\u00ed\u017een\u00ed rizika kol\u00eds\u00e1n\u00ed ceny<\/li>\n<li>Automatick\u00e9 a pokro\u010dil\u00e9 vybaven\u00ed sni\u017euje vysok\u00e9 n\u00e1klady na pracovn\u00ed s\u00edlu<\/li>\n<\/ul>\n<h3><strong>\u221a D\u016fv\u011bryhodn\u00fd servis pro v\u00edce ne\u017e 20 zem\u00ed.<\/strong><\/h3>\n<ul>\n<li>Slu\u017eba ODM\/OEM<\/li>\n<li>Zodpov\u011bdn\u00fd poprodejn\u00ed servis<\/li>\n<\/ul>","protected":false},"excerpt":{"rendered":"<ul>\n<li><strong>K\u00f3d polo\u017eky:<\/strong> AM-700<\/li>\n<li><strong>Materi\u00e1l<\/strong><strong>:<\/strong> slitina zinku<\/li>\n<li><strong>T\u011blo z\u00e1mku:<\/strong> Jedna z\u00e1padka<\/li>\n<li><strong>Backset<\/strong>: 60 mm<\/li>\n<li><strong>Zna\u010dka:<\/strong> ODM k dispozici<\/li>\n<li><strong>Aplikace:<\/strong> D\u0159ev\u011bn\u00e9\/UPVC\/bezpe\u010dnostn\u00ed dve\u0159e<\/li>\n<li><strong>baterie<\/strong>: 4*AA<\/li>\n<li><strong>Tlou\u0161\u0165ka dve\u0159\u00ed:<\/strong>35-55 mm<\/li>\n<li><b>Re\u017eim odemknut\u00ed: <\/b>P\u0159\u00edstupov\u00fd k\u00f3d\/mechanick\u00fd kl\u00ed\u010d<\/li>\n<\/ul>","protected":false},"featured_media":1880,"template":"","meta":{"nf_dc_page":""},"product_brand":[],"product_cat":[55],"product_tag":[],"class_list":{"0":"post-1879","1":"product","2":"type-product","3":"status-publish","4":"has-post-thumbnail","6":"product_cat-smart-lock","8":"first","9":"instock","10":"shipping-taxable","11":"product-type-simple"},"_links":{"self":[{"href":"https:\/\/amthy.com\/cs\/wp-json\/wp\/v2\/product\/1879","targetHints":{"allow":["GET"]}}],"collection":[{"href":"https:\/\/amthy.com\/cs\/wp-json\/wp\/v2\/product"}],"about":[{"href":"https:\/\/amthy.com\/cs\/wp-json\/wp\/v2\/types\/product"}],"wp:featuredmedia":[{"embeddable":true,"href":"https:\/\/amthy.com\/cs\/wp-json\/wp\/v2\/media\/1880"}],"wp:attachment":[{"href":"https:\/\/amthy.com\/cs\/wp-json\/wp\/v2\/media?parent=1879"}],"wp:term":[{"taxonomy":"product_brand","embeddable":true,"href":"https:\/\/amthy.com\/cs\/wp-json\/wp\/v2\/product_brand?post=1879"},{"taxonomy":"product_cat","embeddable":true,"href":"https:\/\/amthy.com\/cs\/wp-json\/wp\/v2\/product_cat?post=1879"},{"taxonomy":"product_tag","embeddable":true,"href":"https:\/\/amthy.com\/cs\/wp-json\/wp\/v2\/product_tag?post=1879"}],"curies":[{"name":"wp","href":"https:\/\/api.w.org\/{rel}","templated":true}]}}