{"id":1916,"date":"2021-08-29T20:45:12","date_gmt":"2021-08-29T12:45:12","guid":{"rendered":"https:\/\/amthy.com\/?post_type=product&#038;p=1916"},"modified":"2023-05-26T19:51:14","modified_gmt":"2023-05-26T11:51:14","slug":"smart-lock-manufacturer-am-h200","status":"publish","type":"product","link":"https:\/\/amthy.com\/cs\/product\/smart-lock-manufacturer-am-h200\/","title":{"rendered":"Smart Lock AM-H200"},"content":{"rendered":"<p><img fetchpriority=\"high\" decoding=\"async\" class=\"wp-image-2034 aligncenter\" src=\"https:\/\/amthy.com\/wp-content\/uploads\/2021\/08\/AM400-300x35.jpg\" alt=\"Dodavatel inteligentn\u00edch z\u00e1mk\u016f\" width=\"1003\" height=\"117\" title=\"\" srcset=\"https:\/\/amthy.com\/wp-content\/uploads\/2021\/08\/AM400-300x35.jpg 300w, https:\/\/amthy.com\/wp-content\/uploads\/2021\/08\/AM400-600x71.jpg 600w, https:\/\/amthy.com\/wp-content\/uploads\/2021\/08\/AM400-1024x120.jpg 1024w, https:\/\/amthy.com\/wp-content\/uploads\/2021\/08\/AM400-768x90.jpg 768w, https:\/\/amthy.com\/wp-content\/uploads\/2021\/08\/AM400-1536x181.jpg 1536w, https:\/\/amthy.com\/wp-content\/uploads\/2021\/08\/AM400-2048x241.jpg 2048w, https:\/\/amthy.com\/wp-content\/uploads\/2021\/08\/AM400-18x2.jpg 18w\" sizes=\"(max-width: 1003px) 100vw, 1003px\" \/><\/p>\n<p>&nbsp;<\/p>\n<p>AMTHY H200 je chytr\u00fd dve\u0159n\u00ed z\u00e1mek, kter\u00fd v\u00e1m d\u00e1v\u00e1 plnou kontrolu nad zabezpe\u010den\u00edm va\u0161eho domova a z\u00e1rove\u0148 v\u00e1m poskytuje naprost\u00fd klid. Pou\u017eijte r\u016fzn\u00e9 zp\u016fsoby, jak z\u00edskat p\u0159\u00edstup do sv\u00e9ho domova, a\u0165 u\u017e prost\u0159ednictv\u00edm otisku prstu, telefonu Bluetooth nebo prost\u0159ednictv\u00edm wifi modulu pro d\u00e1lkov\u00e9 ovl\u00e1d\u00e1n\u00ed. S digit\u00e1ln\u00edm dve\u0159n\u00edm z\u00e1mkem AMTHY m\u016f\u017eete u\u017eivatel\u016fm pos\u00edlat virtu\u00e1ln\u00ed kl\u00ed\u010de, aby p\u0159\u00e1tel\u00e9 a rodina mohli z\u00edskat p\u0159\u00edstup do va\u0161eho domu, pokud nejste pobl\u00ed\u017e. Jakmile z\u00edskaj\u00ed p\u0159\u00edstup, m\u016f\u017eete spravovat, kdo m\u016f\u017ee vstoupit do va\u0161eho majetku, deaktivac\u00ed nebo smaz\u00e1n\u00edm u\u017eivatel\u016f prost\u0159ednictv\u00edm aplikace pro telefon. Virtu\u00e1ln\u00ed kl\u00ed\u010de lze napl\u00e1novat nebo nastavit jako trval\u00e9 pro maxim\u00e1ln\u00ed kontrolu nad va\u0161\u00edm domovem nebo nemovitost\u00ed. M\u016f\u017eete tak\u00e9 sledovat, kdo p\u0159ich\u00e1z\u00ed a kdo odch\u00e1z\u00ed, tak\u017ee budete v\u011bd\u011bt, kdy jsou va\u0161i bl\u00edzc\u00ed bezpe\u010dn\u011b doma. M\u016f\u017eete dokonce obdr\u017eet upozorn\u011bn\u00ed, kter\u00e9 v\u00e1s informuje, kdy\u017e se n\u011bkdo vr\u00e1t\u00ed dom\u016f. Nemus\u00edte se b\u00e1t nosit kl\u00ed\u010de s sebou. V\u0161e, co pot\u0159ebujete, je v\u00e1\u0161 smartphone a jedn\u00edm klepnut\u00edm m\u016f\u017eete dve\u0159e snadno odemknout. Za\u0159\u00edzen\u00ed vyu\u017e\u00edv\u00e1 \u0161ifrovanou technologii Bluetooth smart, tak\u017ee chytr\u00fd z\u00e1mek nen\u00ed z\u00e1visl\u00fd na p\u0159\u00edjmu s\u00edt\u011b. Ud\u011blejte sv\u016fj chytr\u00fd z\u00e1mek je\u0161t\u011b chyt\u0159ej\u0161\u00ed p\u0159ipojen\u00edm jednoho z na\u0161ich z\u00e1mkov\u00fdch modul\u016f. P\u0159\u00edm\u00fd obchod od v\u00fdrobce inteligentn\u00edch dve\u0159\u00ed. <a href=\"https:\/\/en.wikipedia.org\/wiki\/Lock\" target=\"_blank\" rel=\"noopener\">Z\u00e1mek<\/a> a <a href=\"https:\/\/amthy.com\/cs\/product-category\/smart-lock\/\">V\u00fdrobce Smart Lock AM-H200<\/a><\/p>\n<p>&nbsp;<\/p>\n<p><img decoding=\"async\" class=\"wp-image-2040 aligncenter\" src=\"https:\/\/amthy.com\/wp-content\/uploads\/2021\/08\/O1CN018hl8j91rIVp4EuIPJ_2655225608-0-cib-300x191.jpg\" alt=\"Dodavatel inteligentn\u00edch z\u00e1mk\u016f\" width=\"996\" height=\"634\" title=\"\" srcset=\"https:\/\/amthy.com\/wp-content\/uploads\/2021\/08\/O1CN018hl8j91rIVp4EuIPJ_2655225608-0-cib-300x191.jpg 300w, https:\/\/amthy.com\/wp-content\/uploads\/2021\/08\/O1CN018hl8j91rIVp4EuIPJ_2655225608-0-cib-600x382.jpg 600w, https:\/\/amthy.com\/wp-content\/uploads\/2021\/08\/O1CN018hl8j91rIVp4EuIPJ_2655225608-0-cib-768x489.jpg 768w, https:\/\/amthy.com\/wp-content\/uploads\/2021\/08\/O1CN018hl8j91rIVp4EuIPJ_2655225608-0-cib-18x12.jpg 18w, https:\/\/amthy.com\/wp-content\/uploads\/2021\/08\/O1CN018hl8j91rIVp4EuIPJ_2655225608-0-cib.jpg 788w\" sizes=\"(max-width: 996px) 100vw, 996px\" \/><\/p>\n<h2>Pro\u010d my? (Dodavatel cylindrick\u00fdch vlo\u017eek pro bezpe\u010dnostn\u00ed dve\u0159e s europrofilem <em>AMTHY SECURITY<\/em>)<\/h2>\n<h3><strong>\u221a Spolehliv\u00e1 kvalita (v\u00fdrobce Smart Lock AM-H200)<\/strong><\/h3>\n<ul>\n<li>Profesion\u00e1ln\u00ed t\u00fdm QC dohl\u00ed\u017e\u00ed na celou v\u00fdrobu<\/li>\n<li>P\u0159\u00edsn\u00fd v\u00fdb\u011br spolupracuj\u00edc\u00edch partner\u016f<\/li>\n<\/ul>\n<h3><strong>\u221a Konkuren\u010dn\u00ed cena<\/strong><\/h3>\n<ul>\n<li>Surovina na 3 m\u011bs\u00edce skladem pro sn\u00ed\u017een\u00ed rizika kol\u00eds\u00e1n\u00ed ceny<\/li>\n<li>Automatick\u00e9 a pokro\u010dil\u00e9 vybaven\u00ed sni\u017euje vysok\u00e9 n\u00e1klady na pracovn\u00ed s\u00edlu<\/li>\n<\/ul>\n<h3><strong>\u221a D\u016fv\u011bryhodn\u00fd servis pro v\u00edce ne\u017e 20 zem\u00ed.<\/strong><\/h3>\n<ul>\n<li>Slu\u017eba ODM\/OEM<\/li>\n<li>Zodpov\u011bdn\u00fd poprodejn\u00ed servis<\/li>\n<\/ul>","protected":false},"excerpt":{"rendered":"<ul>\n<li><strong>K\u00f3d polo\u017eky:<\/strong> AM-H200<\/li>\n<li><strong>Materi\u00e1l<\/strong><strong>:<\/strong> slitina zinku<\/li>\n<li><strong>T\u011blo z\u00e1mku:<\/strong> Jedna z\u00e1padka<\/li>\n<li><strong>Backset<\/strong>: 60\/70 mm<\/li>\n<li><strong>Zna\u010dka:<\/strong> ODM k dispozici<\/li>\n<li><strong>Aplikace:<\/strong> D\u0159ev\u011bn\u00e9\/UPVC\/bezpe\u010dnostn\u00ed dve\u0159e<\/li>\n<li><strong>baterie<\/strong>: 4*AA<\/li>\n<li><strong>Tlou\u0161\u0165ka dve\u0159\u00ed:<\/strong>30-65 mm<\/li>\n<li><b>Re\u017eim odemknut\u00ed: <\/b>Otisk prstu\/heslo\/mechanick\u00fd kl\u00ed\u010d<\/li>\n<\/ul>","protected":false},"featured_media":1918,"template":"","meta":{"nf_dc_page":""},"product_brand":[],"product_cat":[55],"product_tag":[],"class_list":{"0":"post-1916","1":"product","2":"type-product","3":"status-publish","4":"has-post-thumbnail","6":"product_cat-smart-lock","8":"first","9":"instock","10":"shipping-taxable","11":"product-type-simple"},"_links":{"self":[{"href":"https:\/\/amthy.com\/cs\/wp-json\/wp\/v2\/product\/1916","targetHints":{"allow":["GET"]}}],"collection":[{"href":"https:\/\/amthy.com\/cs\/wp-json\/wp\/v2\/product"}],"about":[{"href":"https:\/\/amthy.com\/cs\/wp-json\/wp\/v2\/types\/product"}],"wp:featuredmedia":[{"embeddable":true,"href":"https:\/\/amthy.com\/cs\/wp-json\/wp\/v2\/media\/1918"}],"wp:attachment":[{"href":"https:\/\/amthy.com\/cs\/wp-json\/wp\/v2\/media?parent=1916"}],"wp:term":[{"taxonomy":"product_brand","embeddable":true,"href":"https:\/\/amthy.com\/cs\/wp-json\/wp\/v2\/product_brand?post=1916"},{"taxonomy":"product_cat","embeddable":true,"href":"https:\/\/amthy.com\/cs\/wp-json\/wp\/v2\/product_cat?post=1916"},{"taxonomy":"product_tag","embeddable":true,"href":"https:\/\/amthy.com\/cs\/wp-json\/wp\/v2\/product_tag?post=1916"}],"curies":[{"name":"wp","href":"https:\/\/api.w.org\/{rel}","templated":true}]}}