{"id":1942,"date":"2021-08-31T16:53:46","date_gmt":"2021-08-31T08:53:46","guid":{"rendered":"https:\/\/amthy.com\/?post_type=product&#038;p=1942"},"modified":"2023-05-26T19:50:21","modified_gmt":"2023-05-26T11:50:21","slug":"smart-door-cylinder-am-400","status":"publish","type":"product","link":"https:\/\/amthy.com\/cs\/product\/smart-door-cylinder-am-400\/","title":{"rendered":"Smart Door Cylinder AM-400"},"content":{"rendered":"<p><img fetchpriority=\"high\" decoding=\"async\" class=\"wp-image-2024 aligncenter\" src=\"https:\/\/amthy.com\/wp-content\/uploads\/2021\/08\/AM4001-300x218.jpg\" alt=\"amthy\" width=\"994\" height=\"722\" title=\"\" srcset=\"https:\/\/amthy.com\/wp-content\/uploads\/2021\/08\/AM4001-300x218.jpg 300w, https:\/\/amthy.com\/wp-content\/uploads\/2021\/08\/AM4001-600x436.jpg 600w, https:\/\/amthy.com\/wp-content\/uploads\/2021\/08\/AM4001-1024x745.jpg 1024w, https:\/\/amthy.com\/wp-content\/uploads\/2021\/08\/AM4001-768x559.jpg 768w, https:\/\/amthy.com\/wp-content\/uploads\/2021\/08\/AM4001-1536x1117.jpg 1536w, https:\/\/amthy.com\/wp-content\/uploads\/2021\/08\/AM4001-2048x1489.jpg 2048w, https:\/\/amthy.com\/wp-content\/uploads\/2021\/08\/AM4001-18x12.jpg 18w\" sizes=\"(max-width: 994px) 100vw, 994px\" \/><\/p>\n<p><iframe title=\"Smart Lock Cylinder| AM-400 je inteligentn\u00ed z\u00e1mek aplikace otisk\u016f prst\u016f a telefonu \/ PIN k\u00f3du a IC karty.\" width=\"1435\" height=\"807\" src=\"https:\/\/www.youtube.com\/embed\/BSfQK6yR4_Y?feature=oembed\" frameborder=\"0\" allow=\"accelerometer; autoplay; clipboard-write; encrypted-media; gyroscope; picture-in-picture\" allowfullscreen><\/iframe><\/p>\n<p>AMTHY 400 je chytr\u00fd dve\u0159n\u00ed z\u00e1mek, kter\u00fd v\u00e1m d\u00e1v\u00e1 plnou kontrolu nad zabezpe\u010den\u00edm va\u0161eho domova a z\u00e1rove\u0148 v\u00e1m poskytuje naprost\u00fd klid. Pou\u017eijte r\u016fzn\u00e9 zp\u016fsoby, jak z\u00edskat p\u0159\u00edstup do sv\u00e9ho domova, a\u0165 u\u017e prost\u0159ednictv\u00edm otisku prstu, telefonu Bluetooth nebo prost\u0159ednictv\u00edm wifi modulu pro d\u00e1lkov\u00e9 ovl\u00e1d\u00e1n\u00ed. S digit\u00e1ln\u00edm dve\u0159n\u00edm z\u00e1mkem AMTHY m\u016f\u017eete u\u017eivatel\u016fm pos\u00edlat virtu\u00e1ln\u00ed kl\u00ed\u010de, aby p\u0159\u00e1tel\u00e9 a rodina mohli z\u00edskat p\u0159\u00edstup do va\u0161eho domu, pokud nejste pobl\u00ed\u017e. Jakmile z\u00edskaj\u00ed p\u0159\u00edstup, m\u016f\u017eete spravovat, kdo m\u016f\u017ee vstoupit do va\u0161eho majetku, deaktivac\u00ed nebo smaz\u00e1n\u00edm u\u017eivatel\u016f prost\u0159ednictv\u00edm aplikace pro telefon. Virtu\u00e1ln\u00ed kl\u00ed\u010de lze napl\u00e1novat nebo nastavit jako trval\u00e9 pro maxim\u00e1ln\u00ed kontrolu nad va\u0161\u00edm domovem nebo nemovitost\u00ed. M\u016f\u017eete tak\u00e9 sledovat, kdo p\u0159ich\u00e1z\u00ed a kdo odch\u00e1z\u00ed, tak\u017ee budete v\u011bd\u011bt, kdy jsou va\u0161i bl\u00edzc\u00ed bezpe\u010dn\u011b doma. M\u016f\u017eete dokonce obdr\u017eet upozorn\u011bn\u00ed, kter\u00e9 v\u00e1s informuje, kdy\u017e se n\u011bkdo vr\u00e1t\u00ed dom\u016f. Nemus\u00edte se b\u00e1t nosit kl\u00ed\u010de s sebou. V\u0161e, co pot\u0159ebujete, je v\u00e1\u0161 smartphone a jedn\u00edm klepnut\u00edm m\u016f\u017eete dve\u0159e snadno odemknout. Za\u0159\u00edzen\u00ed vyu\u017e\u00edv\u00e1 \u0161ifrovanou technologii Bluetooth smart, tak\u017ee chytr\u00fd z\u00e1mek nen\u00ed z\u00e1visl\u00fd na p\u0159\u00edjmu s\u00edt\u011b. Ud\u011blejte sv\u016fj chytr\u00fd z\u00e1mek je\u0161t\u011b chyt\u0159ej\u0161\u00ed p\u0159ipojen\u00edm jednoho z na\u0161ich z\u00e1mkov\u00fdch modul\u016f. P\u0159\u00edm\u00fd obchod od v\u00fdrobce inteligentn\u00edch dve\u0159\u00ed. <a href=\"https:\/\/en.wikipedia.org\/wiki\/Lock\" target=\"_blank\" rel=\"noopener\">Z\u00e1mek<\/a> a <a href=\"https:\/\/amthy.com\/cs\/product-category\/smart-lock\/\">Inteligentn\u00ed dve\u0159n\u00ed v\u00e1lec<\/a><\/p>\n<p><strong>Vlastnosti a v\u00fdhody (Smart Door Cylinder):<\/strong><\/p>\n<ul>\n<li>Keyless \u2013 Poskytuje v\u00e1m svobodu zabezpe\u010dit sv\u016fj domov bez pot\u0159eby kl\u00ed\u010de<\/li>\n<li>Jednoduch\u00e1 mont\u00e1\u017e \u2013 Vhodn\u00e9 pro v\u011bt\u0161inu PVC a kompozitn\u00edch dve\u0159\u00ed, je nutn\u00fd \u0161roubov\u00e1k<\/li>\n<li>Jednoduch\u00e1 mont\u00e1\u017e \u2013 <strong>Nen\u00ed t\u0159eba m\u011bnit z\u00e1mek cel\u00e9 sady<\/strong> ale vym\u011b\u0148te pouze v\u00e1lec bez po\u0161kozen\u00ed dve\u0159\u00ed. Lehk\u00e1 instalace.<\/li>\n<li>Nap\u00e1jen\u00ed na baterie \u2013 3 x AAA baterie, upozorn\u011bn\u00ed p\u0159i vybit\u00ed bateri\u00ed<\/li>\n<li>Vhodn\u00e9 pro dve\u0159e o tlou\u0161\u0165ce mezi 60-100 mm<\/li>\n<li>K dispozici v \u0159ad\u011b povrchov\u00fdch \u00faprav \u2013 v\u010detn\u011b \u010dern\u00e9 a st\u0159\u00edbrn\u00e9<\/li>\n<\/ul>\n<p><img decoding=\"async\" class=\"aligncenter wp-image-2023\" src=\"https:\/\/amthy.com\/wp-content\/uploads\/2021\/08\/AM400.1-300x107.jpg\" alt=\"Inteligentn\u00ed dve\u0159n\u00ed v\u00e1lec\" width=\"1001\" height=\"357\" title=\"\" srcset=\"https:\/\/amthy.com\/wp-content\/uploads\/2021\/08\/AM400.1-300x107.jpg 300w, https:\/\/amthy.com\/wp-content\/uploads\/2021\/08\/AM400.1-600x214.jpg 600w, https:\/\/amthy.com\/wp-content\/uploads\/2021\/08\/AM400.1-1024x365.jpg 1024w, https:\/\/amthy.com\/wp-content\/uploads\/2021\/08\/AM400.1-768x274.jpg 768w, https:\/\/amthy.com\/wp-content\/uploads\/2021\/08\/AM400.1-1536x548.jpg 1536w, https:\/\/amthy.com\/wp-content\/uploads\/2021\/08\/AM400.1-2048x730.jpg 2048w, https:\/\/amthy.com\/wp-content\/uploads\/2021\/08\/AM400.1-18x6.jpg 18w\" sizes=\"(max-width: 1001px) 100vw, 1001px\" \/><\/p>\n<p>&nbsp;<\/p>\n<hr \/>\n<p>&nbsp;<\/p>","protected":false},"excerpt":{"rendered":"<ul>\n<li><strong>K\u00f3d polo\u017eky:<\/strong> AM-400<\/li>\n<li><strong>Materi\u00e1l<\/strong><strong>:<\/strong>\u00a0Mosaz<\/li>\n<li><strong>Profil\u00a0<\/strong>Velikost: 17*33*10mm<\/li>\n<li><strong>Zna\u010dka:<\/strong>\u00a0ODM k dispozici<\/li>\n<li><strong>Aplikace:<\/strong>\u00a0D\u0159ev\u011bn\u00e9\/UPVC\/bezpe\u010dnostn\u00ed dve\u0159e<\/li>\n<li><strong>baterie<\/strong>: 3*AAA (vylou\u010deno)<\/li>\n<li><strong>Tlou\u0161\u0165ka dve\u0159\u00ed:<\/strong>60-100 mm<\/li>\n<li><strong>Provozn\u00ed teplota:<\/strong>-20\u00baC a\u017e +55\u00baC<\/li>\n<li><strong>Vod\u011bodoln\u00fd: <\/strong>IP54<\/li>\n<li><b>Re\u017eim odemknut\u00ed: <\/b>Otisk prstu\/Heslo\/Kl\u00ed\u010d na kartu\/Bluetooth\/D\u00e1lkov\u00e9 ovl\u00e1d\u00e1n\u00ed p\u0159es Wifi modul\/mechanick\u00fd kl\u00ed\u010d<\/li>\n<\/ul>","protected":false},"featured_media":1943,"template":"","meta":{"nf_dc_page":""},"product_brand":[],"product_cat":[55,25],"product_tag":[],"class_list":{"0":"post-1942","1":"product","2":"type-product","3":"status-publish","4":"has-post-thumbnail","6":"product_cat-smart-lock","7":"product_cat-euro-profile-cylinder-manufacturer","9":"first","10":"instock","11":"shipping-taxable","12":"product-type-simple"},"_links":{"self":[{"href":"https:\/\/amthy.com\/cs\/wp-json\/wp\/v2\/product\/1942","targetHints":{"allow":["GET"]}}],"collection":[{"href":"https:\/\/amthy.com\/cs\/wp-json\/wp\/v2\/product"}],"about":[{"href":"https:\/\/amthy.com\/cs\/wp-json\/wp\/v2\/types\/product"}],"wp:featuredmedia":[{"embeddable":true,"href":"https:\/\/amthy.com\/cs\/wp-json\/wp\/v2\/media\/1943"}],"wp:attachment":[{"href":"https:\/\/amthy.com\/cs\/wp-json\/wp\/v2\/media?parent=1942"}],"wp:term":[{"taxonomy":"product_brand","embeddable":true,"href":"https:\/\/amthy.com\/cs\/wp-json\/wp\/v2\/product_brand?post=1942"},{"taxonomy":"product_cat","embeddable":true,"href":"https:\/\/amthy.com\/cs\/wp-json\/wp\/v2\/product_cat?post=1942"},{"taxonomy":"product_tag","embeddable":true,"href":"https:\/\/amthy.com\/cs\/wp-json\/wp\/v2\/product_tag?post=1942"}],"curies":[{"name":"wp","href":"https:\/\/api.w.org\/{rel}","templated":true}]}}