{"id":1225,"date":"2021-05-12T14:00:35","date_gmt":"2021-05-12T06:00:35","guid":{"rendered":"https:\/\/amthy.com\/?post_type=product&#038;p=1225"},"modified":"2021-10-19T16:51:46","modified_gmt":"2021-10-19T08:51:46","slug":"mortise-handle-manufacturer-supplier","status":"publish","type":"product","link":"https:\/\/amthy.com\/da\/product\/mortise-handle-manufacturer-supplier\/","title":{"rendered":"D\u00f8rh\u00e5ndtag AM-237"},"content":{"rendered":"<h2>Hvem vi er? (<a href=\"https:\/\/en.wikipedia.org\/wiki\/Mortise_lock\" target=\"_blank\" rel=\"noopener\">Mortise<\/a> H\u00e5ndtagsproducent og leverand\u00f8r)<\/h2>\n<p style=\"text-align: left;\"><a href=\"https:\/\/amthy.com\/wp-content\/uploads\/2021\/10\/AMTHY-Zinc-Handle.pdf\">Amthy <\/a>er en d\u00f8rh\u00e5ndtagsvirksomhed og producent fra Kina. Vores produktsortiment omfatter zinklegering, messing, rustfrit st\u00e5l og aluminiumsmaterialer. Krom og sorte d\u00f8rh\u00e5ndtagss\u00e6t er meget popul\u00e6re til indvendige rumd\u00f8re, i mellemtiden er d\u00f8rh\u00e5ndtaget i rustfrit st\u00e5l velkommen til kommerciel anvendelse. Under fremstillingen p\u00e5virker polering og galvanisering mest KVALITETEN. Som professionel producent og leverand\u00f8r af d\u00f8rl\u00e5se udf\u00f8rer vi streng polering manuelt og automatisk. For det galvaniserede overfladelag holder vores varer mere end 72 timer under saltspraytesten. Derfor bringer vores kunstneriske design og hensynsfulde service os til at v\u00e6re en af de bedste d\u00f8rh\u00e5ndtagsvirksomheder i Kina.<\/p>\n<h2 style=\"text-align: left;\">Hvad er d\u00f8rh\u00e5ndtag?<\/h2>\n<p>Et d\u00f8rh\u00e5ndtag eller d\u00f8rh\u00e5ndtag er et v\u00e6rkt\u00f8j, der bruges til at \u00e5bne eller lukke en d\u00f8r. den kan findes p\u00e5 alle typer d\u00f8re, inklusive udvendige og indvendige d\u00f8re til bolig- og erhvervsbygninger, og den skal desuden indeholde l\u00e5se- eller l\u00e5semekanismer. S\u00e5som indstiksl\u00e5sen og d\u00f8rl\u00e5scylinderen.<\/p>\n<p><img fetchpriority=\"high\" decoding=\"async\" class=\"aligncenter wp-image-917\" src=\"https:\/\/amthy.com\/wp-content\/uploads\/2021\/05\/\u5fae\u4fe1\u56fe\u7247_20210503173056-300x201.png\" alt=\"Producent og leverand\u00f8r af indstiksh\u00e5ndtag\" width=\"469\" height=\"314\" title=\"\" srcset=\"https:\/\/amthy.com\/wp-content\/uploads\/2021\/05\/\u5fae\u4fe1\u56fe\u7247_20210503173056-300x201.png 300w, https:\/\/amthy.com\/wp-content\/uploads\/2021\/05\/\u5fae\u4fe1\u56fe\u7247_20210503173056-600x401.png 600w, https:\/\/amthy.com\/wp-content\/uploads\/2021\/05\/\u5fae\u4fe1\u56fe\u7247_20210503173056-1024x685.png 1024w, https:\/\/amthy.com\/wp-content\/uploads\/2021\/05\/\u5fae\u4fe1\u56fe\u7247_20210503173056-768x514.png 768w, https:\/\/amthy.com\/wp-content\/uploads\/2021\/05\/\u5fae\u4fe1\u56fe\u7247_20210503173056.png 1097w\" sizes=\"(max-width: 469px) 100vw, 469px\" \/><\/p>\n<h2>Hvorfor os? (Mortise H\u00e5ndtag producent og leverand\u00f8r)<\/h2>\n<h3><strong>\u221aPlidelig kvalitet<\/strong><\/h3>\n<ul>\n<li>Professionelt QC-team overv\u00e5ger hele produktionen<\/li>\n<li>Streng udv\u00e6lgelse af samarbejdspartnere<\/li>\n<\/ul>\n<h3><strong>\u221aKonkurrencedygtig pris<\/strong><\/h3>\n<ul>\n<li>R\u00e5vare p\u00e5 3 m\u00e5neders lager for at mindske risikoen for prissvingninger<\/li>\n<li>Automatisk og avanceret udstyr reducerer de h\u00f8je arbejdsomkostninger<\/li>\n<\/ul>\n<h3><strong>\u221aTillidsfuld service til over 20 lande.<\/strong><\/h3>\n<ul>\n<li>ODM\/OEM service<\/li>\n<li>Ansvarlig eftersalgsservice<\/li>\n<\/ul>\n<p>&nbsp;<\/p>","protected":false},"excerpt":{"rendered":"<p>D\u00f8rh\u00e5ndtag kan tilpasses med forskellig overfladefinish og forskellig spindel til forskellige d\u00f8re.<\/p>\n<ul>\n<li><strong>Stykkode:<\/strong> AM-237<\/li>\n<li><strong>Materiale:<\/strong> Zinklegering<\/li>\n<li><strong>M\u00e6rke:<\/strong> ODM tilg\u00e6ngelig<\/li>\n<li><strong>Overflade:<\/strong> Krom CP, Satin Krom SC, Poleret Messing PB, Stain Messing SB, Poleret Nikkel PN, Satin Nikkel SN, Antik Messing AB, Oliegnidet bronze ORB, Sort BL<\/li>\n<li><strong>Tilbeh\u00f8r:<\/strong>7,6mmx7,6mm x100mm Spindel x 1 stk+M3,8x30mm skrue x 4 stk+2,5mm unbracon\u00f8gle x 1 stk.<\/li>\n<li><strong>Ans\u00f8gning:<\/strong> Tr\u00e6\/metal, indvendig\/indgangsd\u00f8r, (35-50 mm)<\/li>\n<\/ul>\n<p>&nbsp;<\/p>","protected":false},"featured_media":1229,"template":"","meta":{"nf_dc_page":""},"product_brand":[],"product_cat":[26,31],"product_tag":[28,29],"class_list":{"0":"post-1225","1":"product","2":"type-product","3":"status-publish","4":"has-post-thumbnail","6":"product_cat-door-handle-manufacturer","7":"product_cat-zinc-alloy-door-handle","8":"product_tag-door-handle","9":"product_tag-door-knob","11":"first","12":"instock","13":"shipping-taxable","14":"product-type-simple"},"_links":{"self":[{"href":"https:\/\/amthy.com\/da\/wp-json\/wp\/v2\/product\/1225","targetHints":{"allow":["GET"]}}],"collection":[{"href":"https:\/\/amthy.com\/da\/wp-json\/wp\/v2\/product"}],"about":[{"href":"https:\/\/amthy.com\/da\/wp-json\/wp\/v2\/types\/product"}],"wp:featuredmedia":[{"embeddable":true,"href":"https:\/\/amthy.com\/da\/wp-json\/wp\/v2\/media\/1229"}],"wp:attachment":[{"href":"https:\/\/amthy.com\/da\/wp-json\/wp\/v2\/media?parent=1225"}],"wp:term":[{"taxonomy":"product_brand","embeddable":true,"href":"https:\/\/amthy.com\/da\/wp-json\/wp\/v2\/product_brand?post=1225"},{"taxonomy":"product_cat","embeddable":true,"href":"https:\/\/amthy.com\/da\/wp-json\/wp\/v2\/product_cat?post=1225"},{"taxonomy":"product_tag","embeddable":true,"href":"https:\/\/amthy.com\/da\/wp-json\/wp\/v2\/product_tag?post=1225"}],"curies":[{"name":"wp","href":"https:\/\/api.w.org\/{rel}","templated":true}]}}