{"id":1341,"date":"2021-05-12T19:50:51","date_gmt":"2021-05-12T11:50:51","guid":{"rendered":"https:\/\/amthy.com\/?post_type=product&#038;p=1341"},"modified":"2021-10-19T16:51:47","modified_gmt":"2021-10-19T08:51:47","slug":"brass-door-handle-supplier","status":"publish","type":"product","link":"https:\/\/amthy.com\/da\/product\/brass-door-handle-supplier\/","title":{"rendered":"D\u00f8rh\u00e5ndtag AM-816"},"content":{"rendered":"<h2>Hvem vi er? (<a href=\"https:\/\/amthy.com\/wp-content\/uploads\/2021\/10\/AMTHY-Brass-Handle.pdf\">D\u00f8rh\u00e5ndtag af messing<\/a> leverand\u00f8r)<\/h2>\n<p style=\"text-align: left;\">Amthy er en <a href=\"https:\/\/en.wikipedia.org\/wiki\/Door_handle\" target=\"_blank\" rel=\"noopener\">d\u00f8rh\u00e5ndtag<\/a> virksomhed og producent fra Kina. Vores produktsortiment omfatter zinklegering, messing, rustfrit st\u00e5l og aluminiumsmaterialer. Krom og sorte d\u00f8rh\u00e5ndtagss\u00e6t er meget popul\u00e6re til indvendige rumd\u00f8re, i mellemtiden er d\u00f8rh\u00e5ndtaget i rustfrit st\u00e5l velkommen til kommerciel anvendelse. Under fremstillingen p\u00e5virker polering og galvanisering mest KVALITETEN. Som professionel producent og leverand\u00f8r af d\u00f8rl\u00e5se udf\u00f8rer vi streng polering manuelt og automatisk. For det galvaniserede overfladelag holder vores varer mere end 72 timer under saltspraytesten. Derfor bringer vores kunstneriske design og hensynsfulde service os til at v\u00e6re en af de bedste d\u00f8rh\u00e5ndtagsvirksomheder i Kina.<\/p>\n<h2 style=\"text-align: left;\">Hvad er d\u00f8rh\u00e5ndtag?<\/h2>\n<p>Et d\u00f8rh\u00e5ndtag eller d\u00f8rh\u00e5ndtag er et v\u00e6rkt\u00f8j, der bruges til at \u00e5bne eller lukke en d\u00f8r. den kan findes p\u00e5 alle typer d\u00f8re, inklusive udvendige og indvendige d\u00f8re til bolig- og erhvervsbygninger, og den skal desuden indeholde l\u00e5se- eller l\u00e5semekanismer. S\u00e5som indstiksl\u00e5sen og d\u00f8rl\u00e5scylinderen.<\/p>\n<p>&nbsp;<\/p>\n<p><img fetchpriority=\"high\" decoding=\"async\" class=\"wp-image-938 aligncenter\" src=\"https:\/\/amthy.com\/wp-content\/uploads\/2021\/05\/Design_PC-300x187.jpg\" alt=\"Leverand\u00f8r af d\u00f8rh\u00e5ndtag af messing\" width=\"419\" height=\"261\" title=\"\" srcset=\"https:\/\/amthy.com\/wp-content\/uploads\/2021\/05\/Design_PC-300x187.jpg 300w, https:\/\/amthy.com\/wp-content\/uploads\/2021\/05\/Design_PC-600x374.jpg 600w, https:\/\/amthy.com\/wp-content\/uploads\/2021\/05\/Design_PC-768x478.jpg 768w, https:\/\/amthy.com\/wp-content\/uploads\/2021\/05\/Design_PC.jpg 928w\" sizes=\"(max-width: 419px) 100vw, 419px\" \/><\/p>\n<h2>Hvorfor os? (leverand\u00f8r af d\u00f8rh\u00e5ndtag af messing)<\/h2>\n<h3><strong>\u221aPlidelig kvalitet<\/strong><\/h3>\n<ul>\n<li>Professionelt QC-team overv\u00e5ger hele produktionen<\/li>\n<li>Streng udv\u00e6lgelse af samarbejdspartnere<\/li>\n<\/ul>\n<h3><strong>\u221aKonkurrencedygtig pris<\/strong><\/h3>\n<ul>\n<li>R\u00e5vare p\u00e5 3 m\u00e5neders lager for at mindske risikoen for prissvingninger<\/li>\n<li>Automatisk og avanceret udstyr reducerer de h\u00f8je arbejdsomkostninger<\/li>\n<\/ul>\n<h3><strong>\u221aTillidsfuld service til over 20 lande.<\/strong><\/h3>\n<ul>\n<li>ODM\/OEM service<\/li>\n<li>Ansvarlig eftersalgsservice<\/li>\n<\/ul>\n<p>&nbsp;<\/p>","protected":false},"excerpt":{"rendered":"<p>D\u00f8rh\u00e5ndtag kan tilpasses med forskellig overfladefinish og forskellig spindel til forskellige d\u00f8re.<\/p>\n<ul>\n<li><strong>Stykkode:<\/strong> AM-816<\/li>\n<li><strong>Materiale:<\/strong> Messing\/Zink legering<\/li>\n<li><strong>M\u00e6rke:<\/strong> ODM tilg\u00e6ngelig<\/li>\n<li><strong>Overflade:<\/strong> Krom CP, Satin Krom SC, Poleret Messing PB, Stain Messing SB, Poleret Nikkel PN, Satin Nikkel SN, Antik Messing AB, Oliegnidet bronze ORB, Sort BL<\/li>\n<li><strong>Tilbeh\u00f8r:<\/strong>7,6mmx7,6mm x100mm Spindel x 1 stk+M3,8x30mm skrue x 4 stk+2,5mm unbracon\u00f8gle x 1 stk.<\/li>\n<li><strong>Ans\u00f8gning:<\/strong> Tr\u00e6\/metal, indvendig\/indgangsd\u00f8r, (35-50 mm)<\/li>\n<\/ul>\n<p>&nbsp;<\/p>","protected":false},"featured_media":796,"template":"","meta":{"nf_dc_page":""},"product_brand":[],"product_cat":[26,33],"product_tag":[28,29],"class_list":{"0":"post-1341","1":"product","2":"type-product","3":"status-publish","4":"has-post-thumbnail","6":"product_cat-door-handle-manufacturer","7":"product_cat-brass-door-handle","8":"product_tag-door-handle","9":"product_tag-door-knob","11":"first","12":"instock","13":"shipping-taxable","14":"product-type-simple"},"_links":{"self":[{"href":"https:\/\/amthy.com\/da\/wp-json\/wp\/v2\/product\/1341","targetHints":{"allow":["GET"]}}],"collection":[{"href":"https:\/\/amthy.com\/da\/wp-json\/wp\/v2\/product"}],"about":[{"href":"https:\/\/amthy.com\/da\/wp-json\/wp\/v2\/types\/product"}],"wp:featuredmedia":[{"embeddable":true,"href":"https:\/\/amthy.com\/da\/wp-json\/wp\/v2\/media\/796"}],"wp:attachment":[{"href":"https:\/\/amthy.com\/da\/wp-json\/wp\/v2\/media?parent=1341"}],"wp:term":[{"taxonomy":"product_brand","embeddable":true,"href":"https:\/\/amthy.com\/da\/wp-json\/wp\/v2\/product_brand?post=1341"},{"taxonomy":"product_cat","embeddable":true,"href":"https:\/\/amthy.com\/da\/wp-json\/wp\/v2\/product_cat?post=1341"},{"taxonomy":"product_tag","embeddable":true,"href":"https:\/\/amthy.com\/da\/wp-json\/wp\/v2\/product_tag?post=1341"}],"curies":[{"name":"wp","href":"https:\/\/api.w.org\/{rel}","templated":true}]}}