{"id":1364,"date":"2021-05-12T20:15:37","date_gmt":"2021-05-12T12:15:37","guid":{"rendered":"https:\/\/amthy.com\/?post_type=product&#038;p=1364"},"modified":"2022-10-14T15:55:48","modified_gmt":"2022-10-14T07:55:48","slug":"mortise-handle-manufacturer","status":"publish","type":"product","link":"https:\/\/amthy.com\/da\/product\/mortise-handle-manufacturer\/","title":{"rendered":"Indstiksh\u00e5ndtag Producent |N\u00f8glefri l\u00e5s"},"content":{"rendered":"<h2>Hvem vi er?<\/h2>\n<p style=\"text-align: left;\">Amthy er en original producent af indstiksh\u00e5ndtag fra Kina. Vores produktsortiment omfatter zinklegering, messing, rustfrit st\u00e5l og aluminiumsmaterialer. Krom og sorte d\u00f8rh\u00e5ndtagss\u00e6t er meget popul\u00e6re til indvendige rumd\u00f8re, i mellemtiden er d\u00f8rh\u00e5ndtaget i rustfrit st\u00e5l velkommen til kommerciel anvendelse. Under fremstillingen p\u00e5virker polering og galvanisering mest KVALITETEN. Som professionel producent og leverand\u00f8r af d\u00f8rl\u00e5se udf\u00f8rer vi streng polering manuelt og automatisk. For det galvaniserede overfladelag holder vores varer mere end 72 timer under saltspraytesten. Derfor bringer vores kunstneriske design og hensynsfulde service os til en af de bedste producent af indstiksh\u00e5ndtag i Kina.<\/p>\n<h2 style=\"text-align: left;\">Hvad er d\u00f8rh\u00e5ndtag?<\/h2>\n<p>Et d\u00f8rh\u00e5ndtag eller d\u00f8rh\u00e5ndtag er et v\u00e6rkt\u00f8j, der bruges til at \u00e5bne eller lukke en d\u00f8r. den kan findes p\u00e5 alle typer d\u00f8re, inklusive udvendige og indvendige d\u00f8re til bolig- og erhvervsbygninger, og den skal desuden indeholde l\u00e5se- eller l\u00e5semekanismer. S\u00e5som indstiksl\u00e5sen og d\u00f8rl\u00e5scylinderen.<\/p>\n<h2>Hvorfor os? (Mortise H\u00e5ndtag Producent)<\/h2>\n<h3><strong>\u221aPlidelig kvalitet<\/strong><\/h3>\n<ul>\n<li>Det professionelle QC-team overv\u00e5ger hele produktionen<\/li>\n<li>Streng udv\u00e6lgelse af samarbejdspartnere<\/li>\n<\/ul>\n<h3><strong>\u221aKonkurrencedygtig pris<\/strong><\/h3>\n<ul>\n<li>R\u00e5vare p\u00e5 3 m\u00e5neders lager for at mindske risikoen for prissvingninger<\/li>\n<li>Automatisk og avanceret udstyr reducerer de h\u00f8je arbejdsomkostninger<\/li>\n<\/ul>\n<h3><strong>\u221aTillidsfuld service til over 20 lande.<\/strong><\/h3>\n<ul>\n<li>ODM\/OEM service<\/li>\n<li>Ansvarlig eftersalgsservice<\/li>\n<\/ul>\n<p>&nbsp;<\/p>","protected":false},"excerpt":{"rendered":"<p>N\u00f8glefrit d\u00f8rgrebssystem med magnetl\u00e5s, ikke flere n\u00f8gler<\/p>\n<ul>\n<li><strong>Stykkode:<\/strong> AM-003<\/li>\n<li><strong>Materiale:<\/strong> Zinklegering<\/li>\n<li><strong>M\u00e6rke:<\/strong> ODM tilg\u00e6ngelig<\/li>\n<li><strong>Overflade:<\/strong> Krom CP, Satin Krom SC, Poleret Messing PB, Stain Messing SB, Poleret Nikkel PN, Satin Nikkel SN, Antik Messing AB, Oliegnidet bronze ORB, Sort BL<\/li>\n<li><strong>Tilbeh\u00f8r:<\/strong>7,6mmx7,6mm x100mm Spindel x 1 stk+M3,8x30mm skrue x 4 stk+2,5mm unbracon\u00f8gle x 1 stk.<\/li>\n<li><strong>Ans\u00f8gning:<\/strong> Tr\u00e6\/metal, indvendig\/indgangsd\u00f8r, (35-50 mm)<\/li>\n<\/ul>\n<p>&nbsp;<\/p>","protected":false},"featured_media":1365,"template":"","meta":{"nf_dc_page":""},"product_brand":[],"product_cat":[26,31],"product_tag":[28,29],"class_list":{"0":"post-1364","1":"product","2":"type-product","3":"status-publish","4":"has-post-thumbnail","6":"product_cat-door-handle-manufacturer","7":"product_cat-zinc-alloy-door-handle","8":"product_tag-door-handle","9":"product_tag-door-knob","11":"first","12":"instock","13":"shipping-taxable","14":"product-type-simple"},"_links":{"self":[{"href":"https:\/\/amthy.com\/da\/wp-json\/wp\/v2\/product\/1364","targetHints":{"allow":["GET"]}}],"collection":[{"href":"https:\/\/amthy.com\/da\/wp-json\/wp\/v2\/product"}],"about":[{"href":"https:\/\/amthy.com\/da\/wp-json\/wp\/v2\/types\/product"}],"wp:featuredmedia":[{"embeddable":true,"href":"https:\/\/amthy.com\/da\/wp-json\/wp\/v2\/media\/1365"}],"wp:attachment":[{"href":"https:\/\/amthy.com\/da\/wp-json\/wp\/v2\/media?parent=1364"}],"wp:term":[{"taxonomy":"product_brand","embeddable":true,"href":"https:\/\/amthy.com\/da\/wp-json\/wp\/v2\/product_brand?post=1364"},{"taxonomy":"product_cat","embeddable":true,"href":"https:\/\/amthy.com\/da\/wp-json\/wp\/v2\/product_cat?post=1364"},{"taxonomy":"product_tag","embeddable":true,"href":"https:\/\/amthy.com\/da\/wp-json\/wp\/v2\/product_tag?post=1364"}],"curies":[{"name":"wp","href":"https:\/\/api.w.org\/{rel}","templated":true}]}}