{"id":1372,"date":"2021-05-12T20:42:00","date_gmt":"2021-05-12T12:42:00","guid":{"rendered":"https:\/\/amthy.com\/?post_type=product&#038;p=1372"},"modified":"2021-10-19T17:11:17","modified_gmt":"2021-10-19T09:11:17","slug":"stainless-steel-door-handle-manufacturer","status":"publish","type":"product","link":"https:\/\/amthy.com\/da\/product\/stainless-steel-door-handle-manufacturer\/","title":{"rendered":"D\u00f8rh\u00e5ndtag i rustfrit st\u00e5l AM-SS01"},"content":{"rendered":"<h2>Hvem vi er? (producent af d\u00f8rh\u00e5ndtag i rustfrit st\u00e5l)<\/h2>\n<p style=\"text-align: left;\">Amthy er en d\u00f8rh\u00e5ndtagsvirksomhed og producent fra Kina. Vores produktsortiment omfatter zinklegering, messing, rustfrit st\u00e5l og aluminiumsmaterialer. Krom og sorte d\u00f8rh\u00e5ndtagss\u00e6t er meget popul\u00e6re til indvendige rumd\u00f8re, i mellemtiden er d\u00f8rh\u00e5ndtaget i rustfrit st\u00e5l velkommen til kommerciel anvendelse. Under fremstillingen p\u00e5virker polering og galvanisering mest KVALITETEN. Som professionel producent og leverand\u00f8r af d\u00f8rl\u00e5se udf\u00f8rer vi streng polering manuelt og automatisk. For det galvaniserede overfladelag holder vores varer mere end 72 timer under saltspraytesten. Derfor bringer vores kunstneriske design og hensynsfulde service os til at v\u00e6re en af de bedste d\u00f8rh\u00e5ndtagsvirksomheder i Kina. <a href=\"https:\/\/amthy.com\/wp-content\/uploads\/2021\/09\/AMTHY-Stainless-Steel.pdf\">d\u00f8rh\u00e5ndtag i rustfrit st\u00e5l<\/a> fabrikant<\/p>\n<h2 style=\"text-align: left;\">Hvad er d\u00f8rh\u00e5ndtag?<\/h2>\n<p>EN <a href=\"https:\/\/en.wikipedia.org\/wiki\/Door_handle\" target=\"_blank\" rel=\"noopener\">d\u00f8rh\u00e5ndtag<\/a> eller d\u00f8rh\u00e5ndtag er et v\u00e6rkt\u00f8j, der bruges til at \u00e5bne eller lukke en d\u00f8r. den kan findes p\u00e5 alle typer d\u00f8re, inklusive udvendige og indvendige d\u00f8re til bolig- og erhvervsbygninger, og den skal desuden indeholde l\u00e5se- eller l\u00e5semekanismer. S\u00e5som indstiksl\u00e5sen og d\u00f8rl\u00e5scylinderen. producent af d\u00f8rh\u00e5ndtag i rustfrit st\u00e5l<\/p>\n<h2>Hvorfor os?<\/h2>\n<h3><strong>\u221aPlidelig kvalitet<\/strong><\/h3>\n<ul>\n<li>Professionelt QC-team overv\u00e5ger hele produktionen<\/li>\n<li>Streng udv\u00e6lgelse af samarbejdspartnere<\/li>\n<\/ul>\n<h3><strong>\u221aKonkurrencedygtig pris<\/strong><\/h3>\n<ul>\n<li>R\u00e5vare p\u00e5 3 m\u00e5neders lager for at mindske risikoen for prissvingninger<\/li>\n<li>Automatisk og avanceret udstyr reducerer de h\u00f8je arbejdsomkostninger<\/li>\n<\/ul>\n<h3><strong>\u221aTillidsfuld service til over 20 lande.<\/strong><\/h3>\n<ul>\n<li>ODM\/OEM service<\/li>\n<li>Ansvarlig eftersalgsservice<\/li>\n<\/ul>\n<p>&nbsp;<\/p>\n<p>&nbsp;<\/p>","protected":false},"excerpt":{"rendered":"<p>D\u00f8rh\u00e5ndtag kan tilpasses med forskellig overfladefinish og forskellig spindel til forskellige d\u00f8re.<\/p>\n<ul>\n<li><strong>Stykkode:<\/strong> AM-SS01<\/li>\n<li><strong>Materiale:<\/strong> Rustfrit st\u00e5l 201\/304<\/li>\n<li><strong>M\u00e6rke:<\/strong> ODM tilg\u00e6ngelig<\/li>\n<li><b>R\u00f8r Dia:<\/b>18\/22 mm<\/li>\n<li><strong>Tilbeh\u00f8r:<\/strong>7,6mmx7,6mm x100mm Spindel x 1 stk+M3,8x30mm skrue x 4 stk+2,5mm unbracon\u00f8gle x 1 stk.<\/li>\n<li><strong>Ans\u00f8gning:<\/strong> N\u00f8d-\/passaged\u00f8r (35-50 mm)<\/li>\n<li><strong>Brandsikker<\/strong>: JA<\/li>\n<\/ul>","protected":false},"featured_media":1387,"template":"","meta":[],"product_brand":[],"product_cat":[26,32],"product_tag":[28,29],"class_list":{"0":"post-1372","1":"product","2":"type-product","3":"status-publish","4":"has-post-thumbnail","6":"product_cat-door-handle-manufacturer","7":"product_cat-stainless-steel-handle-manufacturer","8":"product_tag-door-handle","9":"product_tag-door-knob","11":"first","12":"instock","13":"shipping-taxable","14":"product-type-simple"},"_links":{"self":[{"href":"https:\/\/amthy.com\/da\/wp-json\/wp\/v2\/product\/1372","targetHints":{"allow":["GET"]}}],"collection":[{"href":"https:\/\/amthy.com\/da\/wp-json\/wp\/v2\/product"}],"about":[{"href":"https:\/\/amthy.com\/da\/wp-json\/wp\/v2\/types\/product"}],"wp:featuredmedia":[{"embeddable":true,"href":"https:\/\/amthy.com\/da\/wp-json\/wp\/v2\/media\/1387"}],"wp:attachment":[{"href":"https:\/\/amthy.com\/da\/wp-json\/wp\/v2\/media?parent=1372"}],"wp:term":[{"taxonomy":"product_brand","embeddable":true,"href":"https:\/\/amthy.com\/da\/wp-json\/wp\/v2\/product_brand?post=1372"},{"taxonomy":"product_cat","embeddable":true,"href":"https:\/\/amthy.com\/da\/wp-json\/wp\/v2\/product_cat?post=1372"},{"taxonomy":"product_tag","embeddable":true,"href":"https:\/\/amthy.com\/da\/wp-json\/wp\/v2\/product_tag?post=1372"}],"curies":[{"name":"wp","href":"https:\/\/api.w.org\/{rel}","templated":true}]}}