{"id":1500,"date":"2021-05-15T15:56:36","date_gmt":"2021-05-15T07:56:36","guid":{"rendered":"https:\/\/amthy.com\/?post_type=product&#038;p=1500"},"modified":"2022-05-26T17:12:00","modified_gmt":"2022-05-26T09:12:00","slug":"europrofile-cylinder-manufacturer-h500k","status":"publish","type":"product","link":"https:\/\/amthy.com\/da\/product\/europrofile-cylinder-manufacturer-h500k\/","title":{"rendered":"Europrofile D\u00f8rl\u00e5s Cylinder Producent H500K"},"content":{"rendered":"<h2>Omkostningshemmelighed<\/h2>\n<p><a href=\"https:\/\/amthy.com\/da\/top-3-lock-manufacturers-contact\/\">Kontakt os<\/a> for at f\u00e5 den seneste europrofile cylinderl\u00e5s pris.<\/p>\n<p><iframe title=\"D\u00f8rcylinderpris|Find prisen p\u00e5 europ\u00e6isk prifill\u00e5scylinder fra kinesisk producent\" width=\"1435\" height=\"807\" src=\"https:\/\/www.youtube.com\/embed\/9Lw0FD68w1c?feature=oembed\" frameborder=\"0\" allow=\"accelerometer; autoplay; clipboard-write; encrypted-media; gyroscope; picture-in-picture\" allowfullscreen><\/iframe><\/p>\n<h2><\/h2>\n<h2>Hvem vi er?<\/h2>\n<p style=\"text-align: left;\">Amthy er en Europrofil <a href=\"https:\/\/amthy.com\/da\/product-category\/lock-cylinder\/\">Cylinder<\/a> Producent og leverand\u00f8r fra Kina. Vi tilbyder alm <a href=\"https:\/\/en.wikipedia.org\/wiki\/Pin_tumbler_lock\" target=\"_blank\" rel=\"noopener\">cylindre<\/a> til indvendige d\u00f8re og h\u00f8jsikkerhedscylindre til yderd\u00f8re. Som en top 3 cylinder producent, er 95.9% automatisk eller halvautomatisk facilitet vedtaget til at erstatte manuelt arbejde, for at reducere omkostningerne og for at \u00f8ge effektiviteten. <span style=\"color: #ff0000;\"><span style=\"color: #000000;\">F\u00f8lgelig, <\/span><\/span>Mindre arbejdsomkostninger giver altid en mere konkurrencedygtig og attraktiv pris. Takket v\u00e6re ovenst\u00e5ende fordele, <em>Det er vi nu villige til <a href=\"https:\/\/www.youtube.com\/watch?v=9Lw0FD68w1c\" target=\"_blank\" rel=\"noopener\">afsl\u00f8re og dele omkostningerne<\/a> af normale cylindre med k\u00f8bere<\/em>,<span style=\"color: #ff0000;\"> <span style=\"color: #000000;\">det vil sige, at du f\u00e5r en klar sammens\u00e6tning af enhedsprisen, som inkluderer vores 10% ren profit<\/span><\/span><span style=\"color: #ff0000;\"><span style=\"color: #000000;\">.<\/span><\/span><\/p>\n<p style=\"text-align: left;\">I mellemtiden udvikler vores R&amp;D-team<em> S1000-, S2000- og S3000-serien<\/em> af H\u00d8JSIKKERHED euro-profil d\u00f8rl\u00e5secylindre til h\u00f8jere markedskrav. Den eksklusive teknologi med Wafers og Pins kombinationsstruktur \u00f8ger sikkerhedsniveauet markant. Desuden A Europrofile <a href=\"https:\/\/amthy.com\/da\/product-category\/lock-cylinder\/\">Cylinder<\/a> Producenten b\u00f8r altid udf\u00f8re arbejdet for k\u00f8berens hovedanliggende.<\/p>\n<p>&nbsp;<\/p>\n<h2 style=\"text-align: left;\">Hvad er Europrofile l\u00e5secylinder?<\/h2>\n<p><em><i>L\u00e5secylinder er en l\u00e5sekomponent, der holder stikket, aktuatoren og l\u00e5sekomponenterne, den kan v\u00e6re lavet af messing, zinklegering, aluminium og rustfrit st\u00e5l. Selvom det oftest er forbundet med pin-tumbler designs, bruges cylindre i mange andre, s\u00e5som wafer og disc-detainer. Den roterer for at drive indstiksl\u00e5sen og deadbolten med tilh\u00f8rende n\u00f8gle.\u00a0<\/i><\/em>Europrofile Door Lock Cylinder er hjertet i d\u00f8ren.<\/p>\n<p>&nbsp;<\/p>\n<h2>Hvorfor os? (<em>Europrofile Cylinder Producent af AMTHY SECURITY<\/em>)<\/h2>\n<h3><strong>\u221aPlidelig kvalitet<\/strong><\/h3>\n<ul>\n<li>Professionelt QC-team overv\u00e5ger hele produktionen<\/li>\n<li>Streng udv\u00e6lgelse af samarbejdspartnere<\/li>\n<\/ul>\n<h3><strong>\u221aKonkurrencedygtig pris<\/strong><\/h3>\n<ul>\n<li>R\u00e5vare p\u00e5 3 m\u00e5neders lager for at mindske risikoen for prissvingninger<\/li>\n<li>Automatisk og avanceret udstyr reducerer de h\u00f8je arbejdsomkostninger<\/li>\n<\/ul>\n<h3><strong>\u221aTillidsfuld service til over 20 lande.<\/strong><\/h3>\n<ul>\n<li>ODM\/OEM service<\/li>\n<li>Ansvarlig eftersalgsservice<\/li>\n<\/ul>","protected":false},"excerpt":{"rendered":"<p>&nbsp;<\/p>\n<ul>\n<li><strong>Stykkode:<\/strong> H500K<\/li>\n<li><strong>L\u00e5semekanisme:<\/strong> Pin tumbler<\/li>\n<li><strong>Materiale af krop<\/strong><strong>:<\/strong> Messing\/Zinklegering\/Aluminium<\/li>\n<li><strong>Materiale af stik<\/strong><strong>:<\/strong> Messing\/Zink legering<\/li>\n<li><strong>M\u00e6rke:<\/strong> ODM tilg\u00e6ngelig<\/li>\n<li><b>Profiltype: <\/b>Euro<\/li>\n<li><strong>Profilst\u00f8rrelse:<\/strong>17*33*10 mm<\/li>\n<li><strong>N\u00f8gle:<\/strong> Messing\/st\u00e5l &quot;S&quot; kilegang<\/li>\n<li><strong>Tilbeh\u00f8r:<\/strong>55 mm skruer<\/li>\n<li><strong>Ans\u00f8gning:<\/strong> Tr\u00e6\/UPVC\/Sikkerhedsd\u00f8re<\/li>\n<li><strong>Hovedn\u00f8glesystem:<\/strong> Ledig<\/li>\n<li><strong>Key Alike System:<\/strong> Ledig<\/li>\n<li><strong>Anti-Drill funktion<\/strong>: Ledig<\/li>\n<li><strong>Anti-snap funktion: <\/strong>Ledig<\/li>\n<li><strong><strong>EN1303 2005 Klassifikation:<\/strong><\/strong><br \/>\n<table>\n<tbody>\n<tr>\n<td>1<\/td>\n<td>6<\/td>\n<td>0<\/td>\n<td>1<\/td>\n<td>0<\/td>\n<td>C<\/td>\n<td>5<\/td>\n<td>2<\/td>\n<\/tr>\n<\/tbody>\n<\/table>\n<\/li>\n<li><strong>Afslut: <\/strong>Messing poleret (BP)\/Nikkelbelagt (NP)\/Satin Nikkel (SN)\/Forkromet (CP)\/Antik Messing (AB)<\/li>\n<\/ul>\n<p>&nbsp;<\/p>","protected":false},"featured_media":1501,"template":"","meta":{"nf_dc_page":""},"product_brand":[],"product_cat":[25],"product_tag":[34,35],"class_list":{"0":"post-1500","1":"product","2":"type-product","3":"status-publish","4":"has-post-thumbnail","6":"product_cat-euro-profile-cylinder-manufacturer","7":"product_tag-door-cylinder","8":"product_tag-europrofile","10":"first","11":"instock","12":"shipping-taxable","13":"product-type-simple"},"_links":{"self":[{"href":"https:\/\/amthy.com\/da\/wp-json\/wp\/v2\/product\/1500","targetHints":{"allow":["GET"]}}],"collection":[{"href":"https:\/\/amthy.com\/da\/wp-json\/wp\/v2\/product"}],"about":[{"href":"https:\/\/amthy.com\/da\/wp-json\/wp\/v2\/types\/product"}],"wp:featuredmedia":[{"embeddable":true,"href":"https:\/\/amthy.com\/da\/wp-json\/wp\/v2\/media\/1501"}],"wp:attachment":[{"href":"https:\/\/amthy.com\/da\/wp-json\/wp\/v2\/media?parent=1500"}],"wp:term":[{"taxonomy":"product_brand","embeddable":true,"href":"https:\/\/amthy.com\/da\/wp-json\/wp\/v2\/product_brand?post=1500"},{"taxonomy":"product_cat","embeddable":true,"href":"https:\/\/amthy.com\/da\/wp-json\/wp\/v2\/product_cat?post=1500"},{"taxonomy":"product_tag","embeddable":true,"href":"https:\/\/amthy.com\/da\/wp-json\/wp\/v2\/product_tag?post=1500"}],"curies":[{"name":"wp","href":"https:\/\/api.w.org\/{rel}","templated":true}]}}