{"id":1534,"date":"2021-05-15T21:34:14","date_gmt":"2021-05-15T13:34:14","guid":{"rendered":"https:\/\/amthy.com\/?post_type=product&#038;p=1534"},"modified":"2022-05-26T16:27:59","modified_gmt":"2022-05-26T08:27:59","slug":"europrofile-lock-cylinder-manufacturer-h1000","status":"publish","type":"product","link":"https:\/\/amthy.com\/da\/product\/europrofile-lock-cylinder-manufacturer-h1000\/","title":{"rendered":"Europrofile sikkerhedsd\u00f8rcylinder -H1000"},"content":{"rendered":"<h2>Europrofil l\u00e5sefunktion<\/h2>\n<ul>\n<li>High Security-dobbeltstifter og dispin-instruktion<\/li>\n<li>Master AB n\u00f8glesystem - 1 stykke midlertidig n\u00f8gle, 5 prim\u00e6r n\u00f8gle<\/li>\n<li>Anti-plukning, Anti-snap<\/li>\n<li>Fuld messing materiale-produkt levetid kan v\u00e6re over 10 \u00e5r<\/li>\n<\/ul>\n<h2>Hvem vi er?<\/h2>\n<p style=\"text-align: left;\">Amthy er en Europrofile Security Cylinder <a href=\"https:\/\/amthy.com\/da\/product-category\/lock-cylinder\/\">Leverand\u00f8r <\/a>fra Kina. Vi tilbyder alm <a href=\"https:\/\/en.wikipedia.org\/wiki\/Pin_tumbler_lock\" target=\"_blank\" rel=\"noopener\">cylindre<\/a> til indvendige d\u00f8re og h\u00f8jsikkerhedscylindre til yderd\u00f8re. Som en top 3 cylinder producent, er 95.9% automatisk eller halvautomatisk facilitet vedtaget til at erstatte manuelt arbejde, for at reducere omkostningerne og \u00f8ge effektiviteten. <span style=\"color: #ff0000;\"><span style=\"color: #000000;\">F\u00f8lgelig, <\/span><\/span>Mindre l\u00f8nomkostninger giver altid mere konkurrencedygtige og attraktive priser. Takket v\u00e6re ovenst\u00e5ende fordele, <em>Det er vi nu villige til <a href=\"https:\/\/www.youtube.com\/watch?v=9Lw0FD68w1c\" target=\"_blank\" rel=\"noopener\">afsl\u00f8re og dele omkostningerne<\/a> af normale cylindre med k\u00f8bere<\/em>,<span style=\"color: #ff0000;\"> <span style=\"color: #000000;\">det vil sige, at du f\u00e5r en klar sammens\u00e6tning af enhedsprisen, som inkluderer vores 10% ren profit<\/span><\/span><span style=\"color: #ff0000;\"><span style=\"color: #000000;\">. <\/span><\/span><\/p>\n<p style=\"text-align: left;\">I mellemtiden udvikler vores R&amp;D-team<em> S1000-, S2000- og S3000-serien<\/em> af H\u00d8JSIKKERHED euro-profil d\u00f8rl\u00e5secylindre til h\u00f8jere markedskrav. Den eksklusive teknologi med Wafers og Pins kombinationsstruktur \u00f8ger sikkerhedsniveauet markant. Desuden b\u00f8r en Europrofile-sikkerhedscylinderleverand\u00f8r altid udf\u00f8re arbejdet for k\u00f8bers hovedanliggende.<\/p>\n<p>&nbsp;<\/p>\n<h2 style=\"text-align: left;\">Hvad er Europrofile l\u00e5secylinder?<\/h2>\n<p><em><i>L\u00e5secylinder er en l\u00e5sekomponent, der holder stikket, aktuatoren og l\u00e5sekomponenterne, den kan v\u00e6re lavet af messing, zinklegering, aluminium og rustfrit st\u00e5l. Selvom det oftest er forbundet med pin-tumbler designs, bruges cylindre i mange andre, s\u00e5som wafer og disc-detainer. Den roterer for at drive indstiksl\u00e5sen og deadbolten med tilh\u00f8rende n\u00f8gle. <\/i><\/em>Europrofile l\u00e5secylinder er hjertet i d\u00f8ren. Europrofile Sikkerhedscylinder bruges til indgangssikkerhedsd\u00f8ren. Europrofile l\u00e5s<\/p>\n<p><b>europ\u00e6isk profil<\/b>\u00a0(eller\u00a0<b>Euro profil<\/b>) er en type\u00a0<a title=\"Cylinder\" href=\"http:\/\/www.lockwiki.com\/index.php\/Cylinder\" target=\"_blank\" rel=\"noopener\">cylinder<\/a>\u00a0design, der overvejende anvendes i Europa. I mods\u00e6tning til traditionelle indstiks- og f\u00e6lgcylindre bruger Euro-profilen et enkelt stykke metal til at forbinde begge sider af l\u00e5sen. En enkelt\u00a0<a class=\"mw-redirect\" title=\"Cam\" href=\"http:\/\/www.lockwiki.com\/index.php\/Cam\" target=\"_blank\" rel=\"noopener\">cam<\/a>\u00a0komponent er placeret mellem de to sider af l\u00e5sen og er direkte forbundet med begge\u00a0<a title=\"Prop\" href=\"http:\/\/www.lockwiki.com\/index.php\/Plug\" target=\"_blank\" rel=\"noopener\">stik<\/a>. Euro-profilen er praktisk at installere og udskifte, men den har nogle alvorlige sikkerhedsmangler, der skal tages i betragtning. Se\u00a0<a href=\"http:\/\/www.lockwiki.com\/index.php\/Euro_Profile#Vulnerabilities\" target=\"_blank\" rel=\"noopener\">Euro-profil (s\u00e5rbarheder)<\/a>\u00a0for yderligere information.Europrofil l\u00e5s<\/p>\n<p>&nbsp;<\/p>\n<p><img fetchpriority=\"high\" decoding=\"async\" class=\"wp-image-2119 aligncenter\" src=\"https:\/\/amthy.com\/wp-content\/uploads\/2021\/05\/technical_drawing_C73_3-300x168.jpg\" alt=\"europrofil\" width=\"636\" height=\"356\" title=\"\" srcset=\"https:\/\/amthy.com\/wp-content\/uploads\/2021\/05\/technical_drawing_C73_3-300x168.jpg 300w, https:\/\/amthy.com\/wp-content\/uploads\/2021\/05\/technical_drawing_C73_3-600x336.jpg 600w, https:\/\/amthy.com\/wp-content\/uploads\/2021\/05\/technical_drawing_C73_3-768x430.jpg 768w, https:\/\/amthy.com\/wp-content\/uploads\/2021\/05\/technical_drawing_C73_3-18x10.jpg 18w, https:\/\/amthy.com\/wp-content\/uploads\/2021\/05\/technical_drawing_C73_3.jpg 1000w\" sizes=\"(max-width: 636px) 100vw, 636px\" \/><\/p>\n<p>&nbsp;<\/p>\n<h2>Hvorfor os?<\/h2>\n<h3><strong>\u221aPlidelig kvalitet<\/strong><\/h3>\n<ul>\n<li>Professionelt QC-team overv\u00e5ger hele produktionen<\/li>\n<li>Streng udv\u00e6lgelse af samarbejdspartnere<\/li>\n<\/ul>\n<h3><strong>\u221aKonkurrencedygtig pris<\/strong><\/h3>\n<ul>\n<li>R\u00e5vare p\u00e5 3 m\u00e5neders lager for at mindske risikoen for prissvingninger<\/li>\n<li>Automatisk og avanceret udstyr reducerer de h\u00f8je arbejdsomkostninger<\/li>\n<\/ul>\n<h3><strong>\u221aTillidsfuld service til over 20 lande.<\/strong><\/h3>\n<ul>\n<li>ODM\/OEM service<\/li>\n<li>Ansvarlig eftersalgsservice<\/li>\n<\/ul>\n<p>&nbsp;<\/p>","protected":false},"excerpt":{"rendered":"<p>&nbsp;<\/p>\n<ul>\n<li><strong>Stykkode:<\/strong> H1000<\/li>\n<li><strong>L\u00e5semekanisme:<\/strong> Pin tumbler<\/li>\n<li><strong>Materiale af krop<\/strong><strong>:<\/strong> Messing<\/li>\n<li><strong>Materiale af stik<\/strong><strong>:<\/strong> Messing<\/li>\n<li><strong>M\u00e6rke:<\/strong> ODM tilg\u00e6ngelig<\/li>\n<li><b>Profiltype: <\/b>Euro<\/li>\n<li><strong>Profilst\u00f8rrelse:<\/strong>17*33*10 mm<\/li>\n<li><strong>N\u00f8gle:<\/strong> Messing dobbelt &quot;S&quot; n\u00f8glegang<\/li>\n<li><strong>Tilbeh\u00f8r:<\/strong>55 mm skruer<\/li>\n<li><strong>Ans\u00f8gning:<\/strong> Tr\u00e6\/UPVC\/Sikkerhedsd\u00f8re<\/li>\n<li><strong>Hovedn\u00f8glesystem:<\/strong> Ledig<\/li>\n<li><strong>Key Alike System:<\/strong> Ledig<\/li>\n<li><strong>Anti-Drill funktion<\/strong>: Ledig<\/li>\n<li><strong>Anti-snap funktion: <\/strong>Ledig<\/li>\n<li><strong><strong>EN1303 2005 Klassifikation:<\/strong><\/strong><br \/>\n<table>\n<tbody>\n<tr>\n<td>1<\/td>\n<td>6<\/td>\n<td>0<\/td>\n<td>1<\/td>\n<td>0<\/td>\n<td>C<\/td>\n<td>5<\/td>\n<td>2<\/td>\n<\/tr>\n<\/tbody>\n<\/table>\n<\/li>\n<li><strong>Afslut: <\/strong>Messing poleret (BP)\/Nikkelbelagt (NP)\/Satin Nikkel (SN)\/Forkromet (CP)\/Antik Messing (AB)<\/li>\n<\/ul>\n<p>&nbsp;<\/p>","protected":false},"featured_media":1526,"template":"","meta":{"nf_dc_page":""},"product_brand":[],"product_cat":[25],"product_tag":[34,35],"class_list":{"0":"post-1534","1":"product","2":"type-product","3":"status-publish","4":"has-post-thumbnail","6":"product_cat-euro-profile-cylinder-manufacturer","7":"product_tag-door-cylinder","8":"product_tag-europrofile","10":"first","11":"instock","12":"shipping-taxable","13":"product-type-simple"},"_links":{"self":[{"href":"https:\/\/amthy.com\/da\/wp-json\/wp\/v2\/product\/1534","targetHints":{"allow":["GET"]}}],"collection":[{"href":"https:\/\/amthy.com\/da\/wp-json\/wp\/v2\/product"}],"about":[{"href":"https:\/\/amthy.com\/da\/wp-json\/wp\/v2\/types\/product"}],"wp:featuredmedia":[{"embeddable":true,"href":"https:\/\/amthy.com\/da\/wp-json\/wp\/v2\/media\/1526"}],"wp:attachment":[{"href":"https:\/\/amthy.com\/da\/wp-json\/wp\/v2\/media?parent=1534"}],"wp:term":[{"taxonomy":"product_brand","embeddable":true,"href":"https:\/\/amthy.com\/da\/wp-json\/wp\/v2\/product_brand?post=1534"},{"taxonomy":"product_cat","embeddable":true,"href":"https:\/\/amthy.com\/da\/wp-json\/wp\/v2\/product_cat?post=1534"},{"taxonomy":"product_tag","embeddable":true,"href":"https:\/\/amthy.com\/da\/wp-json\/wp\/v2\/product_tag?post=1534"}],"curies":[{"name":"wp","href":"https:\/\/api.w.org\/{rel}","templated":true}]}}