{"id":1535,"date":"2021-05-15T21:43:09","date_gmt":"2021-05-15T13:43:09","guid":{"rendered":"https:\/\/amthy.com\/?post_type=product&#038;p=1535"},"modified":"2021-10-18T15:38:11","modified_gmt":"2021-10-18T07:38:11","slug":"europrofile-security-cylinder-supplier-h3000","status":"publish","type":"product","link":"https:\/\/amthy.com\/da\/product\/europrofile-security-cylinder-supplier-h3000\/","title":{"rendered":"Europrofile Sikkerhedscylinder Leverand\u00f8r H3000"},"content":{"rendered":"<p>&nbsp;<\/p>\n<h2>Hvem vi er?<\/h2>\n<p style=\"text-align: left;\">Amthy er en Europrofile Security Cylinder <a href=\"https:\/\/amthy.com\/da\/product-category\/lock-cylinder\/\">Leverand\u00f8r <\/a>fra Kina. Vi tilbyder alm <a href=\"https:\/\/en.wikipedia.org\/wiki\/Pin_tumbler_lock\" target=\"_blank\" rel=\"noopener\">cylindre<\/a> til indvendige d\u00f8re og h\u00f8jsikkerhedscylindre til yderd\u00f8re. Som en top 3 cylinder producent, er 95.9% automatisk eller halvautomatisk facilitet vedtaget til at erstatte manuelt arbejde, for at reducere omkostningerne og \u00f8ge effektiviteten. <span style=\"color: #ff0000;\"><span style=\"color: #000000;\">F\u00f8lgelig, <\/span><\/span>Mindre l\u00f8nomkostninger giver altid mere konkurrencedygtige og attraktive priser. Takket v\u00e6re ovenst\u00e5ende fordele, <em>Det er vi nu villige til <a href=\"https:\/\/www.youtube.com\/watch?v=9Lw0FD68w1c\" target=\"_blank\" rel=\"noopener\">afsl\u00f8re og dele omkostningerne<\/a> af normale cylindre med k\u00f8bere<\/em>,<span style=\"color: #ff0000;\"> <span style=\"color: #000000;\">det vil sige, at du f\u00e5r en klar sammens\u00e6tning af enhedsprisen, som inkluderer vores 10% ren profit<\/span><\/span><span style=\"color: #ff0000;\"><span style=\"color: #000000;\">. <\/span><\/span>I mellemtiden udvikler vores R&amp;D-team<em> S1000-, S2000- og S3000-serien<\/em> af H\u00d8JSIKKERHED euro-profil d\u00f8rl\u00e5secylindre til h\u00f8jere markedskrav. Den eksklusive teknologi af Wafers og Pins kombinationsstruktur \u00f8ger sikkerhedsniveauet markant. Desuden b\u00f8r en Europrofil Sikkerhedscylinder Leverand\u00f8r altid g\u00f8re arbejdet for k\u00f8berens hovedanliggende. Europrofile Sikkerhedscylinder Leverand\u00f8r<\/p>\n<p>&nbsp;<\/p>\n<h2 style=\"text-align: left;\">Hvad er Euro profile Security Cylinder?<\/h2>\n<p><em><i>L\u00e5secylinder er en l\u00e5sekomponent, der holder stikket, aktuatoren og l\u00e5sekomponenterne, den kan v\u00e6re lavet af messing, zinklegering, aluminium og rustfrit st\u00e5l. Selvom det oftest er forbundet med pin-tumbler designs, bruges cylindre i mange andre, s\u00e5som wafer og disc-detainer. Den roterer for at drive indstiksl\u00e5sen og deadbolten med tilh\u00f8rende n\u00f8gle. <\/i><\/em>Europrofile l\u00e5secylinder er hjertet i d\u00f8ren. Europrofile Sikkerhedscylinder anvendes til indgangssikkerhedsd\u00f8ren.<\/p>\n<p>&nbsp;<\/p>\n<p><img fetchpriority=\"high\" decoding=\"async\" class=\"wp-image-2116 alignleft\" src=\"https:\/\/amthy.com\/wp-content\/uploads\/2021\/05\/16019587121-300x235.png\" alt=\"Europrofile Sikkerhedscylinder Leverand\u00f8r\" width=\"409\" height=\"320\" title=\"\" srcset=\"https:\/\/amthy.com\/wp-content\/uploads\/2021\/05\/16019587121-300x235.png 300w, https:\/\/amthy.com\/wp-content\/uploads\/2021\/05\/16019587121-600x471.png 600w, https:\/\/amthy.com\/wp-content\/uploads\/2021\/05\/16019587121-15x12.png 15w, https:\/\/amthy.com\/wp-content\/uploads\/2021\/05\/16019587121.png 701w\" sizes=\"(max-width: 409px) 100vw, 409px\" \/>\u00a0 \u00a0 \u00a0 <img decoding=\"async\" class=\"wp-image-2117 alignleft\" src=\"https:\/\/amthy.com\/wp-content\/uploads\/2021\/05\/16019587611-300x259.png\" alt=\"Europrofile Sikkerhedscylinder Leverand\u00f8r\" width=\"368\" height=\"317\" title=\"\" srcset=\"https:\/\/amthy.com\/wp-content\/uploads\/2021\/05\/16019587611-300x259.png 300w, https:\/\/amthy.com\/wp-content\/uploads\/2021\/05\/16019587611-14x12.png 14w, https:\/\/amthy.com\/wp-content\/uploads\/2021\/05\/16019587611.png 600w\" sizes=\"(max-width: 368px) 100vw, 368px\" \/><\/p>\n<p>&nbsp;<\/p>\n<h2><\/h2>\n<h2><\/h2>\n<h2><\/h2>\n<h2><\/h2>\n<h2><\/h2>\n<h2><\/h2>\n<h2>Hvorfor os? (leverand\u00f8r af Europrofile sikkerhedscylindre)<\/h2>\n<h3><strong>\u221aPlidelig kvalitet<\/strong><\/h3>\n<ul>\n<li>Professionelt QC-team overv\u00e5ger hele produktionen<\/li>\n<li>Streng udv\u00e6lgelse af samarbejdspartnere<\/li>\n<\/ul>\n<h3><strong>\u221aKonkurrencedygtig pris<\/strong><\/h3>\n<ul>\n<li>R\u00e5vare p\u00e5 3 m\u00e5neders lager for at mindske risikoen for prissvingninger<\/li>\n<li>Automatisk og avanceret udstyr reducerer de h\u00f8je arbejdsomkostninger<\/li>\n<\/ul>\n<h3><strong>\u221aTillidsfuld service til over 20 lande.<\/strong><\/h3>\n<ul>\n<li>ODM\/OEM service<\/li>\n<li>Ansvarlig eftersalgsservice<\/li>\n<\/ul>\n<p>&nbsp;<\/p>\n<p>&nbsp;<\/p>","protected":false},"excerpt":{"rendered":"<p>&nbsp;<\/p>\n<ul>\n<li><strong>Stykkode:<\/strong> H3000<\/li>\n<li><strong>L\u00e5semekanisme:<\/strong> Pin tumbler<\/li>\n<li><strong>Materiale af krop<\/strong><strong>:<\/strong> Messing<\/li>\n<li><strong>Materiale af stik<\/strong><strong>:<\/strong> Messing<\/li>\n<li><strong>M\u00e6rke:<\/strong> ODM tilg\u00e6ngelig<\/li>\n<li><b>Profiltype: <\/b>Euro<\/li>\n<li><strong>Profilst\u00f8rrelse:<\/strong>17*33*10 mm<\/li>\n<li><strong>N\u00f8gle:<\/strong> Messing &quot;C&quot; kilespor<\/li>\n<li><strong>Tilbeh\u00f8r:<\/strong>55 mm skruer<\/li>\n<li><strong>Ans\u00f8gning:<\/strong> Tr\u00e6\/UPVC\/Sikkerhedsd\u00f8re<\/li>\n<li><strong>Hovedn\u00f8glesystem:<\/strong> Ledig<\/li>\n<li><strong>Key Alike System:<\/strong> Ledig<\/li>\n<li><strong>Anti-Drill funktion<\/strong>: Ledig<\/li>\n<li><strong>Anti-snap funktion: <\/strong>Ledig<\/li>\n<li><strong><strong>EN1303 2005 Klassifikation:<\/strong><\/strong><br \/>\n<table>\n<tbody>\n<tr>\n<td>1<\/td>\n<td>6<\/td>\n<td>0<\/td>\n<td>1<\/td>\n<td>0<\/td>\n<td>C<\/td>\n<td>5<\/td>\n<td>2<\/td>\n<\/tr>\n<\/tbody>\n<\/table>\n<\/li>\n<li><strong>Afslut: <\/strong>Messing poleret (BP)\/Nikkelbelagt (NP)\/Satin Nikkel (SN)\/Forkromet (CP)\/Antik Messing (AB)<\/li>\n<\/ul>\n<p>&nbsp;<\/p>","protected":false},"featured_media":1854,"template":"","meta":{"nf_dc_page":""},"product_brand":[],"product_cat":[25],"product_tag":[34,35],"class_list":{"0":"post-1535","1":"product","2":"type-product","3":"status-publish","4":"has-post-thumbnail","6":"product_cat-euro-profile-cylinder-manufacturer","7":"product_tag-door-cylinder","8":"product_tag-europrofile","10":"first","11":"instock","12":"shipping-taxable","13":"product-type-simple"},"_links":{"self":[{"href":"https:\/\/amthy.com\/da\/wp-json\/wp\/v2\/product\/1535","targetHints":{"allow":["GET"]}}],"collection":[{"href":"https:\/\/amthy.com\/da\/wp-json\/wp\/v2\/product"}],"about":[{"href":"https:\/\/amthy.com\/da\/wp-json\/wp\/v2\/types\/product"}],"wp:featuredmedia":[{"embeddable":true,"href":"https:\/\/amthy.com\/da\/wp-json\/wp\/v2\/media\/1854"}],"wp:attachment":[{"href":"https:\/\/amthy.com\/da\/wp-json\/wp\/v2\/media?parent=1535"}],"wp:term":[{"taxonomy":"product_brand","embeddable":true,"href":"https:\/\/amthy.com\/da\/wp-json\/wp\/v2\/product_brand?post=1535"},{"taxonomy":"product_cat","embeddable":true,"href":"https:\/\/amthy.com\/da\/wp-json\/wp\/v2\/product_cat?post=1535"},{"taxonomy":"product_tag","embeddable":true,"href":"https:\/\/amthy.com\/da\/wp-json\/wp\/v2\/product_tag?post=1535"}],"curies":[{"name":"wp","href":"https:\/\/api.w.org\/{rel}","templated":true}]}}