{"id":1879,"date":"2021-08-29T19:08:10","date_gmt":"2021-08-29T11:08:10","guid":{"rendered":"https:\/\/amthy.com\/?post_type=product&#038;p=1879"},"modified":"2023-05-26T19:51:48","modified_gmt":"2023-05-26T11:51:48","slug":"smart-lock-manufacturer-am-700","status":"publish","type":"product","link":"https:\/\/amthy.com\/da\/product\/smart-lock-manufacturer-am-700\/","title":{"rendered":"Smart Lock AM-700"},"content":{"rendered":"<p>AMTHY 700 er en smart d\u00f8rl\u00e5s, der giver dig fuld kontrol over dit hjems sikkerhed, samtidig med at du f\u00e5r fuldst\u00e6ndig ro i sindet. Brug en r\u00e6kke forskellige m\u00e5der at f\u00e5 adgang til dit hjem, uanset om det er via pinkode og mekanisk n\u00f8gle. Du beh\u00f8ver ikke bekymre dig om at have dine n\u00f8gler med dig. Alt du beh\u00f8ver er din pinkode, du kan nemt l\u00e5se d\u00f8ren op. Direkte forretning fra Smart Door Cylinder Manufacturer. smart-lock-manufacturer-am-700.<a href=\"https:\/\/en.wikipedia.org\/wiki\/Lock\" target=\"_blank\" rel=\"noopener\">L\u00e5se<\/a> og <a href=\"https:\/\/amthy.com\/da\/product-category\/smart-lock\/\">Smart d\u00f8rcylinder<\/a><\/p>\n<h2>Opgrader nemt din eksisterende l\u00e5s:<\/h2>\n<p>DIY-venlig og let at installere i stedet for din eksisterende cylinder og d\u00f8rh\u00e5ndtag. Alt du beh\u00f8ver er en krydsskruetr\u00e6kker og m\u00e5leb\u00e5nd.<\/p>\n<h2><strong>Funktioner og fordele:<\/strong><\/h2>\n<ul>\n<li>N\u00f8glefri \u2013 Giver dig frihed til at sikre dit hjem uden behov for en n\u00f8gle<\/li>\n<li>Enkel at montere \u2013 Velegnet til de fleste PVC- og kompositd\u00f8re, skruetr\u00e6kker p\u00e5kr\u00e6vet<\/li>\n<li>Nem adgang - 50 s\u00e6t pinkode p\u00e5 4-8 cifre er tilg\u00e6ngelige.<\/li>\n<li>Batteridrevet \u2013 4 x AA-batterier<\/li>\n<li>Velegnet til d\u00f8re med en tykkelse p\u00e5 mellem 35-55 mm<\/li>\n<li>F\u00e5s i en r\u00e6kke finish - inklusive sort og s\u00f8lv<\/li>\n<\/ul>\n<h2>Hvorfor os? (Europrofil Sikkerhedsd\u00f8rcylinderleverand\u00f8r <em>af AMTHY SECURITY<\/em>)<\/h2>\n<h3><strong>\u221aPlidelig kvalitet (Smart Lock Manufacturer AM-700)<\/strong><\/h3>\n<ul>\n<li>Professionelt QC-team overv\u00e5ger hele produktionen<\/li>\n<li>Streng udv\u00e6lgelse af samarbejdspartnere<\/li>\n<\/ul>\n<h3><strong>\u221aKonkurrencedygtig pris<\/strong><\/h3>\n<ul>\n<li>R\u00e5vare p\u00e5 3 m\u00e5neders lager for at mindske risikoen for prissvingninger<\/li>\n<li>Automatisk og avanceret udstyr reducerer de h\u00f8je arbejdsomkostninger<\/li>\n<\/ul>\n<h3><strong>\u221aTillidsfuld service til over 20 lande.<\/strong><\/h3>\n<ul>\n<li>ODM\/OEM service<\/li>\n<li>Ansvarlig eftersalgsservice<\/li>\n<\/ul>","protected":false},"excerpt":{"rendered":"<ul>\n<li><strong>Stykkode:<\/strong> AM-700<\/li>\n<li><strong>Materiale<\/strong><strong>:<\/strong> Zinklegering<\/li>\n<li><strong>L\u00e5selegeme:<\/strong> Enkelt l\u00e5s<\/li>\n<li><strong>Rygl\u00e6n<\/strong>: 60 mm<\/li>\n<li><strong>M\u00e6rke:<\/strong> ODM tilg\u00e6ngelig<\/li>\n<li><strong>Ans\u00f8gning:<\/strong> Tr\u00e6\/UPVC\/Sikkerhedsd\u00f8re<\/li>\n<li><strong>Batteri<\/strong>: 4*AA<\/li>\n<li><strong>D\u00f8rtykkelse:<\/strong>35-55 mm<\/li>\n<li><b>Opl\u00e5sningstilstand: <\/b>Adgangskode\/mekanisk n\u00f8gle<\/li>\n<\/ul>","protected":false},"featured_media":1880,"template":"","meta":{"nf_dc_page":""},"product_brand":[],"product_cat":[55],"product_tag":[],"class_list":{"0":"post-1879","1":"product","2":"type-product","3":"status-publish","4":"has-post-thumbnail","6":"product_cat-smart-lock","8":"first","9":"instock","10":"shipping-taxable","11":"product-type-simple"},"_links":{"self":[{"href":"https:\/\/amthy.com\/da\/wp-json\/wp\/v2\/product\/1879","targetHints":{"allow":["GET"]}}],"collection":[{"href":"https:\/\/amthy.com\/da\/wp-json\/wp\/v2\/product"}],"about":[{"href":"https:\/\/amthy.com\/da\/wp-json\/wp\/v2\/types\/product"}],"wp:featuredmedia":[{"embeddable":true,"href":"https:\/\/amthy.com\/da\/wp-json\/wp\/v2\/media\/1880"}],"wp:attachment":[{"href":"https:\/\/amthy.com\/da\/wp-json\/wp\/v2\/media?parent=1879"}],"wp:term":[{"taxonomy":"product_brand","embeddable":true,"href":"https:\/\/amthy.com\/da\/wp-json\/wp\/v2\/product_brand?post=1879"},{"taxonomy":"product_cat","embeddable":true,"href":"https:\/\/amthy.com\/da\/wp-json\/wp\/v2\/product_cat?post=1879"},{"taxonomy":"product_tag","embeddable":true,"href":"https:\/\/amthy.com\/da\/wp-json\/wp\/v2\/product_tag?post=1879"}],"curies":[{"name":"wp","href":"https:\/\/api.w.org\/{rel}","templated":true}]}}