{"id":1922,"date":"2021-08-29T20:52:21","date_gmt":"2021-08-29T12:52:21","guid":{"rendered":"https:\/\/amthy.com\/?post_type=product&#038;p=1922"},"modified":"2023-05-26T19:51:03","modified_gmt":"2023-05-26T11:51:03","slug":"smart-lock-manufacturer-am-h300","status":"publish","type":"product","link":"https:\/\/amthy.com\/da\/product\/smart-lock-manufacturer-am-h300\/","title":{"rendered":"Smart Lock AM-H300"},"content":{"rendered":"<p><img fetchpriority=\"high\" decoding=\"async\" class=\"wp-image-2038 aligncenter\" src=\"https:\/\/amthy.com\/wp-content\/uploads\/2021\/08\/\u56fe\u7247-300x140.png\" alt=\"Smart l\u00e5s leverand\u00f8r\" width=\"1011\" height=\"472\" title=\"\" srcset=\"https:\/\/amthy.com\/wp-content\/uploads\/2021\/08\/\u56fe\u7247-300x140.png 300w, https:\/\/amthy.com\/wp-content\/uploads\/2021\/08\/\u56fe\u7247-600x280.png 600w, https:\/\/amthy.com\/wp-content\/uploads\/2021\/08\/\u56fe\u7247-1024x478.png 1024w, https:\/\/amthy.com\/wp-content\/uploads\/2021\/08\/\u56fe\u7247-768x359.png 768w, https:\/\/amthy.com\/wp-content\/uploads\/2021\/08\/\u56fe\u7247-18x8.png 18w, https:\/\/amthy.com\/wp-content\/uploads\/2021\/08\/\u56fe\u7247.png 1026w\" sizes=\"(max-width: 1011px) 100vw, 1011px\" \/><\/p>\n<p>AMTHY H300 er en smart d\u00f8rl\u00e5s, der giver dig fuld kontrol over dit hjems sikkerhed, samtidig med at du f\u00e5r fuldst\u00e6ndig ro i sindet. Brug en r\u00e6kke forskellige m\u00e5der at f\u00e5 adgang til dit hjem, uanset om det er via fingeraftryk, telefon Bluetooth eller via wifi-modulet til fjernbetjening. Med AMTHY digitale d\u00f8rl\u00e5s kan du sende brugere virtuelle n\u00f8gler, s\u00e5 venner og familie kan f\u00e5 adgang til dit hus, hvis du ikke er i n\u00e6rheden. N\u00e5r de har f\u00e5et adgang, kan du ma<\/p>\n<p>nage, hvem der kan komme ind p\u00e5 din ejendom ved at deaktivere eller slette brugere via telefonappen. Virtuelle n\u00f8gler kan planl\u00e6gges eller g\u00f8res permanente for ultimativ kontrol over dit hjem eller ejendom. Du kan ogs\u00e5 overv\u00e5ge, hvem der kommer, og hvem der g\u00e5r, s\u00e5 du ved, hvorn\u00e5r dine k\u00e6re er sikkert hjemme. Du kan endda modtage en notifikation, der informerer dig, n\u00e5r nogen kommer hjem. Du beh\u00f8ver ikke bekymre dig om at have dine n\u00f8gler med dig. Alt du beh\u00f8ver er din smartphone, og med et enkelt tryk kan du nemt l\u00e5se d\u00f8ren op. Enheden bruger krypteret Bluetooth smart-teknologi, s\u00e5 smartl\u00e5sen er ikke afh\u00e6ngig af netv\u00e6rksmodtagelse. G\u00f8r din smartl\u00e5s endnu smartere ved at tilslutte et af vores l\u00e5semoduler. Direkte forretning fra Smart Door Cylinder Manufacturer. <a href=\"https:\/\/en.wikipedia.org\/wiki\/Lock\" target=\"_blank\" rel=\"noopener\">L\u00e5se<\/a> og <a href=\"https:\/\/amthy.com\/da\/product-category\/smart-lock\/\">Smart Lock Producent AM-H300<\/a><\/p>\n<p>&nbsp;<\/p>\n<p><img decoding=\"async\" class=\"wp-image-2037 aligncenter\" src=\"https:\/\/amthy.com\/wp-content\/uploads\/2021\/08\/\u56fe\u7247-Copy-300x199.png\" alt=\"Smart l\u00e5s leverand\u00f8r\" width=\"1016\" height=\"674\" title=\"\" srcset=\"https:\/\/amthy.com\/wp-content\/uploads\/2021\/08\/\u56fe\u7247-Copy-300x199.png 300w, https:\/\/amthy.com\/wp-content\/uploads\/2021\/08\/\u56fe\u7247-Copy-600x397.png 600w, https:\/\/amthy.com\/wp-content\/uploads\/2021\/08\/\u56fe\u7247-Copy-1024x678.png 1024w, https:\/\/amthy.com\/wp-content\/uploads\/2021\/08\/\u56fe\u7247-Copy-768x509.png 768w, https:\/\/amthy.com\/wp-content\/uploads\/2021\/08\/\u56fe\u7247-Copy-18x12.png 18w, https:\/\/amthy.com\/wp-content\/uploads\/2021\/08\/\u56fe\u7247-Copy.png 1143w\" sizes=\"(max-width: 1016px) 100vw, 1016px\" \/><\/p>\n<h2><\/h2>\n<h2>Hvorfor os? (Europrofil Sikkerhedsd\u00f8rcylinderleverand\u00f8r <em>af AMTHY SECURITY<\/em>)<\/h2>\n<h3><strong>\u221aPlidelig kvalitet (Smart Lock Manufacturer AM-H300)<\/strong><\/h3>\n<ul>\n<li>Professionelt QC-team overv\u00e5ger hele produktionen<\/li>\n<li>Streng udv\u00e6lgelse af samarbejdspartnere<\/li>\n<\/ul>\n<h3><strong>\u221aKonkurrencedygtig pris<\/strong><\/h3>\n<ul>\n<li>R\u00e5vare p\u00e5 3 m\u00e5neders lager for at mindske risikoen for prissvingninger<\/li>\n<li>Automatisk og avanceret udstyr reducerer de h\u00f8je arbejdsomkostninger<\/li>\n<\/ul>\n<h3><strong>\u221aTillidsfuld service til over 20 lande.<\/strong><\/h3>\n<ul>\n<li>ODM\/OEM service<\/li>\n<li>Ansvarlig eftersalgsservice<\/li>\n<\/ul>","protected":false},"excerpt":{"rendered":"<ul>\n<li><strong>Stykkode:<\/strong> AM-H300<\/li>\n<li><strong>Materiale<\/strong><strong>:<\/strong> Aluminium<\/li>\n<li><strong>L\u00e5selegeme:<\/strong> Enkelt l\u00e5s<\/li>\n<li><strong>Rygl\u00e6n<\/strong>: 60\/70 mm justerbar<\/li>\n<li><strong>M\u00e6rke:<\/strong> ODM tilg\u00e6ngelig<\/li>\n<li><strong>Ans\u00f8gning:<\/strong> Tr\u00e6\/UPVC\/Sikkerhedsd\u00f8re<\/li>\n<li><strong>Batteri<\/strong>: 4*1,5v<\/li>\n<li><strong>D\u00f8rtykkelse:<\/strong>30-65 mm<\/li>\n<li><b>Opl\u00e5sningstilstand: <\/b>Fingeraftryk\/mekanisk n\u00f8gle<\/li>\n<\/ul>","protected":false},"featured_media":1924,"template":"","meta":{"nf_dc_page":""},"product_brand":[],"product_cat":[55],"product_tag":[],"class_list":{"0":"post-1922","1":"product","2":"type-product","3":"status-publish","4":"has-post-thumbnail","6":"product_cat-smart-lock","8":"first","9":"instock","10":"shipping-taxable","11":"product-type-simple"},"_links":{"self":[{"href":"https:\/\/amthy.com\/da\/wp-json\/wp\/v2\/product\/1922","targetHints":{"allow":["GET"]}}],"collection":[{"href":"https:\/\/amthy.com\/da\/wp-json\/wp\/v2\/product"}],"about":[{"href":"https:\/\/amthy.com\/da\/wp-json\/wp\/v2\/types\/product"}],"wp:featuredmedia":[{"embeddable":true,"href":"https:\/\/amthy.com\/da\/wp-json\/wp\/v2\/media\/1924"}],"wp:attachment":[{"href":"https:\/\/amthy.com\/da\/wp-json\/wp\/v2\/media?parent=1922"}],"wp:term":[{"taxonomy":"product_brand","embeddable":true,"href":"https:\/\/amthy.com\/da\/wp-json\/wp\/v2\/product_brand?post=1922"},{"taxonomy":"product_cat","embeddable":true,"href":"https:\/\/amthy.com\/da\/wp-json\/wp\/v2\/product_cat?post=1922"},{"taxonomy":"product_tag","embeddable":true,"href":"https:\/\/amthy.com\/da\/wp-json\/wp\/v2\/product_tag?post=1922"}],"curies":[{"name":"wp","href":"https:\/\/api.w.org\/{rel}","templated":true}]}}