{"id":1925,"date":"2021-08-29T20:56:13","date_gmt":"2021-08-29T12:56:13","guid":{"rendered":"https:\/\/amthy.com\/?post_type=product&#038;p=1925"},"modified":"2023-05-26T19:50:53","modified_gmt":"2023-05-26T11:50:53","slug":"smart-lock-manufacturer-am-p100","status":"publish","type":"product","link":"https:\/\/amthy.com\/da\/product\/smart-lock-manufacturer-am-p100\/","title":{"rendered":"Smart Lock AM-P100"},"content":{"rendered":"<p><img fetchpriority=\"high\" decoding=\"async\" class=\"alignnone wp-image-2034\" src=\"https:\/\/amthy.com\/wp-content\/uploads\/2021\/08\/AM400-300x35.jpg\" alt=\"amthy\" width=\"994\" height=\"116\" title=\"\" srcset=\"https:\/\/amthy.com\/wp-content\/uploads\/2021\/08\/AM400-300x35.jpg 300w, https:\/\/amthy.com\/wp-content\/uploads\/2021\/08\/AM400-600x71.jpg 600w, https:\/\/amthy.com\/wp-content\/uploads\/2021\/08\/AM400-1024x120.jpg 1024w, https:\/\/amthy.com\/wp-content\/uploads\/2021\/08\/AM400-768x90.jpg 768w, https:\/\/amthy.com\/wp-content\/uploads\/2021\/08\/AM400-1536x181.jpg 1536w, https:\/\/amthy.com\/wp-content\/uploads\/2021\/08\/AM400-2048x241.jpg 2048w, https:\/\/amthy.com\/wp-content\/uploads\/2021\/08\/AM400-18x2.jpg 18w\" sizes=\"(max-width: 994px) 100vw, 994px\" \/><\/p>\n<p>&nbsp;<\/p>\n<p>AMTHY P100 er en smart d\u00f8rl\u00e5s, der giver dig fuld kontrol over dit hjems sikkerhed, samtidig med at du f\u00e5r fuldst\u00e6ndig ro i sindet. Brug en r\u00e6kke forskellige m\u00e5der at f\u00e5 adgang til dit hjem, uanset om det er via adgangskode, fingeraftryk, kortn\u00f8gle, telefon Bluetooth eller via wifi-modulet til fjernbetjening. Med AMTHY digitale d\u00f8rl\u00e5s kan du sende brugere virtuelle n\u00f8gler, s\u00e5 venner og familie kan f\u00e5 adgang til dit hus, hvis du ikke er i n\u00e6rheden. N\u00e5r de har f\u00e5et adgang, kan du administrere, hvem der kan komme ind p\u00e5 din ejendom ved at deaktivere eller slette brugere via telefonappen. Virtuelle n\u00f8gler kan planl\u00e6gges eller g\u00f8res permanente for ultimativ kontrol over dit hjem eller ejendom. Du kan ogs\u00e5 overv\u00e5ge, hvem der kommer, og hvem der g\u00e5r, s\u00e5 du ved, hvorn\u00e5r dine k\u00e6re er sikkert hjemme. Du kan endda modtage en notifikation, der informerer dig, n\u00e5r nogen kommer hjem. Du beh\u00f8ver ikke bekymre dig om at have dine n\u00f8gler med dig. Alt du beh\u00f8ver er din smartphone, og med et enkelt tryk kan du nemt l\u00e5se d\u00f8ren op. Enheden bruger krypteret Bluetooth smart-teknologi, s\u00e5 smartl\u00e5sen er ikke afh\u00e6ngig af netv\u00e6rksmodtagelse. G\u00f8r din smartl\u00e5s endnu smartere ved at tilslutte et af vores l\u00e5semoduler. Direkte forretning fra Smart Door Lock Manufacturer. <a href=\"https:\/\/en.wikipedia.org\/wiki\/Lock\" target=\"_blank\" rel=\"noopener\">L\u00e5se<\/a> og <a href=\"https:\/\/amthy.com\/da\/product-category\/smart-lock\/\">Smart Lock Producent AM-P100<\/a><\/p>\n<p><strong>Funktioner og fordele:<\/strong><\/p>\n<ul>\n<li>N\u00f8glefri \u2013 Giver dig frihed til at sikre dit hjem uden behov for en n\u00f8gle<\/li>\n<li>Enkel at montere \u2013 Velegnet til de fleste PVC- og kompositd\u00f8re, skruetr\u00e6kker p\u00e5kr\u00e6vet<\/li>\n<li>Enkel at passe - <strong>Det er ikke n\u00f8dvendigt at \u00e6ndre hele l\u00e5sen<\/strong> men udskift kun cylinderen uden d\u00f8rskader. Nem installation.<\/li>\n<li>Batteridrevet \u2013 3 x AAA-batterier, advares, n\u00e5r batterierne er ved at l\u00f8be t\u00f8r<\/li>\n<li>Velegnet til d\u00f8re med en tykkelse p\u00e5 mellem 60-100mm<\/li>\n<li>F\u00e5s i en r\u00e6kke finish - inklusive sort og s\u00f8lv<\/li>\n<\/ul>\n<p>&nbsp;<\/p>\n<h2>Hvorfor os? (Europrofil Sikkerhedsd\u00f8rcylinderleverand\u00f8r <em>af AMTHY SECURITY<\/em>)<\/h2>\n<h3><strong>\u221aPlidelig kvalitet (Smart Lock Manufacturer AM-P100)<\/strong><\/h3>\n<ul>\n<li>Professionelt QC-team overv\u00e5ger hele produktionen<\/li>\n<li>Streng udv\u00e6lgelse af samarbejdspartnere<\/li>\n<\/ul>\n<h3><strong>\u221aKonkurrencedygtig pris<\/strong><\/h3>\n<ul>\n<li>R\u00e5vare p\u00e5 3 m\u00e5neders lager for at mindske risikoen for prissvingninger<\/li>\n<li>Automatisk og avanceret udstyr reducerer de h\u00f8je arbejdsomkostninger<\/li>\n<\/ul>\n<h3><strong>\u221aTillidsfuld service til over 20 lande.<\/strong><\/h3>\n<ul>\n<li>ODM\/OEM service<\/li>\n<li>Ansvarlig eftersalgsservice<\/li>\n<\/ul>","protected":false},"excerpt":{"rendered":"<ul>\n<li><strong>Stykkode:<\/strong> AM-P100<\/li>\n<li><strong>H\u00e5ndtagsmateriale<\/strong><strong>:<\/strong> Rustfrit st\u00e5l 304<\/li>\n<li><strong>M\u00e6rke:<\/strong> ODM tilg\u00e6ngelig<\/li>\n<li><strong>Pladest\u00f8rrelse:<\/strong>\u00a0303*43 mm<\/li>\n<li><strong>Tilbeh\u00f8r:<\/strong>55 mm skruer<\/li>\n<li><strong>D\u00f8rtykkelse:<\/strong>30-70 mm<\/li>\n<li><strong>Ans\u00f8gning:<\/strong> Tr\u00e6\/UPVC\/Sikkerhedsd\u00f8re<\/li>\n<li><strong>Batteri<\/strong>: USB opladelig (6 m\u00e5neder)<\/li>\n<li><b>Opl\u00e5sningstilstand:<\/b> Fingeraftryk\/app\/mekanisk n\u00f8gle\/adgangskode\/kortn\u00f8gle<\/li>\n<\/ul>","protected":false},"featured_media":2177,"template":"","meta":{"nf_dc_page":""},"product_brand":[],"product_cat":[55],"product_tag":[],"class_list":{"0":"post-1925","1":"product","2":"type-product","3":"status-publish","4":"has-post-thumbnail","6":"product_cat-smart-lock","8":"first","9":"instock","10":"shipping-taxable","11":"product-type-simple"},"_links":{"self":[{"href":"https:\/\/amthy.com\/da\/wp-json\/wp\/v2\/product\/1925","targetHints":{"allow":["GET"]}}],"collection":[{"href":"https:\/\/amthy.com\/da\/wp-json\/wp\/v2\/product"}],"about":[{"href":"https:\/\/amthy.com\/da\/wp-json\/wp\/v2\/types\/product"}],"wp:featuredmedia":[{"embeddable":true,"href":"https:\/\/amthy.com\/da\/wp-json\/wp\/v2\/media\/2177"}],"wp:attachment":[{"href":"https:\/\/amthy.com\/da\/wp-json\/wp\/v2\/media?parent=1925"}],"wp:term":[{"taxonomy":"product_brand","embeddable":true,"href":"https:\/\/amthy.com\/da\/wp-json\/wp\/v2\/product_brand?post=1925"},{"taxonomy":"product_cat","embeddable":true,"href":"https:\/\/amthy.com\/da\/wp-json\/wp\/v2\/product_cat?post=1925"},{"taxonomy":"product_tag","embeddable":true,"href":"https:\/\/amthy.com\/da\/wp-json\/wp\/v2\/product_tag?post=1925"}],"curies":[{"name":"wp","href":"https:\/\/api.w.org\/{rel}","templated":true}]}}