{"id":1937,"date":"2021-08-31T16:46:30","date_gmt":"2021-08-31T08:46:30","guid":{"rendered":"https:\/\/amthy.com\/?post_type=product&#038;p=1937"},"modified":"2023-05-26T19:50:36","modified_gmt":"2023-05-26T11:50:36","slug":"smart-door-cylinder-manufacturer-am-200","status":"publish","type":"product","link":"https:\/\/amthy.com\/da\/product\/smart-door-cylinder-manufacturer-am-200\/","title":{"rendered":"Smart d\u00f8rcylinder AM-200"},"content":{"rendered":"<p><img fetchpriority=\"high\" decoding=\"async\" class=\"alignnone wp-image-2019 aligncenter\" src=\"https:\/\/amthy.com\/wp-content\/uploads\/2021\/08\/AM20-300x41.jpg\" alt=\"amthy\" width=\"857\" height=\"117\" title=\"\" srcset=\"https:\/\/amthy.com\/wp-content\/uploads\/2021\/08\/AM20-300x41.jpg 300w, https:\/\/amthy.com\/wp-content\/uploads\/2021\/08\/AM20-600x81.jpg 600w, https:\/\/amthy.com\/wp-content\/uploads\/2021\/08\/AM20-1024x139.jpg 1024w, https:\/\/amthy.com\/wp-content\/uploads\/2021\/08\/AM20-768x104.jpg 768w, https:\/\/amthy.com\/wp-content\/uploads\/2021\/08\/AM20-1536x208.jpg 1536w, https:\/\/amthy.com\/wp-content\/uploads\/2021\/08\/AM20-2048x278.jpg 2048w, https:\/\/amthy.com\/wp-content\/uploads\/2021\/08\/AM20-18x2.jpg 18w\" sizes=\"(max-width: 857px) 100vw, 857px\" \/><\/p>\n<p><iframe title=\"Smart Lock Cylinder| AM-200 er den smarte l\u00e5s af Fingerprint og Phone APP opl\u00e5sningsfunktioner.\" width=\"1435\" height=\"807\" src=\"https:\/\/www.youtube.com\/embed\/yRCbSkD6CE8?feature=oembed\" frameborder=\"0\" allow=\"accelerometer; autoplay; clipboard-write; encrypted-media; gyroscope; picture-in-picture\" allowfullscreen><\/iframe><\/p>\n<p>AMTHY 200 er en smart d\u00f8rl\u00e5s, der giver dig fuld kontrol over dit hjems sikkerhed, samtidig med at du f\u00e5r fuldst\u00e6ndig ro i sindet. Brug en r\u00e6kke forskellige m\u00e5der at f\u00e5 adgang til dit hjem, uanset om det er via fingeraftryk, telefon Bluetooth eller via wifi-modulet til fjernbetjening. Med AMTHY digitale d\u00f8rl\u00e5s kan du sende brugere virtuelle n\u00f8gler, s\u00e5 venner og familie kan f\u00e5 adgang til dit hus, hvis du ikke er i n\u00e6rheden. N\u00e5r de har f\u00e5et adgang, kan du administrere, hvem der kan komme ind p\u00e5 din ejendom ved at deaktivere eller slette brugere via telefonappen. Virtuelle n\u00f8gler kan planl\u00e6gges eller g\u00f8res permanente for ultimativ kontrol over dit hjem eller ejendom. Du kan ogs\u00e5 overv\u00e5ge, hvem der kommer, og hvem der g\u00e5r, s\u00e5 du ved, hvorn\u00e5r dine k\u00e6re er sikkert hjemme. Du kan endda modtage en notifikation, der informerer dig, n\u00e5r nogen kommer hjem. Du beh\u00f8ver ikke bekymre dig om at have dine n\u00f8gler med dig. Alt du beh\u00f8ver er din smartphone, og med et enkelt tryk kan du nemt l\u00e5se d\u00f8ren op. Enheden bruger krypteret Bluetooth smart-teknologi, s\u00e5 smartl\u00e5sen er ikke afh\u00e6ngig af netv\u00e6rksmodtagelse. G\u00f8r din smartl\u00e5s endnu smartere ved at tilslutte et af vores l\u00e5semoduler. Direkte forretninger fra Smart Door Cylinder Manufacturer. <a href=\"https:\/\/en.wikipedia.org\/wiki\/Lock\" target=\"_blank\" rel=\"noopener\">L\u00e5se<\/a> og <a href=\"https:\/\/amthy.com\/da\/product-category\/smart-lock\/\">Smart d\u00f8rcylinder<\/a><\/p>\n<p><strong>Funktioner og fordele (Smart Door Cylinder Manufacturer):<\/strong><\/p>\n<ul>\n<li>N\u00f8glefri \u2013 Giver dig frihed til at sikre dit hjem uden behov for en n\u00f8gle<\/li>\n<li>Enkel at montere \u2013 Velegnet til de fleste PVC- og kompositd\u00f8re, skruetr\u00e6kker p\u00e5kr\u00e6vet<\/li>\n<li>Enkel at passe - <strong>Det er ikke n\u00f8dvendigt at \u00e6ndre hele l\u00e5sen<\/strong> men udskift kun cylinderen uden d\u00f8rskader. Nem installation.<\/li>\n<li>Batteridrevet \u2013 3 x AAA-batterier, advares, n\u00e5r batterierne er ved at l\u00f8be t\u00f8r<\/li>\n<li>Velegnet til d\u00f8re med en tykkelse p\u00e5 mellem 60-100mm<\/li>\n<li>F\u00e5s i en r\u00e6kke finish - inklusive sort og s\u00f8lv<\/li>\n<\/ul>\n<p>&nbsp;<\/p>\n<hr \/>\n<p>&nbsp;<\/p>","protected":false},"excerpt":{"rendered":"<ul>\n<li><strong>Stykkode:<\/strong> AM-200<\/li>\n<li><strong>Materiale<\/strong><strong>:<\/strong> Messing<\/li>\n<li><strong>Profil <\/strong>St\u00f8rrelse: 17*33*10mm<\/li>\n<li><strong>M\u00e6rke:<\/strong> ODM tilg\u00e6ngelig<\/li>\n<li><strong>Ans\u00f8gning:<\/strong> Tr\u00e6\/UPVC\/Sikkerhedsd\u00f8re<\/li>\n<li><strong>Batteri<\/strong>: Indbygget lithium<\/li>\n<li><strong>D\u00f8rtykkelse:<\/strong>60-100 mm<\/li>\n<li><strong>Driftstemperatur:<\/strong>-20\u00baC til +55\u00baC<\/li>\n<li><strong>Vandt\u00e6t:<\/strong>IP54<\/li>\n<li><b>Opl\u00e5sningstilstand: <\/b><em>Fingeraftryk\/Bluetooth\/Fjernbetjening Via Wifi-modul<\/em><\/li>\n<\/ul>","protected":false},"featured_media":1938,"template":"","meta":{"nf_dc_page":""},"product_brand":[],"product_cat":[55,25],"product_tag":[],"class_list":{"0":"post-1937","1":"product","2":"type-product","3":"status-publish","4":"has-post-thumbnail","6":"product_cat-smart-lock","7":"product_cat-euro-profile-cylinder-manufacturer","9":"first","10":"instock","11":"shipping-taxable","12":"product-type-simple"},"_links":{"self":[{"href":"https:\/\/amthy.com\/da\/wp-json\/wp\/v2\/product\/1937","targetHints":{"allow":["GET"]}}],"collection":[{"href":"https:\/\/amthy.com\/da\/wp-json\/wp\/v2\/product"}],"about":[{"href":"https:\/\/amthy.com\/da\/wp-json\/wp\/v2\/types\/product"}],"wp:featuredmedia":[{"embeddable":true,"href":"https:\/\/amthy.com\/da\/wp-json\/wp\/v2\/media\/1938"}],"wp:attachment":[{"href":"https:\/\/amthy.com\/da\/wp-json\/wp\/v2\/media?parent=1937"}],"wp:term":[{"taxonomy":"product_brand","embeddable":true,"href":"https:\/\/amthy.com\/da\/wp-json\/wp\/v2\/product_brand?post=1937"},{"taxonomy":"product_cat","embeddable":true,"href":"https:\/\/amthy.com\/da\/wp-json\/wp\/v2\/product_cat?post=1937"},{"taxonomy":"product_tag","embeddable":true,"href":"https:\/\/amthy.com\/da\/wp-json\/wp\/v2\/product_tag?post=1937"}],"curies":[{"name":"wp","href":"https:\/\/api.w.org\/{rel}","templated":true}]}}