{"id":2137,"date":"2021-11-17T12:42:08","date_gmt":"2021-11-17T04:42:08","guid":{"rendered":"https:\/\/amthy.com\/?post_type=product&#038;p=2137"},"modified":"2023-05-26T19:50:07","modified_gmt":"2023-05-26T11:50:07","slug":"hotel-door-lock-manufacturer","status":"publish","type":"product","link":"https:\/\/amthy.com\/da\/product\/hotel-door-lock-manufacturer\/","title":{"rendered":"Hoteld\u00f8rl\u00e5s AM-6677"},"content":{"rendered":"<p><img fetchpriority=\"high\" decoding=\"async\" class=\"aligncenter wp-image-2034\" src=\"https:\/\/amthy.com\/wp-content\/uploads\/2021\/08\/AM400-300x35.jpg\" alt=\"Hotel d\u00f8rl\u00e5s producent\" width=\"1003\" height=\"117\" title=\"\" srcset=\"https:\/\/amthy.com\/wp-content\/uploads\/2021\/08\/AM400-300x35.jpg 300w, https:\/\/amthy.com\/wp-content\/uploads\/2021\/08\/AM400-600x71.jpg 600w, https:\/\/amthy.com\/wp-content\/uploads\/2021\/08\/AM400-1024x120.jpg 1024w, https:\/\/amthy.com\/wp-content\/uploads\/2021\/08\/AM400-768x90.jpg 768w, https:\/\/amthy.com\/wp-content\/uploads\/2021\/08\/AM400-1536x181.jpg 1536w, https:\/\/amthy.com\/wp-content\/uploads\/2021\/08\/AM400-2048x241.jpg 2048w, https:\/\/amthy.com\/wp-content\/uploads\/2021\/08\/AM400-18x2.jpg 18w\" sizes=\"(max-width: 1003px) 100vw, 1003px\" \/><\/p>\n<p>&nbsp;<\/p>\n<p>Hotel d\u00f8rl\u00e5s producent. AMTHY 6677 er en smart d\u00f8rl\u00e5s, der giver dig fuld kontrol over dit hjems sikkerhed, samtidig med at du f\u00e5r fuldst\u00e6ndig ro i sindet. Brug en r\u00e6kke forskellige m\u00e5der at f\u00e5 adgang til dit hjem, uanset om det er via fingeraftryk, telefon Bluetooth eller via wifi-modulet til fjernbetjening. Med AMTHY digitale d\u00f8rl\u00e5s kan du sende brugere virtuelle n\u00f8gler, s\u00e5 venner og familie kan f\u00e5 adgang til dit hus, hvis du ikke er i n\u00e6rheden. N\u00e5r de har f\u00e5et adgang, kan du administrere, hvem der kan komme ind p\u00e5 din ejendom ved at deaktivere eller slette brugere via telefonappen.<\/p>\n<p>Virtuelle n\u00f8gler kan planl\u00e6gges eller g\u00f8res permanente for ultimativ kontrol over dit hjem eller ejendom. Du kan ogs\u00e5 overv\u00e5ge, hvem der kommer, og hvem der g\u00e5r, s\u00e5 du ved, hvorn\u00e5r dine k\u00e6re er sikkert hjemme. Du kan endda modtage en notifikation, der informerer dig, n\u00e5r nogen kommer hjem. Du beh\u00f8ver ikke bekymre dig om at have dine n\u00f8gler med dig. Alt du beh\u00f8ver er din smartphone, og med et enkelt tryk kan du nemt l\u00e5se d\u00f8ren op. Enheden bruger krypteret Bluetooth smart-teknologi, s\u00e5 smartl\u00e5sen er ikke afh\u00e6ngig af netv\u00e6rksmodtagelse. G\u00f8r din smartl\u00e5s endnu smartere ved at tilslutte et af vores l\u00e5semoduler. Direkte forretning fra Smart Door Cylinder Manufacturer. <a href=\"https:\/\/en.wikipedia.org\/wiki\/Lock\" target=\"_blank\" rel=\"noopener\">L\u00e5se<\/a> og <a href=\"https:\/\/amthy.com\/da\/product-category\/smart-lock\/\">Hotel d\u00f8rl\u00e5s producent<\/a><\/p>\n<h2>Hvorfor os? (Producent af hoteld\u00f8rl\u00e5s)<\/h2>\n<h3><strong>\u221aPlidelig kvalitet<\/strong><\/h3>\n<ul>\n<li>Professionelt QC-team overv\u00e5ger hele produktionen<\/li>\n<li>Streng udv\u00e6lgelse af samarbejdspartnere<\/li>\n<\/ul>\n<h3><strong>\u221aKonkurrencedygtig pris<\/strong><\/h3>\n<ul>\n<li>R\u00e5vare p\u00e5 3 m\u00e5neders lager for at mindske risikoen for prissvingninger<\/li>\n<li>Automatisk og avanceret udstyr reducerer de h\u00f8je arbejdsomkostninger<\/li>\n<\/ul>\n<h3><strong>\u221aTillidsfuld service til over 20 lande.<\/strong><\/h3>\n<ul>\n<li>ODM\/OEM service<\/li>\n<li>Ansvarlig eftersalgsservice<\/li>\n<\/ul>","protected":false},"excerpt":{"rendered":"<ul>\n<li><strong>Stykkode:<\/strong> AM-6677<\/li>\n<li><strong>Materiale<\/strong><strong>:<\/strong> Rustfrit st\u00e5l<\/li>\n<li><strong>L\u00e5selegeme:<\/strong> sikkerhed<\/li>\n<li><strong>M\u00e6rke:<\/strong> ODM tilg\u00e6ngelig<\/li>\n<li><strong>Ans\u00f8gning:<\/strong> Tr\u00e6\/UPVC\/Sikkerhedsd\u00f8re<\/li>\n<li><strong>Batteri<\/strong>: 4*1,5v<\/li>\n<li><strong>D\u00f8rtykkelse:<\/strong>30-65 mm<\/li>\n<li><b>Opl\u00e5sningstilstand:<\/b>Adgangskode\/ID-kort\/mekanisk n\u00f8gle\/Bluetooth\/Wifi<\/li>\n<\/ul>","protected":false},"featured_media":2138,"template":"","meta":[],"product_brand":[],"product_cat":[55],"product_tag":[],"class_list":{"0":"post-2137","1":"product","2":"type-product","3":"status-publish","4":"has-post-thumbnail","6":"product_cat-smart-lock","8":"first","9":"instock","10":"shipping-taxable","11":"product-type-simple"},"_links":{"self":[{"href":"https:\/\/amthy.com\/da\/wp-json\/wp\/v2\/product\/2137","targetHints":{"allow":["GET"]}}],"collection":[{"href":"https:\/\/amthy.com\/da\/wp-json\/wp\/v2\/product"}],"about":[{"href":"https:\/\/amthy.com\/da\/wp-json\/wp\/v2\/types\/product"}],"wp:featuredmedia":[{"embeddable":true,"href":"https:\/\/amthy.com\/da\/wp-json\/wp\/v2\/media\/2138"}],"wp:attachment":[{"href":"https:\/\/amthy.com\/da\/wp-json\/wp\/v2\/media?parent=2137"}],"wp:term":[{"taxonomy":"product_brand","embeddable":true,"href":"https:\/\/amthy.com\/da\/wp-json\/wp\/v2\/product_brand?post=2137"},{"taxonomy":"product_cat","embeddable":true,"href":"https:\/\/amthy.com\/da\/wp-json\/wp\/v2\/product_cat?post=2137"},{"taxonomy":"product_tag","embeddable":true,"href":"https:\/\/amthy.com\/da\/wp-json\/wp\/v2\/product_tag?post=2137"}],"curies":[{"name":"wp","href":"https:\/\/api.w.org\/{rel}","templated":true}]}}