{"id":1225,"date":"2021-05-12T14:00:35","date_gmt":"2021-05-12T06:00:35","guid":{"rendered":"https:\/\/amthy.com\/?post_type=product&#038;p=1225"},"modified":"2021-10-19T16:51:46","modified_gmt":"2021-10-19T08:51:46","slug":"mortise-handle-manufacturer-supplier","status":"publish","type":"product","link":"https:\/\/amthy.com\/de\/product\/mortise-handle-manufacturer-supplier\/","title":{"rendered":"T\u00fcrgriff AM-237"},"content":{"rendered":"<h2>Wer wir sind? (<a href=\"https:\/\/en.wikipedia.org\/wiki\/Mortise_lock\" target=\"_blank\" rel=\"noopener\">Verzapfen<\/a> Griffhersteller &amp; Lieferant)<\/h2>\n<p style=\"text-align: left;\"><a href=\"https:\/\/amthy.com\/wp-content\/uploads\/2021\/10\/AMTHY-Zinc-Handle.pdf\">Amthy <\/a>Amthy ist ein Unternehmen und Hersteller von T\u00fcrgriffen aus China.\u00a0Unsere Produktpalette umfasst Zinklegierung, Messing, Edelstahl und Aluminiummaterialien. Verchromte und schwarze T\u00fcrgriffe sind sehr beliebt f\u00fcr Innent\u00fcren, w\u00e4hrend die Edelstahl-T\u00fcrgriffe f\u00fcr kommerzielle Anwendungen sehr beliebt sind. W\u00e4hrend der Herstellung beeinflussen das Polieren und die Galvanisierung die QUALIT\u00c4T am meisten. Als professioneller Hersteller und Lieferant von T\u00fcrschl\u00f6ssern f\u00fchren wir strenge Polierarbeiten manuell und automatisch durch. F\u00fcr die galvanische Oberfl\u00e4chenbeschichtung halten unsere Produkte mehr als 72 Stunden w\u00e4hrend des Salzspr\u00fchtests. Deshalb, Unser k\u00fcnstlerisches Design und r\u00fccksichtsvollen Service bringen uns zu einem der besten T\u00fcrgriff Unternehmen in China zu sein.<\/p>\n<h2 style=\"text-align: left;\">Was ist ein T\u00fcrgriff?<\/h2>\n<p>Ein T\u00fcrgriff oder T\u00fcrknauf ist ein Werkzeug, mit dem eine T\u00fcr ge\u00f6ffnet oder geschlossen werden kann. Man findet ihn an allen Arten von T\u00fcren, einschlie\u00dflich Au\u00dfen- und Innent\u00fcren in Wohn- und Gesch\u00e4ftsgeb\u00e4uden, au\u00dferdem muss er \u00fcber einen Verriegelungs- oder Schlie\u00dfmechanismus verf\u00fcgen. Dazu geh\u00f6ren das Geh\u00e4use des Einsteckschlosses und der T\u00fcrschlie\u00dfzylinder.<\/p>\n<p><img fetchpriority=\"high\" decoding=\"async\" class=\"aligncenter wp-image-917\" src=\"https:\/\/amthy.com\/wp-content\/uploads\/2021\/05\/\u5fae\u4fe1\u56fe\u7247_20210503173056-300x201.png\" alt=\"Hersteller und Lieferant von Einsteckgriffen\" width=\"469\" height=\"314\" title=\"\" srcset=\"https:\/\/amthy.com\/wp-content\/uploads\/2021\/05\/\u5fae\u4fe1\u56fe\u7247_20210503173056-300x201.png 300w, https:\/\/amthy.com\/wp-content\/uploads\/2021\/05\/\u5fae\u4fe1\u56fe\u7247_20210503173056-600x401.png 600w, https:\/\/amthy.com\/wp-content\/uploads\/2021\/05\/\u5fae\u4fe1\u56fe\u7247_20210503173056-1024x685.png 1024w, https:\/\/amthy.com\/wp-content\/uploads\/2021\/05\/\u5fae\u4fe1\u56fe\u7247_20210503173056-768x514.png 768w, https:\/\/amthy.com\/wp-content\/uploads\/2021\/05\/\u5fae\u4fe1\u56fe\u7247_20210503173056.png 1097w\" sizes=\"(max-width: 469px) 100vw, 469px\" \/><\/p>\n<h2>Warum wir? (Einsteckgriff Hersteller &amp; Lieferant)<\/h2>\n<h3><strong>\u221aZuverl\u00e4ssige Qualit\u00e4t<\/strong><\/h3>\n<ul>\n<li>Professionelles QC-Team \u00fcberwacht die gesamte Produktion<\/li>\n<li>Strenge Auswahl der Kooperationspartner<\/li>\n<\/ul>\n<h3><strong>\u221aWettbewerbsf\u00e4higer Preis<\/strong><\/h3>\n<ul>\n<li>Rohmaterial auf 3-Monats-Lager, um das Risiko von Preisschwankungen zu verringern<\/li>\n<li>Automatische und fortschrittliche Ausr\u00fcstung zur Reduzierung der hohen Arbeitskosten<\/li>\n<\/ul>\n<h3><strong>\u221aVertrauensvoller Service f\u00fcr \u00fcber 20 L\u00e4nder.<\/strong><\/h3>\n<ul>\n<li>ODM\/OEM-Dienstleistung<\/li>\n<li>Verantwortungsvoller Kundendienst<\/li>\n<\/ul>\n<p>&nbsp;<\/p>","protected":false},"excerpt":{"rendered":"<p>Die T\u00fcrgriffe k\u00f6nnen mit unterschiedlichen Oberfl\u00e4chen und Spindeln f\u00fcr verschiedene T\u00fcren angepasst werden.<\/p>\n<ul>\n<li><strong>Artikel-Code:<\/strong> AM-237<\/li>\n<li><strong>Material:<\/strong> Zinklegierung<\/li>\n<li><strong>Marke:<\/strong> ODM verf\u00fcgbar<\/li>\n<li><strong>Oberfl\u00e4che:<\/strong> Chrom CP, Chrom satiniert SC, Messing poliert PB, Messing gebeizt SB, Nickel poliert PN, Nickel satiniert SN, Messing antik AB, Bronze ge\u00f6lt ORB, Schwarz BL<\/li>\n<li><strong>Zubeh\u00f6r:<\/strong>7.6mmx7.6mm x100mm Spindel x 1 St\u00fcck+M3.8x30mm Schraube x 4 St\u00fcck+2.5mm Inbusschl\u00fcssel x 1 St\u00fcck<\/li>\n<li><strong>Anwendung:<\/strong> Holz\/Metall, Innen-\/Eingangst\u00fcr, (35-50mm)<\/li>\n<\/ul>\n<p>&nbsp;<\/p>","protected":false},"featured_media":1229,"template":"","meta":{"nf_dc_page":""},"product_brand":[],"product_cat":[26,31],"product_tag":[28,29],"class_list":{"0":"post-1225","1":"product","2":"type-product","3":"status-publish","4":"has-post-thumbnail","6":"product_cat-door-handle-manufacturer","7":"product_cat-zinc-alloy-door-handle","8":"product_tag-door-handle","9":"product_tag-door-knob","11":"first","12":"instock","13":"shipping-taxable","14":"product-type-simple"},"_links":{"self":[{"href":"https:\/\/amthy.com\/de\/wp-json\/wp\/v2\/product\/1225","targetHints":{"allow":["GET"]}}],"collection":[{"href":"https:\/\/amthy.com\/de\/wp-json\/wp\/v2\/product"}],"about":[{"href":"https:\/\/amthy.com\/de\/wp-json\/wp\/v2\/types\/product"}],"wp:featuredmedia":[{"embeddable":true,"href":"https:\/\/amthy.com\/de\/wp-json\/wp\/v2\/media\/1229"}],"wp:attachment":[{"href":"https:\/\/amthy.com\/de\/wp-json\/wp\/v2\/media?parent=1225"}],"wp:term":[{"taxonomy":"product_brand","embeddable":true,"href":"https:\/\/amthy.com\/de\/wp-json\/wp\/v2\/product_brand?post=1225"},{"taxonomy":"product_cat","embeddable":true,"href":"https:\/\/amthy.com\/de\/wp-json\/wp\/v2\/product_cat?post=1225"},{"taxonomy":"product_tag","embeddable":true,"href":"https:\/\/amthy.com\/de\/wp-json\/wp\/v2\/product_tag?post=1225"}],"curies":[{"name":"wp","href":"https:\/\/api.w.org\/{rel}","templated":true}]}}