{"id":1341,"date":"2021-05-12T19:50:51","date_gmt":"2021-05-12T11:50:51","guid":{"rendered":"https:\/\/amthy.com\/?post_type=product&#038;p=1341"},"modified":"2021-10-19T16:51:47","modified_gmt":"2021-10-19T08:51:47","slug":"brass-door-handle-supplier","status":"publish","type":"product","link":"https:\/\/amthy.com\/de\/product\/brass-door-handle-supplier\/","title":{"rendered":"T\u00fcrgriff AM-816"},"content":{"rendered":"<h2>Wer wir sind? (<a href=\"https:\/\/amthy.com\/wp-content\/uploads\/2021\/10\/AMTHY-Brass-Handle.pdf\">T\u00fcrgriff aus Messing<\/a> Anbieter)<\/h2>\n<p style=\"text-align: left;\">Amthy ist ein <a href=\"https:\/\/en.wikipedia.org\/wiki\/Door_handle\" target=\"_blank\" rel=\"noopener\">T\u00fcrschnalle<\/a> Amthy ist ein Unternehmen und Hersteller von T\u00fcrgriffen aus China.\u00a0Unsere Produktpalette umfasst Zinklegierung, Messing, Edelstahl und Aluminiummaterialien. Verchromte und schwarze T\u00fcrgriffe sind sehr beliebt f\u00fcr Innent\u00fcren, w\u00e4hrend die Edelstahl-T\u00fcrgriffe f\u00fcr kommerzielle Anwendungen sehr beliebt sind. W\u00e4hrend der Herstellung beeinflussen das Polieren und die Galvanisierung die QUALIT\u00c4T am meisten. Als professioneller Hersteller und Lieferant von T\u00fcrschl\u00f6ssern f\u00fchren wir strenge Polierarbeiten manuell und automatisch durch. F\u00fcr die galvanische Oberfl\u00e4chenbeschichtung halten unsere Produkte mehr als 72 Stunden w\u00e4hrend des Salzspr\u00fchtests. Deshalb, Unser k\u00fcnstlerisches Design und r\u00fccksichtsvollen Service bringen uns zu einem der besten T\u00fcrgriff Unternehmen in China zu sein.<\/p>\n<h2 style=\"text-align: left;\">Was ist ein T\u00fcrgriff?<\/h2>\n<p>Ein T\u00fcrgriff oder T\u00fcrknauf ist ein Werkzeug, mit dem eine T\u00fcr ge\u00f6ffnet oder geschlossen werden kann. Man findet ihn an allen Arten von T\u00fcren, einschlie\u00dflich Au\u00dfen- und Innent\u00fcren in Wohn- und Gesch\u00e4ftsgeb\u00e4uden, au\u00dferdem muss er \u00fcber einen Verriegelungs- oder Schlie\u00dfmechanismus verf\u00fcgen. Dazu geh\u00f6ren das Geh\u00e4use des Einsteckschlosses und der T\u00fcrschlie\u00dfzylinder.<\/p>\n<p>&nbsp;<\/p>\n<p><img fetchpriority=\"high\" decoding=\"async\" class=\"wp-image-938 aligncenter\" src=\"https:\/\/amthy.com\/wp-content\/uploads\/2021\/05\/Design_PC-300x187.jpg\" alt=\"Lieferant von T\u00fcrgriffen aus Messing\" width=\"419\" height=\"261\" title=\"\" srcset=\"https:\/\/amthy.com\/wp-content\/uploads\/2021\/05\/Design_PC-300x187.jpg 300w, https:\/\/amthy.com\/wp-content\/uploads\/2021\/05\/Design_PC-600x374.jpg 600w, https:\/\/amthy.com\/wp-content\/uploads\/2021\/05\/Design_PC-768x478.jpg 768w, https:\/\/amthy.com\/wp-content\/uploads\/2021\/05\/Design_PC.jpg 928w\" sizes=\"(max-width: 419px) 100vw, 419px\" \/><\/p>\n<h2>Warum wir? (Lieferant f\u00fcr Messing-T\u00fcrgriffe)<\/h2>\n<h3><strong>\u221aZuverl\u00e4ssige Qualit\u00e4t<\/strong><\/h3>\n<ul>\n<li>Professionelles QC-Team \u00fcberwacht die gesamte Produktion<\/li>\n<li>Strenge Auswahl der Kooperationspartner<\/li>\n<\/ul>\n<h3><strong>\u221aWettbewerbsf\u00e4higer Preis<\/strong><\/h3>\n<ul>\n<li>Rohmaterial auf 3-Monats-Lager, um das Risiko von Preisschwankungen zu verringern<\/li>\n<li>Automatische und fortschrittliche Ausr\u00fcstung zur Reduzierung der hohen Arbeitskosten<\/li>\n<\/ul>\n<h3><strong>\u221aVertrauensvoller Service f\u00fcr \u00fcber 20 L\u00e4nder.<\/strong><\/h3>\n<ul>\n<li>ODM\/OEM-Dienstleistung<\/li>\n<li>Verantwortungsvoller Kundendienst<\/li>\n<\/ul>\n<p>&nbsp;<\/p>","protected":false},"excerpt":{"rendered":"<p>Die T\u00fcrgriffe k\u00f6nnen mit unterschiedlichen Oberfl\u00e4chen und Spindeln f\u00fcr verschiedene T\u00fcren angepasst werden.<\/p>\n<ul>\n<li><strong>Artikel-Code:<\/strong> AM-816<\/li>\n<li><strong>Material:<\/strong> Messing\/Zink-Legierung<\/li>\n<li><strong>Marke:<\/strong> ODM verf\u00fcgbar<\/li>\n<li><strong>Oberfl\u00e4che:<\/strong> Chrom CP, Chrom satiniert SC, Messing poliert PB, Messing gebeizt SB, Nickel poliert PN, Nickel satiniert SN, Messing antik AB, Bronze ge\u00f6lt ORB, Schwarz BL<\/li>\n<li><strong>Zubeh\u00f6r:<\/strong>7.6mmx7.6mm x100mm Spindel x 1 St\u00fcck+M3.8x30mm Schraube x 4 St\u00fcck+2.5mm Inbusschl\u00fcssel x 1 St\u00fcck<\/li>\n<li><strong>Anwendung:<\/strong> Holz\/Metall, Innen-\/Eingangst\u00fcr, (35-50mm)<\/li>\n<\/ul>\n<p>&nbsp;<\/p>","protected":false},"featured_media":796,"template":"","meta":{"nf_dc_page":""},"product_brand":[],"product_cat":[26,33],"product_tag":[28,29],"class_list":{"0":"post-1341","1":"product","2":"type-product","3":"status-publish","4":"has-post-thumbnail","6":"product_cat-door-handle-manufacturer","7":"product_cat-brass-door-handle","8":"product_tag-door-handle","9":"product_tag-door-knob","11":"first","12":"instock","13":"shipping-taxable","14":"product-type-simple"},"_links":{"self":[{"href":"https:\/\/amthy.com\/de\/wp-json\/wp\/v2\/product\/1341","targetHints":{"allow":["GET"]}}],"collection":[{"href":"https:\/\/amthy.com\/de\/wp-json\/wp\/v2\/product"}],"about":[{"href":"https:\/\/amthy.com\/de\/wp-json\/wp\/v2\/types\/product"}],"wp:featuredmedia":[{"embeddable":true,"href":"https:\/\/amthy.com\/de\/wp-json\/wp\/v2\/media\/796"}],"wp:attachment":[{"href":"https:\/\/amthy.com\/de\/wp-json\/wp\/v2\/media?parent=1341"}],"wp:term":[{"taxonomy":"product_brand","embeddable":true,"href":"https:\/\/amthy.com\/de\/wp-json\/wp\/v2\/product_brand?post=1341"},{"taxonomy":"product_cat","embeddable":true,"href":"https:\/\/amthy.com\/de\/wp-json\/wp\/v2\/product_cat?post=1341"},{"taxonomy":"product_tag","embeddable":true,"href":"https:\/\/amthy.com\/de\/wp-json\/wp\/v2\/product_tag?post=1341"}],"curies":[{"name":"wp","href":"https:\/\/api.w.org\/{rel}","templated":true}]}}