{"id":1364,"date":"2021-05-12T20:15:37","date_gmt":"2021-05-12T12:15:37","guid":{"rendered":"https:\/\/amthy.com\/?post_type=product&#038;p=1364"},"modified":"2022-10-14T15:55:48","modified_gmt":"2022-10-14T07:55:48","slug":"mortise-handle-manufacturer","status":"publish","type":"product","link":"https:\/\/amthy.com\/de\/product\/mortise-handle-manufacturer\/","title":{"rendered":"Hersteller von Einsteckgriffen | Schl\u00fcsselloses Schloss"},"content":{"rendered":"<h2>Wer sind wir?<\/h2>\n<p style=\"text-align: left;\">Amthy ist ein Originalhersteller von Einsteckgriffen aus China. Unsere Produktpalette umfasst Zinklegierungen, Messing, Edelstahl und Aluminiummaterialien. Chrom- und schwarze T\u00fcrgriffgarnituren sind sehr beliebt f\u00fcr Innent\u00fcren, w\u00e4hrend der Edelstahlt\u00fcrgriff f\u00fcr gewerbliche Anwendungen sehr beliebt ist. W\u00e4hrend der Herstellung beeinflussen das Polieren und Galvanisieren die QUALIT\u00c4T am meisten. Als professioneller Hersteller und Lieferant von T\u00fcrschl\u00f6ssern f\u00fchren wir strenge manuelle und automatische Polierarbeiten durch. F\u00fcr die galvanische Oberfl\u00e4chenschicht halten unsere Artikel w\u00e4hrend des Salzspr\u00fchtests mehr als 72 Stunden. Daher bringen uns unser k\u00fcnstlerisches Design und unser r\u00fccksichtsvoller Service zu einem der besten Hersteller von Einsteckgriffen in China.<\/p>\n<h2 style=\"text-align: left;\">Was ist ein T\u00fcrgriff?<\/h2>\n<p>Ein T\u00fcrgriff oder T\u00fcrknauf ist ein Werkzeug, mit dem eine T\u00fcr ge\u00f6ffnet oder geschlossen werden kann. Man findet ihn an allen Arten von T\u00fcren, einschlie\u00dflich Au\u00dfen- und Innent\u00fcren in Wohn- und Gesch\u00e4ftsgeb\u00e4uden, au\u00dferdem muss er \u00fcber einen Verriegelungs- oder Schlie\u00dfmechanismus verf\u00fcgen. Dazu geh\u00f6ren das Geh\u00e4use des Einsteckschlosses und der T\u00fcrschlie\u00dfzylinder.<\/p>\n<h2>Warum wir? (Hersteller von Einsteckgriffen)<\/h2>\n<h3><strong>\u221aZuverl\u00e4ssige Qualit\u00e4t<\/strong><\/h3>\n<ul>\n<li>Das professionelle QC-Team \u00fcberwacht die gesamte Produktion<\/li>\n<li>Strenge Auswahl der Kooperationspartner<\/li>\n<\/ul>\n<h3><strong>\u221aWettbewerbsf\u00e4higer Preis<\/strong><\/h3>\n<ul>\n<li>Rohmaterial in 3-Monats-Lagerung, um das Risiko von Preisschwankungen zu verringern<\/li>\n<li>Automatische und fortschrittliche Ausr\u00fcstung zur Reduzierung der hohen Arbeitskosten<\/li>\n<\/ul>\n<h3><strong>\u221aVertrauensvoller Service f\u00fcr \u00fcber 20 L\u00e4nder.<\/strong><\/h3>\n<ul>\n<li>ODM\/OEM-Dienstleistung<\/li>\n<li>Verantwortungsvoller Kundendienst<\/li>\n<\/ul>\n<p>&nbsp;<\/p>","protected":false},"excerpt":{"rendered":"<p>Schl\u00fcsselloses T\u00fcrgriffsystem mit Magnetschlossk\u00f6rper, keine Schl\u00fcssel mehr<\/p>\n<ul>\n<li><strong>Artikel-Code:<\/strong> AM-003<\/li>\n<li><strong>Material:<\/strong> Zinklegierung<\/li>\n<li><strong>Marke:<\/strong> ODM verf\u00fcgbar<\/li>\n<li><strong>Oberfl\u00e4che:<\/strong> Chrom CP, Chrom satiniert SC, Messing poliert PB, Messing gebeizt SB, Nickel poliert PN, Nickel satiniert SN, Messing antik AB, Bronze ge\u00f6lt ORB, Schwarz BL<\/li>\n<li><strong>Zubeh\u00f6r:<\/strong>7.6mmx7.6mm x100mm Spindel x 1 St\u00fcck+M3.8x30mm Schraube x 4 St\u00fcck+2.5mm Inbusschl\u00fcssel x 1 St\u00fcck<\/li>\n<li><strong>Anwendung:<\/strong> Holz\/Metall, Innen-\/Eingangst\u00fcr, (35-50mm)<\/li>\n<\/ul>\n<p>&nbsp;<\/p>","protected":false},"featured_media":1365,"template":"","meta":{"nf_dc_page":""},"product_brand":[],"product_cat":[26,31],"product_tag":[28,29],"class_list":{"0":"post-1364","1":"product","2":"type-product","3":"status-publish","4":"has-post-thumbnail","6":"product_cat-door-handle-manufacturer","7":"product_cat-zinc-alloy-door-handle","8":"product_tag-door-handle","9":"product_tag-door-knob","11":"first","12":"instock","13":"shipping-taxable","14":"product-type-simple"},"_links":{"self":[{"href":"https:\/\/amthy.com\/de\/wp-json\/wp\/v2\/product\/1364","targetHints":{"allow":["GET"]}}],"collection":[{"href":"https:\/\/amthy.com\/de\/wp-json\/wp\/v2\/product"}],"about":[{"href":"https:\/\/amthy.com\/de\/wp-json\/wp\/v2\/types\/product"}],"wp:featuredmedia":[{"embeddable":true,"href":"https:\/\/amthy.com\/de\/wp-json\/wp\/v2\/media\/1365"}],"wp:attachment":[{"href":"https:\/\/amthy.com\/de\/wp-json\/wp\/v2\/media?parent=1364"}],"wp:term":[{"taxonomy":"product_brand","embeddable":true,"href":"https:\/\/amthy.com\/de\/wp-json\/wp\/v2\/product_brand?post=1364"},{"taxonomy":"product_cat","embeddable":true,"href":"https:\/\/amthy.com\/de\/wp-json\/wp\/v2\/product_cat?post=1364"},{"taxonomy":"product_tag","embeddable":true,"href":"https:\/\/amthy.com\/de\/wp-json\/wp\/v2\/product_tag?post=1364"}],"curies":[{"name":"wp","href":"https:\/\/api.w.org\/{rel}","templated":true}]}}