{"id":1372,"date":"2021-05-12T20:42:00","date_gmt":"2021-05-12T12:42:00","guid":{"rendered":"https:\/\/amthy.com\/?post_type=product&#038;p=1372"},"modified":"2021-10-19T17:11:17","modified_gmt":"2021-10-19T09:11:17","slug":"stainless-steel-door-handle-manufacturer","status":"publish","type":"product","link":"https:\/\/amthy.com\/de\/product\/stainless-steel-door-handle-manufacturer\/","title":{"rendered":"T\u00fcrgriff aus Edelstahl AM-SS01"},"content":{"rendered":"<h2>Wer wir sind? (Edelstahl-T\u00fcrgriff Hersteller)<\/h2>\n<p style=\"text-align: left;\">Amthy ist ein Unternehmen und Hersteller von T\u00fcrgriffen aus China.\u00a0Unsere Produktpalette umfasst Zinklegierung, Messing, Edelstahl und Aluminiummaterialien. Verchromte und schwarze T\u00fcrgriffe sind sehr beliebt f\u00fcr Innent\u00fcren, w\u00e4hrend die Edelstahl-T\u00fcrgriffe f\u00fcr kommerzielle Anwendungen sehr beliebt sind. W\u00e4hrend der Herstellung beeinflussen das Polieren und die Galvanisierung die QUALIT\u00c4T am meisten. Als professioneller Hersteller und Lieferant von T\u00fcrschl\u00f6ssern f\u00fchren wir strenge Polierarbeiten manuell und automatisch durch. F\u00fcr die galvanische Oberfl\u00e4chenbeschichtung halten unsere Produkte mehr als 72 Stunden w\u00e4hrend des Salzspr\u00fchtests. Deshalb, Unser k\u00fcnstlerisches Design und r\u00fccksichtsvollen Service bringen uns zu einem der besten T\u00fcrgriff Unternehmen in China zu sein. <a href=\"https:\/\/amthy.com\/wp-content\/uploads\/2021\/09\/AMTHY-Stainless-Steel.pdf\">T\u00fcrgriff aus Edelstahl<\/a> Hersteller<\/p>\n<h2 style=\"text-align: left;\">Was ist ein T\u00fcrgriff?<\/h2>\n<p>EIN <a href=\"https:\/\/en.wikipedia.org\/wiki\/Door_handle\" target=\"_blank\" rel=\"noopener\">T\u00fcrschnalle<\/a> oder T\u00fcrknauf ist ein Werkzeug zum \u00d6ffnen oder Schlie\u00dfen einer T\u00fcr. es kann auf allen Arten von T\u00fcren gefunden werden, einschlie\u00dflich Au\u00dfen- und Innent\u00fcren f\u00fcr Wohn- und Gesch\u00e4ftsgeb\u00e4ude, au\u00dferdem muss es Verriegelungs- oder Verriegelungsmechanismen enthalten. Wie der Einsteckschlossk\u00f6rper und der T\u00fcrschlie\u00dfzylinder. Hersteller von Edelstahl-T\u00fcrgriffen<\/p>\n<h2>Warum wir?<\/h2>\n<h3><strong>\u221aZuverl\u00e4ssige Qualit\u00e4t<\/strong><\/h3>\n<ul>\n<li>Professionelles QC-Team \u00fcberwacht die gesamte Produktion<\/li>\n<li>Strenge Auswahl der Kooperationspartner<\/li>\n<\/ul>\n<h3><strong>\u221aWettbewerbsf\u00e4higer Preis<\/strong><\/h3>\n<ul>\n<li>Rohmaterial auf 3-Monats-Lager, um das Risiko von Preisschwankungen zu verringern<\/li>\n<li>Automatische und fortschrittliche Ausr\u00fcstung zur Reduzierung der hohen Arbeitskosten<\/li>\n<\/ul>\n<h3><strong>\u221aVertrauensvoller Service f\u00fcr \u00fcber 20 L\u00e4nder.<\/strong><\/h3>\n<ul>\n<li>ODM\/OEM-Dienstleistung<\/li>\n<li>Verantwortungsvoller Kundendienst<\/li>\n<\/ul>\n<p>&nbsp;<\/p>\n<p>&nbsp;<\/p>","protected":false},"excerpt":{"rendered":"<p>Die T\u00fcrgriffe k\u00f6nnen mit unterschiedlichen Oberfl\u00e4chen und Spindeln f\u00fcr verschiedene T\u00fcren angepasst werden.<\/p>\n<ul>\n<li><strong>Artikel-Code:<\/strong> AM-SS01<\/li>\n<li><strong>Material:<\/strong> Rostfreier Stahl 201\/304<\/li>\n<li><strong>Marke:<\/strong> ODM verf\u00fcgbar<\/li>\n<li><b>Rohr-Durchmesser:<\/b>18\/22mm<\/li>\n<li><strong>Zubeh\u00f6r:<\/strong>7.6mmx7.6mm x100mm Spindel x 1 St\u00fcck+M3.8x30mm Schraube x 4 St\u00fcck+2.5mm Inbusschl\u00fcssel x 1 St\u00fcck<\/li>\n<li><strong>Anwendung:<\/strong> Notfall-\/Durchgangst\u00fcr (35-50 mm)<\/li>\n<li><strong>Feuerfest<\/strong>: JAWOHL<\/li>\n<\/ul>","protected":false},"featured_media":1387,"template":"","meta":{"nf_dc_page":""},"product_brand":[],"product_cat":[26,32],"product_tag":[28,29],"class_list":{"0":"post-1372","1":"product","2":"type-product","3":"status-publish","4":"has-post-thumbnail","6":"product_cat-door-handle-manufacturer","7":"product_cat-stainless-steel-handle-manufacturer","8":"product_tag-door-handle","9":"product_tag-door-knob","11":"first","12":"instock","13":"shipping-taxable","14":"product-type-simple"},"_links":{"self":[{"href":"https:\/\/amthy.com\/de\/wp-json\/wp\/v2\/product\/1372","targetHints":{"allow":["GET"]}}],"collection":[{"href":"https:\/\/amthy.com\/de\/wp-json\/wp\/v2\/product"}],"about":[{"href":"https:\/\/amthy.com\/de\/wp-json\/wp\/v2\/types\/product"}],"wp:featuredmedia":[{"embeddable":true,"href":"https:\/\/amthy.com\/de\/wp-json\/wp\/v2\/media\/1387"}],"wp:attachment":[{"href":"https:\/\/amthy.com\/de\/wp-json\/wp\/v2\/media?parent=1372"}],"wp:term":[{"taxonomy":"product_brand","embeddable":true,"href":"https:\/\/amthy.com\/de\/wp-json\/wp\/v2\/product_brand?post=1372"},{"taxonomy":"product_cat","embeddable":true,"href":"https:\/\/amthy.com\/de\/wp-json\/wp\/v2\/product_cat?post=1372"},{"taxonomy":"product_tag","embeddable":true,"href":"https:\/\/amthy.com\/de\/wp-json\/wp\/v2\/product_tag?post=1372"}],"curies":[{"name":"wp","href":"https:\/\/api.w.org\/{rel}","templated":true}]}}