{"id":1531,"date":"2021-05-15T21:28:11","date_gmt":"2021-05-15T13:28:11","guid":{"rendered":"https:\/\/amthy.com\/?post_type=product&#038;p=1531"},"modified":"2021-11-13T13:08:47","modified_gmt":"2021-11-13T05:08:47","slug":"wafer-cylinder-manufacturer","status":"publish","type":"product","link":"https:\/\/amthy.com\/de\/product\/wafer-cylinder-manufacturer\/","title":{"rendered":"Europrofil-T\u00fcrschlosszylinder Hersteller W500"},"content":{"rendered":"<h2>Wer sind wir?<\/h2>\n<p style=\"text-align: left;\">Amthy ist ein Europrofil-Oblatenzylinder <a href=\"https:\/\/amthy.com\/de\/product-category\/lock-cylinder\/\">Hersteller\u00a0<\/a>und Lieferant aus China. Wir bieten normale <a href=\"https:\/\/en.wikipedia.org\/wiki\/Pin_tumbler_lock\" target=\"_blank\" rel=\"noopener\">Zylinder<\/a> f\u00fcr Innent\u00fcren und Hochsicherheitszylinder f\u00fcr Au\u00dfent\u00fcren. Als Top-3-Zylinderhersteller wird die automatische oder halbautomatische Anlage 95.9% eingesetzt, um Handarbeit zu ersetzen, Kosten zu senken und die Effizienz zu steigern. <span style=\"color: #ff0000;\"><span style=\"color: #000000;\">Folglich, <\/span><\/span>Weniger Arbeitskosten bringen immer einen wettbewerbsf\u00e4higeren und attraktiveren Preis. Dank der oben genannten Vorteile <em>Wir sind jetzt dazu bereit <a href=\"https:\/\/www.youtube.com\/watch?v=9Lw0FD68w1c\" target=\"_blank\" rel=\"noopener\">Kosten aufdecken und teilen<\/a> von normalen Zylindern mit K\u00e4ufern<\/em>,<span style=\"color: #ff0000;\"> <span style=\"color: #000000;\">das hei\u00dft, Sie erhalten eine \u00fcbersichtliche Zusammenstellung des St\u00fcckpreises, der unseren 10% reinen Gewinn beinhaltet<\/span><\/span><span style=\"color: #ff0000;\"><span style=\"color: #000000;\">. <\/span><\/span>In der Zwischenzeit entwickelt unser Forschungs- und Entwicklungsteam die<em> S1000-, S2000- und S3000-Serie<\/em> von HIGH-SECURITY Europrofil-T\u00fcrschlie\u00dfzylindern f\u00fcr gehobene Marktanforderungen. Die exklusive Technologie der Kombinationsstruktur von Wafern und Pins erh\u00f6ht das Sicherheitsniveau erheblich. Dar\u00fcber hinaus sollte ein Hersteller von Europrofil-Waferzylindern immer die Arbeiten f\u00fcr das Hauptanliegen des K\u00e4ufers erledigen.<\/p>\n<p>&nbsp;<\/p>\n<h2 style=\"text-align: left;\">Was ist ein Hersteller von Europrofil-Waferzylindern?<\/h2>\n<p><em><i>Der Schlosszylinder ist eine Schlosskomponente, die den Stecker, den Bet\u00e4tiger und die Verriegelungskomponenten h\u00e4lt. Er kann aus Messing, Zinklegierung, Aluminium und Edelstahl bestehen. Obwohl sie am h\u00e4ufigsten mit Stift-Tumbler-Konstruktionen in Verbindung gebracht werden, werden Zylinder in vielen anderen verwendet, wie beispielsweise in Wafer- und Scheiben-Haltern. Es dreht sich, um die Einsteckschlossfalle und den Riegel mit passendem Schl\u00fcssel anzutreiben.\u00a0<\/i><\/em>Der Europrofil-T\u00fcrschlie\u00dfzylinder ist das Herzst\u00fcck der T\u00fcr. Europrofile Wafer Cylinder ist der Waffelbecher im Inneren.<\/p>\n<p>&nbsp;<\/p>\n<p><img fetchpriority=\"high\" decoding=\"async\" class=\"wp-image-2135\" src=\"https:\/\/amthy.com\/wp-content\/uploads\/2021\/05\/Inner-Instruction-300x155.jpg\" alt=\"Hersteller von Waferzylindern\" width=\"534\" height=\"276\" title=\"\" srcset=\"https:\/\/amthy.com\/wp-content\/uploads\/2021\/05\/Inner-Instruction-300x155.jpg 300w, https:\/\/amthy.com\/wp-content\/uploads\/2021\/05\/Inner-Instruction-600x310.jpg 600w, https:\/\/amthy.com\/wp-content\/uploads\/2021\/05\/Inner-Instruction-1024x530.jpg 1024w, https:\/\/amthy.com\/wp-content\/uploads\/2021\/05\/Inner-Instruction-768x397.jpg 768w, https:\/\/amthy.com\/wp-content\/uploads\/2021\/05\/Inner-Instruction-18x9.jpg 18w, https:\/\/amthy.com\/wp-content\/uploads\/2021\/05\/Inner-Instruction.jpg 1156w\" sizes=\"(max-width: 534px) 100vw, 534px\" \/><\/p>\n<p>&nbsp;<\/p>\n<h2>Warum wir? (Hersteller von Europrofil-Waferzylindern<em>\u00a0von AMTHY SECURITY<\/em>)<\/h2>\n<h3><strong>\u221aZuverl\u00e4ssige Qualit\u00e4t<\/strong><\/h3>\n<ul>\n<li>Professionelles QC-Team \u00fcberwacht die gesamte Produktion<\/li>\n<li>Strenge Auswahl der Kooperationspartner<\/li>\n<\/ul>\n<h3><strong>\u221aWettbewerbsf\u00e4higer Preis<\/strong><\/h3>\n<ul>\n<li>Rohmaterial auf 3-Monats-Lager, um das Risiko von Preisschwankungen zu verringern<\/li>\n<li>Automatische und fortschrittliche Ausr\u00fcstung zur Reduzierung der hohen Arbeitskosten<\/li>\n<\/ul>\n<h3><strong>\u221aVertrauensvoller Service f\u00fcr \u00fcber 20 L\u00e4nder.<\/strong><\/h3>\n<ul>\n<li>ODM\/OEM-Dienstleistung<\/li>\n<li>Verantwortungsvoller Kundendienst<\/li>\n<\/ul>\n<p>&nbsp;<\/p>","protected":false},"excerpt":{"rendered":"<p>&nbsp;<\/p>\n<ul>\n<li><strong>Artikel-Code:<\/strong> W500<\/li>\n<li><strong>Verriegelungsmechanismus:<\/strong> Waffelbecher<\/li>\n<li><strong>Material des K\u00f6rpers<\/strong><strong>:<\/strong> Messing<\/li>\n<li><strong>Material des Steckers<\/strong><strong>:<\/strong> Messing<\/li>\n<li><strong>Marke:<\/strong> ODM verf\u00fcgbar<\/li>\n<li><b>Profil-Typ: <\/b>Euro<\/li>\n<li><strong>Profilgr\u00f6\u00dfe:<\/strong>17*33*10mm<\/li>\n<li><strong>Schl\u00fcssel:<\/strong> Doppel-S-Nut aus Messing<\/li>\n<li><strong>Zubeh\u00f6r:<\/strong>55mm Schrauben<\/li>\n<li><strong>Anwendung:<\/strong> T\u00fcren aus Holz\/UPVC\/Sicherheitst\u00fcren<\/li>\n<li><strong>Master Key System:<\/strong> Verf\u00fcgbar<\/li>\n<li><strong>Schl\u00fcsselgleiches System:<\/strong> Verf\u00fcgbar<\/li>\n<li><strong>Schl\u00fcsselgleiches System:<\/strong>Verf\u00fcgbar<\/li>\n<li><strong>Anti-Snap-Funktion: <\/strong>Verf\u00fcgbar<\/li>\n<li><strong><strong>EN1303 2005 Klassifizierung:<\/strong><\/strong><br \/>\n<table>\n<tbody>\n<tr>\n<td>1<\/td>\n<td>6<\/td>\n<td>0<\/td>\n<td>1<\/td>\n<td>0<\/td>\n<td>C<\/td>\n<td>5<\/td>\n<td>2<\/td>\n<\/tr>\n<\/tbody>\n<\/table>\n<\/li>\n<li><strong>Farbe <\/strong>Messing poliert (BP)\/vernickelt (NP)\/vernickelt (SN)\/verchromt (CP)\/Antik-Messing (AB)<\/li>\n<\/ul>\n<p>&nbsp;<\/p>","protected":false},"featured_media":1527,"template":"","meta":{"nf_dc_page":""},"product_brand":[],"product_cat":[25],"product_tag":[34,35],"class_list":{"0":"post-1531","1":"product","2":"type-product","3":"status-publish","4":"has-post-thumbnail","6":"product_cat-euro-profile-cylinder-manufacturer","7":"product_tag-door-cylinder","8":"product_tag-europrofile","10":"first","11":"instock","12":"shipping-taxable","13":"product-type-simple"},"_links":{"self":[{"href":"https:\/\/amthy.com\/de\/wp-json\/wp\/v2\/product\/1531","targetHints":{"allow":["GET"]}}],"collection":[{"href":"https:\/\/amthy.com\/de\/wp-json\/wp\/v2\/product"}],"about":[{"href":"https:\/\/amthy.com\/de\/wp-json\/wp\/v2\/types\/product"}],"wp:featuredmedia":[{"embeddable":true,"href":"https:\/\/amthy.com\/de\/wp-json\/wp\/v2\/media\/1527"}],"wp:attachment":[{"href":"https:\/\/amthy.com\/de\/wp-json\/wp\/v2\/media?parent=1531"}],"wp:term":[{"taxonomy":"product_brand","embeddable":true,"href":"https:\/\/amthy.com\/de\/wp-json\/wp\/v2\/product_brand?post=1531"},{"taxonomy":"product_cat","embeddable":true,"href":"https:\/\/amthy.com\/de\/wp-json\/wp\/v2\/product_cat?post=1531"},{"taxonomy":"product_tag","embeddable":true,"href":"https:\/\/amthy.com\/de\/wp-json\/wp\/v2\/product_tag?post=1531"}],"curies":[{"name":"wp","href":"https:\/\/api.w.org\/{rel}","templated":true}]}}