{"id":1534,"date":"2021-05-15T21:34:14","date_gmt":"2021-05-15T13:34:14","guid":{"rendered":"https:\/\/amthy.com\/?post_type=product&#038;p=1534"},"modified":"2022-05-26T16:27:59","modified_gmt":"2022-05-26T08:27:59","slug":"europrofile-lock-cylinder-manufacturer-h1000","status":"publish","type":"product","link":"https:\/\/amthy.com\/de\/product\/europrofile-lock-cylinder-manufacturer-h1000\/","title":{"rendered":"Europrofile Sicherheits-T\u00fcrzylinder -H1000"},"content":{"rendered":"<h2>Europrofil-Schlossfunktion<\/h2>\n<ul>\n<li>Hochsicherheits-Doppelstifte und Disc-Pin-Anweisung<\/li>\n<li>Master-AB-Schl\u00fcsselsystem 1 St\u00fcck tempor\u00e4rer Schl\u00fcssel, 5 Prim\u00e4rschl\u00fcssel<\/li>\n<li>Anti-pick, Anti-snap<\/li>\n<li>Die Lebensdauer des gesamten Messingmaterials kann \u00fcber 10 Jahre betragen<\/li>\n<\/ul>\n<h2>Wer sind wir?<\/h2>\n<p style=\"text-align: left;\">Amthy ist ein Europrofil-Sicherheitszylinder <a href=\"https:\/\/amthy.com\/de\/product-category\/lock-cylinder\/\">Anbieter <\/a>aus China. Wir bieten normale <a href=\"https:\/\/en.wikipedia.org\/wiki\/Pin_tumbler_lock\" target=\"_blank\" rel=\"noopener\">Zylinder<\/a> f\u00fcr Innent\u00fcren und Hochsicherheitszylinder f\u00fcr Au\u00dfent\u00fcren. Als Top-3-Zylinder-Hersteller wird die automatische oder halbautomatische 95.9%-Anlage eingesetzt, um Handarbeit zu ersetzen, Kosten zu senken und die Effizienz zu steigern. <span style=\"color: #ff0000;\"><span style=\"color: #000000;\">Folglich, <\/span><\/span>Weniger Arbeitskosten bringen immer wettbewerbsf\u00e4higere und attraktivere Preise. Dank der oben genannten Vorteile <em>Wir sind jetzt dazu bereit <a href=\"https:\/\/www.youtube.com\/watch?v=9Lw0FD68w1c\" target=\"_blank\" rel=\"noopener\">Kosten aufdecken und teilen<\/a> von normalen Zylindern mit K\u00e4ufern<\/em>,<span style=\"color: #ff0000;\"> <span style=\"color: #000000;\">das hei\u00dft, Sie erhalten eine \u00fcbersichtliche Zusammenstellung des St\u00fcckpreises, der unseren 10% reinen Gewinn beinhaltet<\/span><\/span><span style=\"color: #ff0000;\"><span style=\"color: #000000;\">. <\/span><\/span><\/p>\n<p style=\"text-align: left;\">In der Zwischenzeit entwickelt unser Forschungs- und Entwicklungsteam die<em> S1000-, S2000- und S3000-Serie<\/em> von HIGH-SECURITY Europrofil-T\u00fcrschlie\u00dfzylindern f\u00fcr gehobene Marktanforderungen. Die exklusive Technologie der Kombinationsstruktur von Wafern und Pins erh\u00f6ht das Sicherheitsniveau erheblich. Dar\u00fcber hinaus sollte ein Lieferant von Europrofil-Sicherheitszylindern immer die Arbeit f\u00fcr das Hauptanliegen des K\u00e4ufers erledigen.<\/p>\n<p>&nbsp;<\/p>\n<h2 style=\"text-align: left;\">Was ist ein Europrofil-Schlie\u00dfzylinder?<\/h2>\n<p><em><i>Der Schlie\u00dfzylinder ist eine Schlosskomponente, die den Stecker, den Bet\u00e4tiger und die Verriegelungskomponenten enth\u00e4lt. Sie kann aus Messing, Zinklegierung, Aluminium und Edelstahl bestehen. Obwohl sie am h\u00e4ufigsten mit Pin-Tumbler-Designs in Verbindung gebracht werden, werden Zylinder in vielen anderen verwendet, wie z. B. Wafer- und Disc-Detainern. Es dreht sich, um die Einsteckschlossfalle und den Riegel mit passendem Schl\u00fcssel anzutreiben. <\/i><\/em>Der Europrofil-Schlie\u00dfzylinder ist das Herzst\u00fcck der T\u00fcr. Der Europrofil-Sicherheitszylinder wird f\u00fcr die Eingangssicherheitst\u00fcr verwendet. Europrofil-Schloss<\/p>\n<p><b>Europ\u00e4isches Profil<\/b>\u00a0(oder\u00a0<b>Europrofil<\/b>) ist eine Art von\u00a0<a title=\"Zylinder\" href=\"http:\/\/www.lockwiki.com\/index.php\/Cylinder\" target=\"_blank\" rel=\"noopener\">Zylinder<\/a>\u00a0Design, das haupts\u00e4chlich in Europa verwendet wird. Im Gegensatz zu herk\u00f6mmlichen Einsteck- und Randzylindern verwendet das Europrofil ein einziges Metallst\u00fcck, um beide Seiten des Schlosses zu verbinden. Ein einzelner\u00a0<a class=\"mw-redirect\" title=\"Nocken\" href=\"http:\/\/www.lockwiki.com\/index.php\/Cam\" target=\"_blank\" rel=\"noopener\">Nocken<\/a>\u00a0Komponente wird zwischen den beiden Seiten des Schlosses platziert und ist direkt mit beiden verbunden\u00a0<a title=\"Stecker\" href=\"http:\/\/www.lockwiki.com\/index.php\/Plug\" target=\"_blank\" rel=\"noopener\">Stecker<\/a>. Das Europrofil ist bequem zu installieren und auszutauschen, weist jedoch einige schwerwiegende Sicherheitsm\u00e4ngel auf, die ber\u00fccksichtigt werden m\u00fcssen. Sehen\u00a0<a href=\"http:\/\/www.lockwiki.com\/index.php\/Euro_Profile#Vulnerabilities\" target=\"_blank\" rel=\"noopener\">Europrofil (Schwachstellen)<\/a>\u00a0f\u00fcr weitere Informationen. Europrofil-Schloss<\/p>\n<p>&nbsp;<\/p>\n<p><img fetchpriority=\"high\" decoding=\"async\" class=\"wp-image-2119 aligncenter\" src=\"https:\/\/amthy.com\/wp-content\/uploads\/2021\/05\/technical_drawing_C73_3-300x168.jpg\" alt=\"Europrofil\" width=\"636\" height=\"356\" title=\"\" srcset=\"https:\/\/amthy.com\/wp-content\/uploads\/2021\/05\/technical_drawing_C73_3-300x168.jpg 300w, https:\/\/amthy.com\/wp-content\/uploads\/2021\/05\/technical_drawing_C73_3-600x336.jpg 600w, https:\/\/amthy.com\/wp-content\/uploads\/2021\/05\/technical_drawing_C73_3-768x430.jpg 768w, https:\/\/amthy.com\/wp-content\/uploads\/2021\/05\/technical_drawing_C73_3-18x10.jpg 18w, https:\/\/amthy.com\/wp-content\/uploads\/2021\/05\/technical_drawing_C73_3.jpg 1000w\" sizes=\"(max-width: 636px) 100vw, 636px\" \/><\/p>\n<p>&nbsp;<\/p>\n<h2>Warum wir?<\/h2>\n<h3><strong>\u221aZuverl\u00e4ssige Qualit\u00e4t<\/strong><\/h3>\n<ul>\n<li>Professionelles QC-Team \u00fcberwacht die gesamte Produktion<\/li>\n<li>Strenge Auswahl der Kooperationspartner<\/li>\n<\/ul>\n<h3><strong>\u221aWettbewerbsf\u00e4higer Preis<\/strong><\/h3>\n<ul>\n<li>Rohmaterial auf 3-Monats-Lager, um das Risiko von Preisschwankungen zu verringern<\/li>\n<li>Automatische und fortschrittliche Ausr\u00fcstung zur Reduzierung der hohen Arbeitskosten<\/li>\n<\/ul>\n<h3><strong>\u221aVertrauensvoller Service f\u00fcr \u00fcber 20 L\u00e4nder.<\/strong><\/h3>\n<ul>\n<li>ODM\/OEM-Dienstleistung<\/li>\n<li>Verantwortungsvoller Kundendienst<\/li>\n<\/ul>\n<p>&nbsp;<\/p>","protected":false},"excerpt":{"rendered":"<p>&nbsp;<\/p>\n<ul>\n<li><strong>Artikel-Code:<\/strong> H1000<\/li>\n<li><strong>Verriegelungsmechanismus:<\/strong> Stift-Zuhaltungsschloss<\/li>\n<li><strong>Material des K\u00f6rpers<\/strong><strong>:<\/strong> Messing<\/li>\n<li><strong>Material des Steckers<\/strong><strong>:<\/strong> Messing<\/li>\n<li><strong>Marke:<\/strong> ODM verf\u00fcgbar<\/li>\n<li><b>Profil-Typ: <\/b>Euro<\/li>\n<li><strong>Profilgr\u00f6\u00dfe:<\/strong>17*33*10mm<\/li>\n<li><strong>Schl\u00fcssel:<\/strong> Doppel-S-Nut aus Messing<\/li>\n<li><strong>Zubeh\u00f6r:<\/strong>55mm Schrauben<\/li>\n<li><strong>Anwendung:<\/strong> T\u00fcren aus Holz\/UPVC\/Sicherheitst\u00fcren<\/li>\n<li><strong>Master Key System:<\/strong> Verf\u00fcgbar<\/li>\n<li><strong>Schl\u00fcsselgleiches System:<\/strong> Verf\u00fcgbar<\/li>\n<li><strong>Schl\u00fcsselgleiches System:<\/strong>Verf\u00fcgbar<\/li>\n<li><strong>Anti-Snap-Funktion: <\/strong>Verf\u00fcgbar<\/li>\n<li><strong><strong>EN1303 2005 Klassifizierung:<\/strong><\/strong><br \/>\n<table>\n<tbody>\n<tr>\n<td>1<\/td>\n<td>6<\/td>\n<td>0<\/td>\n<td>1<\/td>\n<td>0<\/td>\n<td>C<\/td>\n<td>5<\/td>\n<td>2<\/td>\n<\/tr>\n<\/tbody>\n<\/table>\n<\/li>\n<li><strong>Farbe <\/strong>Messing poliert (BP)\/vernickelt (NP)\/vernickelt (SN)\/verchromt (CP)\/Antik-Messing (AB)<\/li>\n<\/ul>\n<p>&nbsp;<\/p>","protected":false},"featured_media":1526,"template":"","meta":{"nf_dc_page":""},"product_brand":[],"product_cat":[25],"product_tag":[34,35],"class_list":{"0":"post-1534","1":"product","2":"type-product","3":"status-publish","4":"has-post-thumbnail","6":"product_cat-euro-profile-cylinder-manufacturer","7":"product_tag-door-cylinder","8":"product_tag-europrofile","10":"first","11":"instock","12":"shipping-taxable","13":"product-type-simple"},"_links":{"self":[{"href":"https:\/\/amthy.com\/de\/wp-json\/wp\/v2\/product\/1534","targetHints":{"allow":["GET"]}}],"collection":[{"href":"https:\/\/amthy.com\/de\/wp-json\/wp\/v2\/product"}],"about":[{"href":"https:\/\/amthy.com\/de\/wp-json\/wp\/v2\/types\/product"}],"wp:featuredmedia":[{"embeddable":true,"href":"https:\/\/amthy.com\/de\/wp-json\/wp\/v2\/media\/1526"}],"wp:attachment":[{"href":"https:\/\/amthy.com\/de\/wp-json\/wp\/v2\/media?parent=1534"}],"wp:term":[{"taxonomy":"product_brand","embeddable":true,"href":"https:\/\/amthy.com\/de\/wp-json\/wp\/v2\/product_brand?post=1534"},{"taxonomy":"product_cat","embeddable":true,"href":"https:\/\/amthy.com\/de\/wp-json\/wp\/v2\/product_cat?post=1534"},{"taxonomy":"product_tag","embeddable":true,"href":"https:\/\/amthy.com\/de\/wp-json\/wp\/v2\/product_tag?post=1534"}],"curies":[{"name":"wp","href":"https:\/\/api.w.org\/{rel}","templated":true}]}}