{"id":1535,"date":"2021-05-15T21:43:09","date_gmt":"2021-05-15T13:43:09","guid":{"rendered":"https:\/\/amthy.com\/?post_type=product&#038;p=1535"},"modified":"2021-10-18T15:38:11","modified_gmt":"2021-10-18T07:38:11","slug":"europrofile-security-cylinder-supplier-h3000","status":"publish","type":"product","link":"https:\/\/amthy.com\/de\/product\/europrofile-security-cylinder-supplier-h3000\/","title":{"rendered":"Lieferant von Europrofil-Sicherheitszylindern H3000"},"content":{"rendered":"<p>&nbsp;<\/p>\n<h2>Wer sind wir?<\/h2>\n<p style=\"text-align: left;\">Amthy ist ein Europrofil-Sicherheitszylinder <a href=\"https:\/\/amthy.com\/de\/product-category\/lock-cylinder\/\">Anbieter <\/a>aus China. Wir bieten normale <a href=\"https:\/\/en.wikipedia.org\/wiki\/Pin_tumbler_lock\" target=\"_blank\" rel=\"noopener\">Zylinder<\/a> f\u00fcr Innent\u00fcren und Hochsicherheitszylinder f\u00fcr Au\u00dfent\u00fcren. Als Top-3-Zylinder-Hersteller wird die automatische oder halbautomatische 95.9%-Anlage eingesetzt, um Handarbeit zu ersetzen, Kosten zu senken und die Effizienz zu steigern. <span style=\"color: #ff0000;\"><span style=\"color: #000000;\">Folglich, <\/span><\/span>Weniger Arbeitskosten bringen immer wettbewerbsf\u00e4higere und attraktivere Preise. Dank der oben genannten Vorteile <em>Wir sind jetzt dazu bereit <a href=\"https:\/\/www.youtube.com\/watch?v=9Lw0FD68w1c\" target=\"_blank\" rel=\"noopener\">Kosten aufdecken und teilen<\/a> von normalen Zylindern mit K\u00e4ufern<\/em>,<span style=\"color: #ff0000;\"> <span style=\"color: #000000;\">das hei\u00dft, Sie erhalten eine \u00fcbersichtliche Zusammenstellung des St\u00fcckpreises, der unseren 10% reinen Gewinn beinhaltet<\/span><\/span><span style=\"color: #ff0000;\"><span style=\"color: #000000;\">. <\/span><\/span>In der Zwischenzeit entwickelt unser Forschungs- und Entwicklungsteam die<em> S1000-, S2000- und S3000-Serie<\/em> von HIGH-SECURITY Europrofil-T\u00fcrschlie\u00dfzylindern f\u00fcr gehobene Marktanforderungen. Die exklusive Technologie der Kombinationsstruktur von Wafern und Pins erh\u00f6ht das Sicherheitsniveau erheblich. Dar\u00fcber hinaus sollte ein Lieferant von Sicherheitszylindern mit Europrofil immer die Arbeiten f\u00fcr das Hauptanliegen des K\u00e4ufers erledigen.Lieferant von Sicherheitszylindern mit Europrofil<\/p>\n<p>&nbsp;<\/p>\n<h2 style=\"text-align: left;\">Was ist ein Europrofil-Sicherheitszylinder?<\/h2>\n<p><em><i>Der Schlosszylinder ist eine Schlosskomponente, die den Stecker, den Bet\u00e4tiger und die Verriegelungskomponenten h\u00e4lt. Er kann aus Messing, Zinklegierung, Aluminium und Edelstahl bestehen. Obwohl sie am h\u00e4ufigsten mit Stift-Tumbler-Konstruktionen in Verbindung gebracht werden, werden Zylinder in vielen anderen verwendet, wie beispielsweise in Wafer- und Scheiben-Haltern. Es dreht sich, um die Einsteckschlossfalle und den Riegel mit passendem Schl\u00fcssel anzutreiben. <\/i><\/em>Der Europrofil-Schlie\u00dfzylinder ist das Herzst\u00fcck der T\u00fcr. Der Europrofil-Sicherheitszylinder wird f\u00fcr die Eingangssicherheitst\u00fcr verwendet.<\/p>\n<p>&nbsp;<\/p>\n<p><img fetchpriority=\"high\" decoding=\"async\" class=\"wp-image-2116 alignleft\" src=\"https:\/\/amthy.com\/wp-content\/uploads\/2021\/05\/16019587121-300x235.png\" alt=\"Lieferant von Europrofil-Sicherheitszylindern\" width=\"409\" height=\"320\" title=\"\" srcset=\"https:\/\/amthy.com\/wp-content\/uploads\/2021\/05\/16019587121-300x235.png 300w, https:\/\/amthy.com\/wp-content\/uploads\/2021\/05\/16019587121-600x471.png 600w, https:\/\/amthy.com\/wp-content\/uploads\/2021\/05\/16019587121-15x12.png 15w, https:\/\/amthy.com\/wp-content\/uploads\/2021\/05\/16019587121.png 701w\" sizes=\"(max-width: 409px) 100vw, 409px\" \/>\u00a0 \u00a0 \u00a0 <img decoding=\"async\" class=\"wp-image-2117 alignleft\" src=\"https:\/\/amthy.com\/wp-content\/uploads\/2021\/05\/16019587611-300x259.png\" alt=\"Lieferant von Europrofil-Sicherheitszylindern\" width=\"368\" height=\"317\" title=\"\" srcset=\"https:\/\/amthy.com\/wp-content\/uploads\/2021\/05\/16019587611-300x259.png 300w, https:\/\/amthy.com\/wp-content\/uploads\/2021\/05\/16019587611-14x12.png 14w, https:\/\/amthy.com\/wp-content\/uploads\/2021\/05\/16019587611.png 600w\" sizes=\"(max-width: 368px) 100vw, 368px\" \/><\/p>\n<p>&nbsp;<\/p>\n<h2><\/h2>\n<h2><\/h2>\n<h2><\/h2>\n<h2><\/h2>\n<h2><\/h2>\n<h2><\/h2>\n<h2>Warum wir? (Lieferant von Europrofil-Sicherheitszylindern)<\/h2>\n<h3><strong>\u221aZuverl\u00e4ssige Qualit\u00e4t<\/strong><\/h3>\n<ul>\n<li>Professionelles QC-Team \u00fcberwacht die gesamte Produktion<\/li>\n<li>Strenge Auswahl der Kooperationspartner<\/li>\n<\/ul>\n<h3><strong>\u221aWettbewerbsf\u00e4higer Preis<\/strong><\/h3>\n<ul>\n<li>Rohmaterial auf 3-Monats-Lager, um das Risiko von Preisschwankungen zu verringern<\/li>\n<li>Automatische und fortschrittliche Ausr\u00fcstung zur Reduzierung der hohen Arbeitskosten<\/li>\n<\/ul>\n<h3><strong>\u221aVertrauensvoller Service f\u00fcr \u00fcber 20 L\u00e4nder.<\/strong><\/h3>\n<ul>\n<li>ODM\/OEM-Dienstleistung<\/li>\n<li>Verantwortungsvoller Kundendienst<\/li>\n<\/ul>\n<p>&nbsp;<\/p>\n<p>&nbsp;<\/p>","protected":false},"excerpt":{"rendered":"<p>&nbsp;<\/p>\n<ul>\n<li><strong>Artikel-Code:<\/strong> H3000<\/li>\n<li><strong>Verriegelungsmechanismus:<\/strong> Stift-Zuhaltungsschloss<\/li>\n<li><strong>Material des K\u00f6rpers<\/strong><strong>:<\/strong> Messing<\/li>\n<li><strong>Material des Steckers<\/strong><strong>:<\/strong> Messing<\/li>\n<li><strong>Marke:<\/strong> ODM verf\u00fcgbar<\/li>\n<li><b>Profil-Typ: <\/b>Euro<\/li>\n<li><strong>Profilgr\u00f6\u00dfe:<\/strong>17*33*10mm<\/li>\n<li><strong>Schl\u00fcssel:<\/strong> \u201eC\u201c-Keilnut aus Messing<\/li>\n<li><strong>Zubeh\u00f6r:<\/strong>55mm Schrauben<\/li>\n<li><strong>Anwendung:<\/strong> T\u00fcren aus Holz\/UPVC\/Sicherheitst\u00fcren<\/li>\n<li><strong>Master Key System:<\/strong> Verf\u00fcgbar<\/li>\n<li><strong>Schl\u00fcsselgleiches System:<\/strong> Verf\u00fcgbar<\/li>\n<li><strong>Schl\u00fcsselgleiches System:<\/strong>Verf\u00fcgbar<\/li>\n<li><strong>Anti-Snap-Funktion: <\/strong>Verf\u00fcgbar<\/li>\n<li><strong><strong>EN1303 2005 Klassifizierung:<\/strong><\/strong><br \/>\n<table>\n<tbody>\n<tr>\n<td>1<\/td>\n<td>6<\/td>\n<td>0<\/td>\n<td>1<\/td>\n<td>0<\/td>\n<td>C<\/td>\n<td>5<\/td>\n<td>2<\/td>\n<\/tr>\n<\/tbody>\n<\/table>\n<\/li>\n<li><strong>Farbe <\/strong>Messing poliert (BP)\/vernickelt (NP)\/vernickelt (SN)\/verchromt (CP)\/Antik-Messing (AB)<\/li>\n<\/ul>\n<p>&nbsp;<\/p>","protected":false},"featured_media":1854,"template":"","meta":{"nf_dc_page":""},"product_brand":[],"product_cat":[25],"product_tag":[34,35],"class_list":{"0":"post-1535","1":"product","2":"type-product","3":"status-publish","4":"has-post-thumbnail","6":"product_cat-euro-profile-cylinder-manufacturer","7":"product_tag-door-cylinder","8":"product_tag-europrofile","10":"first","11":"instock","12":"shipping-taxable","13":"product-type-simple"},"_links":{"self":[{"href":"https:\/\/amthy.com\/de\/wp-json\/wp\/v2\/product\/1535","targetHints":{"allow":["GET"]}}],"collection":[{"href":"https:\/\/amthy.com\/de\/wp-json\/wp\/v2\/product"}],"about":[{"href":"https:\/\/amthy.com\/de\/wp-json\/wp\/v2\/types\/product"}],"wp:featuredmedia":[{"embeddable":true,"href":"https:\/\/amthy.com\/de\/wp-json\/wp\/v2\/media\/1854"}],"wp:attachment":[{"href":"https:\/\/amthy.com\/de\/wp-json\/wp\/v2\/media?parent=1535"}],"wp:term":[{"taxonomy":"product_brand","embeddable":true,"href":"https:\/\/amthy.com\/de\/wp-json\/wp\/v2\/product_brand?post=1535"},{"taxonomy":"product_cat","embeddable":true,"href":"https:\/\/amthy.com\/de\/wp-json\/wp\/v2\/product_cat?post=1535"},{"taxonomy":"product_tag","embeddable":true,"href":"https:\/\/amthy.com\/de\/wp-json\/wp\/v2\/product_tag?post=1535"}],"curies":[{"name":"wp","href":"https:\/\/api.w.org\/{rel}","templated":true}]}}