{"id":1879,"date":"2021-08-29T19:08:10","date_gmt":"2021-08-29T11:08:10","guid":{"rendered":"https:\/\/amthy.com\/?post_type=product&#038;p=1879"},"modified":"2023-05-26T19:51:48","modified_gmt":"2023-05-26T11:51:48","slug":"smart-lock-manufacturer-am-700","status":"publish","type":"product","link":"https:\/\/amthy.com\/de\/product\/smart-lock-manufacturer-am-700\/","title":{"rendered":"Intelligentes Schloss AM-700"},"content":{"rendered":"<p>Das AMTHY 700 ist ein intelligentes T\u00fcrschloss, das Ihnen die volle Kontrolle \u00fcber Ihre Sicherheit zu Hause gibt und Ihnen gleichzeitig v\u00f6llige Sorgenfreiheit bietet. Verwenden Sie eine Vielzahl von M\u00f6glichkeiten, um Zugang zu Ihrem Zuhause zu erhalten, sei es \u00fcber einen PIN-Code oder einen mechanischen Schl\u00fcssel. Sie m\u00fcssen sich keine Gedanken dar\u00fcber machen, Ihre Schl\u00fcssel mit sich zu f\u00fchren. Alles, was Sie brauchen, ist Ihr PIN-Code, und Sie k\u00f6nnen die T\u00fcr ganz einfach aufschlie\u00dfen. Direktgesch\u00e4ft vom Hersteller smarter T\u00fcrzylinder. smart-lock-hersteller-am-700.<a href=\"https:\/\/en.wikipedia.org\/wiki\/Lock\" target=\"_blank\" rel=\"noopener\">Sperren<\/a> und <a href=\"https:\/\/amthy.com\/de\/product-category\/smart-lock\/\">Intelligenter T\u00fcrzylinder<\/a><\/p>\n<h2>R\u00fcsten Sie Ihr vorhandenes Schloss einfach auf:<\/h2>\n<p>Heimwerkerfreundlich und einfach anstelle Ihres vorhandenen Zylinders und T\u00fcrgriffs zu installieren. Alles, was Sie brauchen, ist ein Kreuzschlitzschraubendreher und ein Ma\u00dfband.<\/p>\n<h2><strong>Funktionen und Vorteile:<\/strong><\/h2>\n<ul>\n<li>Schl\u00fcssellos \u2013 Gibt Ihnen die Freiheit, Ihr Zuhause ohne Schl\u00fcssel zu sichern<\/li>\n<li>Einfach zu montieren \u2013 Geeignet f\u00fcr die meisten PVC- und Verbundt\u00fcren, Schraubendreher erforderlich<\/li>\n<li>Einfacher Zugriff - 50 PIN-Codes mit 4-8 Ziffern stehen zur Verf\u00fcgung.<\/li>\n<li>Batteriebetrieben \u2013 4 x AA-Batterien<\/li>\n<li>Geeignet f\u00fcr T\u00fcren mit einer Dicke zwischen 35-55 mm<\/li>\n<li>Erh\u00e4ltlich in einer Reihe von Oberfl\u00e4chen \u2013 einschlie\u00dflich Schwarz und Silber<\/li>\n<\/ul>\n<h2>Warum wir? (Lieferant von Sicherheitst\u00fcrzylindern mit Europrofil <em>von AMTHY SECURITY<\/em>)<\/h2>\n<h3><strong>\u221aZuverl\u00e4ssige Qualit\u00e4t (Smart Lock Hersteller AM-700)<\/strong><\/h3>\n<ul>\n<li>Professionelles QC-Team \u00fcberwacht die gesamte Produktion<\/li>\n<li>Strenge Auswahl der Kooperationspartner<\/li>\n<\/ul>\n<h3><strong>\u221aWettbewerbsf\u00e4higer Preis<\/strong><\/h3>\n<ul>\n<li>Rohmaterial auf 3-Monats-Lager, um das Risiko von Preisschwankungen zu verringern<\/li>\n<li>Automatische und fortschrittliche Ausr\u00fcstung zur Reduzierung der hohen Arbeitskosten<\/li>\n<\/ul>\n<h3><strong>\u221aVertrauensvoller Service f\u00fcr \u00fcber 20 L\u00e4nder.<\/strong><\/h3>\n<ul>\n<li>ODM\/OEM-Dienstleistung<\/li>\n<li>Verantwortungsvoller Kundendienst<\/li>\n<\/ul>","protected":false},"excerpt":{"rendered":"<ul>\n<li><strong>Artikel-Code:<\/strong> AM-700<\/li>\n<li><strong>Material<\/strong><strong>:<\/strong> Zinklegierung<\/li>\n<li><strong>Schlossgeh\u00e4use:<\/strong> Einzelner Riegel<\/li>\n<li><strong>R\u00fcckversatz<\/strong>: 60mm<\/li>\n<li><strong>Marke:<\/strong> ODM verf\u00fcgbar<\/li>\n<li><strong>Anwendung:<\/strong> T\u00fcren aus Holz\/UPVC\/Sicherheitst\u00fcren<\/li>\n<li><strong>Batterie<\/strong>: 4*AA<\/li>\n<li><strong>Dicke der T\u00fcr:<\/strong>35-55mm<\/li>\n<li><b>Freischaltmodus: <\/b>Passcode\/Mechanischer Schl\u00fcssel<\/li>\n<\/ul>","protected":false},"featured_media":1880,"template":"","meta":{"nf_dc_page":""},"product_brand":[],"product_cat":[55],"product_tag":[],"class_list":{"0":"post-1879","1":"product","2":"type-product","3":"status-publish","4":"has-post-thumbnail","6":"product_cat-smart-lock","8":"first","9":"instock","10":"shipping-taxable","11":"product-type-simple"},"_links":{"self":[{"href":"https:\/\/amthy.com\/de\/wp-json\/wp\/v2\/product\/1879","targetHints":{"allow":["GET"]}}],"collection":[{"href":"https:\/\/amthy.com\/de\/wp-json\/wp\/v2\/product"}],"about":[{"href":"https:\/\/amthy.com\/de\/wp-json\/wp\/v2\/types\/product"}],"wp:featuredmedia":[{"embeddable":true,"href":"https:\/\/amthy.com\/de\/wp-json\/wp\/v2\/media\/1880"}],"wp:attachment":[{"href":"https:\/\/amthy.com\/de\/wp-json\/wp\/v2\/media?parent=1879"}],"wp:term":[{"taxonomy":"product_brand","embeddable":true,"href":"https:\/\/amthy.com\/de\/wp-json\/wp\/v2\/product_brand?post=1879"},{"taxonomy":"product_cat","embeddable":true,"href":"https:\/\/amthy.com\/de\/wp-json\/wp\/v2\/product_cat?post=1879"},{"taxonomy":"product_tag","embeddable":true,"href":"https:\/\/amthy.com\/de\/wp-json\/wp\/v2\/product_tag?post=1879"}],"curies":[{"name":"wp","href":"https:\/\/api.w.org\/{rel}","templated":true}]}}