{"id":1885,"date":"2021-08-29T19:14:53","date_gmt":"2021-08-29T11:14:53","guid":{"rendered":"https:\/\/amthy.com\/?post_type=product&#038;p=1885"},"modified":"2023-05-26T19:51:39","modified_gmt":"2023-05-26T11:51:39","slug":"smart-lock-manufacturer-am-800","status":"publish","type":"product","link":"https:\/\/amthy.com\/de\/product\/smart-lock-manufacturer-am-800\/","title":{"rendered":"Intelligentes Schloss AM-800"},"content":{"rendered":"<p>&nbsp;<\/p>\n<p><img fetchpriority=\"high\" decoding=\"async\" class=\"wp-image-2034 aligncenter\" src=\"https:\/\/amthy.com\/wp-content\/uploads\/2021\/08\/AM400-300x35.jpg\" alt=\"Smart-Lock-Anbieter\" width=\"1003\" height=\"117\" title=\"\" srcset=\"https:\/\/amthy.com\/wp-content\/uploads\/2021\/08\/AM400-300x35.jpg 300w, https:\/\/amthy.com\/wp-content\/uploads\/2021\/08\/AM400-600x71.jpg 600w, https:\/\/amthy.com\/wp-content\/uploads\/2021\/08\/AM400-1024x120.jpg 1024w, https:\/\/amthy.com\/wp-content\/uploads\/2021\/08\/AM400-768x90.jpg 768w, https:\/\/amthy.com\/wp-content\/uploads\/2021\/08\/AM400-1536x181.jpg 1536w, https:\/\/amthy.com\/wp-content\/uploads\/2021\/08\/AM400-2048x241.jpg 2048w, https:\/\/amthy.com\/wp-content\/uploads\/2021\/08\/AM400-18x2.jpg 18w\" sizes=\"(max-width: 1003px) 100vw, 1003px\" \/><\/p>\n<p><iframe title=\"Intelligenter Riegel AM 800| Das beste intelligente Riegelschloss im Jahr 2021\" width=\"1435\" height=\"807\" src=\"https:\/\/www.youtube.com\/embed\/ExIn-r0rDro?feature=oembed\" frameborder=\"0\" allow=\"accelerometer; autoplay; clipboard-write; encrypted-media; gyroscope; picture-in-picture\" allowfullscreen><\/iframe><\/p>\n<p>Das AMTHY 800 ist ein intelligentes T\u00fcrschloss, das Ihnen die volle Kontrolle \u00fcber Ihre Sicherheit zu Hause gibt und Ihnen gleichzeitig v\u00f6llige Sorgenfreiheit bietet. Nutzen Sie eine Vielzahl von M\u00f6glichkeiten, um Zugang zu Ihrem Zuhause zu erhalten, sei es per Fingerabdruck, Telefon-Bluetooth oder \u00fcber das WLAN-Modul zur Fernsteuerung. Mit dem digitalen T\u00fcrschloss von AMTHY k\u00f6nnen Sie Benutzern virtuelle Schl\u00fcssel senden, damit Freunde und Familie Zugang zu Ihrem Haus erhalten, wenn Sie nicht in der N\u00e4he sind. Sobald sie Zugriff erhalten haben, k\u00f6nnen Sie verwalten, wer Ihre Unterkunft betreten kann, indem Sie Benutzer \u00fcber die Telefon-App deaktivieren oder l\u00f6schen. Virtuelle Schl\u00fcssel k\u00f6nnen f\u00fcr die ultimative Kontrolle \u00fcber Ihr Zuhause oder Eigentum geplant oder dauerhaft gemacht werden. Sie k\u00f6nnen auch \u00fcberwachen, wer kommt und wer geht, damit Sie wissen, wann Ihre Lieben sicher zu Hause sind. Sie k\u00f6nnen sogar eine Benachrichtigung erhalten, wenn jemand nach Hause kommt. Sie m\u00fcssen sich keine Gedanken dar\u00fcber machen, Ihre Schl\u00fcssel mit sich zu f\u00fchren. Alles, was Sie brauchen, ist Ihr Smartphone und mit einem Fingertipp k\u00f6nnen Sie die T\u00fcr ganz einfach aufschlie\u00dfen. Das Ger\u00e4t verwendet verschl\u00fcsselte Bluetooth-Smart-Technologie, sodass das Smart Lock nicht vom Netzwerkempfang abh\u00e4ngig ist. Machen Sie Ihr Smart Lock noch intelligenter, indem Sie eines unserer Schlossmodule anschlie\u00dfen. Direktgesch\u00e4ft vom Hersteller smarter T\u00fcrzylinder. <a href=\"https:\/\/en.wikipedia.org\/wiki\/Lock\" target=\"_blank\" rel=\"noopener\">Sperren<\/a> und <a href=\"https:\/\/amthy.com\/de\/product-category\/smart-lock\/\">Smart Lock-Hersteller AM-800<\/a><\/p>\n<p><img decoding=\"async\" class=\"wp-image-2042 aligncenter\" src=\"https:\/\/amthy.com\/wp-content\/uploads\/2021\/08\/13719413601_1312227755-300x149.jpg\" alt=\"Smart-Lock-Anbieter\" width=\"1005\" height=\"499\" title=\"\" srcset=\"https:\/\/amthy.com\/wp-content\/uploads\/2021\/08\/13719413601_1312227755-300x149.jpg 300w, https:\/\/amthy.com\/wp-content\/uploads\/2021\/08\/13719413601_1312227755-600x297.jpg 600w, https:\/\/amthy.com\/wp-content\/uploads\/2021\/08\/13719413601_1312227755-18x9.jpg 18w, https:\/\/amthy.com\/wp-content\/uploads\/2021\/08\/13719413601_1312227755.jpg 743w\" sizes=\"(max-width: 1005px) 100vw, 1005px\" \/><\/p>\n<p><img decoding=\"async\" class=\"wp-image-2043 aligncenter\" src=\"https:\/\/amthy.com\/wp-content\/uploads\/2021\/08\/13719428305_1312227755-300x179.jpg\" alt=\"Smart-Lock-Anbieter\" width=\"1001\" height=\"597\" title=\"\" srcset=\"https:\/\/amthy.com\/wp-content\/uploads\/2021\/08\/13719428305_1312227755-300x179.jpg 300w, https:\/\/amthy.com\/wp-content\/uploads\/2021\/08\/13719428305_1312227755-600x357.jpg 600w, https:\/\/amthy.com\/wp-content\/uploads\/2021\/08\/13719428305_1312227755-18x12.jpg 18w, https:\/\/amthy.com\/wp-content\/uploads\/2021\/08\/13719428305_1312227755.jpg 746w\" sizes=\"(max-width: 1001px) 100vw, 1001px\" \/><\/p>\n<div class=\"mceTemp\"><\/div>\n<h2>Warum wir? (Lieferant von Sicherheitst\u00fcrzylindern mit Europrofil <em>von AMTHY SECURITY<\/em>)<\/h2>\n<h3><strong>\u221aZuverl\u00e4ssige Qualit\u00e4t (Smart Lock Hersteller AM-800)<\/strong><\/h3>\n<ul>\n<li>Professionelles QC-Team \u00fcberwacht die gesamte Produktion<\/li>\n<li>Strenge Auswahl der Kooperationspartner<\/li>\n<\/ul>\n<h3><strong>\u221aWettbewerbsf\u00e4higer Preis<\/strong><\/h3>\n<ul>\n<li>Rohmaterial auf 3-Monats-Lager, um das Risiko von Preisschwankungen zu verringern<\/li>\n<li>Automatische und fortschrittliche Ausr\u00fcstung zur Reduzierung der hohen Arbeitskosten<\/li>\n<\/ul>\n<h3><strong>\u221aVertrauensvoller Service f\u00fcr \u00fcber 20 L\u00e4nder.<\/strong><\/h3>\n<ul>\n<li>ODM\/OEM-Dienstleistung<\/li>\n<li>Verantwortungsvoller Kundendienst<\/li>\n<\/ul>","protected":false},"excerpt":{"rendered":"<ul>\n<li><strong>Artikel-Code:<\/strong> AM-H100<\/li>\n<li><strong>Material<\/strong><strong>:<\/strong> Zinklegierung<\/li>\n<li><strong>Schlossgeh\u00e4use:<\/strong> Einzelner Riegel<\/li>\n<li><strong>R\u00fcckversatz<\/strong>: 60-70mm einstellbar<\/li>\n<li><strong>Marke:<\/strong> ODM verf\u00fcgbar<\/li>\n<li><strong>Panelgr\u00f6\u00dfe<\/strong>:58*154*35mm<\/li>\n<li><strong>Anwendung:<\/strong> T\u00fcren aus Holz\/UPVC\/Sicherheitst\u00fcren<\/li>\n<li><strong>Batterie<\/strong>: 4*AA<\/li>\n<li><strong>Dicke der T\u00fcr:<\/strong>40-70mm<\/li>\n<li><b>Freischaltmodus: <\/b>Fingerabdruck\/Passcode\/IC-Karte\/Mechanischer Schl\u00fcssel\/Bluetooth<\/li>\n<\/ul>","protected":false},"featured_media":1894,"template":"","meta":{"nf_dc_page":""},"product_brand":[],"product_cat":[55],"product_tag":[],"class_list":{"0":"post-1885","1":"product","2":"type-product","3":"status-publish","4":"has-post-thumbnail","6":"product_cat-smart-lock","8":"first","9":"instock","10":"shipping-taxable","11":"product-type-simple"},"_links":{"self":[{"href":"https:\/\/amthy.com\/de\/wp-json\/wp\/v2\/product\/1885","targetHints":{"allow":["GET"]}}],"collection":[{"href":"https:\/\/amthy.com\/de\/wp-json\/wp\/v2\/product"}],"about":[{"href":"https:\/\/amthy.com\/de\/wp-json\/wp\/v2\/types\/product"}],"wp:featuredmedia":[{"embeddable":true,"href":"https:\/\/amthy.com\/de\/wp-json\/wp\/v2\/media\/1894"}],"wp:attachment":[{"href":"https:\/\/amthy.com\/de\/wp-json\/wp\/v2\/media?parent=1885"}],"wp:term":[{"taxonomy":"product_brand","embeddable":true,"href":"https:\/\/amthy.com\/de\/wp-json\/wp\/v2\/product_brand?post=1885"},{"taxonomy":"product_cat","embeddable":true,"href":"https:\/\/amthy.com\/de\/wp-json\/wp\/v2\/product_cat?post=1885"},{"taxonomy":"product_tag","embeddable":true,"href":"https:\/\/amthy.com\/de\/wp-json\/wp\/v2\/product_tag?post=1885"}],"curies":[{"name":"wp","href":"https:\/\/api.w.org\/{rel}","templated":true}]}}