{"id":1922,"date":"2021-08-29T20:52:21","date_gmt":"2021-08-29T12:52:21","guid":{"rendered":"https:\/\/amthy.com\/?post_type=product&#038;p=1922"},"modified":"2023-05-26T19:51:03","modified_gmt":"2023-05-26T11:51:03","slug":"smart-lock-manufacturer-am-h300","status":"publish","type":"product","link":"https:\/\/amthy.com\/de\/product\/smart-lock-manufacturer-am-h300\/","title":{"rendered":"Intelligentes Schloss AM-H300"},"content":{"rendered":"<p><img fetchpriority=\"high\" decoding=\"async\" class=\"wp-image-2038 aligncenter\" src=\"https:\/\/amthy.com\/wp-content\/uploads\/2021\/08\/\u56fe\u7247-300x140.png\" alt=\"Smart-Lock-Anbieter\" width=\"1011\" height=\"472\" title=\"\" srcset=\"https:\/\/amthy.com\/wp-content\/uploads\/2021\/08\/\u56fe\u7247-300x140.png 300w, https:\/\/amthy.com\/wp-content\/uploads\/2021\/08\/\u56fe\u7247-600x280.png 600w, https:\/\/amthy.com\/wp-content\/uploads\/2021\/08\/\u56fe\u7247-1024x478.png 1024w, https:\/\/amthy.com\/wp-content\/uploads\/2021\/08\/\u56fe\u7247-768x359.png 768w, https:\/\/amthy.com\/wp-content\/uploads\/2021\/08\/\u56fe\u7247-18x8.png 18w, https:\/\/amthy.com\/wp-content\/uploads\/2021\/08\/\u56fe\u7247.png 1026w\" sizes=\"(max-width: 1011px) 100vw, 1011px\" \/><\/p>\n<p>Das AMTHY H300 ist ein intelligentes T\u00fcrschloss, das Ihnen die volle Kontrolle \u00fcber Ihre Sicherheit zu Hause gibt und Ihnen gleichzeitig v\u00f6llige Sicherheit bietet. Nutzen Sie eine Vielzahl von M\u00f6glichkeiten, um Zugang zu Ihrem Zuhause zu erhalten, sei es per Fingerabdruck, Telefon-Bluetooth oder \u00fcber das WLAN-Modul zur Fernsteuerung. Mit dem digitalen T\u00fcrschloss von AMTHY k\u00f6nnen Sie Benutzern virtuelle Schl\u00fcssel senden, damit Freunde und Familie Zugang zu Ihrem Haus erhalten, wenn Sie nicht in der N\u00e4he sind. Sobald sie Zugang erhalten haben, k\u00f6nnen Sie ma<\/p>\n<p>Geben Sie an, wer Ihre Unterkunft betreten kann, indem Sie Benutzer \u00fcber die Telefon-App deaktivieren oder l\u00f6schen. Virtuelle Schl\u00fcssel k\u00f6nnen f\u00fcr die ultimative Kontrolle \u00fcber Ihr Zuhause oder Eigentum geplant oder dauerhaft gemacht werden. Sie k\u00f6nnen auch \u00fcberwachen, wer kommt und wer geht, damit Sie wissen, wann Ihre Lieben sicher zu Hause sind. Sie k\u00f6nnen sogar eine Benachrichtigung erhalten, wenn jemand nach Hause kommt. Sie m\u00fcssen sich keine Gedanken dar\u00fcber machen, Ihre Schl\u00fcssel mit sich zu f\u00fchren. Alles, was Sie brauchen, ist Ihr Smartphone und mit einem Fingertipp k\u00f6nnen Sie die T\u00fcr ganz einfach aufschlie\u00dfen. Das Ger\u00e4t verwendet verschl\u00fcsselte Bluetooth-Smart-Technologie, sodass das Smart Lock nicht vom Netzwerkempfang abh\u00e4ngig ist. Machen Sie Ihr Smart Lock noch intelligenter, indem Sie eines unserer Schlossmodule anschlie\u00dfen. Direktgesch\u00e4ft vom Hersteller smarter T\u00fcrzylinder. <a href=\"https:\/\/en.wikipedia.org\/wiki\/Lock\" target=\"_blank\" rel=\"noopener\">Sperren<\/a> und <a href=\"https:\/\/amthy.com\/de\/product-category\/smart-lock\/\">Smart Lock-Hersteller AM-H300<\/a><\/p>\n<p>&nbsp;<\/p>\n<p><img decoding=\"async\" class=\"wp-image-2037 aligncenter\" src=\"https:\/\/amthy.com\/wp-content\/uploads\/2021\/08\/\u56fe\u7247-Copy-300x199.png\" alt=\"Smart-Lock-Anbieter\" width=\"1016\" height=\"674\" title=\"\" srcset=\"https:\/\/amthy.com\/wp-content\/uploads\/2021\/08\/\u56fe\u7247-Copy-300x199.png 300w, https:\/\/amthy.com\/wp-content\/uploads\/2021\/08\/\u56fe\u7247-Copy-600x397.png 600w, https:\/\/amthy.com\/wp-content\/uploads\/2021\/08\/\u56fe\u7247-Copy-1024x678.png 1024w, https:\/\/amthy.com\/wp-content\/uploads\/2021\/08\/\u56fe\u7247-Copy-768x509.png 768w, https:\/\/amthy.com\/wp-content\/uploads\/2021\/08\/\u56fe\u7247-Copy-18x12.png 18w, https:\/\/amthy.com\/wp-content\/uploads\/2021\/08\/\u56fe\u7247-Copy.png 1143w\" sizes=\"(max-width: 1016px) 100vw, 1016px\" \/><\/p>\n<h2><\/h2>\n<h2>Warum wir? (Lieferant von Sicherheitst\u00fcrzylindern mit Europrofil <em>von AMTHY SECURITY<\/em>)<\/h2>\n<h3><strong>\u221aZuverl\u00e4ssige Qualit\u00e4t (Smart Lock Hersteller AM-H300)<\/strong><\/h3>\n<ul>\n<li>Professionelles QC-Team \u00fcberwacht die gesamte Produktion<\/li>\n<li>Strenge Auswahl der Kooperationspartner<\/li>\n<\/ul>\n<h3><strong>\u221aWettbewerbsf\u00e4higer Preis<\/strong><\/h3>\n<ul>\n<li>Rohmaterial auf 3-Monats-Lager, um das Risiko von Preisschwankungen zu verringern<\/li>\n<li>Automatische und fortschrittliche Ausr\u00fcstung zur Reduzierung der hohen Arbeitskosten<\/li>\n<\/ul>\n<h3><strong>\u221aVertrauensvoller Service f\u00fcr \u00fcber 20 L\u00e4nder.<\/strong><\/h3>\n<ul>\n<li>ODM\/OEM-Dienstleistung<\/li>\n<li>Verantwortungsvoller Kundendienst<\/li>\n<\/ul>","protected":false},"excerpt":{"rendered":"<ul>\n<li><strong>Artikel-Code:<\/strong> AM-H300<\/li>\n<li><strong>Material<\/strong><strong>:<\/strong> Aluminium<\/li>\n<li><strong>Schlossgeh\u00e4use:<\/strong> Einzelner Riegel<\/li>\n<li><strong>R\u00fcckversatz<\/strong>: 60\/70 mm einstellbar<\/li>\n<li><strong>Marke:<\/strong> ODM verf\u00fcgbar<\/li>\n<li><strong>Anwendung:<\/strong> T\u00fcren aus Holz\/UPVC\/Sicherheitst\u00fcren<\/li>\n<li><strong>Batterie<\/strong>: 4 * 1,5 v<\/li>\n<li><strong>Dicke der T\u00fcr:<\/strong>30-65mm<\/li>\n<li><b>Freischaltmodus: <\/b>Fingerabdruck\/Mechanischer Schl\u00fcssel<\/li>\n<\/ul>","protected":false},"featured_media":1924,"template":"","meta":{"nf_dc_page":""},"product_brand":[],"product_cat":[55],"product_tag":[],"class_list":{"0":"post-1922","1":"product","2":"type-product","3":"status-publish","4":"has-post-thumbnail","6":"product_cat-smart-lock","8":"first","9":"instock","10":"shipping-taxable","11":"product-type-simple"},"_links":{"self":[{"href":"https:\/\/amthy.com\/de\/wp-json\/wp\/v2\/product\/1922","targetHints":{"allow":["GET"]}}],"collection":[{"href":"https:\/\/amthy.com\/de\/wp-json\/wp\/v2\/product"}],"about":[{"href":"https:\/\/amthy.com\/de\/wp-json\/wp\/v2\/types\/product"}],"wp:featuredmedia":[{"embeddable":true,"href":"https:\/\/amthy.com\/de\/wp-json\/wp\/v2\/media\/1924"}],"wp:attachment":[{"href":"https:\/\/amthy.com\/de\/wp-json\/wp\/v2\/media?parent=1922"}],"wp:term":[{"taxonomy":"product_brand","embeddable":true,"href":"https:\/\/amthy.com\/de\/wp-json\/wp\/v2\/product_brand?post=1922"},{"taxonomy":"product_cat","embeddable":true,"href":"https:\/\/amthy.com\/de\/wp-json\/wp\/v2\/product_cat?post=1922"},{"taxonomy":"product_tag","embeddable":true,"href":"https:\/\/amthy.com\/de\/wp-json\/wp\/v2\/product_tag?post=1922"}],"curies":[{"name":"wp","href":"https:\/\/api.w.org\/{rel}","templated":true}]}}