{"id":1925,"date":"2021-08-29T20:56:13","date_gmt":"2021-08-29T12:56:13","guid":{"rendered":"https:\/\/amthy.com\/?post_type=product&#038;p=1925"},"modified":"2023-05-26T19:50:53","modified_gmt":"2023-05-26T11:50:53","slug":"smart-lock-manufacturer-am-p100","status":"publish","type":"product","link":"https:\/\/amthy.com\/de\/product\/smart-lock-manufacturer-am-p100\/","title":{"rendered":"Intelligentes Schloss AM-P100"},"content":{"rendered":"<p><img fetchpriority=\"high\" decoding=\"async\" class=\"alignnone wp-image-2034\" src=\"https:\/\/amthy.com\/wp-content\/uploads\/2021\/08\/AM400-300x35.jpg\" alt=\"amthy\" width=\"994\" height=\"116\" title=\"\" srcset=\"https:\/\/amthy.com\/wp-content\/uploads\/2021\/08\/AM400-300x35.jpg 300w, https:\/\/amthy.com\/wp-content\/uploads\/2021\/08\/AM400-600x71.jpg 600w, https:\/\/amthy.com\/wp-content\/uploads\/2021\/08\/AM400-1024x120.jpg 1024w, https:\/\/amthy.com\/wp-content\/uploads\/2021\/08\/AM400-768x90.jpg 768w, https:\/\/amthy.com\/wp-content\/uploads\/2021\/08\/AM400-1536x181.jpg 1536w, https:\/\/amthy.com\/wp-content\/uploads\/2021\/08\/AM400-2048x241.jpg 2048w, https:\/\/amthy.com\/wp-content\/uploads\/2021\/08\/AM400-18x2.jpg 18w\" sizes=\"(max-width: 994px) 100vw, 994px\" \/><\/p>\n<p>&nbsp;<\/p>\n<p>Das AMTHY P100 ist ein intelligentes T\u00fcrschloss, das Ihnen die volle Kontrolle \u00fcber Ihre Sicherheit zu Hause gibt und Ihnen gleichzeitig v\u00f6llige Sicherheit bietet. Verwenden Sie eine Vielzahl von M\u00f6glichkeiten, um Zugang zu Ihrem Zuhause zu erhalten, sei es \u00fcber Passwort, Fingerabdruck, Kartenschl\u00fcssel, Telefon-Bluetooth oder \u00fcber das WLAN-Modul zur Fernsteuerung. Mit dem digitalen T\u00fcrschloss von AMTHY k\u00f6nnen Sie Benutzern virtuelle Schl\u00fcssel senden, damit Freunde und Familie Zugang zu Ihrem Haus erhalten, wenn Sie nicht in der N\u00e4he sind. Sobald sie Zugriff erhalten haben, k\u00f6nnen Sie verwalten, wer Ihre Unterkunft betreten kann, indem Sie Benutzer \u00fcber die Telefon-App deaktivieren oder l\u00f6schen. Virtuelle Schl\u00fcssel k\u00f6nnen f\u00fcr die ultimative Kontrolle \u00fcber Ihr Zuhause oder Eigentum geplant oder dauerhaft gemacht werden. Sie k\u00f6nnen auch \u00fcberwachen, wer kommt und wer geht, damit Sie wissen, wann Ihre Lieben sicher zu Hause sind. Sie k\u00f6nnen sogar eine Benachrichtigung erhalten, wenn jemand nach Hause kommt. Sie m\u00fcssen sich keine Gedanken dar\u00fcber machen, Ihre Schl\u00fcssel mit sich zu f\u00fchren. Alles, was Sie brauchen, ist Ihr Smartphone und mit einem Fingertipp k\u00f6nnen Sie die T\u00fcr ganz einfach aufschlie\u00dfen. Das Ger\u00e4t verwendet verschl\u00fcsselte Bluetooth-Smart-Technologie, sodass das Smart Lock nicht vom Netzwerkempfang abh\u00e4ngig ist. Machen Sie Ihr Smart Lock noch intelligenter, indem Sie eines unserer Schlossmodule anschlie\u00dfen. Direktgesch\u00e4ft vom Smart Door Lock Hersteller. <a href=\"https:\/\/en.wikipedia.org\/wiki\/Lock\" target=\"_blank\" rel=\"noopener\">Sperren<\/a> und <a href=\"https:\/\/amthy.com\/de\/product-category\/smart-lock\/\">Smart Lock-Hersteller AM-P100<\/a><\/p>\n<p><strong>Funktionen und Vorteile:<\/strong><\/p>\n<ul>\n<li>Schl\u00fcssellos \u2013 Gibt Ihnen die Freiheit, Ihr Zuhause ohne Schl\u00fcssel zu sichern<\/li>\n<li>Einfach zu montieren \u2013 Geeignet f\u00fcr die meisten PVC- und Verbundt\u00fcren, Schraubendreher erforderlich<\/li>\n<li>Einfach zu montieren \u2013 <strong>Keine Notwendigkeit, das vollst\u00e4ndige Schloss zu \u00e4ndern<\/strong> Tauschen Sie aber nur den Zylinder ohne T\u00fcrschaden aus. Einfache Installation.<\/li>\n<li>Batteriebetrieben \u2013 3 x AAA-Batterien, Warnung bei schwachem Batteriestand<\/li>\n<li>Geeignet f\u00fcr T\u00fcren mit einer Dicke von 60-100 mm<\/li>\n<li>Erh\u00e4ltlich in einer Reihe von Oberfl\u00e4chen \u2013 einschlie\u00dflich Schwarz und Silber<\/li>\n<\/ul>\n<p>&nbsp;<\/p>\n<h2>Warum wir? (Lieferant von Sicherheitst\u00fcrzylindern mit Europrofil <em>von AMTHY SECURITY<\/em>)<\/h2>\n<h3><strong>\u221aZuverl\u00e4ssige Qualit\u00e4t (Smart Lock Hersteller AM-P100)<\/strong><\/h3>\n<ul>\n<li>Professionelles QC-Team \u00fcberwacht die gesamte Produktion<\/li>\n<li>Strenge Auswahl der Kooperationspartner<\/li>\n<\/ul>\n<h3><strong>\u221aWettbewerbsf\u00e4higer Preis<\/strong><\/h3>\n<ul>\n<li>Rohmaterial auf 3-Monats-Lager, um das Risiko von Preisschwankungen zu verringern<\/li>\n<li>Automatische und fortschrittliche Ausr\u00fcstung zur Reduzierung der hohen Arbeitskosten<\/li>\n<\/ul>\n<h3><strong>\u221aVertrauensvoller Service f\u00fcr \u00fcber 20 L\u00e4nder.<\/strong><\/h3>\n<ul>\n<li>ODM\/OEM-Dienstleistung<\/li>\n<li>Verantwortungsvoller Kundendienst<\/li>\n<\/ul>","protected":false},"excerpt":{"rendered":"<ul>\n<li><strong>Artikel-Code:<\/strong> AM-P100<\/li>\n<li><strong>Material des Griffs<\/strong><strong>:<\/strong> Rostfreier Stahl 304<\/li>\n<li><strong>Marke:<\/strong> ODM verf\u00fcgbar<\/li>\n<li><strong>Gr\u00f6\u00dfe der Platte:<\/strong>\u00a0303*43mm<\/li>\n<li><strong>Zubeh\u00f6r:<\/strong>55mm Schrauben<\/li>\n<li><strong>Dicke der T\u00fcr:<\/strong>30-70mm<\/li>\n<li><strong>Anwendung:<\/strong> T\u00fcren aus Holz\/UPVC\/Sicherheitst\u00fcren<\/li>\n<li><strong>Batterie<\/strong>: USB aufladbar (6 Monate)<\/li>\n<li><b>Freischaltmodus:<\/b> Fingerabdruck\/App\/mechanischer Schl\u00fcssel\/Passcode\/Kartenschl\u00fcssel<\/li>\n<\/ul>","protected":false},"featured_media":2177,"template":"","meta":{"nf_dc_page":""},"product_brand":[],"product_cat":[55],"product_tag":[],"class_list":{"0":"post-1925","1":"product","2":"type-product","3":"status-publish","4":"has-post-thumbnail","6":"product_cat-smart-lock","8":"first","9":"instock","10":"shipping-taxable","11":"product-type-simple"},"_links":{"self":[{"href":"https:\/\/amthy.com\/de\/wp-json\/wp\/v2\/product\/1925","targetHints":{"allow":["GET"]}}],"collection":[{"href":"https:\/\/amthy.com\/de\/wp-json\/wp\/v2\/product"}],"about":[{"href":"https:\/\/amthy.com\/de\/wp-json\/wp\/v2\/types\/product"}],"wp:featuredmedia":[{"embeddable":true,"href":"https:\/\/amthy.com\/de\/wp-json\/wp\/v2\/media\/2177"}],"wp:attachment":[{"href":"https:\/\/amthy.com\/de\/wp-json\/wp\/v2\/media?parent=1925"}],"wp:term":[{"taxonomy":"product_brand","embeddable":true,"href":"https:\/\/amthy.com\/de\/wp-json\/wp\/v2\/product_brand?post=1925"},{"taxonomy":"product_cat","embeddable":true,"href":"https:\/\/amthy.com\/de\/wp-json\/wp\/v2\/product_cat?post=1925"},{"taxonomy":"product_tag","embeddable":true,"href":"https:\/\/amthy.com\/de\/wp-json\/wp\/v2\/product_tag?post=1925"}],"curies":[{"name":"wp","href":"https:\/\/api.w.org\/{rel}","templated":true}]}}