{"id":1937,"date":"2021-08-31T16:46:30","date_gmt":"2021-08-31T08:46:30","guid":{"rendered":"https:\/\/amthy.com\/?post_type=product&#038;p=1937"},"modified":"2023-05-26T19:50:36","modified_gmt":"2023-05-26T11:50:36","slug":"smart-door-cylinder-manufacturer-am-200","status":"publish","type":"product","link":"https:\/\/amthy.com\/de\/product\/smart-door-cylinder-manufacturer-am-200\/","title":{"rendered":"Smarter T\u00fcrzylinder AM-200"},"content":{"rendered":"<p><img fetchpriority=\"high\" decoding=\"async\" class=\"alignnone wp-image-2019 aligncenter\" src=\"https:\/\/amthy.com\/wp-content\/uploads\/2021\/08\/AM20-300x41.jpg\" alt=\"amthy\" width=\"857\" height=\"117\" title=\"\" srcset=\"https:\/\/amthy.com\/wp-content\/uploads\/2021\/08\/AM20-300x41.jpg 300w, https:\/\/amthy.com\/wp-content\/uploads\/2021\/08\/AM20-600x81.jpg 600w, https:\/\/amthy.com\/wp-content\/uploads\/2021\/08\/AM20-1024x139.jpg 1024w, https:\/\/amthy.com\/wp-content\/uploads\/2021\/08\/AM20-768x104.jpg 768w, https:\/\/amthy.com\/wp-content\/uploads\/2021\/08\/AM20-1536x208.jpg 1536w, https:\/\/amthy.com\/wp-content\/uploads\/2021\/08\/AM20-2048x278.jpg 2048w, https:\/\/amthy.com\/wp-content\/uploads\/2021\/08\/AM20-18x2.jpg 18w\" sizes=\"(max-width: 857px) 100vw, 857px\" \/><\/p>\n<p><iframe title=\"Intelligenter Schlie\u00dfzylinder | AM-200 ist die intelligente Sperre f\u00fcr Fingerabdruck- und Telefon-App-Entsperrfunktionen.\" width=\"1435\" height=\"807\" src=\"https:\/\/www.youtube.com\/embed\/yRCbSkD6CE8?feature=oembed\" frameborder=\"0\" allow=\"accelerometer; autoplay; clipboard-write; encrypted-media; gyroscope; picture-in-picture\" allowfullscreen><\/iframe><\/p>\n<p>Das AMTHY 200 ist ein intelligentes T\u00fcrschloss, das Ihnen die volle Kontrolle \u00fcber die Sicherheit Ihres Hauses gibt und Ihnen gleichzeitig v\u00f6llige Sicherheit bietet. Nutzen Sie verschiedene M\u00f6glichkeiten, um auf Ihr Zuhause zuzugreifen, sei es per Fingerabdruck, Bluetooth am Telefon oder \u00fcber das WLAN-Modul zur Fernbedienung. Mit dem digitalen T\u00fcrschloss von AMTHY k\u00f6nnen Sie Benutzern virtuelle Schl\u00fcssel senden, damit Freunde und Familie Zugang zu Ihrem Haus erhalten, wenn Sie nicht in der N\u00e4he sind. Sobald sie Zugriff erhalten haben, k\u00f6nnen Sie verwalten, wer Ihre Unterkunft betreten darf, indem Sie Benutzer \u00fcber die Telefon-App deaktivieren oder l\u00f6schen. Virtuelle Schl\u00fcssel k\u00f6nnen f\u00fcr die ultimative Kontrolle Ihres Hauses oder Eigentums geplant oder dauerhaft gemacht werden. Sie k\u00f6nnen auch \u00fcberwachen, wer kommt und wer geht, damit Sie wissen, wann Ihre Lieben sicher zu Hause sind. Sie k\u00f6nnen sogar eine Benachrichtigung erhalten, wenn jemand nach Hause kommt. Sie m\u00fcssen sich keine Sorgen machen, Ihre Schl\u00fcssel bei sich zu tragen. Alles, was Sie brauchen, ist Ihr Smartphone und mit einem Fingertipp k\u00f6nnen Sie die T\u00fcr ganz einfach entriegeln. Das Ger\u00e4t verwendet die verschl\u00fcsselte Bluetooth Smart-Technologie, sodass das Smart Lock nicht vom Netzwerkempfang abh\u00e4ngig ist. Machen Sie Ihr Smart Lock noch smarter, indem Sie eines unserer Schlossmodule anschlie\u00dfen. Direktes Gesch\u00e4ft vom Smart-T\u00fcrzylinder-Hersteller. <a href=\"https:\/\/en.wikipedia.org\/wiki\/Lock\" target=\"_blank\" rel=\"noopener\">Sperren<\/a> und <a href=\"https:\/\/amthy.com\/de\/product-category\/smart-lock\/\">Intelligenter T\u00fcrzylinder<\/a><\/p>\n<p><strong>Funktionen und Vorteile (Smart Door Cylinder Hersteller):<\/strong><\/p>\n<ul>\n<li>Schl\u00fcssellos \u2013 Gibt Ihnen die Freiheit, Ihr Zuhause ohne Schl\u00fcssel zu sichern<\/li>\n<li>Einfach zu montieren \u2013 Geeignet f\u00fcr die meisten PVC- und Verbundt\u00fcren, Schraubendreher erforderlich<\/li>\n<li>Einfach zu montieren \u2013 <strong>Keine Notwendigkeit, das vollst\u00e4ndige Schloss zu \u00e4ndern<\/strong> Tauschen Sie aber nur den Zylinder ohne T\u00fcrschaden aus. Einfache Installation.<\/li>\n<li>Batteriebetrieben \u2013 3 x AAA-Batterien, Warnung bei schwachem Batteriestand<\/li>\n<li>Geeignet f\u00fcr T\u00fcren mit einer Dicke von 60-100 mm<\/li>\n<li>Erh\u00e4ltlich in einer Reihe von Oberfl\u00e4chen \u2013 einschlie\u00dflich Schwarz und Silber<\/li>\n<\/ul>\n<p>&nbsp;<\/p>\n<hr \/>\n<p>&nbsp;<\/p>","protected":false},"excerpt":{"rendered":"<ul>\n<li><strong>Artikel-Code:<\/strong> AM-200<\/li>\n<li><strong>Material<\/strong><strong>:<\/strong> Messing<\/li>\n<li><strong>Profil <\/strong>Gr\u00f6\u00dfe: 17 x 33 x 10 mm<\/li>\n<li><strong>Marke:<\/strong> ODM verf\u00fcgbar<\/li>\n<li><strong>Anwendung:<\/strong> T\u00fcren aus Holz\/UPVC\/Sicherheitst\u00fcren<\/li>\n<li><strong>Batterie<\/strong>: Eingebautes Lithium<\/li>\n<li><strong>Dicke der T\u00fcr:<\/strong>60-100mm<\/li>\n<li><strong>Betriebstemperatur:<\/strong>-20 \u00b0C bis +55 \u00b0C<\/li>\n<li><strong>Wasserdicht:<\/strong>IP54<\/li>\n<li><b>Freischaltmodus: <\/b><em>Fingerabdruck\/Bluetooth\/Fernbedienung \u00fcber WLAN-Modul<\/em><\/li>\n<\/ul>","protected":false},"featured_media":1938,"template":"","meta":[],"product_brand":[],"product_cat":[55,25],"product_tag":[],"class_list":{"0":"post-1937","1":"product","2":"type-product","3":"status-publish","4":"has-post-thumbnail","6":"product_cat-smart-lock","7":"product_cat-euro-profile-cylinder-manufacturer","9":"first","10":"instock","11":"shipping-taxable","12":"product-type-simple"},"_links":{"self":[{"href":"https:\/\/amthy.com\/de\/wp-json\/wp\/v2\/product\/1937","targetHints":{"allow":["GET"]}}],"collection":[{"href":"https:\/\/amthy.com\/de\/wp-json\/wp\/v2\/product"}],"about":[{"href":"https:\/\/amthy.com\/de\/wp-json\/wp\/v2\/types\/product"}],"wp:featuredmedia":[{"embeddable":true,"href":"https:\/\/amthy.com\/de\/wp-json\/wp\/v2\/media\/1938"}],"wp:attachment":[{"href":"https:\/\/amthy.com\/de\/wp-json\/wp\/v2\/media?parent=1937"}],"wp:term":[{"taxonomy":"product_brand","embeddable":true,"href":"https:\/\/amthy.com\/de\/wp-json\/wp\/v2\/product_brand?post=1937"},{"taxonomy":"product_cat","embeddable":true,"href":"https:\/\/amthy.com\/de\/wp-json\/wp\/v2\/product_cat?post=1937"},{"taxonomy":"product_tag","embeddable":true,"href":"https:\/\/amthy.com\/de\/wp-json\/wp\/v2\/product_tag?post=1937"}],"curies":[{"name":"wp","href":"https:\/\/api.w.org\/{rel}","templated":true}]}}