{"id":1942,"date":"2021-08-31T16:53:46","date_gmt":"2021-08-31T08:53:46","guid":{"rendered":"https:\/\/amthy.com\/?post_type=product&#038;p=1942"},"modified":"2023-05-26T19:50:21","modified_gmt":"2023-05-26T11:50:21","slug":"smart-door-cylinder-am-400","status":"publish","type":"product","link":"https:\/\/amthy.com\/de\/product\/smart-door-cylinder-am-400\/","title":{"rendered":"Intelligenter T\u00fcrzylinder AM-400"},"content":{"rendered":"<p><img fetchpriority=\"high\" decoding=\"async\" class=\"wp-image-2024 aligncenter\" src=\"https:\/\/amthy.com\/wp-content\/uploads\/2021\/08\/AM4001-300x218.jpg\" alt=\"amthy\" width=\"994\" height=\"722\" title=\"\" srcset=\"https:\/\/amthy.com\/wp-content\/uploads\/2021\/08\/AM4001-300x218.jpg 300w, https:\/\/amthy.com\/wp-content\/uploads\/2021\/08\/AM4001-600x436.jpg 600w, https:\/\/amthy.com\/wp-content\/uploads\/2021\/08\/AM4001-1024x745.jpg 1024w, https:\/\/amthy.com\/wp-content\/uploads\/2021\/08\/AM4001-768x559.jpg 768w, https:\/\/amthy.com\/wp-content\/uploads\/2021\/08\/AM4001-1536x1117.jpg 1536w, https:\/\/amthy.com\/wp-content\/uploads\/2021\/08\/AM4001-2048x1489.jpg 2048w, https:\/\/amthy.com\/wp-content\/uploads\/2021\/08\/AM4001-18x12.jpg 18w\" sizes=\"(max-width: 994px) 100vw, 994px\" \/><\/p>\n<p><iframe title=\"Intelligenter Schlie\u00dfzylinder | AM-400 ist die intelligente Sperre von Fingerabdruck- und Telefon-APP \/ PIN-Code und IC-Karte.\" width=\"1435\" height=\"807\" src=\"https:\/\/www.youtube.com\/embed\/BSfQK6yR4_Y?feature=oembed\" frameborder=\"0\" allow=\"accelerometer; autoplay; clipboard-write; encrypted-media; gyroscope; picture-in-picture\" allowfullscreen><\/iframe><\/p>\n<p>Das AMTHY 400 ist ein intelligentes T\u00fcrschloss, das Ihnen die volle Kontrolle \u00fcber Ihre Sicherheit zu Hause gibt und Ihnen gleichzeitig v\u00f6llige Sorgenfreiheit bietet. Nutzen Sie eine Vielzahl von M\u00f6glichkeiten, um Zugang zu Ihrem Zuhause zu erhalten, sei es per Fingerabdruck, Telefon-Bluetooth oder \u00fcber das WLAN-Modul zur Fernsteuerung. Mit dem digitalen T\u00fcrschloss von AMTHY k\u00f6nnen Sie Benutzern virtuelle Schl\u00fcssel senden, damit Freunde und Familie Zugang zu Ihrem Haus erhalten, wenn Sie nicht in der N\u00e4he sind. Sobald sie Zugriff erhalten haben, k\u00f6nnen Sie verwalten, wer Ihre Unterkunft betreten kann, indem Sie Benutzer \u00fcber die Telefon-App deaktivieren oder l\u00f6schen. Virtuelle Schl\u00fcssel k\u00f6nnen f\u00fcr die ultimative Kontrolle \u00fcber Ihr Zuhause oder Eigentum geplant oder dauerhaft gemacht werden. Sie k\u00f6nnen auch \u00fcberwachen, wer kommt und wer geht, damit Sie wissen, wann Ihre Lieben sicher zu Hause sind. Sie k\u00f6nnen sogar eine Benachrichtigung erhalten, wenn jemand nach Hause kommt. Sie m\u00fcssen sich keine Gedanken dar\u00fcber machen, Ihre Schl\u00fcssel mit sich zu f\u00fchren. Alles, was Sie brauchen, ist Ihr Smartphone und mit einem Fingertipp k\u00f6nnen Sie die T\u00fcr ganz einfach aufschlie\u00dfen. Das Ger\u00e4t verwendet verschl\u00fcsselte Bluetooth-Smart-Technologie, sodass das Smart Lock nicht vom Netzwerkempfang abh\u00e4ngig ist. Machen Sie Ihr Smart Lock noch intelligenter, indem Sie eines unserer Schlossmodule anschlie\u00dfen. Direktgesch\u00e4ft vom Hersteller smarter T\u00fcrzylinder. <a href=\"https:\/\/en.wikipedia.org\/wiki\/Lock\" target=\"_blank\" rel=\"noopener\">Sperren<\/a> und <a href=\"https:\/\/amthy.com\/de\/product-category\/smart-lock\/\">Intelligenter T\u00fcrzylinder<\/a><\/p>\n<p><strong>Eigenschaften und Vorteile (Smart Door Cylinder):<\/strong><\/p>\n<ul>\n<li>Schl\u00fcssellos \u2013 Gibt Ihnen die Freiheit, Ihr Zuhause ohne Schl\u00fcssel zu sichern<\/li>\n<li>Einfach zu montieren \u2013 Geeignet f\u00fcr die meisten PVC- und Verbundt\u00fcren, Schraubendreher erforderlich<\/li>\n<li>Einfach zu montieren \u2013 <strong>Keine Notwendigkeit, das vollst\u00e4ndige Schloss zu \u00e4ndern<\/strong> Tauschen Sie aber nur den Zylinder ohne T\u00fcrschaden aus. Einfache Installation.<\/li>\n<li>Batteriebetrieben \u2013 3 x AAA-Batterien, Warnung bei schwachem Batteriestand<\/li>\n<li>Geeignet f\u00fcr T\u00fcren mit einer Dicke von 60-100 mm<\/li>\n<li>Erh\u00e4ltlich in einer Reihe von Oberfl\u00e4chen \u2013 einschlie\u00dflich Schwarz und Silber<\/li>\n<\/ul>\n<p><img decoding=\"async\" class=\"aligncenter wp-image-2023\" src=\"https:\/\/amthy.com\/wp-content\/uploads\/2021\/08\/AM400.1-300x107.jpg\" alt=\"Intelligenter T\u00fcrzylinder\" width=\"1001\" height=\"357\" title=\"\" srcset=\"https:\/\/amthy.com\/wp-content\/uploads\/2021\/08\/AM400.1-300x107.jpg 300w, https:\/\/amthy.com\/wp-content\/uploads\/2021\/08\/AM400.1-600x214.jpg 600w, https:\/\/amthy.com\/wp-content\/uploads\/2021\/08\/AM400.1-1024x365.jpg 1024w, https:\/\/amthy.com\/wp-content\/uploads\/2021\/08\/AM400.1-768x274.jpg 768w, https:\/\/amthy.com\/wp-content\/uploads\/2021\/08\/AM400.1-1536x548.jpg 1536w, https:\/\/amthy.com\/wp-content\/uploads\/2021\/08\/AM400.1-2048x730.jpg 2048w, https:\/\/amthy.com\/wp-content\/uploads\/2021\/08\/AM400.1-18x6.jpg 18w\" sizes=\"(max-width: 1001px) 100vw, 1001px\" \/><\/p>\n<p>&nbsp;<\/p>\n<hr \/>\n<p>&nbsp;<\/p>","protected":false},"excerpt":{"rendered":"<ul>\n<li><strong>Artikel-Code:<\/strong> AM-400<\/li>\n<li><strong>Material<\/strong><strong>:<\/strong>\u00a0Messing<\/li>\n<li><strong>Profil\u00a0<\/strong>Gr\u00f6\u00dfe: 17 x 33 x 10 mm<\/li>\n<li><strong>Marke:<\/strong>\u00a0ODM verf\u00fcgbar<\/li>\n<li><strong>Anwendung:<\/strong>\u00a0T\u00fcren aus Holz\/UPVC\/Sicherheitst\u00fcren<\/li>\n<li><strong>Batterie<\/strong>:\u00a0 3*AAA (ausgeschlossen)<\/li>\n<li><strong>Dicke der T\u00fcr:<\/strong>60-100mm<\/li>\n<li><strong>Betriebstemperatur:<\/strong>-20 \u00b0C bis +55 \u00b0C<\/li>\n<li><strong>Wasserdicht: <\/strong>IP54<\/li>\n<li><b>Freischaltmodus: <\/b>Fingerabdruck\/Passcode\/Kartenschl\u00fcssel\/Bluetooth\/Fernbedienung \u00fcber WLAN-Modul\/mechanischer Schl\u00fcssel<\/li>\n<\/ul>","protected":false},"featured_media":1943,"template":"","meta":{"nf_dc_page":""},"product_brand":[],"product_cat":[55,25],"product_tag":[],"class_list":{"0":"post-1942","1":"product","2":"type-product","3":"status-publish","4":"has-post-thumbnail","6":"product_cat-smart-lock","7":"product_cat-euro-profile-cylinder-manufacturer","9":"first","10":"instock","11":"shipping-taxable","12":"product-type-simple"},"_links":{"self":[{"href":"https:\/\/amthy.com\/de\/wp-json\/wp\/v2\/product\/1942","targetHints":{"allow":["GET"]}}],"collection":[{"href":"https:\/\/amthy.com\/de\/wp-json\/wp\/v2\/product"}],"about":[{"href":"https:\/\/amthy.com\/de\/wp-json\/wp\/v2\/types\/product"}],"wp:featuredmedia":[{"embeddable":true,"href":"https:\/\/amthy.com\/de\/wp-json\/wp\/v2\/media\/1943"}],"wp:attachment":[{"href":"https:\/\/amthy.com\/de\/wp-json\/wp\/v2\/media?parent=1942"}],"wp:term":[{"taxonomy":"product_brand","embeddable":true,"href":"https:\/\/amthy.com\/de\/wp-json\/wp\/v2\/product_brand?post=1942"},{"taxonomy":"product_cat","embeddable":true,"href":"https:\/\/amthy.com\/de\/wp-json\/wp\/v2\/product_cat?post=1942"},{"taxonomy":"product_tag","embeddable":true,"href":"https:\/\/amthy.com\/de\/wp-json\/wp\/v2\/product_tag?post=1942"}],"curies":[{"name":"wp","href":"https:\/\/api.w.org\/{rel}","templated":true}]}}