{"id":1341,"date":"2021-05-12T19:50:51","date_gmt":"2021-05-12T11:50:51","guid":{"rendered":"https:\/\/amthy.com\/?post_type=product&#038;p=1341"},"modified":"2021-10-19T16:51:47","modified_gmt":"2021-10-19T08:51:47","slug":"brass-door-handle-supplier","status":"publish","type":"product","link":"https:\/\/amthy.com\/es\/product\/brass-door-handle-supplier\/","title":{"rendered":"Manija de puerta AM-816"},"content":{"rendered":"<h2>\u00bfQuienes somos? (<a href=\"https:\/\/amthy.com\/wp-content\/uploads\/2021\/10\/AMTHY-Brass-Handle.pdf\">Tirador de puerta de lat\u00f3n<\/a> proveedor)<\/h2>\n<p style=\"text-align: left;\">Amthy es una <a href=\"https:\/\/en.wikipedia.org\/wiki\/Door_handle\" target=\"_blank\" rel=\"noopener\">manija de la puerta<\/a> Amthy es una empresa y fabricante de manillas para puertas de China.\u00a0Nuestra gama de productos incluye materiales de aleaci\u00f3n de zinc, lat\u00f3n, acero inoxidable y aluminio. Los juegos de manillas cromadas y negras son muy populares para las puertas de las habitaciones interiores, mientras que la manilla de acero inoxidable es bien recibida para la aplicaci\u00f3n comercial. Durante la fabricaci\u00f3n, el pulido y la galvanoplastia afectan principalmente a la CALIDAD. Como fabricante y proveedor profesional de cerraduras para puertas, realizamos un estricto pulido manual y autom\u00e1tico. Para la capa de galvanoplastia de la superficie, nuestros art\u00edculos mantienen m\u00e1s de 72 horas durante la prueba de niebla salina. Por lo tanto, nuestro dise\u00f1o art\u00edstico y el servicio considerado nos llevan a ser una de las mejores empresas de manijas de puertas en China.<\/p>\n<h2 style=\"text-align: left;\">\u00bfQu\u00e9 es un tirador de puerta?<\/h2>\n<p>Una manilla o picaporte es una herramienta que se utiliza para abrir o cerrar una puerta. Puede encontrarse en todo tipo de puertas, incluidas las exteriores e interiores de edificios residenciales y comerciales, Adem\u00e1s, debe incorporar mecanismos de enclavamiento o bloqueo. Como el cuerpo de la cerradura de embutir y el cilindro de la cerradura de la puerta.<\/p>\n<p>&nbsp;<\/p>\n<p><img fetchpriority=\"high\" decoding=\"async\" class=\"wp-image-938 aligncenter\" src=\"https:\/\/amthy.com\/wp-content\/uploads\/2021\/05\/Design_PC-300x187.jpg\" alt=\"Proveedor de manijas de puerta de lat\u00f3n\" width=\"419\" height=\"261\" title=\"\" srcset=\"https:\/\/amthy.com\/wp-content\/uploads\/2021\/05\/Design_PC-300x187.jpg 300w, https:\/\/amthy.com\/wp-content\/uploads\/2021\/05\/Design_PC-600x374.jpg 600w, https:\/\/amthy.com\/wp-content\/uploads\/2021\/05\/Design_PC-768x478.jpg 768w, https:\/\/amthy.com\/wp-content\/uploads\/2021\/05\/Design_PC.jpg 928w\" sizes=\"(max-width: 419px) 100vw, 419px\" \/><\/p>\n<h2>\u00bfPorque nosotros? (Proveedor de manijas de puerta de lat\u00f3n)<\/h2>\n<h3><strong>\u221aCalidad fiable<\/strong><\/h3>\n<ul>\n<li>Un equipo profesional de control de calidad supervisa toda la producci\u00f3n<\/li>\n<li>Estricta selecci\u00f3n de los socios cooperantes<\/li>\n<\/ul>\n<h3><strong>\u221aPrecio competitivo<\/strong><\/h3>\n<ul>\n<li>Materia prima en stock de 3 meses para disminuir el riesgo de fluctuaci\u00f3n de precios<\/li>\n<li>Equipos autom\u00e1ticos y avanzados para reducir el alto coste de la mano de obra<\/li>\n<\/ul>\n<h3><strong>\u221aServicio de confianza para m\u00e1s de 20 pa\u00edses.<\/strong><\/h3>\n<ul>\n<li>Servicio ODM\/OEM<\/li>\n<li>Servicio posventa responsable<\/li>\n<\/ul>\n<p>&nbsp;<\/p>","protected":false},"excerpt":{"rendered":"<p>Los tiradores de las puertas se pueden personalizar con diferentes acabados superficiales y diferentes husillos para diferentes puertas.<\/p>\n<ul>\n<li><strong>C\u00f3digo del art\u00edculo:<\/strong> AM-816<\/li>\n<li><strong>Materia:<\/strong> Lat\u00f3n\/aleaci\u00f3n de zinc<\/li>\n<li><strong>Marca:<\/strong> ODM Disponible<\/li>\n<li><strong>La superficie:<\/strong> Cromo CP, Cromo Satinado SC, Lat\u00f3n Pulido PB, Lat\u00f3n Te\u00f1ido SB, N\u00edquel Pulido PN, N\u00edquel Satinado SN, Lat\u00f3n Antiguo AB, Bronce Friccionado ORB, Negro BL<\/li>\n<li><strong>Accesorios:<\/strong>Eje de 7.6mmx7.6mm x100mm x 1 pieza+Tornillo M3.8x30mm x 4 piezas+llave Allen de 2.5mm x 1 pieza<\/li>\n<li><strong>Aplicaci\u00f3n:<\/strong> Madera\/Metal, Puerta Interior\/Entrada, (35-50mm)<\/li>\n<\/ul>\n<p>&nbsp;<\/p>","protected":false},"featured_media":796,"template":"","meta":{"nf_dc_page":""},"product_brand":[],"product_cat":[26,33],"product_tag":[28,29],"class_list":{"0":"post-1341","1":"product","2":"type-product","3":"status-publish","4":"has-post-thumbnail","6":"product_cat-door-handle-manufacturer","7":"product_cat-brass-door-handle","8":"product_tag-door-handle","9":"product_tag-door-knob","11":"first","12":"instock","13":"shipping-taxable","14":"product-type-simple"},"_links":{"self":[{"href":"https:\/\/amthy.com\/es\/wp-json\/wp\/v2\/product\/1341","targetHints":{"allow":["GET"]}}],"collection":[{"href":"https:\/\/amthy.com\/es\/wp-json\/wp\/v2\/product"}],"about":[{"href":"https:\/\/amthy.com\/es\/wp-json\/wp\/v2\/types\/product"}],"wp:featuredmedia":[{"embeddable":true,"href":"https:\/\/amthy.com\/es\/wp-json\/wp\/v2\/media\/796"}],"wp:attachment":[{"href":"https:\/\/amthy.com\/es\/wp-json\/wp\/v2\/media?parent=1341"}],"wp:term":[{"taxonomy":"product_brand","embeddable":true,"href":"https:\/\/amthy.com\/es\/wp-json\/wp\/v2\/product_brand?post=1341"},{"taxonomy":"product_cat","embeddable":true,"href":"https:\/\/amthy.com\/es\/wp-json\/wp\/v2\/product_cat?post=1341"},{"taxonomy":"product_tag","embeddable":true,"href":"https:\/\/amthy.com\/es\/wp-json\/wp\/v2\/product_tag?post=1341"}],"curies":[{"name":"wp","href":"https:\/\/api.w.org\/{rel}","templated":true}]}}