{"id":1364,"date":"2021-05-12T20:15:37","date_gmt":"2021-05-12T12:15:37","guid":{"rendered":"https:\/\/amthy.com\/?post_type=product&#038;p=1364"},"modified":"2022-10-14T15:55:48","modified_gmt":"2022-10-14T07:55:48","slug":"mortise-handle-manufacturer","status":"publish","type":"product","link":"https:\/\/amthy.com\/es\/product\/mortise-handle-manufacturer\/","title":{"rendered":"Fabricante de manijas embutidas | Cerradura sin llave"},"content":{"rendered":"<h2>\u00bfQui\u00e9nes somos?<\/h2>\n<p style=\"text-align: left;\">Amthy es un fabricante original de manijas de embutir de China. Nuestra gama de productos incluye aleaci\u00f3n de zinc, lat\u00f3n, acero inoxidable y materiales de aluminio. Los juegos de manijas de puerta cromadas y negras son muy populares para las puertas de las habitaciones interiores, mientras que la manija de la puerta de acero inoxidable es bien recibida para aplicaciones comerciales. Durante la fabricaci\u00f3n, el pulido y la galvanoplastia afectan principalmente a la CALIDAD. Como fabricante y proveedor profesional de cerraduras para puertas, realizamos un pulido estricto de forma manual y autom\u00e1tica. Para la capa galvanizada superficial, nuestros art\u00edculos se mantienen m\u00e1s de 72 horas durante la prueba de niebla salina. Por lo tanto, nuestro dise\u00f1o art\u00edstico y servicio considerado nos llevan a uno de los mejores fabricantes de manijas de embutir en China.<\/p>\n<h2 style=\"text-align: left;\">\u00bfQu\u00e9 es un tirador de puerta?<\/h2>\n<p>Una manilla o picaporte es una herramienta que se utiliza para abrir o cerrar una puerta. Puede encontrarse en todo tipo de puertas, incluidas las exteriores e interiores de edificios residenciales y comerciales, Adem\u00e1s, debe incorporar mecanismos de enclavamiento o bloqueo. Como el cuerpo de la cerradura de embutir y el cilindro de la cerradura de la puerta.<\/p>\n<h2>\u00bfPorque nosotros? (Fabricante de manijas de mortaja)<\/h2>\n<h3><strong>\u221aCalidad fiable<\/strong><\/h3>\n<ul>\n<li>El equipo profesional de control de calidad supervisa toda la ronda de producci\u00f3n.<\/li>\n<li>Estricta selecci\u00f3n de los socios cooperantes<\/li>\n<\/ul>\n<h3><strong>\u221aPrecio competitivo<\/strong><\/h3>\n<ul>\n<li>Materia prima en stock de 3 meses para reducir el riesgo de fluctuaci\u00f3n de precio<\/li>\n<li>Equipos autom\u00e1ticos y avanzados para reducir el alto coste de la mano de obra<\/li>\n<\/ul>\n<h3><strong>\u221aServicio de confianza para m\u00e1s de 20 pa\u00edses.<\/strong><\/h3>\n<ul>\n<li>Servicio ODM\/OEM<\/li>\n<li>Servicio posventa responsable<\/li>\n<\/ul>\n<p>&nbsp;<\/p>","protected":false},"excerpt":{"rendered":"<p>Sistema de manija de puerta sin llave con cuerpo de cerradura magn\u00e9tica, no m\u00e1s llaves<\/p>\n<ul>\n<li><strong>C\u00f3digo del art\u00edculo:<\/strong> AM-003<\/li>\n<li><strong>Materia:<\/strong> Aleaci\u00f3n de zinc<\/li>\n<li><strong>Marca:<\/strong> ODM Disponible<\/li>\n<li><strong>La superficie:<\/strong> Cromo CP, Cromo Satinado SC, Lat\u00f3n Pulido PB, Lat\u00f3n Te\u00f1ido SB, N\u00edquel Pulido PN, N\u00edquel Satinado SN, Lat\u00f3n Antiguo AB, Bronce Friccionado ORB, Negro BL<\/li>\n<li><strong>Accesorios:<\/strong>Eje de 7.6mmx7.6mm x100mm x 1 pieza+Tornillo M3.8x30mm x 4 piezas+llave Allen de 2.5mm x 1 pieza<\/li>\n<li><strong>Aplicaci\u00f3n:<\/strong> Madera\/Metal, Puerta Interior\/Entrada, (35-50mm)<\/li>\n<\/ul>\n<p>&nbsp;<\/p>","protected":false},"featured_media":1365,"template":"","meta":{"nf_dc_page":""},"product_brand":[],"product_cat":[26,31],"product_tag":[28,29],"class_list":{"0":"post-1364","1":"product","2":"type-product","3":"status-publish","4":"has-post-thumbnail","6":"product_cat-door-handle-manufacturer","7":"product_cat-zinc-alloy-door-handle","8":"product_tag-door-handle","9":"product_tag-door-knob","11":"first","12":"instock","13":"shipping-taxable","14":"product-type-simple"},"_links":{"self":[{"href":"https:\/\/amthy.com\/es\/wp-json\/wp\/v2\/product\/1364","targetHints":{"allow":["GET"]}}],"collection":[{"href":"https:\/\/amthy.com\/es\/wp-json\/wp\/v2\/product"}],"about":[{"href":"https:\/\/amthy.com\/es\/wp-json\/wp\/v2\/types\/product"}],"wp:featuredmedia":[{"embeddable":true,"href":"https:\/\/amthy.com\/es\/wp-json\/wp\/v2\/media\/1365"}],"wp:attachment":[{"href":"https:\/\/amthy.com\/es\/wp-json\/wp\/v2\/media?parent=1364"}],"wp:term":[{"taxonomy":"product_brand","embeddable":true,"href":"https:\/\/amthy.com\/es\/wp-json\/wp\/v2\/product_brand?post=1364"},{"taxonomy":"product_cat","embeddable":true,"href":"https:\/\/amthy.com\/es\/wp-json\/wp\/v2\/product_cat?post=1364"},{"taxonomy":"product_tag","embeddable":true,"href":"https:\/\/amthy.com\/es\/wp-json\/wp\/v2\/product_tag?post=1364"}],"curies":[{"name":"wp","href":"https:\/\/api.w.org\/{rel}","templated":true}]}}