{"id":1535,"date":"2021-05-15T21:43:09","date_gmt":"2021-05-15T13:43:09","guid":{"rendered":"https:\/\/amthy.com\/?post_type=product&#038;p=1535"},"modified":"2021-10-18T15:38:11","modified_gmt":"2021-10-18T07:38:11","slug":"europrofile-security-cylinder-supplier-h3000","status":"publish","type":"product","link":"https:\/\/amthy.com\/es\/product\/europrofile-security-cylinder-supplier-h3000\/","title":{"rendered":"Proveedor de cilindros de seguridad de perfil europeo H3000"},"content":{"rendered":"<p>&nbsp;<\/p>\n<h2>\u00bfQui\u00e9nes somos?<\/h2>\n<p style=\"text-align: left;\">Amthy es un cilindro de seguridad de perfil europeo <a href=\"https:\/\/amthy.com\/es\/product-category\/lock-cylinder\/\">Proveedor <\/a>de China. ofrecemos normalidad <a href=\"https:\/\/en.wikipedia.org\/wiki\/Pin_tumbler_lock\" target=\"_blank\" rel=\"noopener\">cilindros<\/a> para puertas interiores y cilindros de alta seguridad para puertas exteriores. Siendo uno de los principales fabricantes de 3 cilindros, se adopta la instalaci\u00f3n autom\u00e1tica o semiautom\u00e1tica 95.9% para reemplazar el trabajo manual, reducir costos y aumentar la eficiencia. <span style=\"color: #ff0000;\"><span style=\"color: #000000;\">Como consecuencia, <\/span><\/span>Menos costo de mano de obra siempre trae precios m\u00e1s competitivos y atractivos. Gracias a los beneficios anteriores, <em>Ahora estamos dispuestos a <a href=\"https:\/\/www.youtube.com\/watch?v=9Lw0FD68w1c\" target=\"_blank\" rel=\"noopener\">revelar y compartir el costo<\/a> de cilindros normales con compradores<\/em>,<span style=\"color: #ff0000;\"> <span style=\"color: #000000;\">es decir, obtendr\u00e1 una composici\u00f3n clara del precio unitario, que incluye nuestra ganancia pura 10%<\/span><\/span><span style=\"color: #ff0000;\"><span style=\"color: #000000;\">. <\/span><\/span>Mientras tanto, nuestro equipo de I + D desarrolla el<em> Serie S1000, S2000 y S3000<\/em> de cilindros de cerradura de puerta de perfil euro de ALTA SEGURIDAD para demandas m\u00e1s altas del mercado. La tecnolog\u00eda exclusiva de la estructura de combinaci\u00f3n de obleas y pines aumenta en gran medida el nivel de seguridad. Adem\u00e1s, un proveedor de cilindros de seguridad de perfil europeo siempre debe hacer los trabajos para la preocupaci\u00f3n principal del comprador. Proveedor de cilindros de seguridad de perfil europeo<\/p>\n<p>&nbsp;<\/p>\n<h2 style=\"text-align: left;\">\u00bfQu\u00e9 es el cilindro de seguridad de perfil europeo?<\/h2>\n<p><em><i>El cilindro de bloqueo es un componente de bloqueo que sostiene el tap\u00f3n, el actuador y los componentes de bloqueo; puede estar hecho de lat\u00f3n, aleaci\u00f3n de zinc, aluminio y acero inoxidable. Aunque se asocia m\u00e1s com\u00fanmente con los dise\u00f1os de tambor de pines, los cilindros se utilizan en muchos otros, como obleas y retenedores de discos. Gira para accionar el pestillo de la cerradura de embutir y el cerrojo con llave combinada. <\/i><\/em>El cilindro de cerradura de perfil europeo es el coraz\u00f3n de la puerta. El cilindro de seguridad de perfil europeo se utiliza para la puerta de seguridad de entrada.<\/p>\n<p>&nbsp;<\/p>\n<p><img fetchpriority=\"high\" decoding=\"async\" class=\"wp-image-2116 alignleft\" src=\"https:\/\/amthy.com\/wp-content\/uploads\/2021\/05\/16019587121-300x235.png\" alt=\"Proveedor de cilindros de seguridad de perfil europeo\" width=\"409\" height=\"320\" title=\"\" srcset=\"https:\/\/amthy.com\/wp-content\/uploads\/2021\/05\/16019587121-300x235.png 300w, https:\/\/amthy.com\/wp-content\/uploads\/2021\/05\/16019587121-600x471.png 600w, https:\/\/amthy.com\/wp-content\/uploads\/2021\/05\/16019587121-15x12.png 15w, https:\/\/amthy.com\/wp-content\/uploads\/2021\/05\/16019587121.png 701w\" sizes=\"(max-width: 409px) 100vw, 409px\" \/>\u00a0 \u00a0 \u00a0 <img decoding=\"async\" class=\"wp-image-2117 alignleft\" src=\"https:\/\/amthy.com\/wp-content\/uploads\/2021\/05\/16019587611-300x259.png\" alt=\"Proveedor de cilindros de seguridad de perfil europeo\" width=\"368\" height=\"317\" title=\"\" srcset=\"https:\/\/amthy.com\/wp-content\/uploads\/2021\/05\/16019587611-300x259.png 300w, https:\/\/amthy.com\/wp-content\/uploads\/2021\/05\/16019587611-14x12.png 14w, https:\/\/amthy.com\/wp-content\/uploads\/2021\/05\/16019587611.png 600w\" sizes=\"(max-width: 368px) 100vw, 368px\" \/><\/p>\n<p>&nbsp;<\/p>\n<h2><\/h2>\n<h2><\/h2>\n<h2><\/h2>\n<h2><\/h2>\n<h2><\/h2>\n<h2><\/h2>\n<h2>\u00bfPorque nosotros? (Proveedor de cilindros de seguridad de perfil europeo)<\/h2>\n<h3><strong>\u221aCalidad fiable<\/strong><\/h3>\n<ul>\n<li>Un equipo profesional de control de calidad supervisa toda la producci\u00f3n<\/li>\n<li>Estricta selecci\u00f3n de los socios cooperantes<\/li>\n<\/ul>\n<h3><strong>\u221aPrecio competitivo<\/strong><\/h3>\n<ul>\n<li>Materia prima en stock de 3 meses para disminuir el riesgo de fluctuaci\u00f3n de precios<\/li>\n<li>Equipos autom\u00e1ticos y avanzados para reducir el alto coste de la mano de obra<\/li>\n<\/ul>\n<h3><strong>\u221aServicio de confianza para m\u00e1s de 20 pa\u00edses.<\/strong><\/h3>\n<ul>\n<li>Servicio ODM\/OEM<\/li>\n<li>Servicio posventa responsable<\/li>\n<\/ul>\n<p>&nbsp;<\/p>\n<p>&nbsp;<\/p>","protected":false},"excerpt":{"rendered":"<p>&nbsp;<\/p>\n<ul>\n<li><strong>C\u00f3digo del art\u00edculo:<\/strong> H3000<\/li>\n<li><strong>Mecanismo de cierre:<\/strong> Cerradura de bombillo<\/li>\n<li><strong>Material del cuerpo<\/strong><strong>:<\/strong> Lat\u00f3n<\/li>\n<li><strong>Material del tap\u00f3n<\/strong><strong>:<\/strong> Lat\u00f3n<\/li>\n<li><strong>Marca:<\/strong> ODM Disponible<\/li>\n<li><b>Tipo de perfil: <\/b>Euro<\/li>\n<li><strong>Tama\u00f1o del perfil:<\/strong>17*33*10mm<\/li>\n<li><strong>Llave:<\/strong> Chavetero de lat\u00f3n &quot;C&quot;<\/li>\n<li><strong>Accesorios:<\/strong>Tornillos de 55mm<\/li>\n<li><strong>Aplicaci\u00f3n:<\/strong> Puertas de madera\/UPVC\/seguridad<\/li>\n<li><strong>Sistema de llave maestra:<\/strong> Disponible<\/li>\n<li><strong>Sistema de llaves iguales:<\/strong> Disponible<\/li>\n<li><strong>Sistema de llaves iguales:<\/strong>Disponible<\/li>\n<li><strong>Funci\u00f3n Anti-Snap: <\/strong>Disponible<\/li>\n<li><strong><strong>Clasificaci\u00f3n EN1303 2005:<\/strong><\/strong><br \/>\n<table>\n<tbody>\n<tr>\n<td>1<\/td>\n<td>6<\/td>\n<td>0<\/td>\n<td>1<\/td>\n<td>0<\/td>\n<td>C<\/td>\n<td>5<\/td>\n<td>2<\/td>\n<\/tr>\n<\/tbody>\n<\/table>\n<\/li>\n<li><strong>Color <\/strong>Lat\u00f3n pulido (BP)\/Niquelado (NP)\/N\u00edquel satinado (SN)\/Cromado (CP)\/Lat\u00f3n antiguo (AB)<\/li>\n<\/ul>\n<p>&nbsp;<\/p>","protected":false},"featured_media":1854,"template":"","meta":{"nf_dc_page":""},"product_brand":[],"product_cat":[25],"product_tag":[34,35],"class_list":{"0":"post-1535","1":"product","2":"type-product","3":"status-publish","4":"has-post-thumbnail","6":"product_cat-euro-profile-cylinder-manufacturer","7":"product_tag-door-cylinder","8":"product_tag-europrofile","10":"first","11":"instock","12":"shipping-taxable","13":"product-type-simple"},"_links":{"self":[{"href":"https:\/\/amthy.com\/es\/wp-json\/wp\/v2\/product\/1535","targetHints":{"allow":["GET"]}}],"collection":[{"href":"https:\/\/amthy.com\/es\/wp-json\/wp\/v2\/product"}],"about":[{"href":"https:\/\/amthy.com\/es\/wp-json\/wp\/v2\/types\/product"}],"wp:featuredmedia":[{"embeddable":true,"href":"https:\/\/amthy.com\/es\/wp-json\/wp\/v2\/media\/1854"}],"wp:attachment":[{"href":"https:\/\/amthy.com\/es\/wp-json\/wp\/v2\/media?parent=1535"}],"wp:term":[{"taxonomy":"product_brand","embeddable":true,"href":"https:\/\/amthy.com\/es\/wp-json\/wp\/v2\/product_brand?post=1535"},{"taxonomy":"product_cat","embeddable":true,"href":"https:\/\/amthy.com\/es\/wp-json\/wp\/v2\/product_cat?post=1535"},{"taxonomy":"product_tag","embeddable":true,"href":"https:\/\/amthy.com\/es\/wp-json\/wp\/v2\/product_tag?post=1535"}],"curies":[{"name":"wp","href":"https:\/\/api.w.org\/{rel}","templated":true}]}}