{"id":1895,"date":"2021-08-29T20:15:13","date_gmt":"2021-08-29T12:15:13","guid":{"rendered":"https:\/\/amthy.com\/?post_type=product&#038;p=1895"},"modified":"2023-05-26T19:51:25","modified_gmt":"2023-05-26T11:51:25","slug":"smart-lock-manufacturer-am-900","status":"publish","type":"product","link":"https:\/\/amthy.com\/es\/product\/smart-lock-manufacturer-am-900\/","title":{"rendered":"Cerradura inteligente AM-900"},"content":{"rendered":"<p>El AMTHY 900 es una cerradura de puerta inteligente que le brinda un control total de la seguridad de su hogar y le brinda total tranquilidad. Use una variedad de formas de obtener acceso a su hogar, ya sea a trav\u00e9s de un c\u00f3digo PIN o una llave mec\u00e1nica. No tienes que preocuparte por llevar tus llaves contigo. Todo lo que necesita es su c\u00f3digo PIN, puede desbloquear la puerta con facilidad. Negocio directo del fabricante de cilindros de puertas inteligentes. Smart-lock-fabricante-am-900.<a href=\"https:\/\/en.wikipedia.org\/wiki\/Lock\" target=\"_blank\" rel=\"noopener\">Cerrar con llave<\/a> y <a href=\"https:\/\/amthy.com\/es\/product-category\/smart-lock\/\">Cilindro de puerta inteligente<\/a><\/p>\n<h3>Actualice f\u00e1cilmente su cerradura existente:<\/h3>\n<p>Apto para bricolaje y f\u00e1cil de instalar en lugar de su cilindro y manija de puerta existentes. Todo lo que necesita es un destornillador de estrella y una cinta m\u00e9trica.<\/p>\n<h3><strong>Caracter\u00edsticas y Beneficios:<\/strong><\/h3>\n<ul>\n<li>Sin llave: le brinda la libertad de proteger su hogar sin la necesidad de una llave<\/li>\n<li>F\u00e1cil de instalar: adecuado para la mayor\u00eda de las puertas compuestas y de PVC, se requiere destornillador<\/li>\n<li>F\u00e1cil acceso: hay disponibles 50 conjuntos de c\u00f3digos PIN de 4 a 8 d\u00edgitos.<\/li>\n<li>Funciona con pilas: 4 pilas AA<\/li>\n<li>Adecuado para puertas con un grosor de entre 35-55 mm<\/li>\n<li>Disponible en una variedad de acabados, incluidos negro y plateado.<\/li>\n<\/ul>\n<h2>\u00bfPorque nosotros? (Proveedor de cilindro de puerta de seguridad de perfil europeo <em>de AMTHY SEGURIDAD<\/em>)<\/h2>\n<h3><strong>\u221aCalidad confiable (Smart Lock Manufacturer AM-900)<\/strong><\/h3>\n<ul>\n<li>Un equipo profesional de control de calidad supervisa toda la producci\u00f3n<\/li>\n<li>Estricta selecci\u00f3n de los socios cooperantes<\/li>\n<\/ul>\n<h3><strong>\u221aPrecio competitivo<\/strong><\/h3>\n<ul>\n<li>Materia prima en stock de 3 meses para disminuir el riesgo de fluctuaci\u00f3n de precios<\/li>\n<li>Equipos autom\u00e1ticos y avanzados para reducir el alto coste de la mano de obra<\/li>\n<\/ul>\n<h3><strong>\u221aServicio de confianza para m\u00e1s de 20 pa\u00edses.<\/strong><\/h3>\n<ul>\n<li>Servicio ODM\/OEM<\/li>\n<li>Servicio posventa responsable<\/li>\n<\/ul>","protected":false},"excerpt":{"rendered":"<ul>\n<li><strong>C\u00f3digo del art\u00edculo:<\/strong> AM-900<\/li>\n<li><strong>Material<\/strong><strong>:<\/strong> Aleaci\u00f3n de zinc<\/li>\n<li><strong>Cuerpo de la cerradura:<\/strong> Cerrojo<\/li>\n<li><strong>Backset<\/strong>: 60 mm<\/li>\n<li><strong>Marca:<\/strong> ODM Disponible<\/li>\n<li><strong>Aplicaci\u00f3n:<\/strong> Puertas de madera\/UPVC\/seguridad<\/li>\n<li><strong>Bater\u00eda<\/strong>: 4*AA 6V (Excluido)<\/li>\n<li><strong>Espesor de la puerta: <\/strong>35-55 mm<\/li>\n<li><strong>Temperatura de funcionamiento:<\/strong>-20\u00baC a +55\u00baC<\/li>\n<li><strong>Impermeable: <\/strong>IP54<\/li>\n<li><b>Modo de desbloqueo: <\/b>C\u00f3digo de acceso\/llave mec\u00e1nica<\/li>\n<\/ul>","protected":false},"featured_media":1908,"template":"","meta":{"nf_dc_page":""},"product_brand":[],"product_cat":[55],"product_tag":[],"class_list":{"0":"post-1895","1":"product","2":"type-product","3":"status-publish","4":"has-post-thumbnail","6":"product_cat-smart-lock","8":"first","9":"instock","10":"shipping-taxable","11":"product-type-simple"},"_links":{"self":[{"href":"https:\/\/amthy.com\/es\/wp-json\/wp\/v2\/product\/1895","targetHints":{"allow":["GET"]}}],"collection":[{"href":"https:\/\/amthy.com\/es\/wp-json\/wp\/v2\/product"}],"about":[{"href":"https:\/\/amthy.com\/es\/wp-json\/wp\/v2\/types\/product"}],"wp:featuredmedia":[{"embeddable":true,"href":"https:\/\/amthy.com\/es\/wp-json\/wp\/v2\/media\/1908"}],"wp:attachment":[{"href":"https:\/\/amthy.com\/es\/wp-json\/wp\/v2\/media?parent=1895"}],"wp:term":[{"taxonomy":"product_brand","embeddable":true,"href":"https:\/\/amthy.com\/es\/wp-json\/wp\/v2\/product_brand?post=1895"},{"taxonomy":"product_cat","embeddable":true,"href":"https:\/\/amthy.com\/es\/wp-json\/wp\/v2\/product_cat?post=1895"},{"taxonomy":"product_tag","embeddable":true,"href":"https:\/\/amthy.com\/es\/wp-json\/wp\/v2\/product_tag?post=1895"}],"curies":[{"name":"wp","href":"https:\/\/api.w.org\/{rel}","templated":true}]}}