{"id":1925,"date":"2021-08-29T20:56:13","date_gmt":"2021-08-29T12:56:13","guid":{"rendered":"https:\/\/amthy.com\/?post_type=product&#038;p=1925"},"modified":"2023-05-26T19:50:53","modified_gmt":"2023-05-26T11:50:53","slug":"smart-lock-manufacturer-am-p100","status":"publish","type":"product","link":"https:\/\/amthy.com\/es\/product\/smart-lock-manufacturer-am-p100\/","title":{"rendered":"Cerradura inteligente AM-P100"},"content":{"rendered":"<p><img fetchpriority=\"high\" decoding=\"async\" class=\"alignnone wp-image-2034\" src=\"https:\/\/amthy.com\/wp-content\/uploads\/2021\/08\/AM400-300x35.jpg\" alt=\"amthy\" width=\"994\" height=\"116\" title=\"\" srcset=\"https:\/\/amthy.com\/wp-content\/uploads\/2021\/08\/AM400-300x35.jpg 300w, https:\/\/amthy.com\/wp-content\/uploads\/2021\/08\/AM400-600x71.jpg 600w, https:\/\/amthy.com\/wp-content\/uploads\/2021\/08\/AM400-1024x120.jpg 1024w, https:\/\/amthy.com\/wp-content\/uploads\/2021\/08\/AM400-768x90.jpg 768w, https:\/\/amthy.com\/wp-content\/uploads\/2021\/08\/AM400-1536x181.jpg 1536w, https:\/\/amthy.com\/wp-content\/uploads\/2021\/08\/AM400-2048x241.jpg 2048w, https:\/\/amthy.com\/wp-content\/uploads\/2021\/08\/AM400-18x2.jpg 18w\" sizes=\"(max-width: 994px) 100vw, 994px\" \/><\/p>\n<p>&nbsp;<\/p>\n<p>El AMTHY P100 es una cerradura de puerta inteligente que le brinda un control total de la seguridad de su hogar y le brinda total tranquilidad. Use una variedad de formas para obtener acceso a su hogar, ya sea a trav\u00e9s de contrase\u00f1a, huella digital, clave de tarjeta, Bluetooth del tel\u00e9fono o mediante el m\u00f3dulo wifi para control remoto. Con la cerradura de puerta digital AMTHY, puede enviar llaves virtuales a los usuarios para que sus amigos y familiares puedan acceder a su casa si usted no est\u00e1 presente. Una vez que hayan obtenido acceso, puede administrar qui\u00e9n puede ingresar a su propiedad deshabilitando o eliminando usuarios a trav\u00e9s de la aplicaci\u00f3n del tel\u00e9fono. Las llaves virtuales se pueden programar o hacer permanentes para tener el m\u00e1ximo control de su hogar o propiedad. Tambi\u00e9n puede monitorear qui\u00e9n viene y qui\u00e9n va para saber cu\u00e1ndo sus seres queridos est\u00e1n en casa de manera segura. Incluso puedes recibir una notificaci\u00f3n inform\u00e1ndote cuando alguien llega a casa. No tienes que preocuparte por llevar tus llaves contigo. Todo lo que necesita es su tel\u00e9fono inteligente y con un toque, puede desbloquear la puerta con facilidad. El dispositivo utiliza tecnolog\u00eda inteligente Bluetooth encriptada, por lo que el bloqueo inteligente no depende de la recepci\u00f3n de la red. Haz que tu cerradura inteligente sea a\u00fan m\u00e1s inteligente conectando uno de nuestros m\u00f3dulos de cerradura. Negocio directo del fabricante de cerraduras para puertas inteligentes. <a href=\"https:\/\/en.wikipedia.org\/wiki\/Lock\" target=\"_blank\" rel=\"noopener\">Cerrar con llave<\/a> y <a href=\"https:\/\/amthy.com\/es\/product-category\/smart-lock\/\">Fabricante de cerraduras inteligentes AM-P100<\/a><\/p>\n<p><strong>Caracter\u00edsticas y Beneficios:<\/strong><\/p>\n<ul>\n<li>Sin llave: le brinda la libertad de proteger su hogar sin la necesidad de una llave<\/li>\n<li>F\u00e1cil de instalar: adecuado para la mayor\u00eda de las puertas compuestas y de PVC, se requiere destornillador<\/li>\n<li>Sencilla de montar - <strong>No es necesario cambiar el bloqueo completo<\/strong> pero solo reemplace el cilindro sin da\u00f1ar la puerta. F\u00e1cil instalaci\u00f3n.<\/li>\n<li>Funciona con pilas: 3 pilas AAA, alerta cuando las pilas se est\u00e1n agotando<\/li>\n<li>Adecuado para puertas con un espesor de entre 60-100 mm.<\/li>\n<li>Disponible en una variedad de acabados, incluidos negro y plateado.<\/li>\n<\/ul>\n<p>&nbsp;<\/p>\n<h2>\u00bfPorque nosotros? (Proveedor de cilindro de puerta de seguridad de perfil europeo <em>de AMTHY SEGURIDAD<\/em>)<\/h2>\n<h3><strong>\u221aCalidad confiable (fabricante de cerraduras inteligentes AM-P100)<\/strong><\/h3>\n<ul>\n<li>Un equipo profesional de control de calidad supervisa toda la producci\u00f3n<\/li>\n<li>Estricta selecci\u00f3n de los socios cooperantes<\/li>\n<\/ul>\n<h3><strong>\u221aPrecio competitivo<\/strong><\/h3>\n<ul>\n<li>Materia prima en stock de 3 meses para disminuir el riesgo de fluctuaci\u00f3n de precios<\/li>\n<li>Equipos autom\u00e1ticos y avanzados para reducir el alto coste de la mano de obra<\/li>\n<\/ul>\n<h3><strong>\u221aServicio de confianza para m\u00e1s de 20 pa\u00edses.<\/strong><\/h3>\n<ul>\n<li>Servicio ODM\/OEM<\/li>\n<li>Servicio posventa responsable<\/li>\n<\/ul>","protected":false},"excerpt":{"rendered":"<ul>\n<li><strong>C\u00f3digo del art\u00edculo:<\/strong> AM-P100<\/li>\n<li><strong>Material del asa<\/strong><strong>:<\/strong> Acero inoxidable 304<\/li>\n<li><strong>Marca:<\/strong> ODM Disponible<\/li>\n<li><strong>Tama\u00f1o de la placa:<\/strong>\u00a0303*43mm<\/li>\n<li><strong>Accesorios:<\/strong>Tornillos de 55mm<\/li>\n<li><strong>Espesor de la puerta:<\/strong>30-70 mm<\/li>\n<li><strong>Aplicaci\u00f3n:<\/strong> Puertas de madera\/UPVC\/seguridad<\/li>\n<li><strong>Bater\u00eda<\/strong>: USB recargable (6 meses)<\/li>\n<li><b>Modo de desbloqueo:<\/b> Huella digital\/Aplicaci\u00f3n\/Llave mec\u00e1nica\/C\u00f3digo de acceso\/Llave de tarjeta<\/li>\n<\/ul>","protected":false},"featured_media":2177,"template":"","meta":[],"product_brand":[],"product_cat":[55],"product_tag":[],"class_list":{"0":"post-1925","1":"product","2":"type-product","3":"status-publish","4":"has-post-thumbnail","6":"product_cat-smart-lock","8":"first","9":"instock","10":"shipping-taxable","11":"product-type-simple"},"_links":{"self":[{"href":"https:\/\/amthy.com\/es\/wp-json\/wp\/v2\/product\/1925","targetHints":{"allow":["GET"]}}],"collection":[{"href":"https:\/\/amthy.com\/es\/wp-json\/wp\/v2\/product"}],"about":[{"href":"https:\/\/amthy.com\/es\/wp-json\/wp\/v2\/types\/product"}],"wp:featuredmedia":[{"embeddable":true,"href":"https:\/\/amthy.com\/es\/wp-json\/wp\/v2\/media\/2177"}],"wp:attachment":[{"href":"https:\/\/amthy.com\/es\/wp-json\/wp\/v2\/media?parent=1925"}],"wp:term":[{"taxonomy":"product_brand","embeddable":true,"href":"https:\/\/amthy.com\/es\/wp-json\/wp\/v2\/product_brand?post=1925"},{"taxonomy":"product_cat","embeddable":true,"href":"https:\/\/amthy.com\/es\/wp-json\/wp\/v2\/product_cat?post=1925"},{"taxonomy":"product_tag","embeddable":true,"href":"https:\/\/amthy.com\/es\/wp-json\/wp\/v2\/product_tag?post=1925"}],"curies":[{"name":"wp","href":"https:\/\/api.w.org\/{rel}","templated":true}]}}