{"id":1937,"date":"2021-08-31T16:46:30","date_gmt":"2021-08-31T08:46:30","guid":{"rendered":"https:\/\/amthy.com\/?post_type=product&#038;p=1937"},"modified":"2023-05-26T19:50:36","modified_gmt":"2023-05-26T11:50:36","slug":"smart-door-cylinder-manufacturer-am-200","status":"publish","type":"product","link":"https:\/\/amthy.com\/es\/product\/smart-door-cylinder-manufacturer-am-200\/","title":{"rendered":"Cilindro de puerta inteligente AM-200"},"content":{"rendered":"<p><img fetchpriority=\"high\" decoding=\"async\" class=\"alignnone wp-image-2019 aligncenter\" src=\"https:\/\/amthy.com\/wp-content\/uploads\/2021\/08\/AM20-300x41.jpg\" alt=\"amthy\" width=\"857\" height=\"117\" title=\"\" srcset=\"https:\/\/amthy.com\/wp-content\/uploads\/2021\/08\/AM20-300x41.jpg 300w, https:\/\/amthy.com\/wp-content\/uploads\/2021\/08\/AM20-600x81.jpg 600w, https:\/\/amthy.com\/wp-content\/uploads\/2021\/08\/AM20-1024x139.jpg 1024w, https:\/\/amthy.com\/wp-content\/uploads\/2021\/08\/AM20-768x104.jpg 768w, https:\/\/amthy.com\/wp-content\/uploads\/2021\/08\/AM20-1536x208.jpg 1536w, https:\/\/amthy.com\/wp-content\/uploads\/2021\/08\/AM20-2048x278.jpg 2048w, https:\/\/amthy.com\/wp-content\/uploads\/2021\/08\/AM20-18x2.jpg 18w\" sizes=\"(max-width: 857px) 100vw, 857px\" \/><\/p>\n<p><iframe title=\"Cilindro de cerradura inteligente | AM-200 es el bloqueo inteligente de las funciones de desbloqueo de la aplicaci\u00f3n de huellas dactilares y tel\u00e9fonos.\" width=\"1435\" height=\"807\" src=\"https:\/\/www.youtube.com\/embed\/yRCbSkD6CE8?feature=oembed\" frameborder=\"0\" allow=\"accelerometer; autoplay; clipboard-write; encrypted-media; gyroscope; picture-in-picture\" allowfullscreen><\/iframe><\/p>\n<p>El AMTHY 200 es una cerradura de puerta inteligente que le brinda un control total de la seguridad de su hogar mientras le brinda total tranquilidad. Utilice una variedad de formas de acceder a su hogar, ya sea a trav\u00e9s de huellas dactilares, tel\u00e9fono Bluetooth o mediante el m\u00f3dulo wifi para control remoto. Con la cerradura de puerta digital AMTHY, puede enviar a los usuarios llaves virtuales para que sus amigos y familiares puedan acceder a su casa si usted no est\u00e1 cerca. Una vez que hayan obtenido acceso, puede administrar qui\u00e9n puede ingresar a su propiedad inhabilitando o eliminando usuarios a trav\u00e9s de la aplicaci\u00f3n del tel\u00e9fono. Las llaves virtuales se pueden programar o hacer permanentes para el control final de su hogar o propiedad. Tambi\u00e9n puede controlar qui\u00e9n viene y qui\u00e9n se va para saber cu\u00e1ndo sus seres queridos est\u00e1n en casa de manera segura. Incluso puede recibir una notificaci\u00f3n que le informa cuando alguien llega a casa. No tienes que preocuparte por llevar tus llaves contigo. Todo lo que necesita es su tel\u00e9fono inteligente y con un toque, puede desbloquear la puerta con facilidad. El dispositivo utiliza tecnolog\u00eda inteligente Bluetooth encriptada, por lo que el bloqueo inteligente no depende de la recepci\u00f3n de la red. Haga que su cerradura inteligente sea a\u00fan m\u00e1s inteligente conectando uno de nuestros m\u00f3dulos de cerradura. Negocio directo del fabricante de cilindros para puertas inteligentes. <a href=\"https:\/\/en.wikipedia.org\/wiki\/Lock\" target=\"_blank\" rel=\"noopener\">Cerrar con llave<\/a> y <a href=\"https:\/\/amthy.com\/es\/product-category\/smart-lock\/\">Cilindro de puerta inteligente<\/a><\/p>\n<p><strong>Caracter\u00edsticas y ventajas (fabricante de cilindros de puerta inteligente):<\/strong><\/p>\n<ul>\n<li>Sin llave: le brinda la libertad de proteger su hogar sin la necesidad de una llave<\/li>\n<li>F\u00e1cil de instalar: adecuado para la mayor\u00eda de las puertas compuestas y de PVC, se requiere destornillador<\/li>\n<li>Sencilla de montar - <strong>No es necesario cambiar el bloqueo completo<\/strong> pero solo reemplace el cilindro sin da\u00f1ar la puerta. F\u00e1cil instalaci\u00f3n.<\/li>\n<li>Funciona con pilas: 3 pilas AAA, alerta cuando las pilas se est\u00e1n agotando<\/li>\n<li>Adecuado para puertas con un espesor de entre 60-100 mm.<\/li>\n<li>Disponible en una variedad de acabados, incluidos negro y plateado.<\/li>\n<\/ul>\n<p>&nbsp;<\/p>\n<hr \/>\n<p>&nbsp;<\/p>","protected":false},"excerpt":{"rendered":"<ul>\n<li><strong>C\u00f3digo del art\u00edculo:<\/strong> AM-200<\/li>\n<li><strong>Material<\/strong><strong>:<\/strong> Lat\u00f3n<\/li>\n<li><strong>Perfil <\/strong>Tama\u00f1o: 17*33*10mm<\/li>\n<li><strong>Marca:<\/strong> ODM Disponible<\/li>\n<li><strong>Aplicaci\u00f3n:<\/strong> Puertas de madera\/UPVC\/seguridad<\/li>\n<li><strong>Bater\u00eda<\/strong>: Litio incorporado<\/li>\n<li><strong>Espesor de la puerta:<\/strong>60-100 mm<\/li>\n<li><strong>Temperatura de funcionamiento:<\/strong>-20\u00baC a +55\u00baC<\/li>\n<li><strong>Impermeable:<\/strong>IP54<\/li>\n<li><b>Modo de desbloqueo: <\/b><em>Huella digital \/ Bluetooth \/ Control remoto a trav\u00e9s del m\u00f3dulo Wifi<\/em><\/li>\n<\/ul>","protected":false},"featured_media":1938,"template":"","meta":{"nf_dc_page":""},"product_brand":[],"product_cat":[55,25],"product_tag":[],"class_list":{"0":"post-1937","1":"product","2":"type-product","3":"status-publish","4":"has-post-thumbnail","6":"product_cat-smart-lock","7":"product_cat-euro-profile-cylinder-manufacturer","9":"first","10":"instock","11":"shipping-taxable","12":"product-type-simple"},"_links":{"self":[{"href":"https:\/\/amthy.com\/es\/wp-json\/wp\/v2\/product\/1937","targetHints":{"allow":["GET"]}}],"collection":[{"href":"https:\/\/amthy.com\/es\/wp-json\/wp\/v2\/product"}],"about":[{"href":"https:\/\/amthy.com\/es\/wp-json\/wp\/v2\/types\/product"}],"wp:featuredmedia":[{"embeddable":true,"href":"https:\/\/amthy.com\/es\/wp-json\/wp\/v2\/media\/1938"}],"wp:attachment":[{"href":"https:\/\/amthy.com\/es\/wp-json\/wp\/v2\/media?parent=1937"}],"wp:term":[{"taxonomy":"product_brand","embeddable":true,"href":"https:\/\/amthy.com\/es\/wp-json\/wp\/v2\/product_brand?post=1937"},{"taxonomy":"product_cat","embeddable":true,"href":"https:\/\/amthy.com\/es\/wp-json\/wp\/v2\/product_cat?post=1937"},{"taxonomy":"product_tag","embeddable":true,"href":"https:\/\/amthy.com\/es\/wp-json\/wp\/v2\/product_tag?post=1937"}],"curies":[{"name":"wp","href":"https:\/\/api.w.org\/{rel}","templated":true}]}}