{"id":1942,"date":"2021-08-31T16:53:46","date_gmt":"2021-08-31T08:53:46","guid":{"rendered":"https:\/\/amthy.com\/?post_type=product&#038;p=1942"},"modified":"2023-05-26T19:50:21","modified_gmt":"2023-05-26T11:50:21","slug":"smart-door-cylinder-am-400","status":"publish","type":"product","link":"https:\/\/amthy.com\/es\/product\/smart-door-cylinder-am-400\/","title":{"rendered":"Cilindro de puerta inteligente AM-400"},"content":{"rendered":"<p><img fetchpriority=\"high\" decoding=\"async\" class=\"wp-image-2024 aligncenter\" src=\"https:\/\/amthy.com\/wp-content\/uploads\/2021\/08\/AM4001-300x218.jpg\" alt=\"amthy\" width=\"994\" height=\"722\" title=\"\" srcset=\"https:\/\/amthy.com\/wp-content\/uploads\/2021\/08\/AM4001-300x218.jpg 300w, https:\/\/amthy.com\/wp-content\/uploads\/2021\/08\/AM4001-600x436.jpg 600w, https:\/\/amthy.com\/wp-content\/uploads\/2021\/08\/AM4001-1024x745.jpg 1024w, https:\/\/amthy.com\/wp-content\/uploads\/2021\/08\/AM4001-768x559.jpg 768w, https:\/\/amthy.com\/wp-content\/uploads\/2021\/08\/AM4001-1536x1117.jpg 1536w, https:\/\/amthy.com\/wp-content\/uploads\/2021\/08\/AM4001-2048x1489.jpg 2048w, https:\/\/amthy.com\/wp-content\/uploads\/2021\/08\/AM4001-18x12.jpg 18w\" sizes=\"(max-width: 994px) 100vw, 994px\" \/><\/p>\n<p><iframe title=\"Cilindro de cerradura inteligente | AM-400 es el candado inteligente de huellas dactilares y aplicaci\u00f3n de tel\u00e9fono\/c\u00f3digo PIN y tarjeta IC.\" width=\"1435\" height=\"807\" src=\"https:\/\/www.youtube.com\/embed\/BSfQK6yR4_Y?feature=oembed\" frameborder=\"0\" allow=\"accelerometer; autoplay; clipboard-write; encrypted-media; gyroscope; picture-in-picture\" allowfullscreen><\/iframe><\/p>\n<p>El AMTHY 400 es una cerradura de puerta inteligente que le brinda un control total de la seguridad de su hogar y le brinda total tranquilidad. Use una variedad de formas de obtener acceso a su hogar, ya sea a trav\u00e9s de huellas dactilares, Bluetooth del tel\u00e9fono o mediante el m\u00f3dulo wifi para control remoto. Con la cerradura de puerta digital AMTHY, puede enviar llaves virtuales a los usuarios para que sus amigos y familiares puedan acceder a su casa si usted no est\u00e1 presente. Una vez que hayan obtenido acceso, puede administrar qui\u00e9n puede ingresar a su propiedad deshabilitando o eliminando usuarios a trav\u00e9s de la aplicaci\u00f3n del tel\u00e9fono. Las llaves virtuales se pueden programar o hacer permanentes para tener el m\u00e1ximo control de su hogar o propiedad. Tambi\u00e9n puede monitorear qui\u00e9n viene y qui\u00e9n va para saber cu\u00e1ndo sus seres queridos est\u00e1n en casa de manera segura. Incluso puedes recibir una notificaci\u00f3n inform\u00e1ndote cuando alguien llega a casa. No tienes que preocuparte por llevar tus llaves contigo. Todo lo que necesita es su tel\u00e9fono inteligente y con un toque, puede desbloquear la puerta con facilidad. El dispositivo utiliza tecnolog\u00eda inteligente Bluetooth encriptada, por lo que el bloqueo inteligente no depende de la recepci\u00f3n de la red. Haz que tu cerradura inteligente sea a\u00fan m\u00e1s inteligente conectando uno de nuestros m\u00f3dulos de cerradura. Negocio directo del fabricante de cilindros de puertas inteligentes. <a href=\"https:\/\/en.wikipedia.org\/wiki\/Lock\" target=\"_blank\" rel=\"noopener\">Cerrar con llave<\/a> y <a href=\"https:\/\/amthy.com\/es\/product-category\/smart-lock\/\">Cilindro de puerta inteligente<\/a><\/p>\n<p><strong>Caracter\u00edsticas y beneficios (Cilindro de puerta inteligente):<\/strong><\/p>\n<ul>\n<li>Sin llave: le brinda la libertad de proteger su hogar sin la necesidad de una llave<\/li>\n<li>F\u00e1cil de instalar: adecuado para la mayor\u00eda de las puertas compuestas y de PVC, se requiere destornillador<\/li>\n<li>Sencilla de montar - <strong>No es necesario cambiar el bloqueo completo<\/strong> pero solo reemplace el cilindro sin da\u00f1ar la puerta. F\u00e1cil instalaci\u00f3n.<\/li>\n<li>Funciona con pilas: 3 pilas AAA, alerta cuando las pilas se est\u00e1n agotando<\/li>\n<li>Adecuado para puertas con un espesor de entre 60-100 mm.<\/li>\n<li>Disponible en una variedad de acabados, incluidos negro y plateado.<\/li>\n<\/ul>\n<p><img decoding=\"async\" class=\"aligncenter wp-image-2023\" src=\"https:\/\/amthy.com\/wp-content\/uploads\/2021\/08\/AM400.1-300x107.jpg\" alt=\"Cilindro de puerta inteligente\" width=\"1001\" height=\"357\" title=\"\" srcset=\"https:\/\/amthy.com\/wp-content\/uploads\/2021\/08\/AM400.1-300x107.jpg 300w, https:\/\/amthy.com\/wp-content\/uploads\/2021\/08\/AM400.1-600x214.jpg 600w, https:\/\/amthy.com\/wp-content\/uploads\/2021\/08\/AM400.1-1024x365.jpg 1024w, https:\/\/amthy.com\/wp-content\/uploads\/2021\/08\/AM400.1-768x274.jpg 768w, https:\/\/amthy.com\/wp-content\/uploads\/2021\/08\/AM400.1-1536x548.jpg 1536w, https:\/\/amthy.com\/wp-content\/uploads\/2021\/08\/AM400.1-2048x730.jpg 2048w, https:\/\/amthy.com\/wp-content\/uploads\/2021\/08\/AM400.1-18x6.jpg 18w\" sizes=\"(max-width: 1001px) 100vw, 1001px\" \/><\/p>\n<p>&nbsp;<\/p>\n<hr \/>\n<p>&nbsp;<\/p>","protected":false},"excerpt":{"rendered":"<ul>\n<li><strong>C\u00f3digo del art\u00edculo:<\/strong> AM-400<\/li>\n<li><strong>Material<\/strong><strong>:<\/strong>\u00a0Lat\u00f3n<\/li>\n<li><strong>Perfil\u00a0<\/strong>Tama\u00f1o: 17*33*10mm<\/li>\n<li><strong>Marca:<\/strong>\u00a0ODM Disponible<\/li>\n<li><strong>Aplicaci\u00f3n:<\/strong>\u00a0Puertas de madera\/UPVC\/seguridad<\/li>\n<li><strong>Bater\u00eda<\/strong>: 3 * AAA (excluido)<\/li>\n<li><strong>Espesor de la puerta:<\/strong>60-100 mm<\/li>\n<li><strong>Temperatura de funcionamiento:<\/strong>-20\u00baC a +55\u00baC<\/li>\n<li><strong>Impermeable: <\/strong>IP54<\/li>\n<li><b>Modo de desbloqueo: <\/b>Huella digital\/C\u00f3digo de acceso\/Llave de tarjeta\/Bluetooth\/Control remoto a trav\u00e9s del m\u00f3dulo Wifi\/Llave mec\u00e1nica<\/li>\n<\/ul>","protected":false},"featured_media":1943,"template":"","meta":{"nf_dc_page":""},"product_brand":[],"product_cat":[55,25],"product_tag":[],"class_list":{"0":"post-1942","1":"product","2":"type-product","3":"status-publish","4":"has-post-thumbnail","6":"product_cat-smart-lock","7":"product_cat-euro-profile-cylinder-manufacturer","9":"first","10":"instock","11":"shipping-taxable","12":"product-type-simple"},"_links":{"self":[{"href":"https:\/\/amthy.com\/es\/wp-json\/wp\/v2\/product\/1942","targetHints":{"allow":["GET"]}}],"collection":[{"href":"https:\/\/amthy.com\/es\/wp-json\/wp\/v2\/product"}],"about":[{"href":"https:\/\/amthy.com\/es\/wp-json\/wp\/v2\/types\/product"}],"wp:featuredmedia":[{"embeddable":true,"href":"https:\/\/amthy.com\/es\/wp-json\/wp\/v2\/media\/1943"}],"wp:attachment":[{"href":"https:\/\/amthy.com\/es\/wp-json\/wp\/v2\/media?parent=1942"}],"wp:term":[{"taxonomy":"product_brand","embeddable":true,"href":"https:\/\/amthy.com\/es\/wp-json\/wp\/v2\/product_brand?post=1942"},{"taxonomy":"product_cat","embeddable":true,"href":"https:\/\/amthy.com\/es\/wp-json\/wp\/v2\/product_cat?post=1942"},{"taxonomy":"product_tag","embeddable":true,"href":"https:\/\/amthy.com\/es\/wp-json\/wp\/v2\/product_tag?post=1942"}],"curies":[{"name":"wp","href":"https:\/\/api.w.org\/{rel}","templated":true}]}}