{"id":2158,"date":"2022-01-26T15:41:07","date_gmt":"2022-01-26T07:41:07","guid":{"rendered":"https:\/\/amthy.com\/?post_type=product&#038;p=2158"},"modified":"2022-01-26T17:12:57","modified_gmt":"2022-01-26T09:12:57","slug":"smart-lock-am1100","status":"publish","type":"product","link":"https:\/\/amthy.com\/es\/product\/smart-lock-am1100\/","title":{"rendered":"Bloqueo inteligente AM1100"},"content":{"rendered":"<p><img fetchpriority=\"high\" decoding=\"async\" class=\"wp-image-2034 aligncenter\" src=\"https:\/\/amthy.com\/wp-content\/uploads\/2021\/08\/AM400-300x35.jpg\" alt=\"Proveedor de cerraduras inteligentes\" width=\"1003\" height=\"117\" title=\"\" srcset=\"https:\/\/amthy.com\/wp-content\/uploads\/2021\/08\/AM400-300x35.jpg 300w, https:\/\/amthy.com\/wp-content\/uploads\/2021\/08\/AM400-600x71.jpg 600w, https:\/\/amthy.com\/wp-content\/uploads\/2021\/08\/AM400-1024x120.jpg 1024w, https:\/\/amthy.com\/wp-content\/uploads\/2021\/08\/AM400-768x90.jpg 768w, https:\/\/amthy.com\/wp-content\/uploads\/2021\/08\/AM400-1536x181.jpg 1536w, https:\/\/amthy.com\/wp-content\/uploads\/2021\/08\/AM400-2048x241.jpg 2048w, https:\/\/amthy.com\/wp-content\/uploads\/2021\/08\/AM400-18x2.jpg 18w\" sizes=\"(max-width: 1003px) 100vw, 1003px\" \/><\/p>\n<p>(fabricante de cerrojos inteligentes) El AMTHY AM1000 es un <a href=\"https:\/\/amthy.com\/es\/product-category\/smart-lock\/\">cerradura inteligente<\/a> que le brinda control total de la seguridad de su hogar y le brinda total tranquilidad. Use una variedad de formas de obtener acceso a su hogar, ya sea a trav\u00e9s de huellas dactilares, Bluetooth del tel\u00e9fono o mediante el m\u00f3dulo wifi para control remoto. Con la cerradura de puerta digital AMTHY, puede enviar llaves virtuales a los usuarios para que sus amigos y familiares puedan acceder a su casa si usted no est\u00e1 presente. Una vez que hayan obtenido acceso, puede administrar qui\u00e9n puede ingresar a su propiedad deshabilitando o eliminando usuarios a trav\u00e9s de la aplicaci\u00f3n del tel\u00e9fono. Las llaves virtuales se pueden programar o hacer permanentes para tener el m\u00e1ximo control de su hogar o propiedad. Tambi\u00e9n puede monitorear qui\u00e9n viene y qui\u00e9n va para saber cu\u00e1ndo sus seres queridos est\u00e1n en casa de manera segura. Incluso puedes recibir una notificaci\u00f3n inform\u00e1ndote cuando alguien llega a casa. No tienes que preocuparte por llevar tus llaves contigo. Todo lo que necesita es su tel\u00e9fono inteligente y con un toque, puede desbloquear la puerta con facilidad. El dispositivo utiliza tecnolog\u00eda inteligente Bluetooth encriptada, por lo que el bloqueo inteligente no depende de la recepci\u00f3n de la red. Haz que tu cerradura inteligente sea a\u00fan m\u00e1s inteligente conectando uno de nuestros m\u00f3dulos de cerradura. Negocio directo del fabricante de cilindros de puertas inteligentes. <a href=\"https:\/\/en.wikipedia.org\/wiki\/Lock\" target=\"_blank\" rel=\"noopener\">Cerrar con llave<\/a> y fabricante de cerrojos inteligentes<\/p>\n<h2>\u00bfPorque nosotros? (fabricante de cerrojos inteligentes)<\/h2>\n<h3><strong>\u221aCalidad confiable (fabricante de cerrojos inteligentes)<\/strong><\/h3>\n<ul>\n<li>Un equipo profesional de control de calidad supervisa toda la producci\u00f3n<\/li>\n<li>Estricta selecci\u00f3n de los socios cooperantes<\/li>\n<\/ul>\n<h3><strong>\u221aPrecio competitivo<\/strong><\/h3>\n<ul>\n<li>Materia prima en stock de 3 meses para disminuir el riesgo de fluctuaci\u00f3n de precios<\/li>\n<li>Equipos autom\u00e1ticos y avanzados para reducir el alto coste de la mano de obra<\/li>\n<\/ul>\n<h3><strong>\u221aServicio de confianza para m\u00e1s de 20 pa\u00edses.<\/strong><\/h3>\n<ul>\n<li>Servicio ODM\/OEM<\/li>\n<li>Servicio posventa responsable<\/li>\n<\/ul>","protected":false},"excerpt":{"rendered":"<ul>\n<li><strong>C\u00f3digo del art\u00edculo:<\/strong> AM-AM1100<\/li>\n<li><strong>Material<\/strong><strong>:<\/strong> Zinc<\/li>\n<li><strong>Cuerpo de la cerradura:<\/strong> Cerrojo<\/li>\n<li><strong>Backset<\/strong>: 60\/70 mm<\/li>\n<li><strong>Marca:<\/strong> ODM Disponible<\/li>\n<li><strong>Aplicaci\u00f3n:<\/strong> Puertas de madera\/UPVC\/seguridad<\/li>\n<li><strong>Bater\u00eda<\/strong>: 4*1,5 v<\/li>\n<li><strong>Espesor de la puerta:<\/strong>30-65 mm<\/li>\n<li><b>Modo de desbloqueo: <\/b>Huella dactilar\/C\u00f3digo de acceso\/Tarjeta de identificaci\u00f3n\/Llave mec\u00e1nica\/Bluetooth\/Wifi<\/li>\n<\/ul>","protected":false},"featured_media":2164,"template":"","meta":{"nf_dc_page":""},"product_brand":[],"product_cat":[55],"product_tag":[],"class_list":{"0":"post-2158","1":"product","2":"type-product","3":"status-publish","4":"has-post-thumbnail","6":"product_cat-smart-lock","8":"first","9":"instock","10":"shipping-taxable","11":"product-type-simple"},"_links":{"self":[{"href":"https:\/\/amthy.com\/es\/wp-json\/wp\/v2\/product\/2158","targetHints":{"allow":["GET"]}}],"collection":[{"href":"https:\/\/amthy.com\/es\/wp-json\/wp\/v2\/product"}],"about":[{"href":"https:\/\/amthy.com\/es\/wp-json\/wp\/v2\/types\/product"}],"wp:featuredmedia":[{"embeddable":true,"href":"https:\/\/amthy.com\/es\/wp-json\/wp\/v2\/media\/2164"}],"wp:attachment":[{"href":"https:\/\/amthy.com\/es\/wp-json\/wp\/v2\/media?parent=2158"}],"wp:term":[{"taxonomy":"product_brand","embeddable":true,"href":"https:\/\/amthy.com\/es\/wp-json\/wp\/v2\/product_brand?post=2158"},{"taxonomy":"product_cat","embeddable":true,"href":"https:\/\/amthy.com\/es\/wp-json\/wp\/v2\/product_cat?post=2158"},{"taxonomy":"product_tag","embeddable":true,"href":"https:\/\/amthy.com\/es\/wp-json\/wp\/v2\/product_tag?post=2158"}],"curies":[{"name":"wp","href":"https:\/\/api.w.org\/{rel}","templated":true}]}}