{"id":1225,"date":"2021-05-12T14:00:35","date_gmt":"2021-05-12T06:00:35","guid":{"rendered":"https:\/\/amthy.com\/?post_type=product&#038;p=1225"},"modified":"2021-10-19T16:51:46","modified_gmt":"2021-10-19T08:51:46","slug":"mortise-handle-manufacturer-supplier","status":"publish","type":"product","link":"https:\/\/amthy.com\/fi\/product\/mortise-handle-manufacturer-supplier\/","title":{"rendered":"Oven kahva AM-237"},"content":{"rendered":"<h2>Keit\u00e4 olemme? (<a href=\"https:\/\/en.wikipedia.org\/wiki\/Mortise_lock\" target=\"_blank\" rel=\"noopener\">Ura<\/a> Kahvan valmistaja ja toimittaja)<\/h2>\n<p style=\"text-align: left;\"><a href=\"https:\/\/amthy.com\/wp-content\/uploads\/2021\/10\/AMTHY-Zinc-Handle.pdf\">Amthy <\/a>on ovenkahvayritys ja valmistaja Kiinasta. Tuotevalikoimaamme kuuluvat sinkkiseos, messinki, ruostumaton ter\u00e4s ja alumiinimateriaalit. Kromi ja musta ovenkahvasarjat ovat eritt\u00e4in suosittuja sis\u00e4ovissa, kun taas ruostumattomasta ter\u00e4ksest\u00e4 valmistettu ovenkahva on tervetullut kaupalliseen k\u00e4ytt\u00f6\u00f6n. Valmistuksen aikana kiillotus ja galvanointi vaikuttavat enimm\u00e4kseen LAATUUN. Ammattimaisena ovenlukkojen valmistajana ja toimittajana teemme tiukan kiillotuksen manuaalisesti ja automaattisesti. Pinta galvanoitua kerrosta varten esineemme s\u00e4ilyv\u00e4t yli 72 tuntia suolasuihkutestin aikana. Siksi taiteellinen suunnittelumme ja huomaavainen palvelumme tuovat meid\u00e4t yhdeksi Kiinan parhaista ovenkahvayrityksist\u00e4.<\/p>\n<h2 style=\"text-align: left;\">Mik\u00e4 on ovenkahva?<\/h2>\n<p>Ovenkahva tai ovennuppi on ty\u00f6kalu, jota k\u00e4ytet\u00e4\u00e4n oven avaamiseen tai sulkemiseen. sit\u00e4 l\u00f6ytyy kaikentyyppisist\u00e4 ovista, mukaan lukien asuin- ja liikerakennusten ulko- ja sis\u00e4ovet. Lis\u00e4ksi siin\u00e4 on oltava salpa- tai lukitusmekanismit. Kuten upotuslukon runko ja oven lukkosylinteri.<\/p>\n<p><img fetchpriority=\"high\" decoding=\"async\" class=\"aligncenter wp-image-917\" src=\"https:\/\/amthy.com\/wp-content\/uploads\/2021\/05\/\u5fae\u4fe1\u56fe\u7247_20210503173056-300x201.png\" alt=\"Kiinnityskahvan valmistaja ja toimittaja\" width=\"469\" height=\"314\" title=\"\" srcset=\"https:\/\/amthy.com\/wp-content\/uploads\/2021\/05\/\u5fae\u4fe1\u56fe\u7247_20210503173056-300x201.png 300w, https:\/\/amthy.com\/wp-content\/uploads\/2021\/05\/\u5fae\u4fe1\u56fe\u7247_20210503173056-600x401.png 600w, https:\/\/amthy.com\/wp-content\/uploads\/2021\/05\/\u5fae\u4fe1\u56fe\u7247_20210503173056-1024x685.png 1024w, https:\/\/amthy.com\/wp-content\/uploads\/2021\/05\/\u5fae\u4fe1\u56fe\u7247_20210503173056-768x514.png 768w, https:\/\/amthy.com\/wp-content\/uploads\/2021\/05\/\u5fae\u4fe1\u56fe\u7247_20210503173056.png 1097w\" sizes=\"(max-width: 469px) 100vw, 469px\" \/><\/p>\n<h2>Miksi me? (kiinnityskahvan valmistaja ja toimittaja)<\/h2>\n<h3><strong>\u221a Luotettavaa laatua<\/strong><\/h3>\n<ul>\n<li>Ammattimainen QC-tiimi valvoo koko tuotantoa<\/li>\n<li>Tiukka yhteisty\u00f6kumppaneiden valinta<\/li>\n<\/ul>\n<h3><strong>\u221a Kilpailukykyinen hinta<\/strong><\/h3>\n<ul>\n<li>Raaka-aine 3 kuukauden varastossa pienent\u00e4\u00e4 hintavaihteluriski\u00e4<\/li>\n<li>Automaattiset ja kehittyneet laitteet v\u00e4hent\u00e4v\u00e4t korkeita ty\u00f6voimakustannuksia<\/li>\n<\/ul>\n<h3><strong>\u221aLuotettava palvelu yli 20 maassa.<\/strong><\/h3>\n<ul>\n<li>ODM\/OEM-palvelu<\/li>\n<li>Vastuullinen huoltopalvelu<\/li>\n<\/ul>\n<p>&nbsp;<\/p>","protected":false},"excerpt":{"rendered":"<p>Ovenkahvat voidaan r\u00e4\u00e4t\u00e4l\u00f6id\u00e4 erilaisilla pintak\u00e4sittelyill\u00e4 ja eri karalla eri oviin.<\/p>\n<ul>\n<li><strong>Tuotekoodi:<\/strong> AM-237<\/li>\n<li><strong>Materiaali:<\/strong> sinkkiseos<\/li>\n<li><strong>Br\u00e4ndi:<\/strong> ODM saatavilla<\/li>\n<li><strong>Pinta:<\/strong> Kromi CP, satiinikromi SC, kiillotettu messinki PB, tahramessinki SB, kiillotettu nikkeli PN, satiini nikkeli SN, antique Brass AB, \u00f6ljyhierottu pronssi ORB, musta BL<\/li>\n<li><strong>Lis\u00e4tarvikkeet:<\/strong>7,6 mm x 7,6 mm x 100 mm kara x 1 kpl + M3,8 x 30 mm ruuvi x 4 kpl + 2,5 mm kuusiokoloavain x 1 kpl<\/li>\n<li><strong>Sovellus:<\/strong> Puinen\/metallinen, sis\u00e4-\/ulko-ovi, (35-50mm)<\/li>\n<\/ul>\n<p>&nbsp;<\/p>","protected":false},"featured_media":1229,"template":"","meta":{"nf_dc_page":""},"product_brand":[],"product_cat":[26,31],"product_tag":[28,29],"class_list":{"0":"post-1225","1":"product","2":"type-product","3":"status-publish","4":"has-post-thumbnail","6":"product_cat-door-handle-manufacturer","7":"product_cat-zinc-alloy-door-handle","8":"product_tag-door-handle","9":"product_tag-door-knob","11":"first","12":"instock","13":"shipping-taxable","14":"product-type-simple"},"_links":{"self":[{"href":"https:\/\/amthy.com\/fi\/wp-json\/wp\/v2\/product\/1225","targetHints":{"allow":["GET"]}}],"collection":[{"href":"https:\/\/amthy.com\/fi\/wp-json\/wp\/v2\/product"}],"about":[{"href":"https:\/\/amthy.com\/fi\/wp-json\/wp\/v2\/types\/product"}],"wp:featuredmedia":[{"embeddable":true,"href":"https:\/\/amthy.com\/fi\/wp-json\/wp\/v2\/media\/1229"}],"wp:attachment":[{"href":"https:\/\/amthy.com\/fi\/wp-json\/wp\/v2\/media?parent=1225"}],"wp:term":[{"taxonomy":"product_brand","embeddable":true,"href":"https:\/\/amthy.com\/fi\/wp-json\/wp\/v2\/product_brand?post=1225"},{"taxonomy":"product_cat","embeddable":true,"href":"https:\/\/amthy.com\/fi\/wp-json\/wp\/v2\/product_cat?post=1225"},{"taxonomy":"product_tag","embeddable":true,"href":"https:\/\/amthy.com\/fi\/wp-json\/wp\/v2\/product_tag?post=1225"}],"curies":[{"name":"wp","href":"https:\/\/api.w.org\/{rel}","templated":true}]}}