{"id":1364,"date":"2021-05-12T20:15:37","date_gmt":"2021-05-12T12:15:37","guid":{"rendered":"https:\/\/amthy.com\/?post_type=product&#038;p=1364"},"modified":"2022-10-14T15:55:48","modified_gmt":"2022-10-14T07:55:48","slug":"mortise-handle-manufacturer","status":"publish","type":"product","link":"https:\/\/amthy.com\/fi\/product\/mortise-handle-manufacturer\/","title":{"rendered":"Kiinnityskahvan valmistaja | Avaimeton lukko"},"content":{"rendered":"<h2>Keit\u00e4 olemme?<\/h2>\n<p style=\"text-align: left;\">Amthy on alkuper\u00e4inen Mortise Handle -valmistaja Kiinasta. Tuotevalikoimaamme kuuluvat sinkkiseos, messinki, ruostumaton ter\u00e4s ja alumiinimateriaalit. Kromi ja musta ovenkahvasarjat ovat eritt\u00e4in suosittuja sis\u00e4ovissa, kun taas ruostumattomasta ter\u00e4ksest\u00e4 valmistettu ovenkahva on tervetullut kaupalliseen k\u00e4ytt\u00f6\u00f6n. Valmistuksen aikana kiillotus ja galvanointi vaikuttavat enimm\u00e4kseen LAATUUN. Ammattimaisena ovenlukkojen valmistajana ja toimittajana teemme tiukan kiillotuksen manuaalisesti ja automaattisesti. Pinta-s\u00e4hk\u00f6pinnoitetun kerroksen tuotteemme s\u00e4ilyv\u00e4t yli 72 tuntia suolasuihkutestin aikana. Siksi taiteellinen suunnittelumme ja huomaavainen palvelumme tuovat meid\u00e4t yhteen Kiinan parhaista kiinnityskahvan valmistajista.<\/p>\n<h2 style=\"text-align: left;\">Mik\u00e4 on ovenkahva?<\/h2>\n<p>Ovenkahva tai ovennuppi on ty\u00f6kalu, jota k\u00e4ytet\u00e4\u00e4n oven avaamiseen tai sulkemiseen. sit\u00e4 l\u00f6ytyy kaikentyyppisist\u00e4 ovista, mukaan lukien asuin- ja liikerakennusten ulko- ja sis\u00e4ovet. Lis\u00e4ksi siin\u00e4 on oltava salpa- tai lukitusmekanismit. Kuten upotuslukon runko ja oven lukkosylinteri.<\/p>\n<h2>Miksi me? (kiinnityskahvan valmistaja)<\/h2>\n<h3><strong>\u221a Luotettavaa laatua<\/strong><\/h3>\n<ul>\n<li>Ammattimainen QC-tiimi valvoo koko tuotantoa<\/li>\n<li>Tiukka yhteisty\u00f6kumppaneiden valinta<\/li>\n<\/ul>\n<h3><strong>\u221a Kilpailukykyinen hinta<\/strong><\/h3>\n<ul>\n<li>Raaka-aine 3 kuukauden varastossa pienent\u00e4\u00e4 riski\u00e4 hinnanvaihteluille<\/li>\n<li>Automaattiset ja kehittyneet laitteet v\u00e4hent\u00e4v\u00e4t korkeita ty\u00f6voimakustannuksia<\/li>\n<\/ul>\n<h3><strong>\u221aLuotettava palvelu yli 20 maassa.<\/strong><\/h3>\n<ul>\n<li>ODM\/OEM-palvelu<\/li>\n<li>Vastuullinen huoltopalvelu<\/li>\n<\/ul>\n<p>&nbsp;<\/p>","protected":false},"excerpt":{"rendered":"<p>Avaimeton ovenkahvaj\u00e4rjestelm\u00e4 magneettilukon rungolla, ei en\u00e4\u00e4 avaimia<\/p>\n<ul>\n<li><strong>Tuotekoodi:<\/strong> AM-003<\/li>\n<li><strong>Materiaali:<\/strong> sinkkiseos<\/li>\n<li><strong>Br\u00e4ndi:<\/strong> ODM saatavilla<\/li>\n<li><strong>Pinta:<\/strong> Kromi CP, satiinikromi SC, kiillotettu messinki PB, tahramessinki SB, kiillotettu nikkeli PN, satiini nikkeli SN, antique Brass AB, \u00f6ljyhierottu pronssi ORB, musta BL<\/li>\n<li><strong>Lis\u00e4tarvikkeet:<\/strong>7,6 mm x 7,6 mm x 100 mm kara x 1 kpl + M3,8 x 30 mm ruuvi x 4 kpl + 2,5 mm kuusiokoloavain x 1 kpl<\/li>\n<li><strong>Sovellus:<\/strong> Puinen\/metallinen, sis\u00e4-\/ulko-ovi, (35-50mm)<\/li>\n<\/ul>\n<p>&nbsp;<\/p>","protected":false},"featured_media":1365,"template":"","meta":{"nf_dc_page":""},"product_brand":[],"product_cat":[26,31],"product_tag":[28,29],"class_list":{"0":"post-1364","1":"product","2":"type-product","3":"status-publish","4":"has-post-thumbnail","6":"product_cat-door-handle-manufacturer","7":"product_cat-zinc-alloy-door-handle","8":"product_tag-door-handle","9":"product_tag-door-knob","11":"first","12":"instock","13":"shipping-taxable","14":"product-type-simple"},"_links":{"self":[{"href":"https:\/\/amthy.com\/fi\/wp-json\/wp\/v2\/product\/1364","targetHints":{"allow":["GET"]}}],"collection":[{"href":"https:\/\/amthy.com\/fi\/wp-json\/wp\/v2\/product"}],"about":[{"href":"https:\/\/amthy.com\/fi\/wp-json\/wp\/v2\/types\/product"}],"wp:featuredmedia":[{"embeddable":true,"href":"https:\/\/amthy.com\/fi\/wp-json\/wp\/v2\/media\/1365"}],"wp:attachment":[{"href":"https:\/\/amthy.com\/fi\/wp-json\/wp\/v2\/media?parent=1364"}],"wp:term":[{"taxonomy":"product_brand","embeddable":true,"href":"https:\/\/amthy.com\/fi\/wp-json\/wp\/v2\/product_brand?post=1364"},{"taxonomy":"product_cat","embeddable":true,"href":"https:\/\/amthy.com\/fi\/wp-json\/wp\/v2\/product_cat?post=1364"},{"taxonomy":"product_tag","embeddable":true,"href":"https:\/\/amthy.com\/fi\/wp-json\/wp\/v2\/product_tag?post=1364"}],"curies":[{"name":"wp","href":"https:\/\/api.w.org\/{rel}","templated":true}]}}