{"id":1531,"date":"2021-05-15T21:28:11","date_gmt":"2021-05-15T13:28:11","guid":{"rendered":"https:\/\/amthy.com\/?post_type=product&#038;p=1531"},"modified":"2021-11-13T13:08:47","modified_gmt":"2021-11-13T05:08:47","slug":"wafer-cylinder-manufacturer","status":"publish","type":"product","link":"https:\/\/amthy.com\/fi\/product\/wafer-cylinder-manufacturer\/","title":{"rendered":"Europrofiili Lukkosylinteri Valmistaja W500"},"content":{"rendered":"<h2>Keit\u00e4 olemme?<\/h2>\n<p style=\"text-align: left;\">Amthy on Europrofiilinen kiekkosylinteri <a href=\"https:\/\/amthy.com\/fi\/product-category\/lock-cylinder\/\">Valmistaja\u00a0<\/a>ja toimittaja Kiinasta. Tarjoamme normaalia <a href=\"https:\/\/en.wikipedia.org\/wiki\/Pin_tumbler_lock\" target=\"_blank\" rel=\"noopener\">sylinterit<\/a> sis\u00e4oviin ja eritt\u00e4in turvallisille sylintereille ulko-oville. 95.9% automaattinen tai puoliautomaattinen laitteisto on kolmen parhaan sylinterin valmistaja, joka korvaa manuaalisen ty\u00f6n, v\u00e4hent\u00e4\u00e4 kustannuksia ja lis\u00e4\u00e4 tehokkuutta. <span style=\"color: #ff0000;\"><span style=\"color: #000000;\">N\u00e4in ollen <\/span><\/span>Pienemm\u00e4t ty\u00f6voimakustannukset tuovat aina kilpailukykyisemm\u00e4n ja houkuttelevamman hinnan. Yll\u00e4 olevien etujen ansiosta <em>Olemme nyt valmiita <a href=\"https:\/\/www.youtube.com\/watch?v=9Lw0FD68w1c\" target=\"_blank\" rel=\"noopener\">paljastaa ja jakaa kustannukset<\/a> tavallisista sylintereist\u00e4 ostajien kanssa<\/em>,<span style=\"color: #ff0000;\"> <span style=\"color: #000000;\">eli saat selke\u00e4n yksikk\u00f6hinnan koostumuksen, joka sis\u00e4lt\u00e4\u00e4 10% puhtaan voittomme<\/span><\/span><span style=\"color: #ff0000;\"><span style=\"color: #000000;\">. <\/span><\/span>Samaan aikaan T&amp;K-tiimimme kehitt\u00e4\u00e4<em> S1000-, S2000- ja S3000-sarjat<\/em> KORKEAN TURVALLISUUDEN europrofiiliovilukkosylintereist\u00e4 korkeampiin markkinoiden vaatimuksiin. Ainutlaatuinen Wafers and Pins -yhdistelm\u00e4rakenteen teknologia lis\u00e4\u00e4 huomattavasti turvatasoa. Lis\u00e4ksi Europrofile-kiekkosylinterin valmistajan tulee aina tehd\u00e4 ty\u00f6t ostajan p\u00e4\u00e4asiallisen huolen mukaisesti.<\/p>\n<p>&nbsp;<\/p>\n<h2 style=\"text-align: left;\">Mik\u00e4 on Europrofile Wafer Cylinder Manufacturer?<\/h2>\n<p><em><i>Lukkosylinteri on lukkokomponentti, joka pit\u00e4\u00e4 tulpan, toimilaitteen ja lukituskomponentit, se voidaan valmistaa messingist\u00e4, sinkkiseoksesta, alumiinista ja ruostumattomasta ter\u00e4ksest\u00e4. Vaikka sylintereit\u00e4 yhdistet\u00e4\u00e4n yleisimmin tappihaaleisiin, niit\u00e4 k\u00e4ytet\u00e4\u00e4n monissa muissa, kuten kiekoissa ja kiekkojen pidikkeiss\u00e4. Se py\u00f6rii ja ohjaa kiinnityslukon salpaa ja salpaa yhteensopivalla avaimella.\u00a0<\/i><\/em>Europrofile Door Lock Sylinteri on oven syd\u00e4n. Europrofile Wafer Cylinder on vohvelirumpu sis\u00e4ll\u00e4.<\/p>\n<p>&nbsp;<\/p>\n<p><img fetchpriority=\"high\" decoding=\"async\" class=\"wp-image-2135\" src=\"https:\/\/amthy.com\/wp-content\/uploads\/2021\/05\/Inner-Instruction-300x155.jpg\" alt=\"Kiekkosylinterien valmistaja\" width=\"534\" height=\"276\" title=\"\" srcset=\"https:\/\/amthy.com\/wp-content\/uploads\/2021\/05\/Inner-Instruction-300x155.jpg 300w, https:\/\/amthy.com\/wp-content\/uploads\/2021\/05\/Inner-Instruction-600x310.jpg 600w, https:\/\/amthy.com\/wp-content\/uploads\/2021\/05\/Inner-Instruction-1024x530.jpg 1024w, https:\/\/amthy.com\/wp-content\/uploads\/2021\/05\/Inner-Instruction-768x397.jpg 768w, https:\/\/amthy.com\/wp-content\/uploads\/2021\/05\/Inner-Instruction-18x9.jpg 18w, https:\/\/amthy.com\/wp-content\/uploads\/2021\/05\/Inner-Instruction.jpg 1156w\" sizes=\"(max-width: 534px) 100vw, 534px\" \/><\/p>\n<p>&nbsp;<\/p>\n<h2>Miksi me? (Europrofiilikiekkosylinterin valmistaja<em>\u00a0AMTHY SECURITY:st\u00e4<\/em>)<\/h2>\n<h3><strong>\u221a Luotettavaa laatua<\/strong><\/h3>\n<ul>\n<li>Ammattimainen QC-tiimi valvoo koko tuotantoa<\/li>\n<li>Tiukka yhteisty\u00f6kumppaneiden valinta<\/li>\n<\/ul>\n<h3><strong>\u221a Kilpailukykyinen hinta<\/strong><\/h3>\n<ul>\n<li>Raaka-aine 3 kuukauden varastossa pienent\u00e4\u00e4 hintavaihteluriski\u00e4<\/li>\n<li>Automaattiset ja kehittyneet laitteet v\u00e4hent\u00e4v\u00e4t korkeita ty\u00f6voimakustannuksia<\/li>\n<\/ul>\n<h3><strong>\u221aLuotettava palvelu yli 20 maassa.<\/strong><\/h3>\n<ul>\n<li>ODM\/OEM-palvelu<\/li>\n<li>Vastuullinen huoltopalvelu<\/li>\n<\/ul>\n<p>&nbsp;<\/p>","protected":false},"excerpt":{"rendered":"<p>&nbsp;<\/p>\n<ul>\n<li><strong>Tuotekoodi:<\/strong> W500<\/li>\n<li><strong>Lukitusmekanismi:<\/strong> Vohvelirumpu<\/li>\n<li><strong>Rungon materiaali<\/strong><strong>:<\/strong> Messinki<\/li>\n<li><strong>Pistokkeen materiaali<\/strong><strong>:<\/strong> Messinki<\/li>\n<li><strong>Br\u00e4ndi:<\/strong> ODM saatavilla<\/li>\n<li><b>Profiilin tyyppi: <\/b>euroa<\/li>\n<li><strong>Profiilin koko:<\/strong>17*33*10mm<\/li>\n<li><strong>Avain:<\/strong> Messinki kaksinkertainen &quot;S&quot; kiilaura<\/li>\n<li><strong>Lis\u00e4tarvikkeet:<\/strong>55mm ruuveja<\/li>\n<li><strong>Sovellus:<\/strong> Puiset\/UPVC\/turvaovet<\/li>\n<li><strong>P\u00e4\u00e4avainj\u00e4rjestelm\u00e4:<\/strong> Saatavilla<\/li>\n<li><strong>Key Alike -j\u00e4rjestelm\u00e4:<\/strong> Saatavilla<\/li>\n<li><strong>Poraa est\u00e4v\u00e4 toiminto<\/strong>: Saatavilla<\/li>\n<li><strong>Napsahtamisen estotoiminto: <\/strong>Saatavilla<\/li>\n<li><strong><strong>EN1303 2005 Luokitus:<\/strong><\/strong><br \/>\n<table>\n<tbody>\n<tr>\n<td>1<\/td>\n<td>6<\/td>\n<td>0<\/td>\n<td>1<\/td>\n<td>0<\/td>\n<td>C<\/td>\n<td>5<\/td>\n<td>2<\/td>\n<\/tr>\n<\/tbody>\n<\/table>\n<\/li>\n<li><strong>Vied\u00e4 loppuun: <\/strong>Kiillotettu messinki (BP) \/ Nikkelipinnoitettu (NP) \/ Satiininikkeli (SN) \/ Kromipinnoitettu (CP) \/ Antiikkimessinki (AB)<\/li>\n<\/ul>\n<p>&nbsp;<\/p>","protected":false},"featured_media":1527,"template":"","meta":{"nf_dc_page":""},"product_brand":[],"product_cat":[25],"product_tag":[34,35],"class_list":{"0":"post-1531","1":"product","2":"type-product","3":"status-publish","4":"has-post-thumbnail","6":"product_cat-euro-profile-cylinder-manufacturer","7":"product_tag-door-cylinder","8":"product_tag-europrofile","10":"first","11":"instock","12":"shipping-taxable","13":"product-type-simple"},"_links":{"self":[{"href":"https:\/\/amthy.com\/fi\/wp-json\/wp\/v2\/product\/1531","targetHints":{"allow":["GET"]}}],"collection":[{"href":"https:\/\/amthy.com\/fi\/wp-json\/wp\/v2\/product"}],"about":[{"href":"https:\/\/amthy.com\/fi\/wp-json\/wp\/v2\/types\/product"}],"wp:featuredmedia":[{"embeddable":true,"href":"https:\/\/amthy.com\/fi\/wp-json\/wp\/v2\/media\/1527"}],"wp:attachment":[{"href":"https:\/\/amthy.com\/fi\/wp-json\/wp\/v2\/media?parent=1531"}],"wp:term":[{"taxonomy":"product_brand","embeddable":true,"href":"https:\/\/amthy.com\/fi\/wp-json\/wp\/v2\/product_brand?post=1531"},{"taxonomy":"product_cat","embeddable":true,"href":"https:\/\/amthy.com\/fi\/wp-json\/wp\/v2\/product_cat?post=1531"},{"taxonomy":"product_tag","embeddable":true,"href":"https:\/\/amthy.com\/fi\/wp-json\/wp\/v2\/product_tag?post=1531"}],"curies":[{"name":"wp","href":"https:\/\/api.w.org\/{rel}","templated":true}]}}