{"id":1534,"date":"2021-05-15T21:34:14","date_gmt":"2021-05-15T13:34:14","guid":{"rendered":"https:\/\/amthy.com\/?post_type=product&#038;p=1534"},"modified":"2022-05-26T16:27:59","modified_gmt":"2022-05-26T08:27:59","slug":"europrofile-lock-cylinder-manufacturer-h1000","status":"publish","type":"product","link":"https:\/\/amthy.com\/fi\/product\/europrofile-lock-cylinder-manufacturer-h1000\/","title":{"rendered":"Europrofiilin turvaovisylinteri -H1000"},"content":{"rendered":"<h2>Europrofiilin lukitusominaisuus<\/h2>\n<ul>\n<li>High Security-kaksoisnastat ja dispin-ohjeet<\/li>\n<li>Master AB avainj\u00e4rjestelm\u00e4 - 1 kpl v\u00e4liaikainen avain, 5 ensisijaista avainta<\/li>\n<li>Poiminnan esto, napsahduksen esto<\/li>\n<li>T\u00e4ysi messinkimateriaalin k\u00e4ytt\u00f6ik\u00e4 voi olla yli 10 vuotta<\/li>\n<\/ul>\n<h2>Keit\u00e4 olemme?<\/h2>\n<p style=\"text-align: left;\">Amthy on Europrofile-turvasylinteri <a href=\"https:\/\/amthy.com\/fi\/product-category\/lock-cylinder\/\">Toimittaja <\/a>Kiinasta. Tarjoamme normaalia <a href=\"https:\/\/en.wikipedia.org\/wiki\/Pin_tumbler_lock\" target=\"_blank\" rel=\"noopener\">sylinterit<\/a> sis\u00e4oviin ja eritt\u00e4in turvallisille sylintereille ulko-oville. 95.9% automaattinen tai puoliautomaattinen laitteisto on kolmen parhaan sylinterin valmistaja, joka korvaa manuaalisen ty\u00f6n, v\u00e4hent\u00e4\u00e4 kustannuksia ja lis\u00e4\u00e4 tehokkuutta. <span style=\"color: #ff0000;\"><span style=\"color: #000000;\">N\u00e4in ollen <\/span><\/span>Pienemm\u00e4t ty\u00f6voimakustannukset tuovat aina kilpailukykyisempi\u00e4 ja houkuttelevampia hintoja. Yll\u00e4 olevien etujen ansiosta <em>Olemme nyt valmiita <a href=\"https:\/\/www.youtube.com\/watch?v=9Lw0FD68w1c\" target=\"_blank\" rel=\"noopener\">paljastaa ja jakaa kustannukset<\/a> tavallisista sylintereist\u00e4 ostajien kanssa<\/em>,<span style=\"color: #ff0000;\"> <span style=\"color: #000000;\">eli saat selke\u00e4n yksikk\u00f6hinnan koostumuksen, joka sis\u00e4lt\u00e4\u00e4 10% puhtaan voittomme<\/span><\/span><span style=\"color: #ff0000;\"><span style=\"color: #000000;\">. <\/span><\/span><\/p>\n<p style=\"text-align: left;\">Samaan aikaan T&amp;K-tiimimme kehitt\u00e4\u00e4<em> S1000-, S2000- ja S3000-sarjat<\/em> KORKEAN TURVALLISUUDEN europrofiili oven lukkosylintereist\u00e4 korkeampiin markkinoiden vaatimuksiin. Ainutlaatuinen Wafers and Pins -yhdistelm\u00e4rakenteen teknologia lis\u00e4\u00e4 huomattavasti turvatasoa. Lis\u00e4ksi Europrofile-turvasylinterin toimittajan tulee aina tehd\u00e4 ty\u00f6 ostajan p\u00e4\u00e4asiallisen huolen mukaisesti.<\/p>\n<p>&nbsp;<\/p>\n<h2 style=\"text-align: left;\">Mik\u00e4 on Europrofile-lukkosylinteri?<\/h2>\n<p><em><i>Lukkosylinteri on lukkokomponentti, joka pit\u00e4\u00e4 tulpan, toimilaitteen ja lukituskomponentit, se voidaan valmistaa messingist\u00e4, sinkkiseoksesta, alumiinista ja ruostumattomasta ter\u00e4ksest\u00e4. Vaikka sylintereit\u00e4 yhdistet\u00e4\u00e4n yleisimmin tappihaaroihin, niit\u00e4 k\u00e4ytet\u00e4\u00e4n monissa muissa, kuten kiekoissa ja kiekkojen pid\u00e4kkeiss\u00e4. Se py\u00f6rii ja ohjaa kiinnityslukon salpaa ja salpaa yhteensopivalla avaimella. <\/i><\/em>Europrofile-lukkosylinteri on oven syd\u00e4n. Europrofile-turvasylinteri\u00e4 k\u00e4ytet\u00e4\u00e4n sis\u00e4\u00e4nk\u00e4ynnin turvaovessa. Europrofiililukko<\/p>\n<p><b>Eurooppalainen profiili<\/b>\u00a0(tai\u00a0<b>Euro profiili<\/b>) on er\u00e4\u00e4nlainen\u00a0<a title=\"Sylinteri\" href=\"http:\/\/www.lockwiki.com\/index.php\/Cylinder\" target=\"_blank\" rel=\"noopener\">sylinteri<\/a>\u00a0Suunnittelu, jota k\u00e4ytet\u00e4\u00e4n p\u00e4\u00e4asiassa Euroopassa. Toisin kuin perinteiset uurre- ja vannesylinterit, Euro-profiilissa k\u00e4ytet\u00e4\u00e4n yht\u00e4 metallipalaa lukon molempien puolten yhdist\u00e4miseen. Sinkku\u00a0<a class=\"mw-redirect\" title=\"Cam\" href=\"http:\/\/www.lockwiki.com\/index.php\/Cam\" target=\"_blank\" rel=\"noopener\">nokka<\/a>\u00a0komponentti sijoitetaan lukon kahden sivun v\u00e4liin ja liitet\u00e4\u00e4n suoraan molempiin\u00a0<a title=\"Pistoke\" href=\"http:\/\/www.lockwiki.com\/index.php\/Plug\" target=\"_blank\" rel=\"noopener\">pistokkeet<\/a>. Europrofiili on k\u00e4tev\u00e4 asentaa ja vaihtaa, mutta siin\u00e4 on vakavia turvallisuuspuutteita, jotka on otettava huomioon. Katso\u00a0<a href=\"http:\/\/www.lockwiki.com\/index.php\/Euro_Profile#Vulnerabilities\" target=\"_blank\" rel=\"noopener\">Europrofiili (haavoittuvuudet)<\/a>\u00a0lis\u00e4tietoja.Europrofiililukko<\/p>\n<p>&nbsp;<\/p>\n<p><img fetchpriority=\"high\" decoding=\"async\" class=\"wp-image-2119 aligncenter\" src=\"https:\/\/amthy.com\/wp-content\/uploads\/2021\/05\/technical_drawing_C73_3-300x168.jpg\" alt=\"europrofiili\" width=\"636\" height=\"356\" title=\"\" srcset=\"https:\/\/amthy.com\/wp-content\/uploads\/2021\/05\/technical_drawing_C73_3-300x168.jpg 300w, https:\/\/amthy.com\/wp-content\/uploads\/2021\/05\/technical_drawing_C73_3-600x336.jpg 600w, https:\/\/amthy.com\/wp-content\/uploads\/2021\/05\/technical_drawing_C73_3-768x430.jpg 768w, https:\/\/amthy.com\/wp-content\/uploads\/2021\/05\/technical_drawing_C73_3-18x10.jpg 18w, https:\/\/amthy.com\/wp-content\/uploads\/2021\/05\/technical_drawing_C73_3.jpg 1000w\" sizes=\"(max-width: 636px) 100vw, 636px\" \/><\/p>\n<p>&nbsp;<\/p>\n<h2>Miksi me?<\/h2>\n<h3><strong>\u221a Luotettavaa laatua<\/strong><\/h3>\n<ul>\n<li>Ammattimainen QC-tiimi valvoo koko tuotantoa<\/li>\n<li>Tiukka yhteisty\u00f6kumppaneiden valinta<\/li>\n<\/ul>\n<h3><strong>\u221a Kilpailukykyinen hinta<\/strong><\/h3>\n<ul>\n<li>Raaka-aine 3 kuukauden varastossa pienent\u00e4\u00e4 hintavaihteluriski\u00e4<\/li>\n<li>Automaattiset ja kehittyneet laitteet v\u00e4hent\u00e4v\u00e4t korkeita ty\u00f6voimakustannuksia<\/li>\n<\/ul>\n<h3><strong>\u221aLuotettava palvelu yli 20 maassa.<\/strong><\/h3>\n<ul>\n<li>ODM\/OEM-palvelu<\/li>\n<li>Vastuullinen huoltopalvelu<\/li>\n<\/ul>\n<p>&nbsp;<\/p>","protected":false},"excerpt":{"rendered":"<p>&nbsp;<\/p>\n<ul>\n<li><strong>Tuotekoodi:<\/strong> H1000<\/li>\n<li><strong>Lukitusmekanismi:<\/strong> Pin Juomalasi<\/li>\n<li><strong>Rungon materiaali<\/strong><strong>:<\/strong> Messinki<\/li>\n<li><strong>Pistokkeen materiaali<\/strong><strong>:<\/strong> Messinki<\/li>\n<li><strong>Br\u00e4ndi:<\/strong> ODM saatavilla<\/li>\n<li><b>Profiilin tyyppi: <\/b>euroa<\/li>\n<li><strong>Profiilin koko:<\/strong>17*33*10mm<\/li>\n<li><strong>Avain:<\/strong> Messinki kaksinkertainen &quot;S&quot; kiilaura<\/li>\n<li><strong>Lis\u00e4tarvikkeet:<\/strong>55mm ruuveja<\/li>\n<li><strong>Sovellus:<\/strong> Puiset\/UPVC\/turvaovet<\/li>\n<li><strong>P\u00e4\u00e4avainj\u00e4rjestelm\u00e4:<\/strong> Saatavilla<\/li>\n<li><strong>Key Alike -j\u00e4rjestelm\u00e4:<\/strong> Saatavilla<\/li>\n<li><strong>Poraa est\u00e4v\u00e4 toiminto<\/strong>: Saatavilla<\/li>\n<li><strong>Napsahtamisen estotoiminto: <\/strong>Saatavilla<\/li>\n<li><strong><strong>EN1303 2005 Luokitus:<\/strong><\/strong><br \/>\n<table>\n<tbody>\n<tr>\n<td>1<\/td>\n<td>6<\/td>\n<td>0<\/td>\n<td>1<\/td>\n<td>0<\/td>\n<td>C<\/td>\n<td>5<\/td>\n<td>2<\/td>\n<\/tr>\n<\/tbody>\n<\/table>\n<\/li>\n<li><strong>Vied\u00e4 loppuun: <\/strong>Kiillotettu messinki (BP) \/ Nikkelipinnoitettu (NP) \/ Satiininikkeli (SN) \/ Kromipinnoitettu (CP) \/ Antiikkimessinki (AB)<\/li>\n<\/ul>\n<p>&nbsp;<\/p>","protected":false},"featured_media":1526,"template":"","meta":[],"product_brand":[],"product_cat":[25],"product_tag":[34,35],"class_list":{"0":"post-1534","1":"product","2":"type-product","3":"status-publish","4":"has-post-thumbnail","6":"product_cat-euro-profile-cylinder-manufacturer","7":"product_tag-door-cylinder","8":"product_tag-europrofile","10":"first","11":"instock","12":"shipping-taxable","13":"product-type-simple"},"_links":{"self":[{"href":"https:\/\/amthy.com\/fi\/wp-json\/wp\/v2\/product\/1534","targetHints":{"allow":["GET"]}}],"collection":[{"href":"https:\/\/amthy.com\/fi\/wp-json\/wp\/v2\/product"}],"about":[{"href":"https:\/\/amthy.com\/fi\/wp-json\/wp\/v2\/types\/product"}],"wp:featuredmedia":[{"embeddable":true,"href":"https:\/\/amthy.com\/fi\/wp-json\/wp\/v2\/media\/1526"}],"wp:attachment":[{"href":"https:\/\/amthy.com\/fi\/wp-json\/wp\/v2\/media?parent=1534"}],"wp:term":[{"taxonomy":"product_brand","embeddable":true,"href":"https:\/\/amthy.com\/fi\/wp-json\/wp\/v2\/product_brand?post=1534"},{"taxonomy":"product_cat","embeddable":true,"href":"https:\/\/amthy.com\/fi\/wp-json\/wp\/v2\/product_cat?post=1534"},{"taxonomy":"product_tag","embeddable":true,"href":"https:\/\/amthy.com\/fi\/wp-json\/wp\/v2\/product_tag?post=1534"}],"curies":[{"name":"wp","href":"https:\/\/api.w.org\/{rel}","templated":true}]}}