{"id":1895,"date":"2021-08-29T20:15:13","date_gmt":"2021-08-29T12:15:13","guid":{"rendered":"https:\/\/amthy.com\/?post_type=product&#038;p=1895"},"modified":"2023-05-26T19:51:25","modified_gmt":"2023-05-26T11:51:25","slug":"smart-lock-manufacturer-am-900","status":"publish","type":"product","link":"https:\/\/amthy.com\/fi\/product\/smart-lock-manufacturer-am-900\/","title":{"rendered":"Smart Lock AM-900"},"content":{"rendered":"<p>AMTHY 900 on \u00e4lyk\u00e4s ovenlukko, joka antaa sinulle t\u00e4yden hallinnan kotisi turvallisuudesta ja tarjoaa sinulle t\u00e4ydellisen mielenrauhan. K\u00e4yt\u00e4 useita tapoja p\u00e4\u00e4st\u00e4ksesi kotiisi, olipa se sitten PIN-koodin tai mekaanisen avaimen avulla. Sinun ei tarvitse huolehtia avainten kuljettamisesta mukanasi. Tarvitset vain pin-koodisi, jotta voit avata oven helposti. Suoraa liiketoimintaa Smart Door -sylinterien valmistajalta. smart-lock-manufacturer-am-900.<a href=\"https:\/\/en.wikipedia.org\/wiki\/Lock\" target=\"_blank\" rel=\"noopener\">Lukko<\/a> ja <a href=\"https:\/\/amthy.com\/fi\/product-category\/smart-lock\/\">Smart Door Sylinteri<\/a><\/p>\n<h3>P\u00e4ivit\u00e4 olemassa oleva lukko helposti:<\/h3>\n<p>Tee-se-itse-yst\u00e4v\u00e4llinen ja helposti asennettavissa olemassa olevan sylinterin ja ovenkahvan tilalle. Tarvitset vain ristip\u00e4\u00e4n ruuvimeisselin ja mittanauhan.<\/p>\n<h3><strong>Ominaisuudet ja Edut:<\/strong><\/h3>\n<ul>\n<li>Avaimeton \u2013 Antaa sinulle vapauden turvata kotisi ilman avainta<\/li>\n<li>Helppo asentaa \u2013 Sopii useimpiin PVC- ja komposiittioviin, tarvitaan ruuvimeisseli<\/li>\n<li>Helppok\u00e4ytt\u00f6inen \u2013 saatavilla on 50 sarjaa 4-8 numeron PIN-koodia.<\/li>\n<li>Paristok\u00e4ytt\u00f6inen \u2013 4 x AA-paristoa<\/li>\n<li>Soveltuu oville, joiden paksuus on 35-55 mm<\/li>\n<li>Saatavana useissa eri viimeistelyiss\u00e4 \u2013 mukaan lukien musta ja hopea<\/li>\n<\/ul>\n<h2>Miksi me? (Europrofiilin turvaovisylinterien toimittaja <em>AMTHY SECURITY:st\u00e4<\/em>)<\/h2>\n<h3><strong>\u221a Luotettavaa laatua (Smart Lock valmistaja AM-900)<\/strong><\/h3>\n<ul>\n<li>Ammattimainen QC-tiimi valvoo koko tuotantoa<\/li>\n<li>Tiukka yhteisty\u00f6kumppaneiden valinta<\/li>\n<\/ul>\n<h3><strong>\u221a Kilpailukykyinen hinta<\/strong><\/h3>\n<ul>\n<li>Raaka-aine 3 kuukauden varastossa pienent\u00e4\u00e4 hintavaihteluriski\u00e4<\/li>\n<li>Automaattiset ja kehittyneet laitteet v\u00e4hent\u00e4v\u00e4t korkeita ty\u00f6voimakustannuksia<\/li>\n<\/ul>\n<h3><strong>\u221aLuotettava palvelu yli 20 maassa.<\/strong><\/h3>\n<ul>\n<li>ODM\/OEM-palvelu<\/li>\n<li>Vastuullinen huoltopalvelu<\/li>\n<\/ul>","protected":false},"excerpt":{"rendered":"<ul>\n<li><strong>Tuotekoodi:<\/strong> AM-900<\/li>\n<li><strong>Materiaali<\/strong><strong>:<\/strong> sinkkiseos<\/li>\n<li><strong>Lukon runko:<\/strong> Deadbolt<\/li>\n<li><strong>Backset<\/strong>: 60mm<\/li>\n<li><strong>Br\u00e4ndi:<\/strong> ODM saatavilla<\/li>\n<li><strong>Sovellus:<\/strong> Puiset\/UPVC\/turvaovet<\/li>\n<li><strong>Akku<\/strong>: 4*AA 6V (ei sis\u00e4ll\u00e4)<\/li>\n<li><strong>Oven paksuus: <\/strong>35-55mm<\/li>\n<li><strong>K\u00e4ytt\u00f6l\u00e4mp\u00f6tila:<\/strong>-20\u00baC - +55\u00baC<\/li>\n<li><strong>Vedenkest\u00e4v\u00e4: <\/strong>IP54<\/li>\n<li><b>Avaustila: <\/b>P\u00e4\u00e4sykoodi\/mekaaninen avain<\/li>\n<\/ul>","protected":false},"featured_media":1908,"template":"","meta":{"nf_dc_page":""},"product_brand":[],"product_cat":[55],"product_tag":[],"class_list":{"0":"post-1895","1":"product","2":"type-product","3":"status-publish","4":"has-post-thumbnail","6":"product_cat-smart-lock","8":"first","9":"instock","10":"shipping-taxable","11":"product-type-simple"},"_links":{"self":[{"href":"https:\/\/amthy.com\/fi\/wp-json\/wp\/v2\/product\/1895","targetHints":{"allow":["GET"]}}],"collection":[{"href":"https:\/\/amthy.com\/fi\/wp-json\/wp\/v2\/product"}],"about":[{"href":"https:\/\/amthy.com\/fi\/wp-json\/wp\/v2\/types\/product"}],"wp:featuredmedia":[{"embeddable":true,"href":"https:\/\/amthy.com\/fi\/wp-json\/wp\/v2\/media\/1908"}],"wp:attachment":[{"href":"https:\/\/amthy.com\/fi\/wp-json\/wp\/v2\/media?parent=1895"}],"wp:term":[{"taxonomy":"product_brand","embeddable":true,"href":"https:\/\/amthy.com\/fi\/wp-json\/wp\/v2\/product_brand?post=1895"},{"taxonomy":"product_cat","embeddable":true,"href":"https:\/\/amthy.com\/fi\/wp-json\/wp\/v2\/product_cat?post=1895"},{"taxonomy":"product_tag","embeddable":true,"href":"https:\/\/amthy.com\/fi\/wp-json\/wp\/v2\/product_tag?post=1895"}],"curies":[{"name":"wp","href":"https:\/\/api.w.org\/{rel}","templated":true}]}}