{"id":1910,"date":"2021-08-29T20:38:47","date_gmt":"2021-08-29T12:38:47","guid":{"rendered":"https:\/\/amthy.com\/?post_type=product&#038;p=1910"},"modified":"2021-12-27T22:13:02","modified_gmt":"2021-12-27T14:13:02","slug":"smart-deadbolt-manufacturer","status":"publish","type":"product","link":"https:\/\/amthy.com\/fi\/product\/smart-deadbolt-manufacturer\/","title":{"rendered":"Smart Lock AM1000"},"content":{"rendered":"<p><img fetchpriority=\"high\" decoding=\"async\" class=\"wp-image-2034 aligncenter\" src=\"https:\/\/amthy.com\/wp-content\/uploads\/2021\/08\/AM400-300x35.jpg\" alt=\"\u00c4lylukon toimittaja\" width=\"1003\" height=\"117\" title=\"\" srcset=\"https:\/\/amthy.com\/wp-content\/uploads\/2021\/08\/AM400-300x35.jpg 300w, https:\/\/amthy.com\/wp-content\/uploads\/2021\/08\/AM400-600x71.jpg 600w, https:\/\/amthy.com\/wp-content\/uploads\/2021\/08\/AM400-1024x120.jpg 1024w, https:\/\/amthy.com\/wp-content\/uploads\/2021\/08\/AM400-768x90.jpg 768w, https:\/\/amthy.com\/wp-content\/uploads\/2021\/08\/AM400-1536x181.jpg 1536w, https:\/\/amthy.com\/wp-content\/uploads\/2021\/08\/AM400-2048x241.jpg 2048w, https:\/\/amthy.com\/wp-content\/uploads\/2021\/08\/AM400-18x2.jpg 18w\" sizes=\"(max-width: 1003px) 100vw, 1003px\" \/><\/p>\n<p>(\u00e4lykk\u00e4iden lukkojen valmistaja) AMTHY AM1000 on a <a href=\"https:\/\/amthy.com\/fi\/product-category\/smart-lock\/\">\u00e4lyk\u00e4s lukko<\/a> joka antaa sinulle t\u00e4yden hallinnan kotisi turvallisuudesta ja tarjoaa sinulle t\u00e4ydellisen mielenrauhan. K\u00e4yt\u00e4 useita tapoja p\u00e4\u00e4st\u00e4ksesi kotiisi, olipa se sitten sormenj\u00e4ljen, puhelimen Bluetoothin tai kaukos\u00e4\u00e4timen wifi-moduulin kautta. Digitaalisen AMTHY-ovilukon avulla voit l\u00e4hett\u00e4\u00e4 k\u00e4ytt\u00e4jille virtuaalisia avaimia, jotta yst\u00e4v\u00e4t ja perheenj\u00e4senet p\u00e4\u00e4sev\u00e4t kotiisi, jos et ole paikalla. Kun he ovat saaneet k\u00e4ytt\u00f6oikeuden, voit hallita, ketk\u00e4 p\u00e4\u00e4sev\u00e4t omaisuuteesi poistamalla k\u00e4ytt\u00e4j\u00e4t k\u00e4yt\u00f6st\u00e4 tai poistamalla niit\u00e4 puhelinsovelluksen kautta. Virtuaaliavaimet voidaan ajastaa tai tehd\u00e4 pysyviksi kotisi tai kiinteist\u00f6si lopullista hallintaa varten. Voit my\u00f6s seurata kuka tulee ja kuka menee, jotta tied\u00e4t milloin l\u00e4heisesi ovat turvallisesti kotona. Voit jopa saada ilmoituksen, kun joku tulee kotiin. Sinun ei tarvitse huolehtia avainten kuljettamisesta mukanasi. Tarvitset vain \u00e4lypuhelimen ja voit avata oven helposti yhdell\u00e4 napautuksella. Laite k\u00e4ytt\u00e4\u00e4 salattua Bluetooth-\u00e4lytekniikkaa, joten \u00e4lylukko ei ole riippuvainen verkon vastaanotosta. Tee \u00e4lylukostasi entist\u00e4 \u00e4lykk\u00e4\u00e4mpi yhdist\u00e4m\u00e4ll\u00e4 jokin lukkomoduuleistamme. Suoraa liiketoimintaa Smart Door -sylinterien valmistajalta. <a href=\"https:\/\/en.wikipedia.org\/wiki\/Lock\" target=\"_blank\" rel=\"noopener\">Lukko<\/a> ja \u00e4lyk\u00e4s salpavalmistaja<\/p>\n<h2>Miksi me? (\u00e4lykk\u00e4iden lukkojen valmistaja)<\/h2>\n<h3><strong>\u221a Luotettavaa laatua (\u00e4lykk\u00e4iden pulttivalmistajien)<\/strong><\/h3>\n<ul>\n<li>Ammattimainen QC-tiimi valvoo koko tuotantoa<\/li>\n<li>Tiukka yhteisty\u00f6kumppaneiden valinta<\/li>\n<\/ul>\n<h3><strong>\u221a Kilpailukykyinen hinta<\/strong><\/h3>\n<ul>\n<li>Raaka-aine 3 kuukauden varastossa pienent\u00e4\u00e4 hintavaihteluriski\u00e4<\/li>\n<li>Automaattiset ja kehittyneet laitteet v\u00e4hent\u00e4v\u00e4t korkeita ty\u00f6voimakustannuksia<\/li>\n<\/ul>\n<h3><strong>\u221aLuotettava palvelu yli 20 maassa.<\/strong><\/h3>\n<ul>\n<li>ODM\/OEM-palvelu<\/li>\n<li>Vastuullinen huoltopalvelu<\/li>\n<\/ul>","protected":false},"excerpt":{"rendered":"<ul>\n<li><strong>Tuotekoodi:<\/strong> AM-AM1000<\/li>\n<li><strong>Materiaali<\/strong><strong>:<\/strong> Alumiini<\/li>\n<li><strong>Lukon runko:<\/strong> Deadbolt<\/li>\n<li><strong>Backset<\/strong>: 60\/70mm<\/li>\n<li><strong>Br\u00e4ndi:<\/strong> ODM saatavilla<\/li>\n<li><strong>Sovellus:<\/strong> Puiset\/UPVC\/turvaovet<\/li>\n<li><strong>Akku<\/strong>: 4*1.5v<\/li>\n<li><strong>Oven paksuus:<\/strong>30-65mm<\/li>\n<li><b>Avaustila: <\/b>Sormenj\u00e4lki\/salasana\/ID-kortti\/mekaaninen avain\/Bluetooth\/Wifi<\/li>\n<\/ul>","protected":false},"featured_media":2147,"template":"","meta":{"nf_dc_page":""},"product_brand":[],"product_cat":[55],"product_tag":[],"class_list":{"0":"post-1910","1":"product","2":"type-product","3":"status-publish","4":"has-post-thumbnail","6":"product_cat-smart-lock","8":"first","9":"instock","10":"shipping-taxable","11":"product-type-simple"},"_links":{"self":[{"href":"https:\/\/amthy.com\/fi\/wp-json\/wp\/v2\/product\/1910","targetHints":{"allow":["GET"]}}],"collection":[{"href":"https:\/\/amthy.com\/fi\/wp-json\/wp\/v2\/product"}],"about":[{"href":"https:\/\/amthy.com\/fi\/wp-json\/wp\/v2\/types\/product"}],"wp:featuredmedia":[{"embeddable":true,"href":"https:\/\/amthy.com\/fi\/wp-json\/wp\/v2\/media\/2147"}],"wp:attachment":[{"href":"https:\/\/amthy.com\/fi\/wp-json\/wp\/v2\/media?parent=1910"}],"wp:term":[{"taxonomy":"product_brand","embeddable":true,"href":"https:\/\/amthy.com\/fi\/wp-json\/wp\/v2\/product_brand?post=1910"},{"taxonomy":"product_cat","embeddable":true,"href":"https:\/\/amthy.com\/fi\/wp-json\/wp\/v2\/product_cat?post=1910"},{"taxonomy":"product_tag","embeddable":true,"href":"https:\/\/amthy.com\/fi\/wp-json\/wp\/v2\/product_tag?post=1910"}],"curies":[{"name":"wp","href":"https:\/\/api.w.org\/{rel}","templated":true}]}}