{"id":1937,"date":"2021-08-31T16:46:30","date_gmt":"2021-08-31T08:46:30","guid":{"rendered":"https:\/\/amthy.com\/?post_type=product&#038;p=1937"},"modified":"2023-05-26T19:50:36","modified_gmt":"2023-05-26T11:50:36","slug":"smart-door-cylinder-manufacturer-am-200","status":"publish","type":"product","link":"https:\/\/amthy.com\/fi\/product\/smart-door-cylinder-manufacturer-am-200\/","title":{"rendered":"\u00c4lyk\u00e4s oven sylinteri AM-200"},"content":{"rendered":"<p><img fetchpriority=\"high\" decoding=\"async\" class=\"alignnone wp-image-2019 aligncenter\" src=\"https:\/\/amthy.com\/wp-content\/uploads\/2021\/08\/AM20-300x41.jpg\" alt=\"amthy\" width=\"857\" height=\"117\" title=\"\" srcset=\"https:\/\/amthy.com\/wp-content\/uploads\/2021\/08\/AM20-300x41.jpg 300w, https:\/\/amthy.com\/wp-content\/uploads\/2021\/08\/AM20-600x81.jpg 600w, https:\/\/amthy.com\/wp-content\/uploads\/2021\/08\/AM20-1024x139.jpg 1024w, https:\/\/amthy.com\/wp-content\/uploads\/2021\/08\/AM20-768x104.jpg 768w, https:\/\/amthy.com\/wp-content\/uploads\/2021\/08\/AM20-1536x208.jpg 1536w, https:\/\/amthy.com\/wp-content\/uploads\/2021\/08\/AM20-2048x278.jpg 2048w, https:\/\/amthy.com\/wp-content\/uploads\/2021\/08\/AM20-18x2.jpg 18w\" sizes=\"(max-width: 857px) 100vw, 857px\" \/><\/p>\n<p><iframe title=\"Smart Lock Sylinteri| AM-200 on sormenj\u00e4lki- ja puhelinsovelluksen lukituksen avaustoimintojen \u00e4lylukko.\" width=\"1435\" height=\"807\" src=\"https:\/\/www.youtube.com\/embed\/yRCbSkD6CE8?feature=oembed\" frameborder=\"0\" allow=\"accelerometer; autoplay; clipboard-write; encrypted-media; gyroscope; picture-in-picture\" allowfullscreen><\/iframe><\/p>\n<p>AMTHY 200 on \u00e4lyk\u00e4s ovenlukko, joka antaa sinulle t\u00e4yden hallinnan kotisi turvallisuudesta ja tarjoaa sinulle t\u00e4ydellisen mielenrauhan. K\u00e4yt\u00e4 useita tapoja p\u00e4\u00e4st\u00e4ksesi kotiisi, olipa se sitten sormenj\u00e4ljen, puhelimen Bluetoothin tai kaukos\u00e4\u00e4timen wifi-moduulin kautta. Digitaalisen AMTHY-ovilukon avulla voit l\u00e4hett\u00e4\u00e4 k\u00e4ytt\u00e4jille virtuaalisia avaimia, jotta yst\u00e4v\u00e4t ja perheenj\u00e4senet p\u00e4\u00e4sev\u00e4t kotiisi, jos et ole paikalla. Kun he ovat saaneet k\u00e4ytt\u00f6oikeuden, voit hallita, ketk\u00e4 p\u00e4\u00e4sev\u00e4t omaisuuteesi poistamalla k\u00e4ytt\u00e4j\u00e4t k\u00e4yt\u00f6st\u00e4 tai poistamalla niit\u00e4 puhelinsovelluksen kautta. Virtuaaliavaimet voidaan ajastaa tai tehd\u00e4 pysyviksi kotisi tai kiinteist\u00f6si lopullista hallintaa varten. Voit my\u00f6s seurata kuka tulee ja kuka menee, jotta tied\u00e4t milloin l\u00e4heisesi ovat turvallisesti kotona. Voit jopa saada ilmoituksen, kun joku tulee kotiin. Sinun ei tarvitse huolehtia avainten kuljettamisesta mukanasi. Tarvitset vain \u00e4lypuhelimen ja voit avata oven helposti yhdell\u00e4 napautuksella. Laite k\u00e4ytt\u00e4\u00e4 salattua Bluetooth-\u00e4lytekniikkaa, joten \u00e4lylukko ei ole riippuvainen verkon vastaanotosta. Tee \u00e4lylukostasi entist\u00e4 \u00e4lykk\u00e4\u00e4mpi yhdist\u00e4m\u00e4ll\u00e4 jokin lukkomoduuleistamme. Suoraa liiketoimintaa Smart Door -sylinterien valmistajalta. <a href=\"https:\/\/en.wikipedia.org\/wiki\/Lock\" target=\"_blank\" rel=\"noopener\">Lukko<\/a> ja <a href=\"https:\/\/amthy.com\/fi\/product-category\/smart-lock\/\">Smart Door Sylinteri<\/a><\/p>\n<p><strong>Ominaisuudet ja edut (Smart Door Sylinterin valmistaja):<\/strong><\/p>\n<ul>\n<li>Avaimeton \u2013 Antaa sinulle vapauden turvata kotisi ilman avainta<\/li>\n<li>Helppo asentaa \u2013 Sopii useimpiin PVC- ja komposiittioviin, tarvitaan ruuvimeisseli<\/li>\n<li>Helppo sovittaa - <strong>T\u00e4ysi lukkosarjaa ei tarvitse vaihtaa<\/strong> mutta vaihda vain sylinteri ilman ovivaurioita. Helppo asennus.<\/li>\n<li>Paristok\u00e4ytt\u00f6inen \u2013 3 x AAA-paristoa, varoittaa, kun paristot ovat v\u00e4hiss\u00e4<\/li>\n<li>Soveltuu oville, joiden paksuus on 60-100 mm<\/li>\n<li>Saatavana useissa eri viimeistelyiss\u00e4 \u2013 mukaan lukien musta ja hopea<\/li>\n<\/ul>\n<p>&nbsp;<\/p>\n<hr \/>\n<p>&nbsp;<\/p>","protected":false},"excerpt":{"rendered":"<ul>\n<li><strong>Tuotekoodi:<\/strong> AM-200<\/li>\n<li><strong>Materiaali<\/strong><strong>:<\/strong> Messinki<\/li>\n<li><strong>Profiili <\/strong>Koko: 17 * 33 * 10 mm<\/li>\n<li><strong>Br\u00e4ndi:<\/strong> ODM saatavilla<\/li>\n<li><strong>Sovellus:<\/strong> Puiset\/UPVC\/turvaovet<\/li>\n<li><strong>Akku<\/strong>: Sis\u00e4\u00e4nrakennettu litium<\/li>\n<li><strong>Oven paksuus:<\/strong>60-100mm<\/li>\n<li><strong>K\u00e4ytt\u00f6l\u00e4mp\u00f6tila:<\/strong>-20\u00baC - +55\u00baC<\/li>\n<li><strong>Vedenkest\u00e4v\u00e4:<\/strong>IP54<\/li>\n<li><b>Avaustila: <\/b><em>Sormenj\u00e4lki\/Bluetooth\/kaukos\u00e4\u00e4din Wi-Fi-moduulin kautta<\/em><\/li>\n<\/ul>","protected":false},"featured_media":1938,"template":"","meta":{"nf_dc_page":""},"product_brand":[],"product_cat":[55,25],"product_tag":[],"class_list":{"0":"post-1937","1":"product","2":"type-product","3":"status-publish","4":"has-post-thumbnail","6":"product_cat-smart-lock","7":"product_cat-euro-profile-cylinder-manufacturer","9":"first","10":"instock","11":"shipping-taxable","12":"product-type-simple"},"_links":{"self":[{"href":"https:\/\/amthy.com\/fi\/wp-json\/wp\/v2\/product\/1937","targetHints":{"allow":["GET"]}}],"collection":[{"href":"https:\/\/amthy.com\/fi\/wp-json\/wp\/v2\/product"}],"about":[{"href":"https:\/\/amthy.com\/fi\/wp-json\/wp\/v2\/types\/product"}],"wp:featuredmedia":[{"embeddable":true,"href":"https:\/\/amthy.com\/fi\/wp-json\/wp\/v2\/media\/1938"}],"wp:attachment":[{"href":"https:\/\/amthy.com\/fi\/wp-json\/wp\/v2\/media?parent=1937"}],"wp:term":[{"taxonomy":"product_brand","embeddable":true,"href":"https:\/\/amthy.com\/fi\/wp-json\/wp\/v2\/product_brand?post=1937"},{"taxonomy":"product_cat","embeddable":true,"href":"https:\/\/amthy.com\/fi\/wp-json\/wp\/v2\/product_cat?post=1937"},{"taxonomy":"product_tag","embeddable":true,"href":"https:\/\/amthy.com\/fi\/wp-json\/wp\/v2\/product_tag?post=1937"}],"curies":[{"name":"wp","href":"https:\/\/api.w.org\/{rel}","templated":true}]}}