{"id":1364,"date":"2021-05-12T20:15:37","date_gmt":"2021-05-12T12:15:37","guid":{"rendered":"https:\/\/amthy.com\/?post_type=product&#038;p=1364"},"modified":"2022-10-14T15:55:48","modified_gmt":"2022-10-14T07:55:48","slug":"mortise-handle-manufacturer","status":"publish","type":"product","link":"https:\/\/amthy.com\/fr\/product\/mortise-handle-manufacturer\/","title":{"rendered":"Fabricant de poign\u00e9es de mortaise | Serrure sans cl\u00e9"},"content":{"rendered":"<h2>Qui sommes-nous ?<\/h2>\n<p style=\"text-align: left;\">Amthy est un fabricant original de poign\u00e9es de mortaise en provenance de Chine. Notre gamme de produits comprend des mat\u00e9riaux en alliage de zinc, en laiton, en acier inoxydable et en aluminium. Les ensembles de poign\u00e9es de porte chrom\u00e9es et noires sont tr\u00e8s populaires pour les portes int\u00e9rieures, tandis que la poign\u00e9e de porte en acier inoxydable est bien accueillie pour les applications commerciales. Lors de la fabrication, le polissage et la galvanoplastie affectent principalement la QUALIT\u00c9. En tant que fabricant et fournisseur professionnel de serrures de porte, nous effectuons un polissage strict manuellement et automatiquement. Pour la couche de surface galvanis\u00e9e, nos articles conservent plus de 72 heures pendant le test de brouillard salin. Par cons\u00e9quent, notre conception artistique et notre service attentionn\u00e9 nous am\u00e8nent \u00e0 l&#039;un des meilleurs fabricants de poign\u00e9es de mortaise en Chine.<\/p>\n<h2 style=\"text-align: left;\">Qu'est-ce qu'une poign\u00e9e de porte ?<\/h2>\n<p>Une poign\u00e9e de porte ou une poign\u00e9e de porte est un outil utilis\u00e9 pour ouvrir ou fermer une porte. On peut la trouver sur tous les types de portes, y compris les portes ext\u00e9rieures et int\u00e9rieures des b\u00e2timents r\u00e9sidentiels et commerciaux, sans compter qu'elle doit int\u00e9grer des m\u00e9canismes de verrouillage ou de fermeture. Comme le corps de la serrure \u00e0 mortaise et le cylindre de la serrure de porte.<\/p>\n<h2>Pourquoi nous? (Fabricant de poign\u00e9e de mortaise)<\/h2>\n<h3><strong>\u221aReliable Qualit\u00e9<\/strong><\/h3>\n<ul>\n<li>L&#039;\u00e9quipe professionnelle de QC supervise tout le cycle de production<\/li>\n<li>Une s\u00e9lection stricte des partenaires de coop\u00e9ration<\/li>\n<\/ul>\n<h3><strong>\u221aPrix comp\u00e9titif<\/strong><\/h3>\n<ul>\n<li>Mati\u00e8re premi\u00e8re en stock de 3 mois pour r\u00e9duire le risque de fluctuation des prix<\/li>\n<li>\u00c9quipement automatique et avanc\u00e9 pour r\u00e9duire le co\u00fbt \u00e9lev\u00e9 de la main-d'\u0153uvre<\/li>\n<\/ul>\n<h3><strong>\u221aTrustful Service pour plus de 20 pays.<\/strong><\/h3>\n<ul>\n<li>Service ODM\/OEM<\/li>\n<li>Un service apr\u00e8s-vente responsable<\/li>\n<\/ul>\n<p>&nbsp;<\/p>","protected":false},"excerpt":{"rendered":"<p>Syst\u00e8me de poign\u00e9e de porte sans cl\u00e9 avec corps de serrure magn\u00e9tique, plus de cl\u00e9s<\/p>\n<ul>\n<li><strong>Code article :<\/strong> SUIS-003<\/li>\n<li><strong>Mat\u00e9riau :<\/strong> alliage de zinc<\/li>\n<li><strong>Marque :<\/strong> ODM disponible<\/li>\n<li><strong>Surface :<\/strong> Chrome CP, Chrome satin\u00e9 SC, Laiton poli PB, Laiton teint\u00e9 SB, Nickel poli PN, Nickel satin\u00e9 SN, Laiton antique AB, Bronze frott\u00e9 \u00e0 l'huile ORB, Noir BL<\/li>\n<li><strong>Accessoires :<\/strong>Broche 7.6mmx7.6mm x100mm x 1 pcs+Vis M3.8x30mm x 4 pcs+Cl\u00e9 Allen 2.5mm x 1 pcs<\/li>\n<li><strong>Application :<\/strong> Bois\/M\u00e9tal, Porte d'int\u00e9rieur\/d'entr\u00e9e, (35-50mm)<\/li>\n<\/ul>\n<p>&nbsp;<\/p>","protected":false},"featured_media":1365,"template":"","meta":{"nf_dc_page":""},"product_brand":[],"product_cat":[26,31],"product_tag":[28,29],"class_list":{"0":"post-1364","1":"product","2":"type-product","3":"status-publish","4":"has-post-thumbnail","6":"product_cat-door-handle-manufacturer","7":"product_cat-zinc-alloy-door-handle","8":"product_tag-door-handle","9":"product_tag-door-knob","11":"first","12":"instock","13":"shipping-taxable","14":"product-type-simple"},"_links":{"self":[{"href":"https:\/\/amthy.com\/fr\/wp-json\/wp\/v2\/product\/1364","targetHints":{"allow":["GET"]}}],"collection":[{"href":"https:\/\/amthy.com\/fr\/wp-json\/wp\/v2\/product"}],"about":[{"href":"https:\/\/amthy.com\/fr\/wp-json\/wp\/v2\/types\/product"}],"wp:featuredmedia":[{"embeddable":true,"href":"https:\/\/amthy.com\/fr\/wp-json\/wp\/v2\/media\/1365"}],"wp:attachment":[{"href":"https:\/\/amthy.com\/fr\/wp-json\/wp\/v2\/media?parent=1364"}],"wp:term":[{"taxonomy":"product_brand","embeddable":true,"href":"https:\/\/amthy.com\/fr\/wp-json\/wp\/v2\/product_brand?post=1364"},{"taxonomy":"product_cat","embeddable":true,"href":"https:\/\/amthy.com\/fr\/wp-json\/wp\/v2\/product_cat?post=1364"},{"taxonomy":"product_tag","embeddable":true,"href":"https:\/\/amthy.com\/fr\/wp-json\/wp\/v2\/product_tag?post=1364"}],"curies":[{"name":"wp","href":"https:\/\/api.w.org\/{rel}","templated":true}]}}