{"id":1372,"date":"2021-05-12T20:42:00","date_gmt":"2021-05-12T12:42:00","guid":{"rendered":"https:\/\/amthy.com\/?post_type=product&#038;p=1372"},"modified":"2021-10-19T17:11:17","modified_gmt":"2021-10-19T09:11:17","slug":"stainless-steel-door-handle-manufacturer","status":"publish","type":"product","link":"https:\/\/amthy.com\/fr\/product\/stainless-steel-door-handle-manufacturer\/","title":{"rendered":"Poign\u00e9e de porte en acier inoxydable AM-SS01"},"content":{"rendered":"<h2>Qui nous sommes? (fabricant de poign\u00e9e de porte en acier inoxydable)<\/h2>\n<p style=\"text-align: left;\">Amthy est une entreprise et un fabricant de poign\u00e9es de porte de Chine.\u00a0Notre gamme de produits comprend des mat\u00e9riaux en alliage de zinc, en laiton, en acier inoxydable et en aluminium. Les poign\u00e9es de porte chrom\u00e9es et noires sont tr\u00e8s populaires pour les portes int\u00e9rieures, tandis que les poign\u00e9es de porte en acier inoxydable sont bien accueillies pour les applications commerciales. Pendant la fabrication, le polissage et l'\u00e9lectroplacage affectent principalement la QUALIT\u00c9. En tant que fabricant et fournisseur professionnel de serrures de porte, nous effectuons un polissage strict, manuellement et automatiquement. Pour la couche \u00e9lectrolytique de surface, nos articles sont maintenus plus de 72 heures pendant le test du brouillard salin. Par cons\u00e9quent, notre conception artistique et notre service attentionn\u00e9 nous permettent d'\u00eatre l'une des meilleures entreprises de poign\u00e9es de porte en Chine. <a href=\"https:\/\/amthy.com\/wp-content\/uploads\/2021\/09\/AMTHY-Stainless-Steel.pdf\">poign\u00e9e de porte en acier inoxydable<\/a> fabricant<\/p>\n<h2 style=\"text-align: left;\">Qu'est-ce qu'une poign\u00e9e de porte ?<\/h2>\n<p>UN <a href=\"https:\/\/en.wikipedia.org\/wiki\/Door_handle\" target=\"_blank\" rel=\"noopener\">poign\u00e9e de porte<\/a> ou poign\u00e9e de porte est un outil utilis\u00e9 pour ouvrir ou fermer une porte. il peut \u00eatre trouv\u00e9 sur tous les types de portes, y compris les portes ext\u00e9rieures et int\u00e9rieures des b\u00e2timents r\u00e9sidentiels et commerciaux. En outre, il doit incorporer des m\u00e9canismes de verrouillage ou de verrouillage. Tels que le corps de serrure \u00e0 mortaise et le cylindre de serrure de porte. fabricant de poign\u00e9e de porte en acier inoxydable<\/p>\n<h2>Pourquoi nous ?<\/h2>\n<h3><strong>\u221aReliable Qualit\u00e9<\/strong><\/h3>\n<ul>\n<li>Une \u00e9quipe de contr\u00f4le de qualit\u00e9 professionnelle supervise toutes les \u00e9tapes de la production.<\/li>\n<li>Une s\u00e9lection stricte des partenaires de coop\u00e9ration<\/li>\n<\/ul>\n<h3><strong>\u221aPrix comp\u00e9titif<\/strong><\/h3>\n<ul>\n<li>Mati\u00e8re premi\u00e8re en stock de 3 mois pour r\u00e9duire le risque de fluctuation des prix.<\/li>\n<li>\u00c9quipement automatique et avanc\u00e9 pour r\u00e9duire le co\u00fbt \u00e9lev\u00e9 de la main-d'\u0153uvre<\/li>\n<\/ul>\n<h3><strong>\u221aTrustful Service pour plus de 20 pays.<\/strong><\/h3>\n<ul>\n<li>Service ODM\/OEM<\/li>\n<li>Un service apr\u00e8s-vente responsable<\/li>\n<\/ul>\n<p>&nbsp;<\/p>\n<p>&nbsp;<\/p>","protected":false},"excerpt":{"rendered":"<p>Les poign\u00e9es de porte peuvent \u00eatre personnalis\u00e9es avec diff\u00e9rentes finitions de surface et diff\u00e9rentes broches pour diff\u00e9rentes portes.<\/p>\n<ul>\n<li><strong>Code article :<\/strong> SUIS-SS01<\/li>\n<li><strong>Mat\u00e9riau :<\/strong> Acier inoxydable 201\/304<\/li>\n<li><strong>Marque :<\/strong> ODM disponible<\/li>\n<li><b>Diam\u00e8tre du tube :<\/b>18\/22mm<\/li>\n<li><strong>Accessoires :<\/strong>Broche 7.6mmx7.6mm x100mm x 1 pcs+Vis M3.8x30mm x 4 pcs+Cl\u00e9 Allen 2.5mm x 1 pcs<\/li>\n<li><strong>Application :<\/strong> Porte de secours\/passage (35-50mm)<\/li>\n<li><strong>R\u00e9sistant au feu<\/strong>: OUI<\/li>\n<\/ul>","protected":false},"featured_media":1387,"template":"","meta":{"nf_dc_page":""},"product_brand":[],"product_cat":[26,32],"product_tag":[28,29],"class_list":{"0":"post-1372","1":"product","2":"type-product","3":"status-publish","4":"has-post-thumbnail","6":"product_cat-door-handle-manufacturer","7":"product_cat-stainless-steel-handle-manufacturer","8":"product_tag-door-handle","9":"product_tag-door-knob","11":"first","12":"instock","13":"shipping-taxable","14":"product-type-simple"},"_links":{"self":[{"href":"https:\/\/amthy.com\/fr\/wp-json\/wp\/v2\/product\/1372","targetHints":{"allow":["GET"]}}],"collection":[{"href":"https:\/\/amthy.com\/fr\/wp-json\/wp\/v2\/product"}],"about":[{"href":"https:\/\/amthy.com\/fr\/wp-json\/wp\/v2\/types\/product"}],"wp:featuredmedia":[{"embeddable":true,"href":"https:\/\/amthy.com\/fr\/wp-json\/wp\/v2\/media\/1387"}],"wp:attachment":[{"href":"https:\/\/amthy.com\/fr\/wp-json\/wp\/v2\/media?parent=1372"}],"wp:term":[{"taxonomy":"product_brand","embeddable":true,"href":"https:\/\/amthy.com\/fr\/wp-json\/wp\/v2\/product_brand?post=1372"},{"taxonomy":"product_cat","embeddable":true,"href":"https:\/\/amthy.com\/fr\/wp-json\/wp\/v2\/product_cat?post=1372"},{"taxonomy":"product_tag","embeddable":true,"href":"https:\/\/amthy.com\/fr\/wp-json\/wp\/v2\/product_tag?post=1372"}],"curies":[{"name":"wp","href":"https:\/\/api.w.org\/{rel}","templated":true}]}}