{"id":1485,"date":"2021-05-15T15:21:47","date_gmt":"2021-05-15T07:21:47","guid":{"rendered":"https:\/\/amthy.com\/?post_type=product&#038;p=1485"},"modified":"2022-05-25T20:37:59","modified_gmt":"2022-05-25T12:37:59","slug":"europrofile-lock-cylinder-manufacturer","status":"publish","type":"product","link":"https:\/\/amthy.com\/fr\/product\/europrofile-lock-cylinder-manufacturer\/","title":{"rendered":"Cylindre de serrure de porte Europrofile Fabricant V500K"},"content":{"rendered":"<h2>Qui sommes-nous ?<\/h2>\n<p style=\"text-align: left;\">Amthy est un Europrofil <a href=\"https:\/\/amthy.com\/fr\/product-category\/lock-cylinder\/\">Cylindre de serrure<\/a> Fabricant et fournisseur de Chine. Nous offrons normalement <a href=\"https:\/\/en.wikipedia.org\/wiki\/Pin_tumbler_lock\" target=\"_blank\" rel=\"noopener\">cylindres<\/a> pour portes int\u00e9rieures et cylindres de haute s\u00e9curit\u00e9 pour portes ext\u00e9rieures. \u00c9tant l&#039;un des principaux fabricants de 3 cylindres, l&#039;installation automatique ou semi-automatique 95.9% est adopt\u00e9e pour remplacer le travail manuel, r\u00e9duire les co\u00fbts et augmenter l&#039;efficacit\u00e9. <span style=\"color: #ff0000;\"><span style=\"color: #000000;\">En cons\u00e9quence, <\/span><\/span>Moins de co\u00fbt de la main-d&#039;\u0153uvre apporte toujours un prix plus comp\u00e9titif et attractif. Gr\u00e2ce aux avantages ci-dessus, <em>Nous sommes maintenant dispos\u00e9s \u00e0 <a href=\"https:\/\/www.youtube.com\/watch?v=9Lw0FD68w1c\" target=\"_blank\" rel=\"noopener\">r\u00e9v\u00e9ler et partager le co\u00fbt<\/a> de bouteilles normales avec des acheteurs<\/em>,<span style=\"color: #ff0000;\"> <span style=\"color: #000000;\">c&#039;est-\u00e0-dire que vous obtiendrez une composition claire du prix unitaire, qui comprend notre profit pur 10%<\/span><\/span><span style=\"color: #ff0000;\"><span style=\"color: #000000;\">. <\/span><\/span>Pendant ce temps, notre \u00e9quipe de R&amp;D d\u00e9veloppe le<em> S\u00e9ries S1000, S2000 et S3000<\/em> de cylindres de serrure de porte \u00e0 profil europ\u00e9en de HAUTE S\u00c9CURIT\u00c9 pour les exigences plus \u00e9lev\u00e9es du march\u00e9. La technologie exclusive de structure de combinaison Wafers et Pins augmente consid\u00e9rablement le niveau de s\u00e9curit\u00e9. De plus, un profil europ\u00e9en <a href=\"https:\/\/amthy.com\/fr\/product-category\/lock-cylinder\/\">Cylindre de serrure<\/a> Le fabricant doit toujours effectuer les travaux pour la principale pr\u00e9occupation de l&#039;acheteur.<\/p>\n<p>&nbsp;<\/p>\n<h2 style=\"text-align: left;\">Qu&#039;est-ce que le cylindre de serrure Europrofile ?<\/h2>\n<p><em><i>Le cylindre de serrure est un composant de serrure qui contient le bouchon, l'actionneur et les composants de verrouillage, il peut \u00eatre en laiton, en alliage de zinc, en aluminium et en acier inoxydable. Bien que le plus souvent associ\u00e9s aux conceptions de goupilles, les cylindres sont utilis\u00e9s dans de nombreux autres, tels que les wafers et les disques de retenue. Il tourne pour entra\u00eener le loquet de serrure \u00e0 mortaise et le p\u00eane dormant avec une cl\u00e9 assortie.\u00a0<\/i><\/em>Le cylindre de serrure de porte Europrofile est le c\u0153ur de la porte.<\/p>\n<p>&nbsp;<\/p>\n<h2>Pourquoi nous? (<em>Cylindre de serrure Europrofile Fabricant de AMTHY SECURITY<\/em>)<\/h2>\n<h3><strong>\u221aReliable Qualit\u00e9<\/strong><\/h3>\n<ul>\n<li>Une \u00e9quipe de contr\u00f4le de qualit\u00e9 professionnelle supervise toutes les \u00e9tapes de la production.<\/li>\n<li>Une s\u00e9lection stricte des partenaires de coop\u00e9ration<\/li>\n<\/ul>\n<h3><strong>\u221aPrix comp\u00e9titif<\/strong><\/h3>\n<ul>\n<li>Mati\u00e8re premi\u00e8re en stock de 3 mois pour r\u00e9duire le risque de fluctuation des prix.<\/li>\n<li>\u00c9quipement automatique et avanc\u00e9 pour r\u00e9duire le co\u00fbt \u00e9lev\u00e9 de la main-d'\u0153uvre<\/li>\n<\/ul>\n<h3><strong>\u221aTrustful Service pour plus de 20 pays.<\/strong><\/h3>\n<ul>\n<li>Service ODM\/OEM<\/li>\n<li>Un service apr\u00e8s-vente responsable<\/li>\n<\/ul>\n<p>&nbsp;<\/p>\n<p>&nbsp;<\/p>\n<p>&nbsp;<\/p>\n<p>&nbsp;<\/p>","protected":false},"excerpt":{"rendered":"<p>&nbsp;<\/p>\n<ul>\n<li><strong>Code article :<\/strong> V500K<\/li>\n<li><strong>M\u00e9canisme de verrouillage :<\/strong> Serrure \u00e0 goupille<\/li>\n<li><strong>Mat\u00e9riau du corps<\/strong><strong>:<\/strong> Laiton\/alliage de zinc\/aluminium<\/li>\n<li><strong>Mat\u00e9riau du bouchon<\/strong><strong>:<\/strong> Laiton\/Zinc Alloy<\/li>\n<li><strong>Marque :<\/strong> ODM disponible<\/li>\n<li><b>Type de profil : <\/b>Euro<\/li>\n<li><strong>Taille du profil :<\/strong>17*33*10mm<\/li>\n<li><strong>Cl\u00e9 :<\/strong> Clavette \"S\" en laiton\/acier<\/li>\n<li><strong>Accessoires :<\/strong>Vis de 55 mm<\/li>\n<li><strong>Application :<\/strong> Portes en bois\/UPVC\/s\u00e9curit\u00e9<\/li>\n<li><strong>Syst\u00e8me de cl\u00e9 ma\u00eetresse :<\/strong> Disponible sur<\/li>\n<li><strong>Syst\u00e8me de Cl\u00e9 Alike :<\/strong> Disponible sur<\/li>\n<li><strong>Syst\u00e8me de Cl\u00e9 Alike :<\/strong>Disponible sur<\/li>\n<li><strong>Fonction anti-snap : <\/strong>Disponible sur<\/li>\n<li><strong><strong>EN1303 2005 Classification :<\/strong><\/strong><br \/>\n<table>\n<tbody>\n<tr>\n<td>1<\/td>\n<td>6<\/td>\n<td>0<\/td>\n<td>1<\/td>\n<td>0<\/td>\n<td>C<\/td>\n<td>5<\/td>\n<td>2<\/td>\n<\/tr>\n<\/tbody>\n<\/table>\n<\/li>\n<li><strong>Couleur <\/strong>Laiton poli (BP)\/Nickel plaqu\u00e9 (NP)\/Satin Nickel (SN)\/Chrome plaqu\u00e9 (CP)\/Laiton antique (AB)<\/li>\n<\/ul>\n<p>&nbsp;<\/p>","protected":false},"featured_media":1489,"template":"","meta":[],"product_brand":[],"product_cat":[25],"product_tag":[34,35],"class_list":{"0":"post-1485","1":"product","2":"type-product","3":"status-publish","4":"has-post-thumbnail","6":"product_cat-euro-profile-cylinder-manufacturer","7":"product_tag-door-cylinder","8":"product_tag-europrofile","10":"first","11":"instock","12":"shipping-taxable","13":"product-type-simple"},"_links":{"self":[{"href":"https:\/\/amthy.com\/fr\/wp-json\/wp\/v2\/product\/1485","targetHints":{"allow":["GET"]}}],"collection":[{"href":"https:\/\/amthy.com\/fr\/wp-json\/wp\/v2\/product"}],"about":[{"href":"https:\/\/amthy.com\/fr\/wp-json\/wp\/v2\/types\/product"}],"wp:featuredmedia":[{"embeddable":true,"href":"https:\/\/amthy.com\/fr\/wp-json\/wp\/v2\/media\/1489"}],"wp:attachment":[{"href":"https:\/\/amthy.com\/fr\/wp-json\/wp\/v2\/media?parent=1485"}],"wp:term":[{"taxonomy":"product_brand","embeddable":true,"href":"https:\/\/amthy.com\/fr\/wp-json\/wp\/v2\/product_brand?post=1485"},{"taxonomy":"product_cat","embeddable":true,"href":"https:\/\/amthy.com\/fr\/wp-json\/wp\/v2\/product_cat?post=1485"},{"taxonomy":"product_tag","embeddable":true,"href":"https:\/\/amthy.com\/fr\/wp-json\/wp\/v2\/product_tag?post=1485"}],"curies":[{"name":"wp","href":"https:\/\/api.w.org\/{rel}","templated":true}]}}